{"id":2446,"date":"2019-10-02T11:33:47","date_gmt":"2019-10-02T08:33:47","guid":{"rendered":"https:\/\/diamondtec.ee\/stone-chemistry\/bonding\/"},"modified":"2025-08-15T23:12:49","modified_gmt":"2025-08-15T20:12:49","slug":"bonding-for-stone","status":"publish","type":"page","link":"https:\/\/diamondtec.ee\/en\/stone-chemistry\/bonding-for-stone\/","title":{"rendered":"Bonding"},"content":{"rendered":"\n<style type=\"text\/css\" data-created_by=\"avia_inline_auto\" id=\"style-css-av-e5b2n-00e82007fa226cbe3967fb715ec30f8c\">\n.flex_column.av-e5b2n-00e82007fa226cbe3967fb715ec30f8c{\nborder-radius:0px 0px 0px 0px;\npadding:0px 0px 0px 0px;\n}\n<\/style>\n<div  class='flex_column av-e5b2n-00e82007fa226cbe3967fb715ec30f8c av_one_full  avia-builder-el-0  el_before_av_textblock  avia-builder-el-first  first flex_column_div av-zero-column-padding  '     ><p>\n<style type=\"text\/css\" data-created_by=\"avia_inline_auto\" id=\"style-css-av-jxn4ep0y-4bc9b2d80c7d0d95e6b8d3f631246f75\">\n#top .av-special-heading.av-jxn4ep0y-4bc9b2d80c7d0d95e6b8d3f631246f75{\npadding-bottom:0;\n}\nbody .av-special-heading.av-jxn4ep0y-4bc9b2d80c7d0d95e6b8d3f631246f75 .av-special-heading-tag .heading-char{\nfont-size:25px;\n}\n.av-special-heading.av-jxn4ep0y-4bc9b2d80c7d0d95e6b8d3f631246f75 .av-subheading{\nfont-size:15px;\n}\n<\/style>\n<div  class='av-special-heading av-jxn4ep0y-4bc9b2d80c7d0d95e6b8d3f631246f75 av-special-heading-h2 blockquote modern-quote modern-centered  avia-builder-el-1  el_before_av_textblock  avia-builder-el-first '><h2 class='av-special-heading-tag '  itemprop=\"headline\"  >Bonding<\/h2><div class=\"special-heading-border\"><div class=\"special-heading-inner-border\"><\/div><\/div><\/div><br \/>\n<section  class='av_textblock_section av-me7dzpeo-c35094301b13da72e922d81889225f0d '   itemscope=\"itemscope\" itemtype=\"https:\/\/schema.org\/CreativeWork\" ><div class='avia_textblock'  itemprop=\"text\" ><p>Our stone adhesives are suitable for professional use and ensure a strong and durable result. We offer solutions for various tasks \u2013 from classic mastic adhesives to transparent liquid stone adhesives.<\/p>\n<\/div><\/section><br \/>\n\n<style type=\"text\/css\" data-created_by=\"avia_inline_auto\" id=\"style-css-av-6azjj-0be28cc7629a67aa3cdca5c0bacf4069\">\n#top .hr.av-6azjj-0be28cc7629a67aa3cdca5c0bacf4069{\nmargin-top:25px;\nmargin-bottom:40px;\n}\n.hr.av-6azjj-0be28cc7629a67aa3cdca5c0bacf4069 .hr-inner{\nwidth:150px;\nborder-color:#f05a1a;\nmax-width:45%;\n}\n.hr.av-6azjj-0be28cc7629a67aa3cdca5c0bacf4069 .av-seperator-icon{\ncolor:#f05a1a;\n}\n.hr.av-6azjj-0be28cc7629a67aa3cdca5c0bacf4069 .av-seperator-icon.avia-svg-icon svg:first-child{\nfill:#f05a1a;\nstroke:#f05a1a;\n}\n<\/style>\n<div  class='hr av-6azjj-0be28cc7629a67aa3cdca5c0bacf4069 hr-custom  avia-builder-el-3  el_after_av_textblock  el_before_av_textblock  hr-center hr-icon-yes'><span class='hr-inner inner-border-av-border-fat'><span class=\"hr-inner-style\"><\/span><\/span><span class='av-seperator-icon avia-iconfont avia-font-entypo-fontello' data-av_icon='\ue873' data-av_iconfont='entypo-fontello' ><\/span><span class='hr-inner inner-border-av-border-fat'><span class=\"hr-inner-style\"><\/span><\/span><\/div><br \/>\n<section  class='av_textblock_section av-me7dzpeo-1-49659ae1d27cf1c81b0492a5efd23149 '   itemscope=\"itemscope\" itemtype=\"https:\/\/schema.org\/CreativeWork\" ><div class='avia_textblock'  itemprop=\"text\" ><p data-start=\"0\" data-end=\"78\"><strong data-start=\"0\" data-end=\"76\">Stone Adhesives and Stone Repair \u2013 a Reliable Solution for Any Stonework<\/strong><\/p>\n<p data-start=\"350\" data-end=\"662\">Stone adhesives are suitable for bonding various natural and artificial stones, including granite, marble, quartz, limestone, and ceramic surfaces. In addition to bonding, they can also be used for filling cracks, edge damage, and small surface defects \u2013 which is why they are also ideal for stone repair work.<\/p>\n<p data-start=\"664\" data-end=\"688\"><strong data-start=\"664\" data-end=\"686\">Main applications:<\/strong><\/p>\n<ul data-start=\"689\" data-end=\"870\">\n<li data-start=\"689\" data-end=\"737\">\n<p data-start=\"691\" data-end=\"737\">Installation of countertops and window sills<\/p>\n<\/li>\n<li data-start=\"738\" data-end=\"781\">\n<p data-start=\"740\" data-end=\"781\">Fixing steps, stair and fa\u00e7ade elements<\/p>\n<\/li>\n<li data-start=\"782\" data-end=\"821\">\n<p data-start=\"784\" data-end=\"821\">Bonding tiles and decorative stones<\/p>\n<\/li>\n<li data-start=\"822\" data-end=\"870\">\n<p data-start=\"824\" data-end=\"870\">Repairing cracks and edges with stone filler<\/p>\n<\/li>\n<\/ul>\n<p data-start=\"872\" data-end=\"1120\" data-is-last-node=\"\" data-is-only-node=\"\">Our stone adhesives are resistant to moisture, temperature changes, and mechanical stress. By choosing the right product, you can achieve a strong and long-lasting result that withstands both daily wear and the effects of the outdoor environment.<\/p>\n<\/div><\/section><br \/>\n<div  class='avia-product-slider-container av-jik0d1gf-4bdb5030c7f12cc6b5a9b10d2863fb48 template-shop avia-content-slider avia-content-grid-active shop_columns_4  avia-builder-el-5  el_after_av_textblock  avia-builder-el-last  avia-content-slider-even  avia-builder-el-5  el_after_av_textblock  avia-builder-el-last  av-slideshow-ui av-slider-hover-pause av-slideshow-manual av-loop-once av-loop-manual-endless avia-product-slider1' data-slideshow-options=\"{&quot;animation&quot;:&quot;fade&quot;,&quot;autoplay&quot;:false,&quot;loop_autoplay&quot;:&quot;once&quot;,&quot;interval&quot;:5,&quot;loop_manual&quot;:&quot;manual-endless&quot;,&quot;autoplay_stopper&quot;:false,&quot;noNavigation&quot;:false,&quot;bg_slider&quot;:false,&quot;keep_padding&quot;:false,&quot;hoverpause&quot;:true,&quot;show_slide_delay&quot;:0}\"><div class=\"product-sorting avia-product-sorting\"><ul class=\"sort-param sort-param-order\"><li><span class='currently-selected'>Sort by <strong>Default<\/strong><\/span><ul><li class=\"current-param\"><a class='avia-product-sorting-link' data-href='?avia_extended_shop_select=yes&product_order=default' rel=\"nofollow\"><span class='avia-bullet'><\/span>Default<\/a><\/li><li><a class='avia-product-sorting-link' data-href='?product_sort=asc&avia_extended_shop_select=yes&product_order=menu_order' rel=\"nofollow\"><span class='avia-bullet'><\/span>Custom<\/a><\/li><li><a class='avia-product-sorting-link' data-href='?product_sort=asc&avia_extended_shop_select=yes&product_order=title' rel=\"nofollow\"><span class='avia-bullet'><\/span>Name<\/a><\/li><li><a class='avia-product-sorting-link' data-href='?product_sort=asc&avia_extended_shop_select=yes&product_order=price' rel=\"nofollow\"><span class='avia-bullet'><\/span>Price<\/a><\/li><li><a class='avia-product-sorting-link' data-href='?product_sort=asc&avia_extended_shop_select=yes&product_order=date' rel=\"nofollow\"><span class='avia-bullet'><\/span>Date<\/a><\/li><li><a class='avia-product-sorting-link' data-href='?avia_extended_shop_select=yes&product_order=popularity' rel=\"nofollow\"><span class='avia-bullet'><\/span>Popularity (sales)<\/a><\/li><li><a class='avia-product-sorting-link' data-href='?avia_extended_shop_select=yes&product_order=rating' rel=\"nofollow\"><span class='avia-bullet'><\/span>Average rating<\/a><\/li><li><a class='avia-product-sorting-link' data-href='?product_sort=asc&avia_extended_shop_select=yes&product_order=relevance' rel=\"nofollow\"><span class='avia-bullet'><\/span>Relevance<\/a><\/li><li><a class='avia-product-sorting-link' data-href='?avia_extended_shop_select=yes&product_order=rand' rel=\"nofollow\"><span class='avia-bullet'><\/span>Random<\/a><\/li><li><a class='avia-product-sorting-link' data-href='?product_sort=asc&avia_extended_shop_select=yes&product_order=id' rel=\"nofollow\"><span class='avia-bullet'><\/span>Product ID<\/a><\/li><\/ul><\/li><\/ul><\/div><div class='avia-content-slider-inner'><ul class=\"products\"><li class=\"product type-product post-2381 status-publish first instock product_cat-bonding product_cat-stone-glues-and-treatment has-post-thumbnail shipping-taxable product-type-simple\">\n\t<div class='inner_product main_color wrapped_style noLightbox  av-product-class-no_button'><a href=\"https:\/\/diamondtec.ee\/en\/toode\/domo-10-ab-kiviliim\/\" class=\"woocommerce-LoopProduct-link woocommerce-loop-product__link\"><div class=\"thumbnail_container\"><img decoding=\"async\" loading=\"lazy\" width=\"450\" height=\"450\" src=\"https:\/\/diamondtec.ee\/wp-content\/uploads\/2019\/07\/mockup-domo10-ab-1500-1-450x450.webp\" class=\"wp-image-9657 avia-img-lazy-loading-9657 attachment-shop_catalog size-shop_catalog wp-post-image\" alt=\"Tenax Domo\" srcset=\"https:\/\/diamondtec.ee\/wp-content\/uploads\/2019\/07\/mockup-domo10-ab-1500-1-450x450.webp 450w, https:\/\/diamondtec.ee\/wp-content\/uploads\/2019\/07\/mockup-domo10-ab-1500-1-300x300.webp 300w, https:\/\/diamondtec.ee\/wp-content\/uploads\/2019\/07\/mockup-domo10-ab-1500-1-1030x1030.webp 1030w, https:\/\/diamondtec.ee\/wp-content\/uploads\/2019\/07\/mockup-domo10-ab-1500-1-80x80.webp 80w, https:\/\/diamondtec.ee\/wp-content\/uploads\/2019\/07\/mockup-domo10-ab-1500-1-768x768.webp 768w, https:\/\/diamondtec.ee\/wp-content\/uploads\/2019\/07\/mockup-domo10-ab-1500-1-36x36.webp 36w, https:\/\/diamondtec.ee\/wp-content\/uploads\/2019\/07\/mockup-domo10-ab-1500-1-180x180.webp 180w, https:\/\/diamondtec.ee\/wp-content\/uploads\/2019\/07\/mockup-domo10-ab-1500-1-705x705.webp 705w, https:\/\/diamondtec.ee\/wp-content\/uploads\/2019\/07\/mockup-domo10-ab-1500-1-120x120.webp 120w, https:\/\/diamondtec.ee\/wp-content\/uploads\/2019\/07\/mockup-domo10-ab-1500-1-600x600.webp 600w, https:\/\/diamondtec.ee\/wp-content\/uploads\/2019\/07\/mockup-domo10-ab-1500-1-100x100.webp 100w, https:\/\/diamondtec.ee\/wp-content\/uploads\/2019\/07\/mockup-domo10-ab-1500-1.webp 1500w\" sizes=\"auto, (max-width: 450px) 100vw, 450px\" \/><span class=\"cart-loading\"><\/span><\/div><div class='inner_product_header'><div class='avia-arrow'><\/div><div class='inner_product_header_table'><div class='inner_product_header_cell'><h2 class=\"woocommerce-loop-product__title\">Domo10<\/h2>\n<\/div><\/div><\/div><\/a><\/div><\/li>\n<li class=\"product type-product post-2385 status-publish instock product_cat-bonding product_cat-stone-glues-and-treatment has-post-thumbnail shipping-taxable product-type-simple\">\n\t<div class='inner_product main_color wrapped_style noLightbox  av-product-class-no_button'><a href=\"https:\/\/diamondtec.ee\/en\/toode\/fixtop-ab-epoxy-stone-adhesive\/\" class=\"woocommerce-LoopProduct-link woocommerce-loop-product__link\"><div class=\"thumbnail_container\"><img decoding=\"async\" loading=\"lazy\" width=\"450\" height=\"450\" src=\"https:\/\/diamondtec.ee\/wp-content\/uploads\/2019\/07\/mockup-fixtop-ab-1500-450x450.webp\" class=\"wp-image-9663 avia-img-lazy-loading-9663 attachment-shop_catalog size-shop_catalog wp-post-image\" alt=\"Tenax Fixtop A+B\" srcset=\"https:\/\/diamondtec.ee\/wp-content\/uploads\/2019\/07\/mockup-fixtop-ab-1500-450x450.webp 450w, https:\/\/diamondtec.ee\/wp-content\/uploads\/2019\/07\/mockup-fixtop-ab-1500-300x300.webp 300w, https:\/\/diamondtec.ee\/wp-content\/uploads\/2019\/07\/mockup-fixtop-ab-1500-1030x1030.webp 1030w, https:\/\/diamondtec.ee\/wp-content\/uploads\/2019\/07\/mockup-fixtop-ab-1500-80x80.webp 80w, https:\/\/diamondtec.ee\/wp-content\/uploads\/2019\/07\/mockup-fixtop-ab-1500-768x768.webp 768w, https:\/\/diamondtec.ee\/wp-content\/uploads\/2019\/07\/mockup-fixtop-ab-1500-36x36.webp 36w, https:\/\/diamondtec.ee\/wp-content\/uploads\/2019\/07\/mockup-fixtop-ab-1500-180x180.webp 180w, https:\/\/diamondtec.ee\/wp-content\/uploads\/2019\/07\/mockup-fixtop-ab-1500-705x705.webp 705w, https:\/\/diamondtec.ee\/wp-content\/uploads\/2019\/07\/mockup-fixtop-ab-1500-120x120.webp 120w, https:\/\/diamondtec.ee\/wp-content\/uploads\/2019\/07\/mockup-fixtop-ab-1500-600x600.webp 600w, https:\/\/diamondtec.ee\/wp-content\/uploads\/2019\/07\/mockup-fixtop-ab-1500-100x100.webp 100w, https:\/\/diamondtec.ee\/wp-content\/uploads\/2019\/07\/mockup-fixtop-ab-1500.webp 1500w\" sizes=\"auto, (max-width: 450px) 100vw, 450px\" \/><span class=\"cart-loading\"><\/span><\/div><div class='inner_product_header'><div class='avia-arrow'><\/div><div class='inner_product_header_table'><div class='inner_product_header_cell'><h2 class=\"woocommerce-loop-product__title\">Fixtop A+B<\/h2>\n<\/div><\/div><\/div><\/a><\/div><\/li>\n<li class=\"product type-product post-2383 status-publish instock product_cat-bonding product_cat-stone-glues-and-treatment has-post-thumbnail shipping-taxable product-type-simple\">\n\t<div class='inner_product main_color wrapped_style noLightbox  av-product-class-no_button'><a href=\"https:\/\/diamondtec.ee\/en\/toode\/stone-glue-solido-fluido\/\" class=\"woocommerce-LoopProduct-link woocommerce-loop-product__link\"><div class=\"thumbnail_container\"><img decoding=\"async\" loading=\"lazy\" width=\"1\" height=\"1\" src=\"https:\/\/diamondtec.ee\/wp-content\/uploads\/2019\/07\/solido.png\" class=\"wp-image-9706 avia-img-lazy-loading-9706 attachment-shop_catalog size-shop_catalog wp-post-image\" alt=\"\" \/><span class=\"cart-loading\"><\/span><\/div><div class='inner_product_header'><div class='avia-arrow'><\/div><div class='inner_product_header_table'><div class='inner_product_header_cell'><h2 class=\"woocommerce-loop-product__title\">Stone glue (Solido &#038; Fluido)<\/h2>\n<\/div><\/div><\/div><\/a><\/div><\/li>\n<li class=\"product type-product post-9684 status-publish last instock product_cat-bonding product_cat-stone-glues-and-treatment has-post-thumbnail shipping-taxable product-type-simple\">\n\t<div class='inner_product main_color wrapped_style noLightbox  av-product-class-no_button'><a href=\"https:\/\/diamondtec.ee\/en\/toode\/titanium-liquido-ab-stone-bonding\/\" class=\"woocommerce-LoopProduct-link woocommerce-loop-product__link\"><div class=\"thumbnail_container\"><img decoding=\"async\" loading=\"lazy\" width=\"300\" height=\"300\" src=\"https:\/\/diamondtec.ee\/wp-content\/uploads\/2025\/09\/mockup-titanium-liquid-1500-300x300-1.png\" class=\"wp-image-9686 avia-img-lazy-loading-9686 attachment-shop_catalog size-shop_catalog wp-post-image\" alt=\"Tenax Titanium kiviliim\" srcset=\"https:\/\/diamondtec.ee\/wp-content\/uploads\/2025\/09\/mockup-titanium-liquid-1500-300x300-1.png 300w, https:\/\/diamondtec.ee\/wp-content\/uploads\/2025\/09\/mockup-titanium-liquid-1500-300x300-1-80x80.png 80w, https:\/\/diamondtec.ee\/wp-content\/uploads\/2025\/09\/mockup-titanium-liquid-1500-300x300-1-36x36.png 36w, https:\/\/diamondtec.ee\/wp-content\/uploads\/2025\/09\/mockup-titanium-liquid-1500-300x300-1-180x180.png 180w, https:\/\/diamondtec.ee\/wp-content\/uploads\/2025\/09\/mockup-titanium-liquid-1500-300x300-1-120x120.png 120w, https:\/\/diamondtec.ee\/wp-content\/uploads\/2025\/09\/mockup-titanium-liquid-1500-300x300-1-100x100.png 100w\" sizes=\"auto, (max-width: 300px) 100vw, 300px\" \/><span class=\"cart-loading\"><\/span><\/div><div class='inner_product_header'><div class='avia-arrow'><\/div><div class='inner_product_header_table'><div class='inner_product_header_cell'><h2 class=\"woocommerce-loop-product__title\">Titanium Liquido<\/h2>\n<\/div><\/div><\/div><\/a><\/div><\/li>\n<li class=\"product type-product post-2387 status-publish first instock product_cat-bonding product_cat-stone-glues-and-treatment has-post-thumbnail shipping-taxable product-type-simple\">\n\t<div class='inner_product main_color wrapped_style noLightbox  av-product-class-no_button'><a href=\"https:\/\/diamondtec.ee\/en\/toode\/titanium-solido\/\" class=\"woocommerce-LoopProduct-link woocommerce-loop-product__link\"><div class=\"thumbnail_container\"><img decoding=\"async\" loading=\"lazy\" width=\"300\" height=\"300\" src=\"https:\/\/diamondtec.ee\/wp-content\/uploads\/2019\/07\/mockup-titanium-solid-1500-300x300-1.webp\" class=\"wp-image-9679 avia-img-lazy-loading-9679 attachment-shop_catalog size-shop_catalog wp-post-image\" alt=\"Tenax Titanium Solido\" srcset=\"https:\/\/diamondtec.ee\/wp-content\/uploads\/2019\/07\/mockup-titanium-solid-1500-300x300-1.webp 300w, https:\/\/diamondtec.ee\/wp-content\/uploads\/2019\/07\/mockup-titanium-solid-1500-300x300-1-80x80.webp 80w, https:\/\/diamondtec.ee\/wp-content\/uploads\/2019\/07\/mockup-titanium-solid-1500-300x300-1-36x36.webp 36w, https:\/\/diamondtec.ee\/wp-content\/uploads\/2019\/07\/mockup-titanium-solid-1500-300x300-1-180x180.webp 180w, https:\/\/diamondtec.ee\/wp-content\/uploads\/2019\/07\/mockup-titanium-solid-1500-300x300-1-120x120.webp 120w, https:\/\/diamondtec.ee\/wp-content\/uploads\/2019\/07\/mockup-titanium-solid-1500-300x300-1-100x100.webp 100w\" sizes=\"auto, (max-width: 300px) 100vw, 300px\" \/><span class=\"cart-loading\"><\/span><\/div><div class='inner_product_header'><div class='avia-arrow'><\/div><div class='inner_product_header_table'><div class='inner_product_header_cell'><h2 class=\"woocommerce-loop-product__title\">Titanium Solido<\/h2>\n<\/div><\/div><\/div><\/a><\/div><\/li>\n<\/ul><\/div><\/div><div class=\"clear\"><\/div><\/p><\/div><section  class='av_textblock_section av-av_textblock-79580776e02e6abe95dbe6b3f30fa2d8 '   itemscope=\"itemscope\" itemtype=\"https:\/\/schema.org\/CreativeWork\" ><div class='avia_textblock'  itemprop=\"text\" ><\/div><\/section><\/p>\n","protected":false},"excerpt":{"rendered":"","protected":false},"author":6,"featured_media":0,"parent":2442,"menu_order":0,"comment_status":"closed","ping_status":"closed","template":"","meta":{"_acf_changed":false,"footnotes":""},"class_list":["post-2446","page","type-page","status-publish","hentry"],"acf":[],"yoast_head":"<!-- This site is optimized with the Yoast SEO plugin v25.8 - https:\/\/yoast.com\/wordpress\/plugins\/seo\/ -->\n<title>Bonding - Diamondtec O\u00dc<\/title>\n<meta name=\"description\" content=\"Our stone adhesives are strong and durable result. We offer solutions for various tasks \u2013 from classic mastic adhesives to transparent liquid stone adhesives.\" \/>\n<meta name=\"robots\" content=\"index, follow, max-snippet:-1, max-image-preview:large, max-video-preview:-1\" \/>\n<link rel=\"canonical\" href=\"https:\/\/diamondtec.ee\/en\/stone-chemistry\/bonding-for-stone\/\" \/>\n<meta property=\"og:locale\" content=\"en_US\" \/>\n<meta property=\"og:type\" content=\"article\" \/>\n<meta property=\"og:title\" content=\"Bonding - Diamondtec O\u00dc\" \/>\n<meta property=\"og:description\" content=\"Our stone adhesives are strong and durable result. We offer solutions for various tasks \u2013 from classic mastic adhesives to transparent liquid stone adhesives.\" \/>\n<meta property=\"og:url\" content=\"https:\/\/diamondtec.ee\/en\/stone-chemistry\/bonding-for-stone\/\" \/>\n<meta property=\"og:site_name\" content=\"Diamondtec O\u00dc\" \/>\n<meta property=\"article:modified_time\" content=\"2025-08-15T20:12:49+00:00\" \/>\n<meta name=\"twitter:card\" content=\"summary_large_image\" \/>\n<meta name=\"twitter:label1\" content=\"Est. reading time\" \/>\n\t<meta name=\"twitter:data1\" content=\"2 minutes\" \/>\n<script type=\"application\/ld+json\" class=\"yoast-schema-graph\">{\"@context\":\"https:\/\/schema.org\",\"@graph\":[{\"@type\":\"WebPage\",\"@id\":\"https:\/\/diamondtec.ee\/en\/stone-chemistry\/bonding-for-stone\/\",\"url\":\"https:\/\/diamondtec.ee\/en\/stone-chemistry\/bonding-for-stone\/\",\"name\":\"Bonding - Diamondtec O\u00dc\",\"isPartOf\":{\"@id\":\"https:\/\/diamondtec.ee\/en\/#website\"},\"datePublished\":\"2019-10-02T08:33:47+00:00\",\"dateModified\":\"2025-08-15T20:12:49+00:00\",\"description\":\"Our stone adhesives are strong and durable result. We offer solutions for various tasks \u2013 from classic mastic adhesives to transparent liquid stone adhesives.\",\"breadcrumb\":{\"@id\":\"https:\/\/diamondtec.ee\/en\/stone-chemistry\/bonding-for-stone\/#breadcrumb\"},\"inLanguage\":\"en-US\",\"potentialAction\":[{\"@type\":\"ReadAction\",\"target\":[\"https:\/\/diamondtec.ee\/en\/stone-chemistry\/bonding-for-stone\/\"]}]},{\"@type\":\"BreadcrumbList\",\"@id\":\"https:\/\/diamondtec.ee\/en\/stone-chemistry\/bonding-for-stone\/#breadcrumb\",\"itemListElement\":[{\"@type\":\"ListItem\",\"position\":1,\"name\":\"Avaleht\",\"item\":\"https:\/\/diamondtec.ee\/en\/\"},{\"@type\":\"ListItem\",\"position\":2,\"name\":\"Stone glues and treatment\",\"item\":\"https:\/\/diamondtec.ee\/en\/stone-chemistry\/\"},{\"@type\":\"ListItem\",\"position\":3,\"name\":\"Bonding\"}]},{\"@type\":\"WebSite\",\"@id\":\"https:\/\/diamondtec.ee\/en\/#website\",\"url\":\"https:\/\/diamondtec.ee\/en\/\",\"name\":\"Diamondtec O\u00dc\",\"description\":\"Diamondtec - partner teemantt\u00f6\u00f6ristadele I diamondtec.ee\",\"publisher\":{\"@id\":\"https:\/\/diamondtec.ee\/en\/#organization\"},\"potentialAction\":[{\"@type\":\"SearchAction\",\"target\":{\"@type\":\"EntryPoint\",\"urlTemplate\":\"https:\/\/diamondtec.ee\/en\/?s={search_term_string}\"},\"query-input\":{\"@type\":\"PropertyValueSpecification\",\"valueRequired\":true,\"valueName\":\"search_term_string\"}}],\"inLanguage\":\"en-US\"},{\"@type\":\"Organization\",\"@id\":\"https:\/\/diamondtec.ee\/en\/#organization\",\"name\":\"Diamondtec O\u00dc\",\"url\":\"https:\/\/diamondtec.ee\/en\/\",\"logo\":{\"@type\":\"ImageObject\",\"inLanguage\":\"en-US\",\"@id\":\"https:\/\/diamondtec.ee\/en\/#\/schema\/logo\/image\/\",\"url\":\"https:\/\/diamondtec.ee\/wp-content\/uploads\/2022\/12\/wc_custom_default_pr_img.jpg\",\"contentUrl\":\"https:\/\/diamondtec.ee\/wp-content\/uploads\/2022\/12\/wc_custom_default_pr_img.jpg\",\"width\":800,\"height\":800,\"caption\":\"Diamondtec O\u00dc\"},\"image\":{\"@id\":\"https:\/\/diamondtec.ee\/en\/#\/schema\/logo\/image\/\"}}]}<\/script>\n<!-- \/ Yoast SEO plugin. -->","yoast_head_json":{"title":"Bonding - Diamondtec O\u00dc","description":"Our stone adhesives are strong and durable result. We offer solutions for various tasks \u2013 from classic mastic adhesives to transparent liquid stone adhesives.","robots":{"index":"index","follow":"follow","max-snippet":"max-snippet:-1","max-image-preview":"max-image-preview:large","max-video-preview":"max-video-preview:-1"},"canonical":"https:\/\/diamondtec.ee\/en\/stone-chemistry\/bonding-for-stone\/","og_locale":"en_US","og_type":"article","og_title":"Bonding - Diamondtec O\u00dc","og_description":"Our stone adhesives are strong and durable result. We offer solutions for various tasks \u2013 from classic mastic adhesives to transparent liquid stone adhesives.","og_url":"https:\/\/diamondtec.ee\/en\/stone-chemistry\/bonding-for-stone\/","og_site_name":"Diamondtec O\u00dc","article_modified_time":"2025-08-15T20:12:49+00:00","twitter_card":"summary_large_image","twitter_misc":{"Est. reading time":"2 minutes"},"schema":{"@context":"https:\/\/schema.org","@graph":[{"@type":"WebPage","@id":"https:\/\/diamondtec.ee\/en\/stone-chemistry\/bonding-for-stone\/","url":"https:\/\/diamondtec.ee\/en\/stone-chemistry\/bonding-for-stone\/","name":"Bonding - Diamondtec O\u00dc","isPartOf":{"@id":"https:\/\/diamondtec.ee\/en\/#website"},"datePublished":"2019-10-02T08:33:47+00:00","dateModified":"2025-08-15T20:12:49+00:00","description":"Our stone adhesives are strong and durable result. We offer solutions for various tasks \u2013 from classic mastic adhesives to transparent liquid stone adhesives.","breadcrumb":{"@id":"https:\/\/diamondtec.ee\/en\/stone-chemistry\/bonding-for-stone\/#breadcrumb"},"inLanguage":"en-US","potentialAction":[{"@type":"ReadAction","target":["https:\/\/diamondtec.ee\/en\/stone-chemistry\/bonding-for-stone\/"]}]},{"@type":"BreadcrumbList","@id":"https:\/\/diamondtec.ee\/en\/stone-chemistry\/bonding-for-stone\/#breadcrumb","itemListElement":[{"@type":"ListItem","position":1,"name":"Avaleht","item":"https:\/\/diamondtec.ee\/en\/"},{"@type":"ListItem","position":2,"name":"Stone glues and treatment","item":"https:\/\/diamondtec.ee\/en\/stone-chemistry\/"},{"@type":"ListItem","position":3,"name":"Bonding"}]},{"@type":"WebSite","@id":"https:\/\/diamondtec.ee\/en\/#website","url":"https:\/\/diamondtec.ee\/en\/","name":"Diamondtec O\u00dc","description":"Diamondtec - partner teemantt\u00f6\u00f6ristadele I diamondtec.ee","publisher":{"@id":"https:\/\/diamondtec.ee\/en\/#organization"},"potentialAction":[{"@type":"SearchAction","target":{"@type":"EntryPoint","urlTemplate":"https:\/\/diamondtec.ee\/en\/?s={search_term_string}"},"query-input":{"@type":"PropertyValueSpecification","valueRequired":true,"valueName":"search_term_string"}}],"inLanguage":"en-US"},{"@type":"Organization","@id":"https:\/\/diamondtec.ee\/en\/#organization","name":"Diamondtec O\u00dc","url":"https:\/\/diamondtec.ee\/en\/","logo":{"@type":"ImageObject","inLanguage":"en-US","@id":"https:\/\/diamondtec.ee\/en\/#\/schema\/logo\/image\/","url":"https:\/\/diamondtec.ee\/wp-content\/uploads\/2022\/12\/wc_custom_default_pr_img.jpg","contentUrl":"https:\/\/diamondtec.ee\/wp-content\/uploads\/2022\/12\/wc_custom_default_pr_img.jpg","width":800,"height":800,"caption":"Diamondtec O\u00dc"},"image":{"@id":"https:\/\/diamondtec.ee\/en\/#\/schema\/logo\/image\/"}}]}},"jetpack_sharing_enabled":true,"_links":{"self":[{"href":"https:\/\/diamondtec.ee\/en\/wp-json\/wp\/v2\/pages\/2446","targetHints":{"allow":["GET"]}}],"collection":[{"href":"https:\/\/diamondtec.ee\/en\/wp-json\/wp\/v2\/pages"}],"about":[{"href":"https:\/\/diamondtec.ee\/en\/wp-json\/wp\/v2\/types\/page"}],"author":[{"embeddable":true,"href":"https:\/\/diamondtec.ee\/en\/wp-json\/wp\/v2\/users\/6"}],"replies":[{"embeddable":true,"href":"https:\/\/diamondtec.ee\/en\/wp-json\/wp\/v2\/comments?post=2446"}],"version-history":[{"count":5,"href":"https:\/\/diamondtec.ee\/en\/wp-json\/wp\/v2\/pages\/2446\/revisions"}],"predecessor-version":[{"id":9550,"href":"https:\/\/diamondtec.ee\/en\/wp-json\/wp\/v2\/pages\/2446\/revisions\/9550"}],"up":[{"embeddable":true,"href":"https:\/\/diamondtec.ee\/en\/wp-json\/wp\/v2\/pages\/2442"}],"wp:attachment":[{"href":"https:\/\/diamondtec.ee\/en\/wp-json\/wp\/v2\/media?parent=2446"}],"curies":[{"name":"wp","href":"https:\/\/api.w.org\/{rel}","templated":true}]}}