{"id":2448,"date":"2019-10-02T11:34:04","date_gmt":"2019-10-02T08:34:04","guid":{"rendered":"https:\/\/diamondtec.ee\/stone-chemistry\/stone-cleaning\/"},"modified":"2025-08-15T23:21:44","modified_gmt":"2025-08-15T20:21:44","slug":"stone-cleaning","status":"publish","type":"page","link":"https:\/\/diamondtec.ee\/en\/stone-chemistry\/stone-cleaning\/","title":{"rendered":"Stone cleaning"},"content":{"rendered":"\n<style type=\"text\/css\" data-created_by=\"avia_inline_auto\" id=\"style-css-av-e5b2n-00e82007fa226cbe3967fb715ec30f8c\">\n.flex_column.av-e5b2n-00e82007fa226cbe3967fb715ec30f8c{\nborder-radius:0px 0px 0px 0px;\npadding:0px 0px 0px 0px;\n}\n<\/style>\n<div  class='flex_column av-e5b2n-00e82007fa226cbe3967fb715ec30f8c av_one_full  avia-builder-el-0  avia-builder-el-no-sibling  first flex_column_div av-zero-column-padding  '     ><p>\n<style type=\"text\/css\" data-created_by=\"avia_inline_auto\" id=\"style-css-av-jxn4edk5-1e0d5643ec362006477307c1d206593a\">\n#top .av-special-heading.av-jxn4edk5-1e0d5643ec362006477307c1d206593a{\npadding-bottom:0;\n}\nbody .av-special-heading.av-jxn4edk5-1e0d5643ec362006477307c1d206593a .av-special-heading-tag .heading-char{\nfont-size:25px;\n}\n.av-special-heading.av-jxn4edk5-1e0d5643ec362006477307c1d206593a .av-subheading{\nfont-size:15px;\n}\n<\/style>\n<div  class='av-special-heading av-jxn4edk5-1e0d5643ec362006477307c1d206593a av-special-heading-h2 blockquote modern-quote modern-centered  avia-builder-el-1  el_before_av_textblock  avia-builder-el-first '><h2 class='av-special-heading-tag '  itemprop=\"headline\"  >Stone cleaning<\/h2><div class=\"special-heading-border\"><div class=\"special-heading-inner-border\"><\/div><\/div><\/div><br \/>\n<section  class='av_textblock_section av-me7fyffs-8787a6500fd5f382f6a30990ccbe3f9e '   itemscope=\"itemscope\" itemtype=\"https:\/\/schema.org\/CreativeWork\" ><div class='avia_textblock'  itemprop=\"text\" ><p data-start=\"4925\" data-end=\"4993\"><strong data-start=\"4925\" data-end=\"4991\">Stone Cleaning \u2013 Professional Solutions for Natural Stone Care<\/strong><\/p>\n<p data-start=\"4995\" data-end=\"5311\">Stone surfaces, whether granite, marble, or limestone, require regular cleaning to maintain their natural beauty and durability. Our stone cleaning products are specially designed for effective and safe cleaning of natural stones, removing dirt, grease, moss, limescale, and other stains both indoors and outdoors.<\/p>\n<p data-start=\"5313\" data-end=\"5583\">Professional stone cleaning agents help prevent surface damage and prepare the stone for further treatment or the application of a protective coating. Our range includes solutions for both daily maintenance and deep cleaning to restore the stone\u2019s original appearance.<\/p>\n<p data-start=\"5585\" data-end=\"5611\"><strong data-start=\"5585\" data-end=\"5609\">Suitable for use on:<\/strong><\/p>\n<ul data-start=\"5612\" data-end=\"5771\">\n<li data-start=\"5612\" data-end=\"5645\">\n<p data-start=\"5614\" data-end=\"5645\">Granite, marble, quartz stone<\/p>\n<\/li>\n<li data-start=\"5646\" data-end=\"5674\">\n<p data-start=\"5648\" data-end=\"5674\">Limestone and chalkstone<\/p>\n<\/li>\n<li data-start=\"5675\" data-end=\"5716\">\n<p data-start=\"5677\" data-end=\"5716\">Natural and artificial stone surfaces<\/p>\n<\/li>\n<li data-start=\"5717\" data-end=\"5771\">\n<p data-start=\"5719\" data-end=\"5771\">Kitchen countertops, floors, facades, and terraces<\/p>\n<\/li>\n<\/ul>\n<\/div><\/section><br \/>\n\n<style type=\"text\/css\" data-created_by=\"avia_inline_auto\" id=\"style-css-av-6azjj-0be28cc7629a67aa3cdca5c0bacf4069\">\n#top .hr.av-6azjj-0be28cc7629a67aa3cdca5c0bacf4069{\nmargin-top:25px;\nmargin-bottom:40px;\n}\n.hr.av-6azjj-0be28cc7629a67aa3cdca5c0bacf4069 .hr-inner{\nwidth:150px;\nborder-color:#f05a1a;\nmax-width:45%;\n}\n.hr.av-6azjj-0be28cc7629a67aa3cdca5c0bacf4069 .av-seperator-icon{\ncolor:#f05a1a;\n}\n.hr.av-6azjj-0be28cc7629a67aa3cdca5c0bacf4069 .av-seperator-icon.avia-svg-icon svg:first-child{\nfill:#f05a1a;\nstroke:#f05a1a;\n}\n<\/style>\n<div  class='hr av-6azjj-0be28cc7629a67aa3cdca5c0bacf4069 hr-custom  avia-builder-el-3  el_after_av_textblock  el_before_av_productgrid  hr-center hr-icon-yes'><span class='hr-inner inner-border-av-border-fat'><span class=\"hr-inner-style\"><\/span><\/span><span class='av-seperator-icon avia-iconfont avia-font-entypo-fontello' data-av_icon='\ue873' data-av_iconfont='entypo-fontello' ><\/span><span class='hr-inner inner-border-av-border-fat'><span class=\"hr-inner-style\"><\/span><\/span><\/div><br \/>\n<div  class='avia-product-slider-container av-jik0d1gf-32dd8e64448cf98b4b80963fc4137349 template-shop avia-content-slider avia-content-grid-active shop_columns_4  avia-builder-el-4  el_after_av_hr  avia-builder-el-last  avia-content-slider-even  avia-builder-el-4  el_after_av_hr  avia-builder-el-last  av-slideshow-ui av-slider-hover-pause av-slideshow-manual av-loop-once av-loop-manual-endless avia-product-slider1' data-slideshow-options=\"{&quot;animation&quot;:&quot;fade&quot;,&quot;autoplay&quot;:false,&quot;loop_autoplay&quot;:&quot;once&quot;,&quot;interval&quot;:5,&quot;loop_manual&quot;:&quot;manual-endless&quot;,&quot;autoplay_stopper&quot;:false,&quot;noNavigation&quot;:false,&quot;bg_slider&quot;:false,&quot;keep_padding&quot;:false,&quot;hoverpause&quot;:true,&quot;show_slide_delay&quot;:0}\"><div class=\"product-sorting avia-product-sorting\"><ul class=\"sort-param sort-param-order\"><li><span class='currently-selected'>Sort by <strong>Default<\/strong><\/span><ul><li class=\"current-param\"><a class='avia-product-sorting-link' data-href='?avia_extended_shop_select=yes&product_order=default' rel=\"nofollow\"><span class='avia-bullet'><\/span>Default<\/a><\/li><li><a class='avia-product-sorting-link' data-href='?product_sort=asc&avia_extended_shop_select=yes&product_order=menu_order' rel=\"nofollow\"><span class='avia-bullet'><\/span>Custom<\/a><\/li><li><a class='avia-product-sorting-link' data-href='?product_sort=asc&avia_extended_shop_select=yes&product_order=title' rel=\"nofollow\"><span class='avia-bullet'><\/span>Name<\/a><\/li><li><a class='avia-product-sorting-link' data-href='?product_sort=asc&avia_extended_shop_select=yes&product_order=price' rel=\"nofollow\"><span class='avia-bullet'><\/span>Price<\/a><\/li><li><a class='avia-product-sorting-link' data-href='?product_sort=asc&avia_extended_shop_select=yes&product_order=date' rel=\"nofollow\"><span class='avia-bullet'><\/span>Date<\/a><\/li><li><a class='avia-product-sorting-link' data-href='?avia_extended_shop_select=yes&product_order=popularity' rel=\"nofollow\"><span class='avia-bullet'><\/span>Popularity (sales)<\/a><\/li><li><a class='avia-product-sorting-link' data-href='?avia_extended_shop_select=yes&product_order=rating' rel=\"nofollow\"><span class='avia-bullet'><\/span>Average rating<\/a><\/li><li><a class='avia-product-sorting-link' data-href='?product_sort=asc&avia_extended_shop_select=yes&product_order=relevance' rel=\"nofollow\"><span class='avia-bullet'><\/span>Relevance<\/a><\/li><li><a class='avia-product-sorting-link' data-href='?avia_extended_shop_select=yes&product_order=rand' rel=\"nofollow\"><span class='avia-bullet'><\/span>Random<\/a><\/li><li><a class='avia-product-sorting-link' data-href='?product_sort=asc&avia_extended_shop_select=yes&product_order=id' rel=\"nofollow\"><span class='avia-bullet'><\/span>Product ID<\/a><\/li><\/ul><\/li><\/ul><\/div><div class='avia-content-slider-inner'><ul class=\"products\"><li class=\"product type-product post-2379 status-publish first instock product_cat-stone-cleaning product_cat-stone-glues-and-treatment has-post-thumbnail shipping-taxable product-type-simple\">\n\t<div class='inner_product main_color wrapped_style noLightbox  av-product-class-no_button'><a href=\"https:\/\/diamondtec.ee\/en\/toode\/brioaction\/\" class=\"woocommerce-LoopProduct-link woocommerce-loop-product__link\"><div class=\"thumbnail_container\"><img decoding=\"async\" loading=\"lazy\" width=\"300\" height=\"300\" src=\"https:\/\/diamondtec.ee\/wp-content\/uploads\/2019\/06\/dia__0005_brioaction-300x300.jpg\" class=\"wp-image-1280 avia-img-lazy-loading-1280 attachment-shop_catalog size-shop_catalog wp-post-image\" alt=\"TENAX BRIOACTION Kivipuhastusvahend\" srcset=\"https:\/\/diamondtec.ee\/wp-content\/uploads\/2019\/06\/dia__0005_brioaction-300x300.jpg 300w, https:\/\/diamondtec.ee\/wp-content\/uploads\/2019\/06\/dia__0005_brioaction-100x100.jpg 100w, https:\/\/diamondtec.ee\/wp-content\/uploads\/2019\/06\/dia__0005_brioaction-80x80.jpg 80w, https:\/\/diamondtec.ee\/wp-content\/uploads\/2019\/06\/dia__0005_brioaction-36x36.jpg 36w, https:\/\/diamondtec.ee\/wp-content\/uploads\/2019\/06\/dia__0005_brioaction-180x180.jpg 180w, https:\/\/diamondtec.ee\/wp-content\/uploads\/2019\/06\/dia__0005_brioaction.jpg 600w\" sizes=\"auto, (max-width: 300px) 100vw, 300px\" \/><span class=\"cart-loading\"><\/span><\/div><div class='inner_product_header'><div class='avia-arrow'><\/div><div class='inner_product_header_table'><div class='inner_product_header_cell'><h2 class=\"woocommerce-loop-product__title\">BRIOACTION<\/h2>\n<\/div><\/div><\/div><\/a><\/div><\/li>\n<li class=\"product type-product post-2377 status-publish instock product_cat-stone-cleaning product_cat-stone-glues-and-treatment has-post-thumbnail shipping-taxable product-type-simple\">\n\t<div class='inner_product main_color wrapped_style noLightbox  av-product-class-no_button'><a href=\"https:\/\/diamondtec.ee\/en\/toode\/briotop\/\" class=\"woocommerce-LoopProduct-link woocommerce-loop-product__link\"><div class=\"thumbnail_container\"><img decoding=\"async\" loading=\"lazy\" width=\"450\" height=\"450\" src=\"https:\/\/diamondtec.ee\/wp-content\/uploads\/2019\/07\/briotop-tenx-450x450.png\" class=\"wp-image-9601 avia-img-lazy-loading-9601 attachment-shop_catalog size-shop_catalog wp-post-image\" alt=\"Tenax BRIOTOP Kivipuhastusvahend\" srcset=\"https:\/\/diamondtec.ee\/wp-content\/uploads\/2019\/07\/briotop-tenx-450x450.png 450w, https:\/\/diamondtec.ee\/wp-content\/uploads\/2019\/07\/briotop-tenx-300x300.png 300w, https:\/\/diamondtec.ee\/wp-content\/uploads\/2019\/07\/briotop-tenx-80x80.png 80w, https:\/\/diamondtec.ee\/wp-content\/uploads\/2019\/07\/briotop-tenx-768x768.png 768w, https:\/\/diamondtec.ee\/wp-content\/uploads\/2019\/07\/briotop-tenx-36x36.png 36w, https:\/\/diamondtec.ee\/wp-content\/uploads\/2019\/07\/briotop-tenx-180x180.png 180w, https:\/\/diamondtec.ee\/wp-content\/uploads\/2019\/07\/briotop-tenx-705x705.png 705w, https:\/\/diamondtec.ee\/wp-content\/uploads\/2019\/07\/briotop-tenx-120x120.png 120w, https:\/\/diamondtec.ee\/wp-content\/uploads\/2019\/07\/briotop-tenx-600x600.png 600w, https:\/\/diamondtec.ee\/wp-content\/uploads\/2019\/07\/briotop-tenx-100x100.png 100w, https:\/\/diamondtec.ee\/wp-content\/uploads\/2019\/07\/briotop-tenx.png 824w\" sizes=\"auto, (max-width: 450px) 100vw, 450px\" \/><span class=\"cart-loading\"><\/span><\/div><div class='inner_product_header'><div class='avia-arrow'><\/div><div class='inner_product_header_table'><div class='inner_product_header_cell'><h2 class=\"woocommerce-loop-product__title\">BRIOTOP<\/h2>\n<\/div><\/div><\/div><\/a><\/div><\/li>\n<\/ul><\/div><\/div><div class=\"clear\"><\/div><\/p><\/div>\n","protected":false},"excerpt":{"rendered":"","protected":false},"author":6,"featured_media":0,"parent":2442,"menu_order":0,"comment_status":"closed","ping_status":"closed","template":"","meta":{"_acf_changed":false,"footnotes":""},"class_list":["post-2448","page","type-page","status-publish","hentry"],"acf":[],"yoast_head":"<!-- This site is optimized with the Yoast SEO plugin v25.8 - https:\/\/yoast.com\/wordpress\/plugins\/seo\/ -->\n<title>Stone cleaning - Diamondtec O\u00dc<\/title>\n<meta name=\"description\" content=\"Professional stone cleaning agents help prevent surface damage and prepare the stone for further treatment or the application of a protective coating. Our range includes solutions for both daily maintenance and deep cleaning to restore the stone\u2019s original appearance.\" \/>\n<meta name=\"robots\" content=\"index, follow, max-snippet:-1, max-image-preview:large, max-video-preview:-1\" \/>\n<link rel=\"canonical\" href=\"https:\/\/diamondtec.ee\/en\/stone-chemistry\/stone-cleaning\/\" \/>\n<meta property=\"og:locale\" content=\"en_US\" \/>\n<meta property=\"og:type\" content=\"article\" \/>\n<meta property=\"og:title\" content=\"Stone cleaning - Diamondtec O\u00dc\" \/>\n<meta property=\"og:description\" content=\"Professional stone cleaning agents help prevent surface damage and prepare the stone for further treatment or the application of a protective coating. Our range includes solutions for both daily maintenance and deep cleaning to restore the stone\u2019s original appearance.\" \/>\n<meta property=\"og:url\" content=\"https:\/\/diamondtec.ee\/en\/stone-chemistry\/stone-cleaning\/\" \/>\n<meta property=\"og:site_name\" content=\"Diamondtec O\u00dc\" \/>\n<meta property=\"article:modified_time\" content=\"2025-08-15T20:21:44+00:00\" \/>\n<meta name=\"twitter:card\" content=\"summary_large_image\" \/>\n<meta name=\"twitter:label1\" content=\"Est. reading time\" \/>\n\t<meta name=\"twitter:data1\" content=\"2 minutes\" \/>\n<script type=\"application\/ld+json\" class=\"yoast-schema-graph\">{\"@context\":\"https:\/\/schema.org\",\"@graph\":[{\"@type\":\"WebPage\",\"@id\":\"https:\/\/diamondtec.ee\/en\/stone-chemistry\/stone-cleaning\/\",\"url\":\"https:\/\/diamondtec.ee\/en\/stone-chemistry\/stone-cleaning\/\",\"name\":\"Stone cleaning - Diamondtec O\u00dc\",\"isPartOf\":{\"@id\":\"https:\/\/diamondtec.ee\/en\/#website\"},\"datePublished\":\"2019-10-02T08:34:04+00:00\",\"dateModified\":\"2025-08-15T20:21:44+00:00\",\"description\":\"Professional stone cleaning agents help prevent surface damage and prepare the stone for further treatment or the application of a protective coating. Our range includes solutions for both daily maintenance and deep cleaning to restore the stone\u2019s original appearance.\",\"breadcrumb\":{\"@id\":\"https:\/\/diamondtec.ee\/en\/stone-chemistry\/stone-cleaning\/#breadcrumb\"},\"inLanguage\":\"en-US\",\"potentialAction\":[{\"@type\":\"ReadAction\",\"target\":[\"https:\/\/diamondtec.ee\/en\/stone-chemistry\/stone-cleaning\/\"]}]},{\"@type\":\"BreadcrumbList\",\"@id\":\"https:\/\/diamondtec.ee\/en\/stone-chemistry\/stone-cleaning\/#breadcrumb\",\"itemListElement\":[{\"@type\":\"ListItem\",\"position\":1,\"name\":\"Avaleht\",\"item\":\"https:\/\/diamondtec.ee\/en\/\"},{\"@type\":\"ListItem\",\"position\":2,\"name\":\"Stone glues and treatment\",\"item\":\"https:\/\/diamondtec.ee\/en\/stone-chemistry\/\"},{\"@type\":\"ListItem\",\"position\":3,\"name\":\"Stone cleaning\"}]},{\"@type\":\"WebSite\",\"@id\":\"https:\/\/diamondtec.ee\/en\/#website\",\"url\":\"https:\/\/diamondtec.ee\/en\/\",\"name\":\"Diamondtec O\u00dc\",\"description\":\"Diamondtec - partner teemantt\u00f6\u00f6ristadele I diamondtec.ee\",\"publisher\":{\"@id\":\"https:\/\/diamondtec.ee\/en\/#organization\"},\"potentialAction\":[{\"@type\":\"SearchAction\",\"target\":{\"@type\":\"EntryPoint\",\"urlTemplate\":\"https:\/\/diamondtec.ee\/en\/?s={search_term_string}\"},\"query-input\":{\"@type\":\"PropertyValueSpecification\",\"valueRequired\":true,\"valueName\":\"search_term_string\"}}],\"inLanguage\":\"en-US\"},{\"@type\":\"Organization\",\"@id\":\"https:\/\/diamondtec.ee\/en\/#organization\",\"name\":\"Diamondtec O\u00dc\",\"url\":\"https:\/\/diamondtec.ee\/en\/\",\"logo\":{\"@type\":\"ImageObject\",\"inLanguage\":\"en-US\",\"@id\":\"https:\/\/diamondtec.ee\/en\/#\/schema\/logo\/image\/\",\"url\":\"https:\/\/diamondtec.ee\/wp-content\/uploads\/2022\/12\/wc_custom_default_pr_img.jpg\",\"contentUrl\":\"https:\/\/diamondtec.ee\/wp-content\/uploads\/2022\/12\/wc_custom_default_pr_img.jpg\",\"width\":800,\"height\":800,\"caption\":\"Diamondtec O\u00dc\"},\"image\":{\"@id\":\"https:\/\/diamondtec.ee\/en\/#\/schema\/logo\/image\/\"}}]}<\/script>\n<!-- \/ Yoast SEO plugin. -->","yoast_head_json":{"title":"Stone cleaning - Diamondtec O\u00dc","description":"Professional stone cleaning agents help prevent surface damage and prepare the stone for further treatment or the application of a protective coating. Our range includes solutions for both daily maintenance and deep cleaning to restore the stone\u2019s original appearance.","robots":{"index":"index","follow":"follow","max-snippet":"max-snippet:-1","max-image-preview":"max-image-preview:large","max-video-preview":"max-video-preview:-1"},"canonical":"https:\/\/diamondtec.ee\/en\/stone-chemistry\/stone-cleaning\/","og_locale":"en_US","og_type":"article","og_title":"Stone cleaning - Diamondtec O\u00dc","og_description":"Professional stone cleaning agents help prevent surface damage and prepare the stone for further treatment or the application of a protective coating. Our range includes solutions for both daily maintenance and deep cleaning to restore the stone\u2019s original appearance.","og_url":"https:\/\/diamondtec.ee\/en\/stone-chemistry\/stone-cleaning\/","og_site_name":"Diamondtec O\u00dc","article_modified_time":"2025-08-15T20:21:44+00:00","twitter_card":"summary_large_image","twitter_misc":{"Est. reading time":"2 minutes"},"schema":{"@context":"https:\/\/schema.org","@graph":[{"@type":"WebPage","@id":"https:\/\/diamondtec.ee\/en\/stone-chemistry\/stone-cleaning\/","url":"https:\/\/diamondtec.ee\/en\/stone-chemistry\/stone-cleaning\/","name":"Stone cleaning - Diamondtec O\u00dc","isPartOf":{"@id":"https:\/\/diamondtec.ee\/en\/#website"},"datePublished":"2019-10-02T08:34:04+00:00","dateModified":"2025-08-15T20:21:44+00:00","description":"Professional stone cleaning agents help prevent surface damage and prepare the stone for further treatment or the application of a protective coating. Our range includes solutions for both daily maintenance and deep cleaning to restore the stone\u2019s original appearance.","breadcrumb":{"@id":"https:\/\/diamondtec.ee\/en\/stone-chemistry\/stone-cleaning\/#breadcrumb"},"inLanguage":"en-US","potentialAction":[{"@type":"ReadAction","target":["https:\/\/diamondtec.ee\/en\/stone-chemistry\/stone-cleaning\/"]}]},{"@type":"BreadcrumbList","@id":"https:\/\/diamondtec.ee\/en\/stone-chemistry\/stone-cleaning\/#breadcrumb","itemListElement":[{"@type":"ListItem","position":1,"name":"Avaleht","item":"https:\/\/diamondtec.ee\/en\/"},{"@type":"ListItem","position":2,"name":"Stone glues and treatment","item":"https:\/\/diamondtec.ee\/en\/stone-chemistry\/"},{"@type":"ListItem","position":3,"name":"Stone cleaning"}]},{"@type":"WebSite","@id":"https:\/\/diamondtec.ee\/en\/#website","url":"https:\/\/diamondtec.ee\/en\/","name":"Diamondtec O\u00dc","description":"Diamondtec - partner teemantt\u00f6\u00f6ristadele I diamondtec.ee","publisher":{"@id":"https:\/\/diamondtec.ee\/en\/#organization"},"potentialAction":[{"@type":"SearchAction","target":{"@type":"EntryPoint","urlTemplate":"https:\/\/diamondtec.ee\/en\/?s={search_term_string}"},"query-input":{"@type":"PropertyValueSpecification","valueRequired":true,"valueName":"search_term_string"}}],"inLanguage":"en-US"},{"@type":"Organization","@id":"https:\/\/diamondtec.ee\/en\/#organization","name":"Diamondtec O\u00dc","url":"https:\/\/diamondtec.ee\/en\/","logo":{"@type":"ImageObject","inLanguage":"en-US","@id":"https:\/\/diamondtec.ee\/en\/#\/schema\/logo\/image\/","url":"https:\/\/diamondtec.ee\/wp-content\/uploads\/2022\/12\/wc_custom_default_pr_img.jpg","contentUrl":"https:\/\/diamondtec.ee\/wp-content\/uploads\/2022\/12\/wc_custom_default_pr_img.jpg","width":800,"height":800,"caption":"Diamondtec O\u00dc"},"image":{"@id":"https:\/\/diamondtec.ee\/en\/#\/schema\/logo\/image\/"}}]}},"jetpack_sharing_enabled":true,"_links":{"self":[{"href":"https:\/\/diamondtec.ee\/en\/wp-json\/wp\/v2\/pages\/2448","targetHints":{"allow":["GET"]}}],"collection":[{"href":"https:\/\/diamondtec.ee\/en\/wp-json\/wp\/v2\/pages"}],"about":[{"href":"https:\/\/diamondtec.ee\/en\/wp-json\/wp\/v2\/types\/page"}],"author":[{"embeddable":true,"href":"https:\/\/diamondtec.ee\/en\/wp-json\/wp\/v2\/users\/6"}],"replies":[{"embeddable":true,"href":"https:\/\/diamondtec.ee\/en\/wp-json\/wp\/v2\/comments?post=2448"}],"version-history":[{"count":5,"href":"https:\/\/diamondtec.ee\/en\/wp-json\/wp\/v2\/pages\/2448\/revisions"}],"predecessor-version":[{"id":9560,"href":"https:\/\/diamondtec.ee\/en\/wp-json\/wp\/v2\/pages\/2448\/revisions\/9560"}],"up":[{"embeddable":true,"href":"https:\/\/diamondtec.ee\/en\/wp-json\/wp\/v2\/pages\/2442"}],"wp:attachment":[{"href":"https:\/\/diamondtec.ee\/en\/wp-json\/wp\/v2\/media?parent=2448"}],"curies":[{"name":"wp","href":"https:\/\/api.w.org\/{rel}","templated":true}]}}