{"id":2450,"date":"2019-10-02T11:39:23","date_gmt":"2019-10-02T08:39:23","guid":{"rendered":"https:\/\/diamondtec.ee\/contact\/"},"modified":"2024-10-31T12:40:52","modified_gmt":"2024-10-31T10:40:52","slug":"contact","status":"publish","type":"page","link":"https:\/\/diamondtec.ee\/en\/contact\/","title":{"rendered":"Contact"},"content":{"rendered":"\n<style type=\"text\/css\" data-created_by=\"avia_inline_auto\" id=\"style-css-av-2ovo7-59dd934bb56f5088448cab0ab551ee45\">\n.flex_column.av-2ovo7-59dd934bb56f5088448cab0ab551ee45{\nborder-radius:0px 0px 0px 0px;\npadding:0px 0px 0px 0px;\n}\n<\/style>\n<div  class='flex_column av-2ovo7-59dd934bb56f5088448cab0ab551ee45 av_two_fifth  avia-builder-el-0  el_before_av_three_fifth  avia-builder-el-first  first flex_column_div av-animated-generic bottom-to-top av-zero-column-padding  '     ><style type=\"text\/css\" data-created_by=\"avia_inline_auto\" id=\"style-css-av-21e5b-cbb4fae07aa3fec3daad0547ade6ccd3\">\n#top .av-special-heading.av-21e5b-cbb4fae07aa3fec3daad0547ade6ccd3{\npadding-bottom:0;\n}\nbody .av-special-heading.av-21e5b-cbb4fae07aa3fec3daad0547ade6ccd3 .av-special-heading-tag .heading-char{\nfont-size:25px;\n}\n.av-special-heading.av-21e5b-cbb4fae07aa3fec3daad0547ade6ccd3 .av-subheading{\nfont-size:15px;\n}\n<\/style>\n<div  class='av-special-heading av-21e5b-cbb4fae07aa3fec3daad0547ade6ccd3 av-special-heading-h3 blockquote modern-quote  avia-builder-el-1  el_before_av_hr  avia-builder-el-first '><h3 class='av-special-heading-tag '  itemprop=\"headline\"  >Diamondtec O\u00dc<\/h3><div class='av-subheading av-subheading_below'><p>Registry code: 10246883<\/p>\n<p><a href=\"mailto:info@diamondtec.ee\" data-mce-href=\"mailto:info@diamondtec.ee\">info@diamondtec.ee<\/a><br \/><a href=\"tel:+3725072691\" data-mce-href=\"tel:+3725072691\">+372 507 2691<\/a><\/p>\n<h4>J\u00e4rve location<\/h4>\n<p>headquarters \/ workshop \/ wholesale<\/p>\n<p><a href=\"https:\/\/maps.app.goo.gl\/hGQAZha3ofXehgP2A\" data-mce-href=\"https:\/\/maps.app.goo.gl\/hGQAZha3ofXehgP2A\">Liivalao 7, 11216 Tallinn<\/a><\/p>\n<p><a href=\"mailto:info@diamondtec.ee\" data-mce-href=\"mailto:info@diamondtec.ee\">info@diamondtec.ee<\/a><\/p>\n<p><a href=\"tel:+3726141697\" data-mce-href=\"tel:+3726141697\">+372 614 1697<\/a><\/p>\n<h4>Mustam\u00e4e location<\/h4>\n<p>wholesale<\/p>\n<p><a href=\"https:\/\/maps.app.goo.gl\/cChMXGDXXiBDVowh8\" data-mce-href=\"https:\/\/maps.app.goo.gl\/cChMXGDXXiBDVowh8\">Mustam\u00e4e tee 50, 10621 Tallinn<\/a><\/p>\n<p><a href=\"mailto:info@diamondtec.ee\" data-mce-href=\"mailto:info@diamondtec.ee\">info@diamondtec.ee<\/a><\/p>\n<p><a href=\"tel:+37256476014\" data-mce-href=\"tel:+37256476014\">+372 5647 6014<\/a><\/p>\n<\/div><div class=\"special-heading-border\"><div class=\"special-heading-inner-border\"><\/div><\/div><\/div><br \/>\n\n<style type=\"text\/css\" data-created_by=\"avia_inline_auto\" id=\"style-css-av-1bgw3-d5b89902adcdcacb1434b0428266abe0\">\n#top .hr.av-1bgw3-d5b89902adcdcacb1434b0428266abe0{\nmargin-top:25px;\nmargin-bottom:35px;\n}\n.hr.av-1bgw3-d5b89902adcdcacb1434b0428266abe0 .hr-inner{\nwidth:50px;\nborder-color:#f05a1a;\n}\n<\/style>\n<div  class='hr av-1bgw3-d5b89902adcdcacb1434b0428266abe0 hr-custom  avia-builder-el-2  el_after_av_heading  el_before_av_hr  hor-line-icon-left hr-left hr-icon-no'><span class='hr-inner inner-border-av-border-fat'><span class=\"hr-inner-style\"><\/span><\/span><\/div><br \/>\n\n<style type=\"text\/css\" data-created_by=\"avia_inline_auto\" id=\"style-css-av-1bgw3-1-fe050ed9e1a333f1e1e9e01f85c9d33b\">\n#top .hr.av-1bgw3-1-fe050ed9e1a333f1e1e9e01f85c9d33b{\nmargin-top:25px;\nmargin-bottom:35px;\n}\n.hr.av-1bgw3-1-fe050ed9e1a333f1e1e9e01f85c9d33b .hr-inner{\nwidth:50px;\nborder-color:#f05a1a;\n}\n<\/style>\n<div  class='hr av-1bgw3-1-fe050ed9e1a333f1e1e9e01f85c9d33b hr-custom  avia-builder-el-3  el_after_av_hr  avia-builder-el-last  hor-line-icon-left hr-left hr-icon-no'><span class='hr-inner inner-border-av-border-fat'><span class=\"hr-inner-style\"><\/span><\/span><\/div><\/p><\/div>\n\n<style type=\"text\/css\" data-created_by=\"avia_inline_auto\" id=\"style-css-av-7jgbf-6ae0e87f9dcac40fbc6394587784043a\">\n.flex_column.av-7jgbf-6ae0e87f9dcac40fbc6394587784043a{\nborder-radius:0px 0px 0px 0px;\npadding:0px 0px 0px 0px;\n}\n<\/style>\n<div  class='flex_column av-7jgbf-6ae0e87f9dcac40fbc6394587784043a av_three_fifth  avia-builder-el-4  el_after_av_two_fifth  el_before_av_one_half  flex_column_div av-animated-generic bottom-to-top av-zero-column-padding  '     ><p>\n<style type=\"text\/css\" data-created_by=\"avia_inline_auto\" id=\"style-css-av-ucj7-aa9edfcf4fbb79b2e4ff115a0f502e93\">\n#top .av-special-heading.av-ucj7-aa9edfcf4fbb79b2e4ff115a0f502e93{\npadding-bottom:0;\n}\nbody .av-special-heading.av-ucj7-aa9edfcf4fbb79b2e4ff115a0f502e93 .av-special-heading-tag .heading-char{\nfont-size:25px;\n}\n.av-special-heading.av-ucj7-aa9edfcf4fbb79b2e4ff115a0f502e93 .av-subheading{\nfont-size:15px;\n}\n<\/style>\n<div  class='av-special-heading av-ucj7-aa9edfcf4fbb79b2e4ff115a0f502e93 av-special-heading-h3 blockquote modern-quote  avia-builder-el-5  el_before_av_hr  avia-builder-el-first '><h3 class='av-special-heading-tag '  itemprop=\"headline\"  >Get in touch<\/h3><div class=\"special-heading-border\"><div class=\"special-heading-inner-border\"><\/div><\/div><\/div><br \/>\n\n<style type=\"text\/css\" data-created_by=\"avia_inline_auto\" id=\"style-css-av-6f6mj-4d867b99fcc7db3fd6ed3c78841992ca\">\n#top .hr.av-6f6mj-4d867b99fcc7db3fd6ed3c78841992ca{\nmargin-top:25px;\nmargin-bottom:35px;\n}\n.hr.av-6f6mj-4d867b99fcc7db3fd6ed3c78841992ca .hr-inner{\nwidth:50px;\nborder-color:#f05a1a;\n}\n<\/style>\n<div  class='hr av-6f6mj-4d867b99fcc7db3fd6ed3c78841992ca hr-custom  avia-builder-el-6  el_after_av_heading  el_before_av_contact  hor-line-icon-left hr-left hr-icon-no'><span class='hr-inner inner-border-av-border-fat'><span class=\"hr-inner-style\"><\/span><\/span><\/div><br \/>\n<form action=\"https:\/\/diamondtec.ee\/en\/contact\/\" method=\"post\" data-fields-with-error=\"Found errors in the following field(s):\" class=\"avia_ajax_form av-form-labels-visible   avia-builder-el-7  el_after_av_hr  avia-builder-el-last   \" data-avia-form-id=\"1\" data-avia-redirect='' ><fieldset><p class='  first_form  form_element form_element_half' id='element_avia_1_1'><label for=\"avia_1_1\">Name <abbr class=\"required\" title=\"required\">*<\/abbr><\/label> <input name=\"avia_1_1\" class=\"text_input is_empty\" type=\"text\" id=\"avia_1_1\" value=\"\" \/><\/p><p class='  form_element form_element_half' id='element_avia_2_1'><label for=\"avia_2_1\">Email <abbr class=\"required\" title=\"required\">*<\/abbr><\/label> <input name=\"avia_2_1\" class=\"text_input is_email\" type=\"text\" id=\"avia_2_1\" value=\"\" \/><\/p><p class='  first_form  form_element form_fullwidth' id='element_avia_3_1'><label for=\"avia_3_1\">Phone <abbr class=\"required\" title=\"required\">*<\/abbr><\/label> <input name=\"avia_3_1\" class=\"text_input is_empty\" type=\"text\" id=\"avia_3_1\" value=\"\" \/><\/p><p class='  first_form  form_element form_fullwidth' id='element_avia_4_1'><label for=\"avia_4_1\" class=\"textare_label hidden textare_label_avia_4_1\">Message <abbr class=\"required\" title=\"required\">*<\/abbr><\/label><textarea  name=\"avia_4_1\" class=\"text_area is_empty\" cols=\"40\" rows=\"7\" id=\"avia_4_1\" ><\/textarea><\/p><p class=\"hidden\"><input type=\"text\" name=\"avia_5_1\" class=\"hidden \" id=\"avia_5_1\" value=\"\" \/><\/p><p class='   form_element form_fullwidth' id='element_avia_6_1'><span class='value_verifier_label'>5 + 3 = ?<\/span><input name=\"avia_6_1_verifier\" type=\"hidden\" id=\"avia_6_1_verifier\" value=\"284331541\"\/><label for=\"avia_6_1\">Please prove that you are human by solving the equation <abbr class=\"required\" title=\"required\">*<\/abbr><\/label><input name=\"avia_6_1\" class=\"text_input captcha\" type=\"text\" id=\"avia_6_1\" value=\"\"\/><\/p><p class=\"form_element \"><input type=\"hidden\" value=\"1\" name=\"avia_generated_form1\" \/><input type=\"submit\" value=\"Send!\" class=\"button\"  data-sending-label=\"Sending\"\/><\/p><\/fieldset><\/form><div id=\"ajaxresponse_1\" class=\"ajaxresponse ajaxresponse_1 hidden\"><\/div><\/p><\/div>\n<div  class='flex_column av-5ovxz-dd56146c562ded125e899580b0af9060 av_one_half  avia-builder-el-8  el_after_av_three_fifth  el_before_av_one_half  first flex_column_div  '     ><\/div>\n<div  class='flex_column av-55e3b-cdcf618269bb5ad285f6459995dce1b5 av_one_half  avia-builder-el-10  el_after_av_one_half  el_before_av_one_half  flex_column_div  '     ><\/div><div  class='flex_column av-4kaiv-f8f9b7a9adb3eb6452ac4b0ae341cb31 av_one_half  avia-builder-el-12  el_after_av_one_half  el_before_av_one_half  first flex_column_div  column-top-margin'     ><\/div><\/p>\n<div  class='flex_column av-3ne9j-22660d0594bfd57568ee18e57ab5c8ff av_one_half  avia-builder-el-13  el_after_av_one_half  el_before_av_one_half  flex_column_div  column-top-margin'     ><\/div>\n<div  class='flex_column av-3hqpr-624e37395c51ebcf93cc2ac021650a01 av_one_half  avia-builder-el-14  el_after_av_one_half  el_before_av_one_half  first flex_column_div  column-top-margin'     ><\/div>\n<div  class='flex_column av-2r4jb-cbaf5da5b291609cf009ccc311687223 av_one_half  avia-builder-el-15  el_after_av_one_half  el_before_av_one_half  flex_column_div  column-top-margin'     ><\/div>\n<div  class='flex_column av-1vfer-814a1f4af62c188d695aa0e2a46a93f6 av_one_half  avia-builder-el-16  el_after_av_one_half  el_before_av_one_half  first flex_column_div  column-top-margin'     ><\/div>\n<div  class='flex_column av-1ku07-6df2a6dc55d48a034af6c42ba0f8e01b av_one_half  avia-builder-el-17  el_after_av_one_half  el_before_av_one_half  flex_column_div  column-top-margin'     ><\/div>\n<div  class='flex_column av-11waj-e66fd97b30d86a8e9b13e975e5d4c7f6 av_one_half  avia-builder-el-18  el_after_av_one_half  avia-builder-el-last  first flex_column_div  column-top-margin'     ><\/div>\n","protected":false},"excerpt":{"rendered":"","protected":false},"author":6,"featured_media":0,"parent":0,"menu_order":0,"comment_status":"closed","ping_status":"closed","template":"","meta":{"_acf_changed":false,"footnotes":""},"class_list":["post-2450","page","type-page","status-publish","hentry"],"acf":[],"yoast_head":"<!-- This site is optimized with the Yoast SEO plugin v25.8 - https:\/\/yoast.com\/wordpress\/plugins\/seo\/ -->\n<title>Contact - Diamondtec O\u00dc<\/title>\n<meta name=\"description\" content=\"Diamondtec O\u00dc contacts\" \/>\n<meta name=\"robots\" content=\"index, follow, max-snippet:-1, max-image-preview:large, max-video-preview:-1\" \/>\n<link rel=\"canonical\" href=\"https:\/\/diamondtec.ee\/en\/contact\/\" \/>\n<meta property=\"og:locale\" content=\"en_US\" \/>\n<meta property=\"og:type\" content=\"article\" \/>\n<meta property=\"og:title\" content=\"Contact - Diamondtec O\u00dc\" \/>\n<meta property=\"og:description\" content=\"Diamondtec O\u00dc contacts\" \/>\n<meta property=\"og:url\" content=\"https:\/\/diamondtec.ee\/en\/contact\/\" \/>\n<meta property=\"og:site_name\" content=\"Diamondtec O\u00dc\" \/>\n<meta property=\"article:modified_time\" content=\"2024-10-31T10:40:52+00:00\" \/>\n<meta name=\"twitter:card\" content=\"summary_large_image\" \/>\n<meta name=\"twitter:label1\" content=\"Est. reading time\" \/>\n\t<meta name=\"twitter:data1\" content=\"1 minute\" \/>\n<script type=\"application\/ld+json\" class=\"yoast-schema-graph\">{\"@context\":\"https:\/\/schema.org\",\"@graph\":[{\"@type\":\"WebPage\",\"@id\":\"https:\/\/diamondtec.ee\/en\/contact\/\",\"url\":\"https:\/\/diamondtec.ee\/en\/contact\/\",\"name\":\"Contact - Diamondtec O\u00dc\",\"isPartOf\":{\"@id\":\"https:\/\/diamondtec.ee\/en\/#website\"},\"datePublished\":\"2019-10-02T08:39:23+00:00\",\"dateModified\":\"2024-10-31T10:40:52+00:00\",\"description\":\"Diamondtec O\u00dc contacts\",\"breadcrumb\":{\"@id\":\"https:\/\/diamondtec.ee\/en\/contact\/#breadcrumb\"},\"inLanguage\":\"en-US\",\"potentialAction\":[{\"@type\":\"ReadAction\",\"target\":[\"https:\/\/diamondtec.ee\/en\/contact\/\"]}]},{\"@type\":\"BreadcrumbList\",\"@id\":\"https:\/\/diamondtec.ee\/en\/contact\/#breadcrumb\",\"itemListElement\":[{\"@type\":\"ListItem\",\"position\":1,\"name\":\"Avaleht\",\"item\":\"https:\/\/diamondtec.ee\/en\/\"},{\"@type\":\"ListItem\",\"position\":2,\"name\":\"Contact\"}]},{\"@type\":\"WebSite\",\"@id\":\"https:\/\/diamondtec.ee\/en\/#website\",\"url\":\"https:\/\/diamondtec.ee\/en\/\",\"name\":\"Diamondtec O\u00dc\",\"description\":\"Diamondtec - partner teemantt\u00f6\u00f6ristadele I diamondtec.ee\",\"publisher\":{\"@id\":\"https:\/\/diamondtec.ee\/en\/#organization\"},\"potentialAction\":[{\"@type\":\"SearchAction\",\"target\":{\"@type\":\"EntryPoint\",\"urlTemplate\":\"https:\/\/diamondtec.ee\/en\/?s={search_term_string}\"},\"query-input\":{\"@type\":\"PropertyValueSpecification\",\"valueRequired\":true,\"valueName\":\"search_term_string\"}}],\"inLanguage\":\"en-US\"},{\"@type\":\"Organization\",\"@id\":\"https:\/\/diamondtec.ee\/en\/#organization\",\"name\":\"Diamondtec O\u00dc\",\"url\":\"https:\/\/diamondtec.ee\/en\/\",\"logo\":{\"@type\":\"ImageObject\",\"inLanguage\":\"en-US\",\"@id\":\"https:\/\/diamondtec.ee\/en\/#\/schema\/logo\/image\/\",\"url\":\"https:\/\/diamondtec.ee\/wp-content\/uploads\/2022\/12\/wc_custom_default_pr_img.jpg\",\"contentUrl\":\"https:\/\/diamondtec.ee\/wp-content\/uploads\/2022\/12\/wc_custom_default_pr_img.jpg\",\"width\":800,\"height\":800,\"caption\":\"Diamondtec O\u00dc\"},\"image\":{\"@id\":\"https:\/\/diamondtec.ee\/en\/#\/schema\/logo\/image\/\"}}]}<\/script>\n<!-- \/ Yoast SEO plugin. -->","yoast_head_json":{"title":"Contact - Diamondtec O\u00dc","description":"Diamondtec O\u00dc contacts","robots":{"index":"index","follow":"follow","max-snippet":"max-snippet:-1","max-image-preview":"max-image-preview:large","max-video-preview":"max-video-preview:-1"},"canonical":"https:\/\/diamondtec.ee\/en\/contact\/","og_locale":"en_US","og_type":"article","og_title":"Contact - Diamondtec O\u00dc","og_description":"Diamondtec O\u00dc contacts","og_url":"https:\/\/diamondtec.ee\/en\/contact\/","og_site_name":"Diamondtec O\u00dc","article_modified_time":"2024-10-31T10:40:52+00:00","twitter_card":"summary_large_image","twitter_misc":{"Est. reading time":"1 minute"},"schema":{"@context":"https:\/\/schema.org","@graph":[{"@type":"WebPage","@id":"https:\/\/diamondtec.ee\/en\/contact\/","url":"https:\/\/diamondtec.ee\/en\/contact\/","name":"Contact - Diamondtec O\u00dc","isPartOf":{"@id":"https:\/\/diamondtec.ee\/en\/#website"},"datePublished":"2019-10-02T08:39:23+00:00","dateModified":"2024-10-31T10:40:52+00:00","description":"Diamondtec O\u00dc contacts","breadcrumb":{"@id":"https:\/\/diamondtec.ee\/en\/contact\/#breadcrumb"},"inLanguage":"en-US","potentialAction":[{"@type":"ReadAction","target":["https:\/\/diamondtec.ee\/en\/contact\/"]}]},{"@type":"BreadcrumbList","@id":"https:\/\/diamondtec.ee\/en\/contact\/#breadcrumb","itemListElement":[{"@type":"ListItem","position":1,"name":"Avaleht","item":"https:\/\/diamondtec.ee\/en\/"},{"@type":"ListItem","position":2,"name":"Contact"}]},{"@type":"WebSite","@id":"https:\/\/diamondtec.ee\/en\/#website","url":"https:\/\/diamondtec.ee\/en\/","name":"Diamondtec O\u00dc","description":"Diamondtec - partner teemantt\u00f6\u00f6ristadele I diamondtec.ee","publisher":{"@id":"https:\/\/diamondtec.ee\/en\/#organization"},"potentialAction":[{"@type":"SearchAction","target":{"@type":"EntryPoint","urlTemplate":"https:\/\/diamondtec.ee\/en\/?s={search_term_string}"},"query-input":{"@type":"PropertyValueSpecification","valueRequired":true,"valueName":"search_term_string"}}],"inLanguage":"en-US"},{"@type":"Organization","@id":"https:\/\/diamondtec.ee\/en\/#organization","name":"Diamondtec O\u00dc","url":"https:\/\/diamondtec.ee\/en\/","logo":{"@type":"ImageObject","inLanguage":"en-US","@id":"https:\/\/diamondtec.ee\/en\/#\/schema\/logo\/image\/","url":"https:\/\/diamondtec.ee\/wp-content\/uploads\/2022\/12\/wc_custom_default_pr_img.jpg","contentUrl":"https:\/\/diamondtec.ee\/wp-content\/uploads\/2022\/12\/wc_custom_default_pr_img.jpg","width":800,"height":800,"caption":"Diamondtec O\u00dc"},"image":{"@id":"https:\/\/diamondtec.ee\/en\/#\/schema\/logo\/image\/"}}]}},"jetpack_sharing_enabled":true,"_links":{"self":[{"href":"https:\/\/diamondtec.ee\/en\/wp-json\/wp\/v2\/pages\/2450","targetHints":{"allow":["GET"]}}],"collection":[{"href":"https:\/\/diamondtec.ee\/en\/wp-json\/wp\/v2\/pages"}],"about":[{"href":"https:\/\/diamondtec.ee\/en\/wp-json\/wp\/v2\/types\/page"}],"author":[{"embeddable":true,"href":"https:\/\/diamondtec.ee\/en\/wp-json\/wp\/v2\/users\/6"}],"replies":[{"embeddable":true,"href":"https:\/\/diamondtec.ee\/en\/wp-json\/wp\/v2\/comments?post=2450"}],"version-history":[{"count":5,"href":"https:\/\/diamondtec.ee\/en\/wp-json\/wp\/v2\/pages\/2450\/revisions"}],"predecessor-version":[{"id":9245,"href":"https:\/\/diamondtec.ee\/en\/wp-json\/wp\/v2\/pages\/2450\/revisions\/9245"}],"wp:attachment":[{"href":"https:\/\/diamondtec.ee\/en\/wp-json\/wp\/v2\/media?parent=2450"}],"curies":[{"name":"wp","href":"https:\/\/api.w.org\/{rel}","templated":true}]}}