{"id":2467,"date":"2019-10-02T11:47:49","date_gmt":"2019-10-02T08:47:49","guid":{"rendered":"https:\/\/diamondtec.ee\/service\/"},"modified":"2022-11-28T17:43:07","modified_gmt":"2022-11-28T15:43:07","slug":"services","status":"publish","type":"page","link":"https:\/\/diamondtec.ee\/en\/services\/","title":{"rendered":"Services"},"content":{"rendered":"<div id='teenused-page'  class='avia-section av-av_section-d3eba808c09d28dc0f65f2710e7b0941 main_color avia-section-large avia-no-border-styling  avia-builder-el-0  avia-builder-el-no-sibling  avia-bg-style-scroll container_wrap sidebar_left'  ><div class='container av-section-cont-open' ><main  role=\"main\" itemprop=\"mainContentOfPage\"  class='template-page content  av-content-small units'><div class='post-entry post-entry-type-page post-entry-2467'><div class='entry-content-wrapper clearfix'>\n\n<style type=\"text\/css\" data-created_by=\"avia_inline_auto\" id=\"style-css-av-lb0v71kf-d91137fdf0fbecff30b3bc68c0eab8eb\">\n#top .av-special-heading.av-lb0v71kf-d91137fdf0fbecff30b3bc68c0eab8eb{\npadding-bottom:0;\n}\nbody .av-special-heading.av-lb0v71kf-d91137fdf0fbecff30b3bc68c0eab8eb .av-special-heading-tag .heading-char{\nfont-size:25px;\n}\n.av-special-heading.av-lb0v71kf-d91137fdf0fbecff30b3bc68c0eab8eb .av-subheading{\nfont-size:15px;\n}\n<\/style>\n<div  class='av-special-heading av-lb0v71kf-d91137fdf0fbecff30b3bc68c0eab8eb av-special-heading-h1 blockquote modern-quote modern-centered  avia-builder-el-1  el_before_av_toggle_container  avia-builder-el-first  av-linked-heading'><h1 class='av-special-heading-tag '  itemprop=\"headline\"  >Services<\/h1><div class=\"special-heading-border\"><div class=\"special-heading-inner-border\"><\/div><\/div><\/div>\n<div  class='togglecontainer av-lb0v6mae-70b996783aefa5b200ee0ea315a953e8  avia-builder-el-2  el_after_av_heading  avia-builder-el-last  toggle_close_all' >\n<section class='av_toggle_section av-lb0v0yhn-41670b33a42291eba375cfa8ecba43c6'  itemscope=\"itemscope\" itemtype=\"https:\/\/schema.org\/CreativeWork\" ><div role=\"tablist\" class=\"single_toggle\" data-tags=\"{All} \"  ><p id='toggle-diamond-drill-restoration' data-fake-id='#diamond-drill-restoration' class='toggler  av-title-above '  itemprop=\"headline\"  role='tab' tabindex='0' aria-controls='diamond-drill-restoration' data-slide-speed=\"200\" data-title=\"Diamond drill restoration\" data-title-open=\"\" data-aria_collapsed=\"Click to expand: Diamond drill restoration\" data-aria_expanded=\"Click to collapse: Diamond drill restoration\">Diamond drill restoration<span class=\"toggle_icon\"><span class=\"vert_icon\"><\/span><span class=\"hor_icon\"><\/span><\/span><\/p><div id='diamond-drill-restoration' aria-labelledby='toggle-diamond-drill-restoration' role='region' class='toggle_wrap  av-title-above'  ><div class='toggle_content invers-color '  itemprop=\"text\" ><p><strong>Restorable diamond drills with attachments:<\/strong><\/p>\n<p>PIXIE (CR 128), 1\u00bc UNC, R\u00bd&#8221;, Hilti, M14, M16 &#8230;<br \/>\n&#8211; We complete the drills according to what is being drilled<br \/>\nfor stone material (general construction,<br \/>\nreinforced or granite concrete, abrasive i.e. intensely<br \/>\ndrill bit<br \/>\nexpendable stone materials such as Aeroc, Fibo block, asphalt<br \/>\netc.)<br \/>\n&#8211; Ring segment working height 10mm<br \/>\n&#8211; The restoration service includes a diamond drill case if necessary<br \/>\njustification<br \/>\n&#8211; We also restore diamond drills of special length and diameter<\/p>\n<\/div><\/div><\/div><\/section>\n<section class='av_toggle_section av-lb0v2850-26b0d532a0e0b4822c7545949d90c6d5'  itemscope=\"itemscope\" itemtype=\"https:\/\/schema.org\/CreativeWork\" ><div role=\"tablist\" class=\"single_toggle\" data-tags=\"{All} \"  ><p id='toggle-diamond-disc-recovery' data-fake-id='#diamond-disc-recovery' class='toggler  av-title-above '  itemprop=\"headline\"  role='tab' tabindex='0' aria-controls='diamond-disc-recovery' data-slide-speed=\"200\" data-title=\"Diamond disc recovery\" data-title-open=\"\" data-aria_collapsed=\"Click to expand: Diamond disc recovery\" data-aria_expanded=\"Click to collapse: Diamond disc recovery\">Diamond disc recovery<span class=\"toggle_icon\"><span class=\"vert_icon\"><\/span><span class=\"hor_icon\"><\/span><\/span><\/p><div id='diamond-disc-recovery' aria-labelledby='toggle-diamond-disc-recovery' role='region' class='toggle_wrap  av-title-above'  ><div class='toggle_content invers-color '  itemprop=\"text\" ><p><span dir=\"ltr\" role=\"presentation\">We offer different types of diamond disc restoration<\/span><\/p>\n<\/div><\/div><\/div><\/section>\n<section class='av_toggle_section av-lb0v4nec-74c59513e9154a4bc0d80327400de514'  itemscope=\"itemscope\" itemtype=\"https:\/\/schema.org\/CreativeWork\" ><div role=\"tablist\" class=\"single_toggle\" data-tags=\"{All} \"  ><p id='toggle-alignment-and-powering-of-diamond-discs' data-fake-id='#alignment-and-powering-of-diamond-discs' class='toggler  av-title-above '  itemprop=\"headline\"  role='tab' tabindex='0' aria-controls='alignment-and-powering-of-diamond-discs' data-slide-speed=\"200\" data-title=\"Alignment and powering of diamond discs\" data-title-open=\"\" data-aria_collapsed=\"Click to expand: Alignment and powering of diamond discs\" data-aria_expanded=\"Click to collapse: Alignment and powering of diamond discs\">Alignment and powering of diamond discs<span class=\"toggle_icon\"><span class=\"vert_icon\"><\/span><span class=\"hor_icon\"><\/span><\/span><\/p><div id='alignment-and-powering-of-diamond-discs' aria-labelledby='toggle-alignment-and-powering-of-diamond-discs' role='region' class='toggle_wrap  av-title-above'  ><div class='toggle_content invers-color '  itemprop=\"text\" ><p><span dir=\"ltr\" role=\"presentation\">We offer different types of diamond disc restoration<br \/>\n<\/span><\/p>\n<p><span dir=\"ltr\" role=\"presentation\"><img loading=\"lazy\" decoding=\"async\" class=\"size-full wp-image-7777 alignnone\" src=\"https:\/\/diamondtec.ee\/wp-content\/uploads\/2022\/11\/media39243.png\" alt=\"\" width=\"248\" height=\"256\" srcset=\"https:\/\/diamondtec.ee\/wp-content\/uploads\/2022\/11\/media39243.png 248w, https:\/\/diamondtec.ee\/wp-content\/uploads\/2022\/11\/media39243-36x36.png 36w\" sizes=\"auto, (max-width: 248px) 100vw, 248px\" \/><\/span><\/p>\n<\/div><\/div><\/div><\/section>\n<section class='av_toggle_section av-lb0v5ebm-f09f8b463e7d1680ff61ada0f7d58fff'  itemscope=\"itemscope\" itemtype=\"https:\/\/schema.org\/CreativeWork\" ><div role=\"tablist\" class=\"single_toggle\" data-tags=\"{All} \"  ><p id='toggle-diamond-grinding-board-restoration' data-fake-id='#diamond-grinding-board-restoration' class='toggler  av-title-above '  itemprop=\"headline\"  role='tab' tabindex='0' aria-controls='diamond-grinding-board-restoration' data-slide-speed=\"200\" data-title=\"Diamond Grinding Board Restoration\" data-title-open=\"\" data-aria_collapsed=\"Click to expand: Diamond Grinding Board Restoration\" data-aria_expanded=\"Click to collapse: Diamond Grinding Board Restoration\">Diamond Grinding Board Restoration<span class=\"toggle_icon\"><span class=\"vert_icon\"><\/span><span class=\"hor_icon\"><\/span><\/span><\/p><div id='diamond-grinding-board-restoration' aria-labelledby='toggle-diamond-grinding-board-restoration' role='region' class='toggle_wrap  av-title-above'  ><div class='toggle_content invers-color '  itemprop=\"text\" ><p><span dir=\"ltr\" role=\"presentation\">We offer different types of diamond grinding board restoration services <\/span><\/p>\n<\/div><\/div><\/div><\/section>\n<section class='av_toggle_section av-lb0v6lme-d7d1f3d1e40d204ed693c19d1d8d642f'  itemscope=\"itemscope\" itemtype=\"https:\/\/schema.org\/CreativeWork\" ><div role=\"tablist\" class=\"single_toggle\" data-tags=\"{All} \"  ><p id='toggle-repair-of-diamond-tools' data-fake-id='#repair-of-diamond-tools' class='toggler  av-title-above '  itemprop=\"headline\"  role='tab' tabindex='0' aria-controls='repair-of-diamond-tools' data-slide-speed=\"200\" data-title=\"Repair of diamond tools\" data-title-open=\"\" data-aria_collapsed=\"Click to expand: Repair of diamond tools\" data-aria_expanded=\"Click to collapse: Repair of diamond tools\">Repair of diamond tools<span class=\"toggle_icon\"><span class=\"vert_icon\"><\/span><span class=\"hor_icon\"><\/span><\/span><\/p><div id='repair-of-diamond-tools' aria-labelledby='toggle-repair-of-diamond-tools' role='region' class='toggle_wrap  av-title-above'  ><div class='toggle_content invers-color '  itemprop=\"text\" ><p><span dir=\"ltr\" role=\"presentation\">We offer different types of diamond tool repair services<\/span><\/p>\n<\/div><\/div><\/div><\/section>\n<\/div>\n<\/div><\/div><\/main><!-- close content main element --><\/div><\/div><div id='after_section_1'  class='main_color av_default_container_wrap container_wrap sidebar_left'  ><div class='container av-section-cont-open' ><div class='template-page content  av-content-small units'><div class='post-entry post-entry-type-page post-entry-2467'><div class='entry-content-wrapper clearfix'>\n","protected":false},"excerpt":{"rendered":"","protected":false},"author":6,"featured_media":0,"parent":0,"menu_order":0,"comment_status":"closed","ping_status":"closed","template":"","meta":{"_acf_changed":false,"footnotes":""},"class_list":["post-2467","page","type-page","status-publish","hentry"],"acf":[],"yoast_head":"<!-- This site is optimized with the Yoast SEO plugin v25.8 - https:\/\/yoast.com\/wordpress\/plugins\/seo\/ -->\n<title>Services - Diamondtec O\u00dc<\/title>\n<meta name=\"robots\" content=\"index, follow, max-snippet:-1, max-image-preview:large, max-video-preview:-1\" \/>\n<link rel=\"canonical\" href=\"https:\/\/diamondtec.ee\/en\/services\/\" \/>\n<meta property=\"og:locale\" content=\"en_US\" \/>\n<meta property=\"og:type\" content=\"article\" \/>\n<meta property=\"og:title\" content=\"Services - Diamondtec O\u00dc\" \/>\n<meta property=\"og:url\" content=\"https:\/\/diamondtec.ee\/en\/services\/\" \/>\n<meta property=\"og:site_name\" content=\"Diamondtec O\u00dc\" \/>\n<meta property=\"article:modified_time\" content=\"2022-11-28T15:43:07+00:00\" \/>\n<meta property=\"og:image\" content=\"https:\/\/diamondtec.ee\/wp-content\/uploads\/2022\/11\/media39243.png\" \/>\n<meta name=\"twitter:card\" content=\"summary_large_image\" \/>\n<meta name=\"twitter:label1\" content=\"Est. reading time\" \/>\n\t<meta name=\"twitter:data1\" content=\"3 minutes\" \/>\n<script type=\"application\/ld+json\" class=\"yoast-schema-graph\">{\"@context\":\"https:\/\/schema.org\",\"@graph\":[{\"@type\":\"WebPage\",\"@id\":\"https:\/\/diamondtec.ee\/en\/services\/\",\"url\":\"https:\/\/diamondtec.ee\/en\/services\/\",\"name\":\"Services - Diamondtec O\u00dc\",\"isPartOf\":{\"@id\":\"https:\/\/diamondtec.ee\/en\/#website\"},\"primaryImageOfPage\":{\"@id\":\"https:\/\/diamondtec.ee\/en\/services\/#primaryimage\"},\"image\":{\"@id\":\"https:\/\/diamondtec.ee\/en\/services\/#primaryimage\"},\"thumbnailUrl\":\"https:\/\/diamondtec.ee\/wp-content\/uploads\/2022\/11\/media39243.png\",\"datePublished\":\"2019-10-02T08:47:49+00:00\",\"dateModified\":\"2022-11-28T15:43:07+00:00\",\"breadcrumb\":{\"@id\":\"https:\/\/diamondtec.ee\/en\/services\/#breadcrumb\"},\"inLanguage\":\"en-US\",\"potentialAction\":[{\"@type\":\"ReadAction\",\"target\":[\"https:\/\/diamondtec.ee\/en\/services\/\"]}]},{\"@type\":\"ImageObject\",\"inLanguage\":\"en-US\",\"@id\":\"https:\/\/diamondtec.ee\/en\/services\/#primaryimage\",\"url\":\"https:\/\/diamondtec.ee\/wp-content\/uploads\/2022\/11\/media39243.png\",\"contentUrl\":\"https:\/\/diamondtec.ee\/wp-content\/uploads\/2022\/11\/media39243.png\"},{\"@type\":\"BreadcrumbList\",\"@id\":\"https:\/\/diamondtec.ee\/en\/services\/#breadcrumb\",\"itemListElement\":[{\"@type\":\"ListItem\",\"position\":1,\"name\":\"Avaleht\",\"item\":\"https:\/\/diamondtec.ee\/en\/\"},{\"@type\":\"ListItem\",\"position\":2,\"name\":\"Services\"}]},{\"@type\":\"WebSite\",\"@id\":\"https:\/\/diamondtec.ee\/en\/#website\",\"url\":\"https:\/\/diamondtec.ee\/en\/\",\"name\":\"Diamondtec O\u00dc\",\"description\":\"Diamondtec - partner teemantt\u00f6\u00f6ristadele I diamondtec.ee\",\"publisher\":{\"@id\":\"https:\/\/diamondtec.ee\/en\/#organization\"},\"potentialAction\":[{\"@type\":\"SearchAction\",\"target\":{\"@type\":\"EntryPoint\",\"urlTemplate\":\"https:\/\/diamondtec.ee\/en\/?s={search_term_string}\"},\"query-input\":{\"@type\":\"PropertyValueSpecification\",\"valueRequired\":true,\"valueName\":\"search_term_string\"}}],\"inLanguage\":\"en-US\"},{\"@type\":\"Organization\",\"@id\":\"https:\/\/diamondtec.ee\/en\/#organization\",\"name\":\"Diamondtec O\u00dc\",\"url\":\"https:\/\/diamondtec.ee\/en\/\",\"logo\":{\"@type\":\"ImageObject\",\"inLanguage\":\"en-US\",\"@id\":\"https:\/\/diamondtec.ee\/en\/#\/schema\/logo\/image\/\",\"url\":\"https:\/\/diamondtec.ee\/wp-content\/uploads\/2022\/12\/wc_custom_default_pr_img.jpg\",\"contentUrl\":\"https:\/\/diamondtec.ee\/wp-content\/uploads\/2022\/12\/wc_custom_default_pr_img.jpg\",\"width\":800,\"height\":800,\"caption\":\"Diamondtec O\u00dc\"},\"image\":{\"@id\":\"https:\/\/diamondtec.ee\/en\/#\/schema\/logo\/image\/\"}}]}<\/script>\n<!-- \/ Yoast SEO plugin. -->","yoast_head_json":{"title":"Services - Diamondtec O\u00dc","robots":{"index":"index","follow":"follow","max-snippet":"max-snippet:-1","max-image-preview":"max-image-preview:large","max-video-preview":"max-video-preview:-1"},"canonical":"https:\/\/diamondtec.ee\/en\/services\/","og_locale":"en_US","og_type":"article","og_title":"Services - Diamondtec O\u00dc","og_url":"https:\/\/diamondtec.ee\/en\/services\/","og_site_name":"Diamondtec O\u00dc","article_modified_time":"2022-11-28T15:43:07+00:00","og_image":[{"url":"https:\/\/diamondtec.ee\/wp-content\/uploads\/2022\/11\/media39243.png","type":"","width":"","height":""}],"twitter_card":"summary_large_image","twitter_misc":{"Est. reading time":"3 minutes"},"schema":{"@context":"https:\/\/schema.org","@graph":[{"@type":"WebPage","@id":"https:\/\/diamondtec.ee\/en\/services\/","url":"https:\/\/diamondtec.ee\/en\/services\/","name":"Services - Diamondtec O\u00dc","isPartOf":{"@id":"https:\/\/diamondtec.ee\/en\/#website"},"primaryImageOfPage":{"@id":"https:\/\/diamondtec.ee\/en\/services\/#primaryimage"},"image":{"@id":"https:\/\/diamondtec.ee\/en\/services\/#primaryimage"},"thumbnailUrl":"https:\/\/diamondtec.ee\/wp-content\/uploads\/2022\/11\/media39243.png","datePublished":"2019-10-02T08:47:49+00:00","dateModified":"2022-11-28T15:43:07+00:00","breadcrumb":{"@id":"https:\/\/diamondtec.ee\/en\/services\/#breadcrumb"},"inLanguage":"en-US","potentialAction":[{"@type":"ReadAction","target":["https:\/\/diamondtec.ee\/en\/services\/"]}]},{"@type":"ImageObject","inLanguage":"en-US","@id":"https:\/\/diamondtec.ee\/en\/services\/#primaryimage","url":"https:\/\/diamondtec.ee\/wp-content\/uploads\/2022\/11\/media39243.png","contentUrl":"https:\/\/diamondtec.ee\/wp-content\/uploads\/2022\/11\/media39243.png"},{"@type":"BreadcrumbList","@id":"https:\/\/diamondtec.ee\/en\/services\/#breadcrumb","itemListElement":[{"@type":"ListItem","position":1,"name":"Avaleht","item":"https:\/\/diamondtec.ee\/en\/"},{"@type":"ListItem","position":2,"name":"Services"}]},{"@type":"WebSite","@id":"https:\/\/diamondtec.ee\/en\/#website","url":"https:\/\/diamondtec.ee\/en\/","name":"Diamondtec O\u00dc","description":"Diamondtec - partner teemantt\u00f6\u00f6ristadele I diamondtec.ee","publisher":{"@id":"https:\/\/diamondtec.ee\/en\/#organization"},"potentialAction":[{"@type":"SearchAction","target":{"@type":"EntryPoint","urlTemplate":"https:\/\/diamondtec.ee\/en\/?s={search_term_string}"},"query-input":{"@type":"PropertyValueSpecification","valueRequired":true,"valueName":"search_term_string"}}],"inLanguage":"en-US"},{"@type":"Organization","@id":"https:\/\/diamondtec.ee\/en\/#organization","name":"Diamondtec O\u00dc","url":"https:\/\/diamondtec.ee\/en\/","logo":{"@type":"ImageObject","inLanguage":"en-US","@id":"https:\/\/diamondtec.ee\/en\/#\/schema\/logo\/image\/","url":"https:\/\/diamondtec.ee\/wp-content\/uploads\/2022\/12\/wc_custom_default_pr_img.jpg","contentUrl":"https:\/\/diamondtec.ee\/wp-content\/uploads\/2022\/12\/wc_custom_default_pr_img.jpg","width":800,"height":800,"caption":"Diamondtec O\u00dc"},"image":{"@id":"https:\/\/diamondtec.ee\/en\/#\/schema\/logo\/image\/"}}]}},"jetpack_sharing_enabled":true,"_links":{"self":[{"href":"https:\/\/diamondtec.ee\/en\/wp-json\/wp\/v2\/pages\/2467","targetHints":{"allow":["GET"]}}],"collection":[{"href":"https:\/\/diamondtec.ee\/en\/wp-json\/wp\/v2\/pages"}],"about":[{"href":"https:\/\/diamondtec.ee\/en\/wp-json\/wp\/v2\/types\/page"}],"author":[{"embeddable":true,"href":"https:\/\/diamondtec.ee\/en\/wp-json\/wp\/v2\/users\/6"}],"replies":[{"embeddable":true,"href":"https:\/\/diamondtec.ee\/en\/wp-json\/wp\/v2\/comments?post=2467"}],"version-history":[{"count":0,"href":"https:\/\/diamondtec.ee\/en\/wp-json\/wp\/v2\/pages\/2467\/revisions"}],"wp:attachment":[{"href":"https:\/\/diamondtec.ee\/en\/wp-json\/wp\/v2\/media?parent=2467"}],"curies":[{"name":"wp","href":"https:\/\/api.w.org\/{rel}","templated":true}]}}