{"id":2479,"date":"2019-10-02T11:51:24","date_gmt":"2019-10-02T08:51:24","guid":{"rendered":"https:\/\/diamondtec.ee\/core-drills\/wet-drills\/"},"modified":"2019-10-02T11:51:24","modified_gmt":"2019-10-02T08:51:24","slug":"wet-drills","status":"publish","type":"page","link":"https:\/\/diamondtec.ee\/en\/core-drills\/wet-drills\/","title":{"rendered":"Wet drills"},"content":{"rendered":"\n<style type=\"text\/css\" data-created_by=\"avia_inline_auto\" id=\"style-css-av-e5b2n-00e82007fa226cbe3967fb715ec30f8c\">\n.flex_column.av-e5b2n-00e82007fa226cbe3967fb715ec30f8c{\nborder-radius:0px 0px 0px 0px;\npadding:0px 0px 0px 0px;\n}\n<\/style>\n<div  class='flex_column av-e5b2n-00e82007fa226cbe3967fb715ec30f8c av_one_full  avia-builder-el-0  avia-builder-el-no-sibling  first flex_column_div av-zero-column-padding  '     ><p>\n<style type=\"text\/css\" data-created_by=\"avia_inline_auto\" id=\"style-css-av-7rip3-eab1841ae23a77be1c76217b8f74a1f4\">\n#top .av-special-heading.av-7rip3-eab1841ae23a77be1c76217b8f74a1f4{\npadding-bottom:0;\n}\nbody .av-special-heading.av-7rip3-eab1841ae23a77be1c76217b8f74a1f4 .av-special-heading-tag .heading-char{\nfont-size:25px;\n}\n.av-special-heading.av-7rip3-eab1841ae23a77be1c76217b8f74a1f4 .av-subheading{\nfont-size:15px;\n}\n<\/style>\n<div  class='av-special-heading av-7rip3-eab1841ae23a77be1c76217b8f74a1f4 av-special-heading-h2 blockquote modern-quote modern-centered  avia-builder-el-1  el_before_av_hr  avia-builder-el-first '><h2 class='av-special-heading-tag '  itemprop=\"headline\"  >Wet drills <\/h2><div class=\"special-heading-border\"><div class=\"special-heading-inner-border\"><\/div><\/div><\/div><br \/>\n\n<style type=\"text\/css\" data-created_by=\"avia_inline_auto\" id=\"style-css-av-6azjj-0be28cc7629a67aa3cdca5c0bacf4069\">\n#top .hr.av-6azjj-0be28cc7629a67aa3cdca5c0bacf4069{\nmargin-top:25px;\nmargin-bottom:40px;\n}\n.hr.av-6azjj-0be28cc7629a67aa3cdca5c0bacf4069 .hr-inner{\nwidth:150px;\nborder-color:#f05a1a;\nmax-width:45%;\n}\n.hr.av-6azjj-0be28cc7629a67aa3cdca5c0bacf4069 .av-seperator-icon{\ncolor:#f05a1a;\n}\n.hr.av-6azjj-0be28cc7629a67aa3cdca5c0bacf4069 .av-seperator-icon.avia-svg-icon svg:first-child{\nfill:#f05a1a;\nstroke:#f05a1a;\n}\n<\/style>\n<div  class='hr av-6azjj-0be28cc7629a67aa3cdca5c0bacf4069 hr-custom  avia-builder-el-2  el_after_av_heading  el_before_av_textblock  hr-center hr-icon-yes'><span class='hr-inner inner-border-av-border-fat'><span class=\"hr-inner-style\"><\/span><\/span><span class='av-seperator-icon avia-iconfont avia-font-entypo-fontello' data-av_icon='\ue873' data-av_iconfont='entypo-fontello' ><\/span><span class='hr-inner inner-border-av-border-fat'><span class=\"hr-inner-style\"><\/span><\/span><\/div><br \/>\n<section  class='av_textblock_section av-jik0csyx-717abd8113f0b0ddac75365ed1a7acfc '   itemscope=\"itemscope\" itemtype=\"https:\/\/schema.org\/CreativeWork\" ><div class='avia_textblock'  itemprop=\"text\" ><p>We offer a wide range of diamond drills for wet and natural materials used in construction. Drills are suitable, for example, for drilling ferro-concrete or granite concrete, various building blocks, asphalt and similar materials. You will also find cages for sensitive materials such as clinker, tiles, granite, quartzite, glass and more. Our versatile stock enables quick delivery of drills, a selection of wet drills for diamond drilling, and technical specifications below:<\/p>\n<\/div><\/section><br \/>\n<div  class='avia-product-slider-container av-jik0d1gf-c923153450094933c2e877daade56851 template-shop avia-content-slider avia-content-grid-active shop_columns_4  avia-builder-el-4  el_after_av_textblock  avia-builder-el-last  avia-content-slider-even  avia-builder-el-4  el_after_av_textblock  avia-builder-el-last  av-slideshow-ui av-slider-hover-pause av-slideshow-manual av-loop-once av-loop-manual-endless avia-product-slider1' data-slideshow-options=\"{&quot;animation&quot;:&quot;fade&quot;,&quot;autoplay&quot;:false,&quot;loop_autoplay&quot;:&quot;once&quot;,&quot;interval&quot;:5,&quot;loop_manual&quot;:&quot;manual-endless&quot;,&quot;autoplay_stopper&quot;:false,&quot;noNavigation&quot;:false,&quot;bg_slider&quot;:false,&quot;keep_padding&quot;:false,&quot;hoverpause&quot;:true,&quot;show_slide_delay&quot;:0}\"><div class=\"product-sorting avia-product-sorting\"><ul class=\"sort-param sort-param-order\"><li><span class='currently-selected'>Sort by <strong>Default<\/strong><\/span><ul><li class=\"current-param\"><a class='avia-product-sorting-link' data-href='?avia_extended_shop_select=yes&product_order=default' rel=\"nofollow\"><span class='avia-bullet'><\/span>Default<\/a><\/li><li><a class='avia-product-sorting-link' data-href='?product_sort=asc&avia_extended_shop_select=yes&product_order=menu_order' rel=\"nofollow\"><span class='avia-bullet'><\/span>Custom<\/a><\/li><li><a class='avia-product-sorting-link' data-href='?product_sort=asc&avia_extended_shop_select=yes&product_order=title' rel=\"nofollow\"><span class='avia-bullet'><\/span>Name<\/a><\/li><li><a class='avia-product-sorting-link' data-href='?product_sort=asc&avia_extended_shop_select=yes&product_order=price' rel=\"nofollow\"><span class='avia-bullet'><\/span>Price<\/a><\/li><li><a class='avia-product-sorting-link' data-href='?product_sort=asc&avia_extended_shop_select=yes&product_order=date' rel=\"nofollow\"><span class='avia-bullet'><\/span>Date<\/a><\/li><li><a class='avia-product-sorting-link' data-href='?avia_extended_shop_select=yes&product_order=popularity' rel=\"nofollow\"><span class='avia-bullet'><\/span>Popularity (sales)<\/a><\/li><li><a class='avia-product-sorting-link' data-href='?avia_extended_shop_select=yes&product_order=rating' rel=\"nofollow\"><span class='avia-bullet'><\/span>Average rating<\/a><\/li><li><a class='avia-product-sorting-link' data-href='?product_sort=asc&avia_extended_shop_select=yes&product_order=relevance' rel=\"nofollow\"><span class='avia-bullet'><\/span>Relevance<\/a><\/li><li><a class='avia-product-sorting-link' data-href='?avia_extended_shop_select=yes&product_order=rand' rel=\"nofollow\"><span class='avia-bullet'><\/span>Random<\/a><\/li><li><a class='avia-product-sorting-link' data-href='?product_sort=asc&avia_extended_shop_select=yes&product_order=id' rel=\"nofollow\"><span class='avia-bullet'><\/span>Product ID<\/a><\/li><\/ul><\/li><\/ul><ul class='sort-param sort-param-count'><li><span class='currently-selected'>Display <strong>12 Products per page <\/strong><\/span><ul><li class=\"current-param\"><a class='avia-product-sorting-link' data-href='?paged=1&avia_extended_shop_select=yes&product_order=default&product_count=12' rel=\"nofollow\">\t\t<span class='avia-bullet'><\/span>12 Products per page<\/a><\/li><li><a class='avia-product-sorting-link' data-href='?paged=1&avia_extended_shop_select=yes&product_order=default&product_count=24' rel=\"nofollow\">\t<span class='avia-bullet'><\/span>24 Products per page<\/a><\/li><li><a class='avia-product-sorting-link' data-href='?paged=1&avia_extended_shop_select=yes&product_order=default&product_count=36' rel=\"nofollow\">\t<span class='avia-bullet'><\/span>36 Products per page<\/a><\/li><\/ul><\/li><\/ul><\/div><div class='avia-content-slider-inner'><ul class=\"products\"><li class=\"product type-product post-2565 status-publish first instock product_cat-core-drills product_cat-wet-drills has-post-thumbnail shipping-taxable purchasable product-type-variable\">\n\t<div class='inner_product main_color wrapped_style noLightbox  av-product-class-no_button'><a href=\"https:\/\/diamondtec.ee\/en\/toode\/diamond-core-drills-granite\/\" class=\"woocommerce-LoopProduct-link woocommerce-loop-product__link\"><div class=\"thumbnail_container\"><img decoding=\"async\" loading=\"lazy\" width=\"300\" height=\"300\" src=\"https:\/\/diamondtec.ee\/wp-content\/uploads\/2018\/10\/GraniteCrownType-300x300.jpg\" class=\"wp-image-3061 avia-img-lazy-loading-3061 attachment-shop_catalog size-shop_catalog wp-post-image\" alt=\"\" srcset=\"https:\/\/diamondtec.ee\/wp-content\/uploads\/2018\/10\/GraniteCrownType-300x300.jpg 300w, https:\/\/diamondtec.ee\/wp-content\/uploads\/2018\/10\/GraniteCrownType-100x100.jpg 100w, https:\/\/diamondtec.ee\/wp-content\/uploads\/2018\/10\/GraniteCrownType-80x80.jpg 80w, https:\/\/diamondtec.ee\/wp-content\/uploads\/2018\/10\/GraniteCrownType-36x36.jpg 36w, https:\/\/diamondtec.ee\/wp-content\/uploads\/2018\/10\/GraniteCrownType-180x180.jpg 180w\" sizes=\"auto, (max-width: 300px) 100vw, 300px\" \/><\/div><div class='inner_product_header'><div class='avia-arrow'><\/div><div class='inner_product_header_table'><div class='inner_product_header_cell'><h2 class=\"woocommerce-loop-product__title\">Diamond core drills Granite<\/h2>\n<\/div><\/div><\/div><\/a><\/div><\/li>\n<li class=\"product type-product post-2707 status-publish instock product_cat-core-drills product_cat-wet-drills has-post-thumbnail shipping-taxable purchasable product-type-variable\">\n\t<div class='inner_product main_color wrapped_style noLightbox  av-product-class-no_button'><a href=\"https:\/\/diamondtec.ee\/en\/toode\/wet-drills-l350-r%c2%bd\/\" class=\"woocommerce-LoopProduct-link woocommerce-loop-product__link\"><div class=\"thumbnail_container\"><img decoding=\"async\" loading=\"lazy\" width=\"129\" height=\"129\" src=\"https:\/\/diamondtec.ee\/wp-content\/uploads\/2018\/06\/Pixie-R12-129x129.jpg\" class=\"wp-image-2723 avia-img-lazy-loading-2723 attachment-shop_catalog size-shop_catalog wp-post-image\" alt=\"\" srcset=\"https:\/\/diamondtec.ee\/wp-content\/uploads\/2018\/06\/Pixie-R12-129x129.jpg 129w, https:\/\/diamondtec.ee\/wp-content\/uploads\/2018\/06\/Pixie-R12.jpg 300w, https:\/\/diamondtec.ee\/wp-content\/uploads\/2018\/06\/Pixie-R12-100x100.jpg 100w, https:\/\/diamondtec.ee\/wp-content\/uploads\/2018\/06\/Pixie-R12-80x80.jpg 80w, https:\/\/diamondtec.ee\/wp-content\/uploads\/2018\/06\/Pixie-R12-36x36.jpg 36w, https:\/\/diamondtec.ee\/wp-content\/uploads\/2018\/06\/Pixie-R12-180x180.jpg 180w\" sizes=\"auto, (max-width: 129px) 100vw, 129px\" \/><\/div><div class='inner_product_header'><div class='avia-arrow'><\/div><div class='inner_product_header_table'><div class='inner_product_header_cell'><h2 class=\"woocommerce-loop-product__title\">Wet drills  L350 R\u00bd&#8221;<\/h2>\n<\/div><\/div><\/div><\/a><\/div><\/li>\n<li class=\"product type-product post-2728 status-publish outofstock product_cat-core-drills product_cat-wet-drills has-post-thumbnail shipping-taxable purchasable product-type-variable\">\n\t<div class='inner_product main_color wrapped_style noLightbox  av-product-class-no_button'><a href=\"https:\/\/diamondtec.ee\/en\/toode\/wet-drills-pixie-cr-128\/\" class=\"woocommerce-LoopProduct-link woocommerce-loop-product__link\"><div class=\"thumbnail_container\"><img decoding=\"async\" loading=\"lazy\" width=\"300\" height=\"300\" src=\"https:\/\/diamondtec.ee\/wp-content\/uploads\/2018\/10\/dia_246-300x300.jpg\" class=\"wp-image-2729 avia-img-lazy-loading-2729 attachment-shop_catalog size-shop_catalog wp-post-image\" alt=\"\" srcset=\"https:\/\/diamondtec.ee\/wp-content\/uploads\/2018\/10\/dia_246-300x300.jpg 300w, https:\/\/diamondtec.ee\/wp-content\/uploads\/2018\/10\/dia_246-100x100.jpg 100w, https:\/\/diamondtec.ee\/wp-content\/uploads\/2018\/10\/dia_246-80x80.jpg 80w, https:\/\/diamondtec.ee\/wp-content\/uploads\/2018\/10\/dia_246-36x36.jpg 36w, https:\/\/diamondtec.ee\/wp-content\/uploads\/2018\/10\/dia_246-180x180.jpg 180w\" sizes=\"auto, (max-width: 300px) 100vw, 300px\" \/><\/div><div class='inner_product_header'><div class='avia-arrow'><\/div><div class='inner_product_header_table'><div class='inner_product_header_cell'><h2 class=\"woocommerce-loop-product__title\">Wet drills PIXIE (CR 128)<\/h2>\n<\/div><\/div><\/div><\/a><\/div><\/li>\n<\/ul><\/div><\/div><div class=\"clear\"><\/div><\/p><\/div>\n","protected":false},"excerpt":{"rendered":"","protected":false},"author":6,"featured_media":0,"parent":2473,"menu_order":0,"comment_status":"closed","ping_status":"closed","template":"","meta":{"_acf_changed":false,"footnotes":""},"class_list":["post-2479","page","type-page","status-publish","hentry"],"acf":[],"yoast_head":"<!-- This site is optimized with the Yoast SEO plugin v25.8 - https:\/\/yoast.com\/wordpress\/plugins\/seo\/ -->\n<title>Wet drills - Diamondtec O\u00dc<\/title>\n<meta name=\"robots\" content=\"index, follow, max-snippet:-1, max-image-preview:large, max-video-preview:-1\" \/>\n<link rel=\"canonical\" href=\"https:\/\/diamondtec.ee\/en\/core-drills\/wet-drills\/\" \/>\n<meta property=\"og:locale\" content=\"en_US\" \/>\n<meta property=\"og:type\" content=\"article\" \/>\n<meta property=\"og:title\" content=\"Wet drills - Diamondtec O\u00dc\" \/>\n<meta property=\"og:url\" content=\"https:\/\/diamondtec.ee\/en\/core-drills\/wet-drills\/\" \/>\n<meta property=\"og:site_name\" content=\"Diamondtec O\u00dc\" \/>\n<meta name=\"twitter:card\" content=\"summary_large_image\" \/>\n<meta name=\"twitter:label1\" content=\"Est. reading time\" \/>\n\t<meta name=\"twitter:data1\" content=\"2 minutes\" \/>\n<script type=\"application\/ld+json\" class=\"yoast-schema-graph\">{\"@context\":\"https:\/\/schema.org\",\"@graph\":[{\"@type\":\"WebPage\",\"@id\":\"https:\/\/diamondtec.ee\/en\/core-drills\/wet-drills\/\",\"url\":\"https:\/\/diamondtec.ee\/en\/core-drills\/wet-drills\/\",\"name\":\"Wet drills - Diamondtec O\u00dc\",\"isPartOf\":{\"@id\":\"https:\/\/diamondtec.ee\/en\/#website\"},\"datePublished\":\"2019-10-02T08:51:24+00:00\",\"breadcrumb\":{\"@id\":\"https:\/\/diamondtec.ee\/en\/core-drills\/wet-drills\/#breadcrumb\"},\"inLanguage\":\"en-US\",\"potentialAction\":[{\"@type\":\"ReadAction\",\"target\":[\"https:\/\/diamondtec.ee\/en\/core-drills\/wet-drills\/\"]}]},{\"@type\":\"BreadcrumbList\",\"@id\":\"https:\/\/diamondtec.ee\/en\/core-drills\/wet-drills\/#breadcrumb\",\"itemListElement\":[{\"@type\":\"ListItem\",\"position\":1,\"name\":\"Avaleht\",\"item\":\"https:\/\/diamondtec.ee\/en\/\"},{\"@type\":\"ListItem\",\"position\":2,\"name\":\"Core drills\",\"item\":\"https:\/\/diamondtec.ee\/en\/core-drills\/\"},{\"@type\":\"ListItem\",\"position\":3,\"name\":\"Wet drills\"}]},{\"@type\":\"WebSite\",\"@id\":\"https:\/\/diamondtec.ee\/en\/#website\",\"url\":\"https:\/\/diamondtec.ee\/en\/\",\"name\":\"Diamondtec O\u00dc\",\"description\":\"Diamondtec - partner teemantt\u00f6\u00f6ristadele I diamondtec.ee\",\"publisher\":{\"@id\":\"https:\/\/diamondtec.ee\/en\/#organization\"},\"potentialAction\":[{\"@type\":\"SearchAction\",\"target\":{\"@type\":\"EntryPoint\",\"urlTemplate\":\"https:\/\/diamondtec.ee\/en\/?s={search_term_string}\"},\"query-input\":{\"@type\":\"PropertyValueSpecification\",\"valueRequired\":true,\"valueName\":\"search_term_string\"}}],\"inLanguage\":\"en-US\"},{\"@type\":\"Organization\",\"@id\":\"https:\/\/diamondtec.ee\/en\/#organization\",\"name\":\"Diamondtec O\u00dc\",\"url\":\"https:\/\/diamondtec.ee\/en\/\",\"logo\":{\"@type\":\"ImageObject\",\"inLanguage\":\"en-US\",\"@id\":\"https:\/\/diamondtec.ee\/en\/#\/schema\/logo\/image\/\",\"url\":\"https:\/\/diamondtec.ee\/wp-content\/uploads\/2022\/12\/wc_custom_default_pr_img.jpg\",\"contentUrl\":\"https:\/\/diamondtec.ee\/wp-content\/uploads\/2022\/12\/wc_custom_default_pr_img.jpg\",\"width\":800,\"height\":800,\"caption\":\"Diamondtec O\u00dc\"},\"image\":{\"@id\":\"https:\/\/diamondtec.ee\/en\/#\/schema\/logo\/image\/\"}}]}<\/script>\n<!-- \/ Yoast SEO plugin. -->","yoast_head_json":{"title":"Wet drills - Diamondtec O\u00dc","robots":{"index":"index","follow":"follow","max-snippet":"max-snippet:-1","max-image-preview":"max-image-preview:large","max-video-preview":"max-video-preview:-1"},"canonical":"https:\/\/diamondtec.ee\/en\/core-drills\/wet-drills\/","og_locale":"en_US","og_type":"article","og_title":"Wet drills - Diamondtec O\u00dc","og_url":"https:\/\/diamondtec.ee\/en\/core-drills\/wet-drills\/","og_site_name":"Diamondtec O\u00dc","twitter_card":"summary_large_image","twitter_misc":{"Est. reading time":"2 minutes"},"schema":{"@context":"https:\/\/schema.org","@graph":[{"@type":"WebPage","@id":"https:\/\/diamondtec.ee\/en\/core-drills\/wet-drills\/","url":"https:\/\/diamondtec.ee\/en\/core-drills\/wet-drills\/","name":"Wet drills - Diamondtec O\u00dc","isPartOf":{"@id":"https:\/\/diamondtec.ee\/en\/#website"},"datePublished":"2019-10-02T08:51:24+00:00","breadcrumb":{"@id":"https:\/\/diamondtec.ee\/en\/core-drills\/wet-drills\/#breadcrumb"},"inLanguage":"en-US","potentialAction":[{"@type":"ReadAction","target":["https:\/\/diamondtec.ee\/en\/core-drills\/wet-drills\/"]}]},{"@type":"BreadcrumbList","@id":"https:\/\/diamondtec.ee\/en\/core-drills\/wet-drills\/#breadcrumb","itemListElement":[{"@type":"ListItem","position":1,"name":"Avaleht","item":"https:\/\/diamondtec.ee\/en\/"},{"@type":"ListItem","position":2,"name":"Core drills","item":"https:\/\/diamondtec.ee\/en\/core-drills\/"},{"@type":"ListItem","position":3,"name":"Wet drills"}]},{"@type":"WebSite","@id":"https:\/\/diamondtec.ee\/en\/#website","url":"https:\/\/diamondtec.ee\/en\/","name":"Diamondtec O\u00dc","description":"Diamondtec - partner teemantt\u00f6\u00f6ristadele I diamondtec.ee","publisher":{"@id":"https:\/\/diamondtec.ee\/en\/#organization"},"potentialAction":[{"@type":"SearchAction","target":{"@type":"EntryPoint","urlTemplate":"https:\/\/diamondtec.ee\/en\/?s={search_term_string}"},"query-input":{"@type":"PropertyValueSpecification","valueRequired":true,"valueName":"search_term_string"}}],"inLanguage":"en-US"},{"@type":"Organization","@id":"https:\/\/diamondtec.ee\/en\/#organization","name":"Diamondtec O\u00dc","url":"https:\/\/diamondtec.ee\/en\/","logo":{"@type":"ImageObject","inLanguage":"en-US","@id":"https:\/\/diamondtec.ee\/en\/#\/schema\/logo\/image\/","url":"https:\/\/diamondtec.ee\/wp-content\/uploads\/2022\/12\/wc_custom_default_pr_img.jpg","contentUrl":"https:\/\/diamondtec.ee\/wp-content\/uploads\/2022\/12\/wc_custom_default_pr_img.jpg","width":800,"height":800,"caption":"Diamondtec O\u00dc"},"image":{"@id":"https:\/\/diamondtec.ee\/en\/#\/schema\/logo\/image\/"}}]}},"jetpack_sharing_enabled":true,"_links":{"self":[{"href":"https:\/\/diamondtec.ee\/en\/wp-json\/wp\/v2\/pages\/2479","targetHints":{"allow":["GET"]}}],"collection":[{"href":"https:\/\/diamondtec.ee\/en\/wp-json\/wp\/v2\/pages"}],"about":[{"href":"https:\/\/diamondtec.ee\/en\/wp-json\/wp\/v2\/types\/page"}],"author":[{"embeddable":true,"href":"https:\/\/diamondtec.ee\/en\/wp-json\/wp\/v2\/users\/6"}],"replies":[{"embeddable":true,"href":"https:\/\/diamondtec.ee\/en\/wp-json\/wp\/v2\/comments?post=2479"}],"version-history":[{"count":0,"href":"https:\/\/diamondtec.ee\/en\/wp-json\/wp\/v2\/pages\/2479\/revisions"}],"up":[{"embeddable":true,"href":"https:\/\/diamondtec.ee\/en\/wp-json\/wp\/v2\/pages\/2473"}],"wp:attachment":[{"href":"https:\/\/diamondtec.ee\/en\/wp-json\/wp\/v2\/media?parent=2479"}],"curies":[{"name":"wp","href":"https:\/\/api.w.org\/{rel}","templated":true}]}}