{"id":2497,"date":"2019-10-02T11:57:36","date_gmt":"2019-10-02T08:57:36","guid":{"rendered":"https:\/\/diamondtec.ee\/machines\/accessories\/"},"modified":"2019-10-02T11:57:37","modified_gmt":"2019-10-02T08:57:37","slug":"accessories","status":"publish","type":"page","link":"https:\/\/diamondtec.ee\/en\/machines\/accessories\/","title":{"rendered":"Accessories"},"content":{"rendered":"\n<style type=\"text\/css\" data-created_by=\"avia_inline_auto\" id=\"style-css-av-e5b2n-00e82007fa226cbe3967fb715ec30f8c\">\n.flex_column.av-e5b2n-00e82007fa226cbe3967fb715ec30f8c{\nborder-radius:0px 0px 0px 0px;\npadding:0px 0px 0px 0px;\n}\n<\/style>\n<div  class='flex_column av-e5b2n-00e82007fa226cbe3967fb715ec30f8c av_one_full  avia-builder-el-0  avia-builder-el-no-sibling  first flex_column_div av-zero-column-padding  '     ><p>\n<style type=\"text\/css\" data-created_by=\"avia_inline_auto\" id=\"style-css-av-jn4eyqu0-854cd5ade1a5334f49cef6ec2dfab0fe\">\n#top .av-special-heading.av-jn4eyqu0-854cd5ade1a5334f49cef6ec2dfab0fe{\npadding-bottom:0;\n}\nbody .av-special-heading.av-jn4eyqu0-854cd5ade1a5334f49cef6ec2dfab0fe .av-special-heading-tag .heading-char{\nfont-size:25px;\n}\n.av-special-heading.av-jn4eyqu0-854cd5ade1a5334f49cef6ec2dfab0fe .av-subheading{\nfont-size:15px;\n}\n<\/style>\n<div  class='av-special-heading av-jn4eyqu0-854cd5ade1a5334f49cef6ec2dfab0fe av-special-heading-h2 blockquote modern-quote modern-centered  avia-builder-el-1  el_before_av_hr  avia-builder-el-first '><h2 class='av-special-heading-tag '  itemprop=\"headline\"  >Accessories<\/h2><div class=\"special-heading-border\"><div class=\"special-heading-inner-border\"><\/div><\/div><\/div><br \/>\n\n<style type=\"text\/css\" data-created_by=\"avia_inline_auto\" id=\"style-css-av-6azjj-0be28cc7629a67aa3cdca5c0bacf4069\">\n#top .hr.av-6azjj-0be28cc7629a67aa3cdca5c0bacf4069{\nmargin-top:25px;\nmargin-bottom:40px;\n}\n.hr.av-6azjj-0be28cc7629a67aa3cdca5c0bacf4069 .hr-inner{\nwidth:150px;\nborder-color:#f05a1a;\nmax-width:45%;\n}\n.hr.av-6azjj-0be28cc7629a67aa3cdca5c0bacf4069 .av-seperator-icon{\ncolor:#f05a1a;\n}\n.hr.av-6azjj-0be28cc7629a67aa3cdca5c0bacf4069 .av-seperator-icon.avia-svg-icon svg:first-child{\nfill:#f05a1a;\nstroke:#f05a1a;\n}\n<\/style>\n<div  class='hr av-6azjj-0be28cc7629a67aa3cdca5c0bacf4069 hr-custom  avia-builder-el-2  el_after_av_heading  el_before_av_productgrid  hr-center hr-icon-yes'><span class='hr-inner inner-border-av-border-fat'><span class=\"hr-inner-style\"><\/span><\/span><span class='av-seperator-icon avia-iconfont avia-font-entypo-fontello' data-av_icon='\ue873' data-av_iconfont='entypo-fontello' ><\/span><span class='hr-inner inner-border-av-border-fat'><span class=\"hr-inner-style\"><\/span><\/span><\/div><br \/>\n<div  class='avia-product-slider-container av-jik0d1gf-a0ff8884779c06d30cabf47cd91e53cf template-shop avia-content-slider avia-content-grid-active shop_columns_4  avia-builder-el-3  el_after_av_hr  avia-builder-el-last  avia-content-slider-even  avia-builder-el-3  el_after_av_hr  avia-builder-el-last  av-slideshow-ui av-slider-hover-pause av-slideshow-manual av-loop-once av-loop-manual-endless avia-product-slider1' data-slideshow-options=\"{&quot;animation&quot;:&quot;fade&quot;,&quot;autoplay&quot;:false,&quot;loop_autoplay&quot;:&quot;once&quot;,&quot;interval&quot;:5,&quot;loop_manual&quot;:&quot;manual-endless&quot;,&quot;autoplay_stopper&quot;:false,&quot;noNavigation&quot;:false,&quot;bg_slider&quot;:false,&quot;keep_padding&quot;:false,&quot;hoverpause&quot;:true,&quot;show_slide_delay&quot;:0}\"><div class=\"product-sorting avia-product-sorting\"><ul class=\"sort-param sort-param-order\"><li><span class='currently-selected'>Sort by <strong>Default<\/strong><\/span><ul><li class=\"current-param\"><a class='avia-product-sorting-link' data-href='?avia_extended_shop_select=yes&product_order=default' rel=\"nofollow\"><span class='avia-bullet'><\/span>Default<\/a><\/li><li><a class='avia-product-sorting-link' data-href='?product_sort=asc&avia_extended_shop_select=yes&product_order=menu_order' rel=\"nofollow\"><span class='avia-bullet'><\/span>Custom<\/a><\/li><li><a class='avia-product-sorting-link' data-href='?product_sort=asc&avia_extended_shop_select=yes&product_order=title' rel=\"nofollow\"><span class='avia-bullet'><\/span>Name<\/a><\/li><li><a class='avia-product-sorting-link' data-href='?product_sort=asc&avia_extended_shop_select=yes&product_order=price' rel=\"nofollow\"><span class='avia-bullet'><\/span>Price<\/a><\/li><li><a class='avia-product-sorting-link' data-href='?product_sort=asc&avia_extended_shop_select=yes&product_order=date' rel=\"nofollow\"><span class='avia-bullet'><\/span>Date<\/a><\/li><li><a class='avia-product-sorting-link' data-href='?avia_extended_shop_select=yes&product_order=popularity' rel=\"nofollow\"><span class='avia-bullet'><\/span>Popularity (sales)<\/a><\/li><li><a class='avia-product-sorting-link' data-href='?avia_extended_shop_select=yes&product_order=rating' rel=\"nofollow\"><span class='avia-bullet'><\/span>Average rating<\/a><\/li><li><a class='avia-product-sorting-link' data-href='?product_sort=asc&avia_extended_shop_select=yes&product_order=relevance' rel=\"nofollow\"><span class='avia-bullet'><\/span>Relevance<\/a><\/li><li><a class='avia-product-sorting-link' data-href='?avia_extended_shop_select=yes&product_order=rand' rel=\"nofollow\"><span class='avia-bullet'><\/span>Random<\/a><\/li><li><a class='avia-product-sorting-link' data-href='?product_sort=asc&avia_extended_shop_select=yes&product_order=id' rel=\"nofollow\"><span class='avia-bullet'><\/span>Product ID<\/a><\/li><\/ul><\/li><\/ul><\/div><div class='avia-content-slider-inner'><ul class=\"products\"><li class=\"product type-product post-2573 status-publish first instock product_cat-accessories product_cat-machines shipping-taxable purchasable product-type-simple\">\n\t<div class='inner_product main_color wrapped_style noLightbox  av-product-class-no_button'><a href=\"https:\/\/diamondtec.ee\/en\/toode\/adapter-1%c2%bc-pixie-cr128-fem-mal\/\" class=\"woocommerce-LoopProduct-link woocommerce-loop-product__link\"><div class=\"thumbnail_container\"><img decoding=\"async\" src=\"https:\/\/diamondtec.ee\/wp-content\/uploads\/2022\/12\/wc_custom_default_pr_img-450x450.jpg\" height=\"450\" width=\"450\" loading=\"lazy\" alt=\"Placeholder image\"><span class=\"cart-loading\"><\/span><\/div><div class='inner_product_header'><div class='avia-arrow'><\/div><div class='inner_product_header_table'><div class='inner_product_header_cell'><h2 class=\"woocommerce-loop-product__title\">Adapter 1\u00bc&#8221; &#8211; Pixie ( CR128) fem-mal<\/h2>\n<\/div><\/div><\/div><\/a><\/div><\/li>\n<li class=\"product type-product post-2569 status-publish instock product_cat-accessories product_cat-machines shipping-taxable purchasable product-type-simple\">\n\t<div class='inner_product main_color wrapped_style noLightbox  av-product-class-no_button'><a href=\"https:\/\/diamondtec.ee\/en\/toode\/adapter-cr128-r%c2%bd-female-female\/\" class=\"woocommerce-LoopProduct-link woocommerce-loop-product__link\"><div class=\"thumbnail_container\"><img decoding=\"async\" src=\"https:\/\/diamondtec.ee\/wp-content\/uploads\/2022\/12\/wc_custom_default_pr_img-450x450.jpg\" height=\"450\" width=\"450\" loading=\"lazy\" alt=\"Placeholder image\"><span class=\"cart-loading\"><\/span><\/div><div class='inner_product_header'><div class='avia-arrow'><\/div><div class='inner_product_header_table'><div class='inner_product_header_cell'><h2 class=\"woocommerce-loop-product__title\">Adapter CR128 &#8211; R\u00bd&#8221; female-female<\/h2>\n<\/div><\/div><\/div><\/a><\/div><\/li>\n<li class=\"product type-product post-2572 status-publish instock product_cat-accessories product_cat-machines shipping-taxable purchasable product-type-simple\">\n\t<div class='inner_product main_color wrapped_style noLightbox  av-product-class-no_button'><a href=\"https:\/\/diamondtec.ee\/en\/toode\/adapter-hilti-bi-cr128-utv\/\" class=\"woocommerce-LoopProduct-link woocommerce-loop-product__link\"><div class=\"thumbnail_container\"><img decoding=\"async\" src=\"https:\/\/diamondtec.ee\/wp-content\/uploads\/2022\/12\/wc_custom_default_pr_img-450x450.jpg\" height=\"450\" width=\"450\" loading=\"lazy\" alt=\"Placeholder image\"><span class=\"cart-loading\"><\/span><\/div><div class='inner_product_header'><div class='avia-arrow'><\/div><div class='inner_product_header_table'><div class='inner_product_header_cell'><h2 class=\"woocommerce-loop-product__title\">Adapter Hilti BI &#8211; CR128 utv<\/h2>\n<\/div><\/div><\/div><\/a><\/div><\/li>\n<li class=\"product type-product post-2568 status-publish last instock product_cat-accessories product_cat-machines shipping-taxable purchasable product-type-simple\">\n\t<div class='inner_product main_color wrapped_style noLightbox  av-product-class-no_button'><a href=\"https:\/\/diamondtec.ee\/en\/toode\/adapter-r%c2%bd-cr128-male-male\/\" class=\"woocommerce-LoopProduct-link woocommerce-loop-product__link\"><div class=\"thumbnail_container\"><img decoding=\"async\" src=\"https:\/\/diamondtec.ee\/wp-content\/uploads\/2022\/12\/wc_custom_default_pr_img-450x450.jpg\" height=\"450\" width=\"450\" loading=\"lazy\" alt=\"Placeholder image\"><span class=\"cart-loading\"><\/span><\/div><div class='inner_product_header'><div class='avia-arrow'><\/div><div class='inner_product_header_table'><div class='inner_product_header_cell'><h2 class=\"woocommerce-loop-product__title\">Adapter R\u00bd&#8221; &#8211; CR128 male-male<\/h2>\n<\/div><\/div><\/div><\/a><\/div><\/li>\n<li class=\"product type-product post-2570 status-publish first instock product_cat-accessories product_cat-machines shipping-taxable purchasable product-type-simple\">\n\t<div class='inner_product main_color wrapped_style noLightbox  av-product-class-no_button'><a href=\"https:\/\/diamondtec.ee\/en\/toode\/extension-d35-l-250-cr128\/\" class=\"woocommerce-LoopProduct-link woocommerce-loop-product__link\"><div class=\"thumbnail_container\"><img decoding=\"async\" src=\"https:\/\/diamondtec.ee\/wp-content\/uploads\/2022\/12\/wc_custom_default_pr_img-450x450.jpg\" height=\"450\" width=\"450\" loading=\"lazy\" alt=\"Placeholder image\"><span class=\"cart-loading\"><\/span><\/div><div class='inner_product_header'><div class='avia-arrow'><\/div><div class='inner_product_header_table'><div class='inner_product_header_cell'><h2 class=\"woocommerce-loop-product__title\">Extension D35 L-250 CR128<\/h2>\n<\/div><\/div><\/div><\/a><\/div><\/li>\n<li class=\"product type-product post-2571 status-publish instock product_cat-accessories product_cat-machines shipping-taxable purchasable product-type-simple\">\n\t<div class='inner_product main_color wrapped_style noLightbox  av-product-class-no_button'><a href=\"https:\/\/diamondtec.ee\/en\/toode\/extension-d35-l-500-cr128\/\" class=\"woocommerce-LoopProduct-link woocommerce-loop-product__link\"><div class=\"thumbnail_container\"><img decoding=\"async\" src=\"https:\/\/diamondtec.ee\/wp-content\/uploads\/2022\/12\/wc_custom_default_pr_img-450x450.jpg\" height=\"450\" width=\"450\" loading=\"lazy\" alt=\"Placeholder image\"><span class=\"cart-loading\"><\/span><\/div><div class='inner_product_header'><div class='avia-arrow'><\/div><div class='inner_product_header_table'><div class='inner_product_header_cell'><h2 class=\"woocommerce-loop-product__title\">Extension D35 L-500 CR128<\/h2>\n<\/div><\/div><\/div><\/a><\/div><\/li>\n<\/ul><\/div><\/div><div class=\"clear\"><\/div><\/p><\/div>\n","protected":false},"excerpt":{"rendered":"","protected":false},"author":6,"featured_media":0,"parent":2459,"menu_order":0,"comment_status":"closed","ping_status":"closed","template":"","meta":{"_acf_changed":false,"footnotes":""},"class_list":["post-2497","page","type-page","status-publish","hentry"],"acf":[],"yoast_head":"<!-- This site is optimized with the Yoast SEO plugin v25.8 - https:\/\/yoast.com\/wordpress\/plugins\/seo\/ -->\n<title>Accessories - Diamondtec O\u00dc<\/title>\n<meta name=\"robots\" content=\"index, follow, max-snippet:-1, max-image-preview:large, max-video-preview:-1\" \/>\n<link rel=\"canonical\" href=\"https:\/\/diamondtec.ee\/en\/machines\/accessories\/\" \/>\n<meta property=\"og:locale\" content=\"en_US\" \/>\n<meta property=\"og:type\" content=\"article\" \/>\n<meta property=\"og:title\" content=\"Accessories - Diamondtec O\u00dc\" \/>\n<meta property=\"og:url\" content=\"https:\/\/diamondtec.ee\/en\/machines\/accessories\/\" \/>\n<meta property=\"og:site_name\" content=\"Diamondtec O\u00dc\" \/>\n<meta property=\"article:modified_time\" content=\"2019-10-02T08:57:37+00:00\" \/>\n<meta name=\"twitter:card\" content=\"summary_large_image\" \/>\n<meta name=\"twitter:label1\" content=\"Est. reading time\" \/>\n\t<meta name=\"twitter:data1\" content=\"1 minute\" \/>\n<script type=\"application\/ld+json\" class=\"yoast-schema-graph\">{\"@context\":\"https:\/\/schema.org\",\"@graph\":[{\"@type\":\"WebPage\",\"@id\":\"https:\/\/diamondtec.ee\/en\/machines\/accessories\/\",\"url\":\"https:\/\/diamondtec.ee\/en\/machines\/accessories\/\",\"name\":\"Accessories - Diamondtec O\u00dc\",\"isPartOf\":{\"@id\":\"https:\/\/diamondtec.ee\/en\/#website\"},\"datePublished\":\"2019-10-02T08:57:36+00:00\",\"dateModified\":\"2019-10-02T08:57:37+00:00\",\"breadcrumb\":{\"@id\":\"https:\/\/diamondtec.ee\/en\/machines\/accessories\/#breadcrumb\"},\"inLanguage\":\"en-US\",\"potentialAction\":[{\"@type\":\"ReadAction\",\"target\":[\"https:\/\/diamondtec.ee\/en\/machines\/accessories\/\"]}]},{\"@type\":\"BreadcrumbList\",\"@id\":\"https:\/\/diamondtec.ee\/en\/machines\/accessories\/#breadcrumb\",\"itemListElement\":[{\"@type\":\"ListItem\",\"position\":1,\"name\":\"Avaleht\",\"item\":\"https:\/\/diamondtec.ee\/en\/\"},{\"@type\":\"ListItem\",\"position\":2,\"name\":\"Machines\",\"item\":\"https:\/\/diamondtec.ee\/en\/machines\/\"},{\"@type\":\"ListItem\",\"position\":3,\"name\":\"Accessories\"}]},{\"@type\":\"WebSite\",\"@id\":\"https:\/\/diamondtec.ee\/en\/#website\",\"url\":\"https:\/\/diamondtec.ee\/en\/\",\"name\":\"Diamondtec O\u00dc\",\"description\":\"Diamondtec - partner teemantt\u00f6\u00f6ristadele I diamondtec.ee\",\"publisher\":{\"@id\":\"https:\/\/diamondtec.ee\/en\/#organization\"},\"potentialAction\":[{\"@type\":\"SearchAction\",\"target\":{\"@type\":\"EntryPoint\",\"urlTemplate\":\"https:\/\/diamondtec.ee\/en\/?s={search_term_string}\"},\"query-input\":{\"@type\":\"PropertyValueSpecification\",\"valueRequired\":true,\"valueName\":\"search_term_string\"}}],\"inLanguage\":\"en-US\"},{\"@type\":\"Organization\",\"@id\":\"https:\/\/diamondtec.ee\/en\/#organization\",\"name\":\"Diamondtec O\u00dc\",\"url\":\"https:\/\/diamondtec.ee\/en\/\",\"logo\":{\"@type\":\"ImageObject\",\"inLanguage\":\"en-US\",\"@id\":\"https:\/\/diamondtec.ee\/en\/#\/schema\/logo\/image\/\",\"url\":\"https:\/\/diamondtec.ee\/wp-content\/uploads\/2022\/12\/wc_custom_default_pr_img.jpg\",\"contentUrl\":\"https:\/\/diamondtec.ee\/wp-content\/uploads\/2022\/12\/wc_custom_default_pr_img.jpg\",\"width\":800,\"height\":800,\"caption\":\"Diamondtec O\u00dc\"},\"image\":{\"@id\":\"https:\/\/diamondtec.ee\/en\/#\/schema\/logo\/image\/\"}}]}<\/script>\n<!-- \/ Yoast SEO plugin. -->","yoast_head_json":{"title":"Accessories - Diamondtec O\u00dc","robots":{"index":"index","follow":"follow","max-snippet":"max-snippet:-1","max-image-preview":"max-image-preview:large","max-video-preview":"max-video-preview:-1"},"canonical":"https:\/\/diamondtec.ee\/en\/machines\/accessories\/","og_locale":"en_US","og_type":"article","og_title":"Accessories - Diamondtec O\u00dc","og_url":"https:\/\/diamondtec.ee\/en\/machines\/accessories\/","og_site_name":"Diamondtec O\u00dc","article_modified_time":"2019-10-02T08:57:37+00:00","twitter_card":"summary_large_image","twitter_misc":{"Est. reading time":"1 minute"},"schema":{"@context":"https:\/\/schema.org","@graph":[{"@type":"WebPage","@id":"https:\/\/diamondtec.ee\/en\/machines\/accessories\/","url":"https:\/\/diamondtec.ee\/en\/machines\/accessories\/","name":"Accessories - Diamondtec O\u00dc","isPartOf":{"@id":"https:\/\/diamondtec.ee\/en\/#website"},"datePublished":"2019-10-02T08:57:36+00:00","dateModified":"2019-10-02T08:57:37+00:00","breadcrumb":{"@id":"https:\/\/diamondtec.ee\/en\/machines\/accessories\/#breadcrumb"},"inLanguage":"en-US","potentialAction":[{"@type":"ReadAction","target":["https:\/\/diamondtec.ee\/en\/machines\/accessories\/"]}]},{"@type":"BreadcrumbList","@id":"https:\/\/diamondtec.ee\/en\/machines\/accessories\/#breadcrumb","itemListElement":[{"@type":"ListItem","position":1,"name":"Avaleht","item":"https:\/\/diamondtec.ee\/en\/"},{"@type":"ListItem","position":2,"name":"Machines","item":"https:\/\/diamondtec.ee\/en\/machines\/"},{"@type":"ListItem","position":3,"name":"Accessories"}]},{"@type":"WebSite","@id":"https:\/\/diamondtec.ee\/en\/#website","url":"https:\/\/diamondtec.ee\/en\/","name":"Diamondtec O\u00dc","description":"Diamondtec - partner teemantt\u00f6\u00f6ristadele I diamondtec.ee","publisher":{"@id":"https:\/\/diamondtec.ee\/en\/#organization"},"potentialAction":[{"@type":"SearchAction","target":{"@type":"EntryPoint","urlTemplate":"https:\/\/diamondtec.ee\/en\/?s={search_term_string}"},"query-input":{"@type":"PropertyValueSpecification","valueRequired":true,"valueName":"search_term_string"}}],"inLanguage":"en-US"},{"@type":"Organization","@id":"https:\/\/diamondtec.ee\/en\/#organization","name":"Diamondtec O\u00dc","url":"https:\/\/diamondtec.ee\/en\/","logo":{"@type":"ImageObject","inLanguage":"en-US","@id":"https:\/\/diamondtec.ee\/en\/#\/schema\/logo\/image\/","url":"https:\/\/diamondtec.ee\/wp-content\/uploads\/2022\/12\/wc_custom_default_pr_img.jpg","contentUrl":"https:\/\/diamondtec.ee\/wp-content\/uploads\/2022\/12\/wc_custom_default_pr_img.jpg","width":800,"height":800,"caption":"Diamondtec O\u00dc"},"image":{"@id":"https:\/\/diamondtec.ee\/en\/#\/schema\/logo\/image\/"}}]}},"jetpack_sharing_enabled":true,"_links":{"self":[{"href":"https:\/\/diamondtec.ee\/en\/wp-json\/wp\/v2\/pages\/2497","targetHints":{"allow":["GET"]}}],"collection":[{"href":"https:\/\/diamondtec.ee\/en\/wp-json\/wp\/v2\/pages"}],"about":[{"href":"https:\/\/diamondtec.ee\/en\/wp-json\/wp\/v2\/types\/page"}],"author":[{"embeddable":true,"href":"https:\/\/diamondtec.ee\/en\/wp-json\/wp\/v2\/users\/6"}],"replies":[{"embeddable":true,"href":"https:\/\/diamondtec.ee\/en\/wp-json\/wp\/v2\/comments?post=2497"}],"version-history":[{"count":0,"href":"https:\/\/diamondtec.ee\/en\/wp-json\/wp\/v2\/pages\/2497\/revisions"}],"up":[{"embeddable":true,"href":"https:\/\/diamondtec.ee\/en\/wp-json\/wp\/v2\/pages\/2459"}],"wp:attachment":[{"href":"https:\/\/diamondtec.ee\/en\/wp-json\/wp\/v2\/media?parent=2497"}],"curies":[{"name":"wp","href":"https:\/\/api.w.org\/{rel}","templated":true}]}}