{"id":2379,"date":"2019-07-03T11:34:06","date_gmt":"2019-07-03T08:34:06","guid":{"rendered":"https:\/\/diamondtec.ee\/toode\/brioaction\/"},"modified":"2025-08-20T22:07:21","modified_gmt":"2025-08-20T19:07:21","slug":"brioaction","status":"publish","type":"product","link":"https:\/\/diamondtec.ee\/en\/toode\/brioaction\/","title":{"rendered":"BRIOACTION"},"content":{"rendered":"","protected":false},"excerpt":{"rendered":"<p class=\"p1\"><span class=\"s1\">Professional Stain Remover\u00a0<\/span><\/p>\n<p class=\"p2\"><span class=\"s1\">Sanitizing cleanser for floors and fa\u00e7ades in natural stone, ceramic tile, <\/span><span class=\"s1\">terracotta and concrete<\/span><\/p>\n<p class=\"p2\"><span class=\"s1\">Professional use is also an effective sanitizer, biodegradable, non-toxic and environmentally friendly. This property is very important for floors and surfaces exposed to heavy traffic. Rinse with water.<\/span><\/p>\n<p class=\"p3\"><span class=\"s1\">Appearance: white liquid<\/span><\/p>\n","protected":false},"featured_media":1280,"template":"","meta":{"_acf_changed":false},"product_brand":[],"product_cat":[151,163],"product_tag":[],"class_list":{"0":"post-2379","1":"product","2":"type-product","3":"status-publish","4":"has-post-thumbnail","6":"product_cat-stone-cleaning","7":"product_cat-stone-glues-and-treatment","9":"first","10":"instock","11":"shipping-taxable","12":"product-type-simple"},"acf":[],"yoast_head":"<!-- This site is optimized with the Yoast SEO plugin v25.8 - https:\/\/yoast.com\/wordpress\/plugins\/seo\/ -->\n<title>BRIOACTION - Diamondtec O\u00dc<\/title>\n<meta name=\"description\" content=\"Brio Action Professional Stain Remover is a sanitizing, biodegradable (more than 90% biodegradable) cleaner designed to be used as a cleanser for floors and facades in marble, granite, terra-cotta, ceramic and porcelain tile, concrete, stone and concrete furniture-such as benches, decorative borders, brick, block, and other hard surfaces remove s products from all surfaces. It is ideal for restoration and heavy duty cleansing of large areas open to the public or exposed to atmospheric agents.\" \/>\n<meta name=\"robots\" content=\"index, follow, max-snippet:-1, max-image-preview:large, max-video-preview:-1\" \/>\n<link rel=\"canonical\" href=\"https:\/\/diamondtec.ee\/en\/toode\/brioaction\/\" \/>\n<meta property=\"og:locale\" content=\"en_US\" \/>\n<meta property=\"og:type\" content=\"article\" \/>\n<meta property=\"og:title\" content=\"BRIOACTION - Diamondtec O\u00dc\" \/>\n<meta property=\"og:description\" content=\"Brio Action Professional Stain Remover is a sanitizing, biodegradable (more than 90% biodegradable) cleaner designed to be used as a cleanser for floors and facades in marble, granite, terra-cotta, ceramic and porcelain tile, concrete, stone and concrete furniture-such as benches, decorative borders, brick, block, and other hard surfaces remove s products from all surfaces. It is ideal for restoration and heavy duty cleansing of large areas open to the public or exposed to atmospheric agents.\" \/>\n<meta property=\"og:url\" content=\"https:\/\/diamondtec.ee\/en\/toode\/brioaction\/\" \/>\n<meta property=\"og:site_name\" content=\"Diamondtec O\u00dc\" \/>\n<meta property=\"article:modified_time\" content=\"2025-08-20T19:07:21+00:00\" \/>\n<meta name=\"twitter:card\" content=\"summary_large_image\" \/>\n<script type=\"application\/ld+json\" class=\"yoast-schema-graph\">{\"@context\":\"https:\/\/schema.org\",\"@graph\":[{\"@type\":\"WebPage\",\"@id\":\"https:\/\/diamondtec.ee\/en\/toode\/brioaction\/\",\"url\":\"https:\/\/diamondtec.ee\/en\/toode\/brioaction\/\",\"name\":\"BRIOACTION - Diamondtec O\u00dc\",\"isPartOf\":{\"@id\":\"https:\/\/diamondtec.ee\/en\/#website\"},\"primaryImageOfPage\":{\"@id\":\"https:\/\/diamondtec.ee\/en\/toode\/brioaction\/#primaryimage\"},\"image\":{\"@id\":\"https:\/\/diamondtec.ee\/en\/toode\/brioaction\/#primaryimage\"},\"thumbnailUrl\":\"https:\/\/diamondtec.ee\/wp-content\/uploads\/2019\/06\/dia__0005_brioaction.jpg\",\"datePublished\":\"2019-07-03T08:34:06+00:00\",\"dateModified\":\"2025-08-20T19:07:21+00:00\",\"description\":\"Brio Action Professional Stain Remover is a sanitizing, biodegradable (more than 90% biodegradable) cleaner designed to be used as a cleanser for floors and facades in marble, granite, terra-cotta, ceramic and porcelain tile, concrete, stone and concrete furniture-such as benches, decorative borders, brick, block, and other hard surfaces remove s products from all surfaces. It is ideal for restoration and heavy duty cleansing of large areas open to the public or exposed to atmospheric agents.\",\"breadcrumb\":{\"@id\":\"https:\/\/diamondtec.ee\/en\/toode\/brioaction\/#breadcrumb\"},\"inLanguage\":\"en-US\",\"potentialAction\":[{\"@type\":\"ReadAction\",\"target\":[\"https:\/\/diamondtec.ee\/en\/toode\/brioaction\/\"]}]},{\"@type\":\"ImageObject\",\"inLanguage\":\"en-US\",\"@id\":\"https:\/\/diamondtec.ee\/en\/toode\/brioaction\/#primaryimage\",\"url\":\"https:\/\/diamondtec.ee\/wp-content\/uploads\/2019\/06\/dia__0005_brioaction.jpg\",\"contentUrl\":\"https:\/\/diamondtec.ee\/wp-content\/uploads\/2019\/06\/dia__0005_brioaction.jpg\",\"width\":600,\"height\":600,\"caption\":\"TENAX BRIOACTION Kivipuhastusvahend\"},{\"@type\":\"BreadcrumbList\",\"@id\":\"https:\/\/diamondtec.ee\/en\/toode\/brioaction\/#breadcrumb\",\"itemListElement\":[{\"@type\":\"ListItem\",\"position\":1,\"name\":\"Avaleht\",\"item\":\"https:\/\/diamondtec.ee\/en\/\"},{\"@type\":\"ListItem\",\"position\":2,\"name\":\"Shop\",\"item\":\"https:\/\/diamondtec.ee\/en\/shop\/\"},{\"@type\":\"ListItem\",\"position\":3,\"name\":\"BRIOACTION\"}]},{\"@type\":\"WebSite\",\"@id\":\"https:\/\/diamondtec.ee\/en\/#website\",\"url\":\"https:\/\/diamondtec.ee\/en\/\",\"name\":\"Diamondtec O\u00dc\",\"description\":\"Diamondtec - partner teemantt\u00f6\u00f6ristadele I diamondtec.ee\",\"publisher\":{\"@id\":\"https:\/\/diamondtec.ee\/en\/#organization\"},\"potentialAction\":[{\"@type\":\"SearchAction\",\"target\":{\"@type\":\"EntryPoint\",\"urlTemplate\":\"https:\/\/diamondtec.ee\/en\/?s={search_term_string}\"},\"query-input\":{\"@type\":\"PropertyValueSpecification\",\"valueRequired\":true,\"valueName\":\"search_term_string\"}}],\"inLanguage\":\"en-US\"},{\"@type\":\"Organization\",\"@id\":\"https:\/\/diamondtec.ee\/en\/#organization\",\"name\":\"Diamondtec O\u00dc\",\"url\":\"https:\/\/diamondtec.ee\/en\/\",\"logo\":{\"@type\":\"ImageObject\",\"inLanguage\":\"en-US\",\"@id\":\"https:\/\/diamondtec.ee\/en\/#\/schema\/logo\/image\/\",\"url\":\"https:\/\/diamondtec.ee\/wp-content\/uploads\/2022\/12\/wc_custom_default_pr_img.jpg\",\"contentUrl\":\"https:\/\/diamondtec.ee\/wp-content\/uploads\/2022\/12\/wc_custom_default_pr_img.jpg\",\"width\":800,\"height\":800,\"caption\":\"Diamondtec O\u00dc\"},\"image\":{\"@id\":\"https:\/\/diamondtec.ee\/en\/#\/schema\/logo\/image\/\"}}]}<\/script>\n<!-- \/ Yoast SEO plugin. -->","yoast_head_json":{"title":"BRIOACTION - Diamondtec O\u00dc","description":"Brio Action Professional Stain Remover is a sanitizing, biodegradable (more than 90% biodegradable) cleaner designed to be used as a cleanser for floors and facades in marble, granite, terra-cotta, ceramic and porcelain tile, concrete, stone and concrete furniture-such as benches, decorative borders, brick, block, and other hard surfaces remove s products from all surfaces. It is ideal for restoration and heavy duty cleansing of large areas open to the public or exposed to atmospheric agents.","robots":{"index":"index","follow":"follow","max-snippet":"max-snippet:-1","max-image-preview":"max-image-preview:large","max-video-preview":"max-video-preview:-1"},"canonical":"https:\/\/diamondtec.ee\/en\/toode\/brioaction\/","og_locale":"en_US","og_type":"article","og_title":"BRIOACTION - Diamondtec O\u00dc","og_description":"Brio Action Professional Stain Remover is a sanitizing, biodegradable (more than 90% biodegradable) cleaner designed to be used as a cleanser for floors and facades in marble, granite, terra-cotta, ceramic and porcelain tile, concrete, stone and concrete furniture-such as benches, decorative borders, brick, block, and other hard surfaces remove s products from all surfaces. It is ideal for restoration and heavy duty cleansing of large areas open to the public or exposed to atmospheric agents.","og_url":"https:\/\/diamondtec.ee\/en\/toode\/brioaction\/","og_site_name":"Diamondtec O\u00dc","article_modified_time":"2025-08-20T19:07:21+00:00","twitter_card":"summary_large_image","schema":{"@context":"https:\/\/schema.org","@graph":[{"@type":"WebPage","@id":"https:\/\/diamondtec.ee\/en\/toode\/brioaction\/","url":"https:\/\/diamondtec.ee\/en\/toode\/brioaction\/","name":"BRIOACTION - Diamondtec O\u00dc","isPartOf":{"@id":"https:\/\/diamondtec.ee\/en\/#website"},"primaryImageOfPage":{"@id":"https:\/\/diamondtec.ee\/en\/toode\/brioaction\/#primaryimage"},"image":{"@id":"https:\/\/diamondtec.ee\/en\/toode\/brioaction\/#primaryimage"},"thumbnailUrl":"https:\/\/diamondtec.ee\/wp-content\/uploads\/2019\/06\/dia__0005_brioaction.jpg","datePublished":"2019-07-03T08:34:06+00:00","dateModified":"2025-08-20T19:07:21+00:00","description":"Brio Action Professional Stain Remover is a sanitizing, biodegradable (more than 90% biodegradable) cleaner designed to be used as a cleanser for floors and facades in marble, granite, terra-cotta, ceramic and porcelain tile, concrete, stone and concrete furniture-such as benches, decorative borders, brick, block, and other hard surfaces remove s products from all surfaces. It is ideal for restoration and heavy duty cleansing of large areas open to the public or exposed to atmospheric agents.","breadcrumb":{"@id":"https:\/\/diamondtec.ee\/en\/toode\/brioaction\/#breadcrumb"},"inLanguage":"en-US","potentialAction":[{"@type":"ReadAction","target":["https:\/\/diamondtec.ee\/en\/toode\/brioaction\/"]}]},{"@type":"ImageObject","inLanguage":"en-US","@id":"https:\/\/diamondtec.ee\/en\/toode\/brioaction\/#primaryimage","url":"https:\/\/diamondtec.ee\/wp-content\/uploads\/2019\/06\/dia__0005_brioaction.jpg","contentUrl":"https:\/\/diamondtec.ee\/wp-content\/uploads\/2019\/06\/dia__0005_brioaction.jpg","width":600,"height":600,"caption":"TENAX BRIOACTION Kivipuhastusvahend"},{"@type":"BreadcrumbList","@id":"https:\/\/diamondtec.ee\/en\/toode\/brioaction\/#breadcrumb","itemListElement":[{"@type":"ListItem","position":1,"name":"Avaleht","item":"https:\/\/diamondtec.ee\/en\/"},{"@type":"ListItem","position":2,"name":"Shop","item":"https:\/\/diamondtec.ee\/en\/shop\/"},{"@type":"ListItem","position":3,"name":"BRIOACTION"}]},{"@type":"WebSite","@id":"https:\/\/diamondtec.ee\/en\/#website","url":"https:\/\/diamondtec.ee\/en\/","name":"Diamondtec O\u00dc","description":"Diamondtec - partner teemantt\u00f6\u00f6ristadele I diamondtec.ee","publisher":{"@id":"https:\/\/diamondtec.ee\/en\/#organization"},"potentialAction":[{"@type":"SearchAction","target":{"@type":"EntryPoint","urlTemplate":"https:\/\/diamondtec.ee\/en\/?s={search_term_string}"},"query-input":{"@type":"PropertyValueSpecification","valueRequired":true,"valueName":"search_term_string"}}],"inLanguage":"en-US"},{"@type":"Organization","@id":"https:\/\/diamondtec.ee\/en\/#organization","name":"Diamondtec O\u00dc","url":"https:\/\/diamondtec.ee\/en\/","logo":{"@type":"ImageObject","inLanguage":"en-US","@id":"https:\/\/diamondtec.ee\/en\/#\/schema\/logo\/image\/","url":"https:\/\/diamondtec.ee\/wp-content\/uploads\/2022\/12\/wc_custom_default_pr_img.jpg","contentUrl":"https:\/\/diamondtec.ee\/wp-content\/uploads\/2022\/12\/wc_custom_default_pr_img.jpg","width":800,"height":800,"caption":"Diamondtec O\u00dc"},"image":{"@id":"https:\/\/diamondtec.ee\/en\/#\/schema\/logo\/image\/"}}]}},"jetpack_sharing_enabled":true,"_links":{"self":[{"href":"https:\/\/diamondtec.ee\/en\/wp-json\/wp\/v2\/product\/2379","targetHints":{"allow":["GET"]}}],"collection":[{"href":"https:\/\/diamondtec.ee\/en\/wp-json\/wp\/v2\/product"}],"about":[{"href":"https:\/\/diamondtec.ee\/en\/wp-json\/wp\/v2\/types\/product"}],"wp:featuredmedia":[{"embeddable":true,"href":"https:\/\/diamondtec.ee\/en\/wp-json\/wp\/v2\/media\/1280"}],"wp:attachment":[{"href":"https:\/\/diamondtec.ee\/en\/wp-json\/wp\/v2\/media?parent=2379"}],"wp:term":[{"taxonomy":"product_brand","embeddable":true,"href":"https:\/\/diamondtec.ee\/en\/wp-json\/wp\/v2\/product_brand?post=2379"},{"taxonomy":"product_cat","embeddable":true,"href":"https:\/\/diamondtec.ee\/en\/wp-json\/wp\/v2\/product_cat?post=2379"},{"taxonomy":"product_tag","embeddable":true,"href":"https:\/\/diamondtec.ee\/en\/wp-json\/wp\/v2\/product_tag?post=2379"}],"curies":[{"name":"wp","href":"https:\/\/api.w.org\/{rel}","templated":true}]}}