{"id":2383,"date":"2023-11-13T11:32:48","date_gmt":"2023-11-13T09:32:48","guid":{"rendered":"https:\/\/diamondtec.ee\/toode\/kiviliim-tenax-solido-fluido\/"},"modified":"2025-09-08T23:40:46","modified_gmt":"2025-09-08T20:40:46","slug":"stone-glue-solido-fluido","status":"publish","type":"product","link":"https:\/\/diamondtec.ee\/en\/toode\/stone-glue-solido-fluido\/","title":{"rendered":"Stone glue (Solido &#038; Fluido)"},"content":{"rendered":"","protected":false},"excerpt":{"rendered":"<p>Choose Solido or Liquido polyester stone adhesive for professional bonding and repair of granite, marble, quartz, travertine, and more. Both variants offer strong adhesion, low yellowing, and fast drying, while being easy to sand and polish. Available in many colors or transparent for seamless stone matching.<\/p>\n","protected":false},"featured_media":9706,"template":"","meta":{"_acf_changed":false},"product_brand":[],"product_cat":[152,163],"product_tag":[],"class_list":{"0":"post-2383","1":"product","2":"type-product","3":"status-publish","4":"has-post-thumbnail","6":"product_cat-bonding","7":"product_cat-stone-glues-and-treatment","9":"first","10":"instock","11":"shipping-taxable","12":"product-type-simple"},"acf":[],"yoast_head":"<!-- This site is optimized with the Yoast SEO plugin v25.8 - https:\/\/yoast.com\/wordpress\/plugins\/seo\/ -->\n<title>Solido &amp; Liquido \u2013 Colored Polyester Stone Adhesive &amp; Filler | Diamondtec<\/title>\n<meta name=\"description\" content=\"Solido (knife-grade) and Liquido (liquid) polyester fillers for stone bonding and repair. Strong adhesion, low yellowing, fast-drying, easy to polish.\" \/>\n<meta name=\"robots\" content=\"index, follow, max-snippet:-1, max-image-preview:large, max-video-preview:-1\" \/>\n<link rel=\"canonical\" href=\"https:\/\/diamondtec.ee\/en\/toode\/stone-glue-solido-fluido\/\" \/>\n<meta property=\"og:locale\" content=\"en_US\" \/>\n<meta property=\"og:type\" content=\"article\" \/>\n<meta property=\"og:title\" content=\"Solido &amp; Liquido \u2013 Colored Polyester Stone Adhesive &amp; Filler | Diamondtec\" \/>\n<meta property=\"og:description\" content=\"Solido (knife-grade) and Liquido (liquid) polyester fillers for stone bonding and repair. Strong adhesion, low yellowing, fast-drying, easy to polish.\" \/>\n<meta property=\"og:url\" content=\"https:\/\/diamondtec.ee\/en\/toode\/stone-glue-solido-fluido\/\" \/>\n<meta property=\"og:site_name\" content=\"Diamondtec O\u00dc\" \/>\n<meta property=\"article:modified_time\" content=\"2025-09-08T20:40:46+00:00\" \/>\n<meta property=\"og:image\" content=\"https:\/\/diamondtec.ee\/wp-content\/uploads\/2019\/07\/solido.png\" \/>\n\t<meta property=\"og:image:width\" content=\"1\" \/>\n\t<meta property=\"og:image:height\" content=\"1\" \/>\n\t<meta property=\"og:image:type\" content=\"image\/png\" \/>\n<meta name=\"twitter:card\" content=\"summary_large_image\" \/>\n<script type=\"application\/ld+json\" class=\"yoast-schema-graph\">{\"@context\":\"https:\/\/schema.org\",\"@graph\":[{\"@type\":\"WebPage\",\"@id\":\"https:\/\/diamondtec.ee\/en\/toode\/stone-glue-solido-fluido\/\",\"url\":\"https:\/\/diamondtec.ee\/en\/toode\/stone-glue-solido-fluido\/\",\"name\":\"Solido & Liquido \u2013 Colored Polyester Stone Adhesive & Filler | Diamondtec\",\"isPartOf\":{\"@id\":\"https:\/\/diamondtec.ee\/en\/#website\"},\"primaryImageOfPage\":{\"@id\":\"https:\/\/diamondtec.ee\/en\/toode\/stone-glue-solido-fluido\/#primaryimage\"},\"image\":{\"@id\":\"https:\/\/diamondtec.ee\/en\/toode\/stone-glue-solido-fluido\/#primaryimage\"},\"thumbnailUrl\":\"https:\/\/diamondtec.ee\/wp-content\/uploads\/2019\/07\/solido.png\",\"datePublished\":\"2023-11-13T09:32:48+00:00\",\"dateModified\":\"2025-09-08T20:40:46+00:00\",\"description\":\"Solido (knife-grade) and Liquido (liquid) polyester fillers for stone bonding and repair. Strong adhesion, low yellowing, fast-drying, easy to polish.\",\"breadcrumb\":{\"@id\":\"https:\/\/diamondtec.ee\/en\/toode\/stone-glue-solido-fluido\/#breadcrumb\"},\"inLanguage\":\"en-US\",\"potentialAction\":[{\"@type\":\"ReadAction\",\"target\":[\"https:\/\/diamondtec.ee\/en\/toode\/stone-glue-solido-fluido\/\"]}]},{\"@type\":\"ImageObject\",\"inLanguage\":\"en-US\",\"@id\":\"https:\/\/diamondtec.ee\/en\/toode\/stone-glue-solido-fluido\/#primaryimage\",\"url\":\"https:\/\/diamondtec.ee\/wp-content\/uploads\/2019\/07\/solido.png\",\"contentUrl\":\"https:\/\/diamondtec.ee\/wp-content\/uploads\/2019\/07\/solido.png\"},{\"@type\":\"BreadcrumbList\",\"@id\":\"https:\/\/diamondtec.ee\/en\/toode\/stone-glue-solido-fluido\/#breadcrumb\",\"itemListElement\":[{\"@type\":\"ListItem\",\"position\":1,\"name\":\"Avaleht\",\"item\":\"https:\/\/diamondtec.ee\/en\/\"},{\"@type\":\"ListItem\",\"position\":2,\"name\":\"Shop\",\"item\":\"https:\/\/diamondtec.ee\/en\/shop\/\"},{\"@type\":\"ListItem\",\"position\":3,\"name\":\"Stone glue (Solido &#038; Fluido)\"}]},{\"@type\":\"WebSite\",\"@id\":\"https:\/\/diamondtec.ee\/en\/#website\",\"url\":\"https:\/\/diamondtec.ee\/en\/\",\"name\":\"Diamondtec O\u00dc\",\"description\":\"Diamondtec - partner teemantt\u00f6\u00f6ristadele I diamondtec.ee\",\"publisher\":{\"@id\":\"https:\/\/diamondtec.ee\/en\/#organization\"},\"potentialAction\":[{\"@type\":\"SearchAction\",\"target\":{\"@type\":\"EntryPoint\",\"urlTemplate\":\"https:\/\/diamondtec.ee\/en\/?s={search_term_string}\"},\"query-input\":{\"@type\":\"PropertyValueSpecification\",\"valueRequired\":true,\"valueName\":\"search_term_string\"}}],\"inLanguage\":\"en-US\"},{\"@type\":\"Organization\",\"@id\":\"https:\/\/diamondtec.ee\/en\/#organization\",\"name\":\"Diamondtec O\u00dc\",\"url\":\"https:\/\/diamondtec.ee\/en\/\",\"logo\":{\"@type\":\"ImageObject\",\"inLanguage\":\"en-US\",\"@id\":\"https:\/\/diamondtec.ee\/en\/#\/schema\/logo\/image\/\",\"url\":\"https:\/\/diamondtec.ee\/wp-content\/uploads\/2022\/12\/wc_custom_default_pr_img.jpg\",\"contentUrl\":\"https:\/\/diamondtec.ee\/wp-content\/uploads\/2022\/12\/wc_custom_default_pr_img.jpg\",\"width\":800,\"height\":800,\"caption\":\"Diamondtec O\u00dc\"},\"image\":{\"@id\":\"https:\/\/diamondtec.ee\/en\/#\/schema\/logo\/image\/\"}}]}<\/script>\n<!-- \/ Yoast SEO plugin. -->","yoast_head_json":{"title":"Solido & Liquido \u2013 Colored Polyester Stone Adhesive & Filler | Diamondtec","description":"Solido (knife-grade) and Liquido (liquid) polyester fillers for stone bonding and repair. Strong adhesion, low yellowing, fast-drying, easy to polish.","robots":{"index":"index","follow":"follow","max-snippet":"max-snippet:-1","max-image-preview":"max-image-preview:large","max-video-preview":"max-video-preview:-1"},"canonical":"https:\/\/diamondtec.ee\/en\/toode\/stone-glue-solido-fluido\/","og_locale":"en_US","og_type":"article","og_title":"Solido & Liquido \u2013 Colored Polyester Stone Adhesive & Filler | Diamondtec","og_description":"Solido (knife-grade) and Liquido (liquid) polyester fillers for stone bonding and repair. Strong adhesion, low yellowing, fast-drying, easy to polish.","og_url":"https:\/\/diamondtec.ee\/en\/toode\/stone-glue-solido-fluido\/","og_site_name":"Diamondtec O\u00dc","article_modified_time":"2025-09-08T20:40:46+00:00","og_image":[{"url":"https:\/\/diamondtec.ee\/wp-content\/uploads\/2019\/07\/solido.png","width":1,"height":1,"type":"image\/png"}],"twitter_card":"summary_large_image","schema":{"@context":"https:\/\/schema.org","@graph":[{"@type":"WebPage","@id":"https:\/\/diamondtec.ee\/en\/toode\/stone-glue-solido-fluido\/","url":"https:\/\/diamondtec.ee\/en\/toode\/stone-glue-solido-fluido\/","name":"Solido & Liquido \u2013 Colored Polyester Stone Adhesive & Filler | Diamondtec","isPartOf":{"@id":"https:\/\/diamondtec.ee\/en\/#website"},"primaryImageOfPage":{"@id":"https:\/\/diamondtec.ee\/en\/toode\/stone-glue-solido-fluido\/#primaryimage"},"image":{"@id":"https:\/\/diamondtec.ee\/en\/toode\/stone-glue-solido-fluido\/#primaryimage"},"thumbnailUrl":"https:\/\/diamondtec.ee\/wp-content\/uploads\/2019\/07\/solido.png","datePublished":"2023-11-13T09:32:48+00:00","dateModified":"2025-09-08T20:40:46+00:00","description":"Solido (knife-grade) and Liquido (liquid) polyester fillers for stone bonding and repair. Strong adhesion, low yellowing, fast-drying, easy to polish.","breadcrumb":{"@id":"https:\/\/diamondtec.ee\/en\/toode\/stone-glue-solido-fluido\/#breadcrumb"},"inLanguage":"en-US","potentialAction":[{"@type":"ReadAction","target":["https:\/\/diamondtec.ee\/en\/toode\/stone-glue-solido-fluido\/"]}]},{"@type":"ImageObject","inLanguage":"en-US","@id":"https:\/\/diamondtec.ee\/en\/toode\/stone-glue-solido-fluido\/#primaryimage","url":"https:\/\/diamondtec.ee\/wp-content\/uploads\/2019\/07\/solido.png","contentUrl":"https:\/\/diamondtec.ee\/wp-content\/uploads\/2019\/07\/solido.png"},{"@type":"BreadcrumbList","@id":"https:\/\/diamondtec.ee\/en\/toode\/stone-glue-solido-fluido\/#breadcrumb","itemListElement":[{"@type":"ListItem","position":1,"name":"Avaleht","item":"https:\/\/diamondtec.ee\/en\/"},{"@type":"ListItem","position":2,"name":"Shop","item":"https:\/\/diamondtec.ee\/en\/shop\/"},{"@type":"ListItem","position":3,"name":"Stone glue (Solido &#038; Fluido)"}]},{"@type":"WebSite","@id":"https:\/\/diamondtec.ee\/en\/#website","url":"https:\/\/diamondtec.ee\/en\/","name":"Diamondtec O\u00dc","description":"Diamondtec - partner teemantt\u00f6\u00f6ristadele I diamondtec.ee","publisher":{"@id":"https:\/\/diamondtec.ee\/en\/#organization"},"potentialAction":[{"@type":"SearchAction","target":{"@type":"EntryPoint","urlTemplate":"https:\/\/diamondtec.ee\/en\/?s={search_term_string}"},"query-input":{"@type":"PropertyValueSpecification","valueRequired":true,"valueName":"search_term_string"}}],"inLanguage":"en-US"},{"@type":"Organization","@id":"https:\/\/diamondtec.ee\/en\/#organization","name":"Diamondtec O\u00dc","url":"https:\/\/diamondtec.ee\/en\/","logo":{"@type":"ImageObject","inLanguage":"en-US","@id":"https:\/\/diamondtec.ee\/en\/#\/schema\/logo\/image\/","url":"https:\/\/diamondtec.ee\/wp-content\/uploads\/2022\/12\/wc_custom_default_pr_img.jpg","contentUrl":"https:\/\/diamondtec.ee\/wp-content\/uploads\/2022\/12\/wc_custom_default_pr_img.jpg","width":800,"height":800,"caption":"Diamondtec O\u00dc"},"image":{"@id":"https:\/\/diamondtec.ee\/en\/#\/schema\/logo\/image\/"}}]}},"jetpack_sharing_enabled":true,"_links":{"self":[{"href":"https:\/\/diamondtec.ee\/en\/wp-json\/wp\/v2\/product\/2383","targetHints":{"allow":["GET"]}}],"collection":[{"href":"https:\/\/diamondtec.ee\/en\/wp-json\/wp\/v2\/product"}],"about":[{"href":"https:\/\/diamondtec.ee\/en\/wp-json\/wp\/v2\/types\/product"}],"wp:featuredmedia":[{"embeddable":true,"href":"https:\/\/diamondtec.ee\/en\/wp-json\/wp\/v2\/media\/9706"}],"wp:attachment":[{"href":"https:\/\/diamondtec.ee\/en\/wp-json\/wp\/v2\/media?parent=2383"}],"wp:term":[{"taxonomy":"product_brand","embeddable":true,"href":"https:\/\/diamondtec.ee\/en\/wp-json\/wp\/v2\/product_brand?post=2383"},{"taxonomy":"product_cat","embeddable":true,"href":"https:\/\/diamondtec.ee\/en\/wp-json\/wp\/v2\/product_cat?post=2383"},{"taxonomy":"product_tag","embeddable":true,"href":"https:\/\/diamondtec.ee\/en\/wp-json\/wp\/v2\/product_tag?post=2383"}],"curies":[{"name":"wp","href":"https:\/\/api.w.org\/{rel}","templated":true}]}}