{"id":2385,"date":"2019-07-03T11:31:51","date_gmt":"2019-07-03T08:31:51","guid":{"rendered":"https:\/\/diamondtec.ee\/toode\/fixtop\/"},"modified":"2025-09-08T23:01:43","modified_gmt":"2025-09-08T20:01:43","slug":"fixtop-ab-epoxy-stone-adhesive","status":"publish","type":"product","link":"https:\/\/diamondtec.ee\/en\/toode\/fixtop-ab-epoxy-stone-adhesive\/","title":{"rendered":"Fixtop A+B"},"content":{"rendered":"","protected":false},"excerpt":{"rendered":"<p>FIXTOP A+B is a high-performance two-component epoxy adhesive designed for granite, marble, quartz, and composite stone. With superior adhesion, filling capacity, and resistance to weather, chemicals, and mechanical loads, it is ideal for bonding, repairing, and filling in both indoor and outdoor stone applications.<\/p>\n","protected":false},"featured_media":9663,"template":"","meta":{"_acf_changed":false},"product_brand":[],"product_cat":[152,163],"product_tag":[],"class_list":{"0":"post-2385","1":"product","2":"type-product","3":"status-publish","4":"has-post-thumbnail","6":"product_cat-bonding","7":"product_cat-stone-glues-and-treatment","9":"first","10":"instock","11":"shipping-taxable","12":"product-type-simple"},"acf":[],"yoast_head":"<!-- This site is optimized with the Yoast SEO plugin v25.8 - https:\/\/yoast.com\/wordpress\/plugins\/seo\/ -->\n<title>FIXTOP A+B Stone Adhesive \u2013 Two-Component Epoxy for Granite, Marble &amp; Quartz | Diamondtec<\/title>\n<meta name=\"description\" content=\"FIXTOP A+B is a professional two-component epoxy adhesive for natural and engineered stone. Strong bonding, weatherproof, gap-filling, durable for indoor &amp; outdoor use.\" \/>\n<meta name=\"robots\" content=\"index, follow, max-snippet:-1, max-image-preview:large, max-video-preview:-1\" \/>\n<link rel=\"canonical\" href=\"https:\/\/diamondtec.ee\/en\/toode\/fixtop-ab-epoxy-stone-adhesive\/\" \/>\n<meta property=\"og:locale\" content=\"en_US\" \/>\n<meta property=\"og:type\" content=\"article\" \/>\n<meta property=\"og:title\" content=\"FIXTOP A+B Stone Adhesive \u2013 Two-Component Epoxy for Granite, Marble &amp; Quartz | Diamondtec\" \/>\n<meta property=\"og:description\" content=\"FIXTOP A+B is a professional two-component epoxy adhesive for natural and engineered stone. Strong bonding, weatherproof, gap-filling, durable for indoor &amp; outdoor use.\" \/>\n<meta property=\"og:url\" content=\"https:\/\/diamondtec.ee\/en\/toode\/fixtop-ab-epoxy-stone-adhesive\/\" \/>\n<meta property=\"og:site_name\" content=\"Diamondtec O\u00dc\" \/>\n<meta property=\"article:modified_time\" content=\"2025-09-08T20:01:43+00:00\" \/>\n<meta property=\"og:image\" content=\"https:\/\/diamondtec.ee\/wp-content\/uploads\/2019\/07\/mockup-fixtop-ab-1500.webp\" \/>\n\t<meta property=\"og:image:width\" content=\"1500\" \/>\n\t<meta property=\"og:image:height\" content=\"1500\" \/>\n\t<meta property=\"og:image:type\" content=\"image\/webp\" \/>\n<meta name=\"twitter:card\" content=\"summary_large_image\" \/>\n<script type=\"application\/ld+json\" class=\"yoast-schema-graph\">{\"@context\":\"https:\/\/schema.org\",\"@graph\":[{\"@type\":\"WebPage\",\"@id\":\"https:\/\/diamondtec.ee\/en\/toode\/fixtop-ab-epoxy-stone-adhesive\/\",\"url\":\"https:\/\/diamondtec.ee\/en\/toode\/fixtop-ab-epoxy-stone-adhesive\/\",\"name\":\"FIXTOP A+B Stone Adhesive \u2013 Two-Component Epoxy for Granite, Marble & Quartz | Diamondtec\",\"isPartOf\":{\"@id\":\"https:\/\/diamondtec.ee\/en\/#website\"},\"primaryImageOfPage\":{\"@id\":\"https:\/\/diamondtec.ee\/en\/toode\/fixtop-ab-epoxy-stone-adhesive\/#primaryimage\"},\"image\":{\"@id\":\"https:\/\/diamondtec.ee\/en\/toode\/fixtop-ab-epoxy-stone-adhesive\/#primaryimage\"},\"thumbnailUrl\":\"https:\/\/diamondtec.ee\/wp-content\/uploads\/2019\/07\/mockup-fixtop-ab-1500.webp\",\"datePublished\":\"2019-07-03T08:31:51+00:00\",\"dateModified\":\"2025-09-08T20:01:43+00:00\",\"description\":\"FIXTOP A+B is a professional two-component epoxy adhesive for natural and engineered stone. Strong bonding, weatherproof, gap-filling, durable for indoor & outdoor use.\",\"breadcrumb\":{\"@id\":\"https:\/\/diamondtec.ee\/en\/toode\/fixtop-ab-epoxy-stone-adhesive\/#breadcrumb\"},\"inLanguage\":\"en-US\",\"potentialAction\":[{\"@type\":\"ReadAction\",\"target\":[\"https:\/\/diamondtec.ee\/en\/toode\/fixtop-ab-epoxy-stone-adhesive\/\"]}]},{\"@type\":\"ImageObject\",\"inLanguage\":\"en-US\",\"@id\":\"https:\/\/diamondtec.ee\/en\/toode\/fixtop-ab-epoxy-stone-adhesive\/#primaryimage\",\"url\":\"https:\/\/diamondtec.ee\/wp-content\/uploads\/2019\/07\/mockup-fixtop-ab-1500.webp\",\"contentUrl\":\"https:\/\/diamondtec.ee\/wp-content\/uploads\/2019\/07\/mockup-fixtop-ab-1500.webp\",\"width\":1500,\"height\":1500,\"caption\":\"Tenax Fixtop A+B\"},{\"@type\":\"BreadcrumbList\",\"@id\":\"https:\/\/diamondtec.ee\/en\/toode\/fixtop-ab-epoxy-stone-adhesive\/#breadcrumb\",\"itemListElement\":[{\"@type\":\"ListItem\",\"position\":1,\"name\":\"Avaleht\",\"item\":\"https:\/\/diamondtec.ee\/en\/\"},{\"@type\":\"ListItem\",\"position\":2,\"name\":\"Shop\",\"item\":\"https:\/\/diamondtec.ee\/en\/shop\/\"},{\"@type\":\"ListItem\",\"position\":3,\"name\":\"Fixtop A+B\"}]},{\"@type\":\"WebSite\",\"@id\":\"https:\/\/diamondtec.ee\/en\/#website\",\"url\":\"https:\/\/diamondtec.ee\/en\/\",\"name\":\"Diamondtec O\u00dc\",\"description\":\"Diamondtec - partner teemantt\u00f6\u00f6ristadele I diamondtec.ee\",\"publisher\":{\"@id\":\"https:\/\/diamondtec.ee\/en\/#organization\"},\"potentialAction\":[{\"@type\":\"SearchAction\",\"target\":{\"@type\":\"EntryPoint\",\"urlTemplate\":\"https:\/\/diamondtec.ee\/en\/?s={search_term_string}\"},\"query-input\":{\"@type\":\"PropertyValueSpecification\",\"valueRequired\":true,\"valueName\":\"search_term_string\"}}],\"inLanguage\":\"en-US\"},{\"@type\":\"Organization\",\"@id\":\"https:\/\/diamondtec.ee\/en\/#organization\",\"name\":\"Diamondtec O\u00dc\",\"url\":\"https:\/\/diamondtec.ee\/en\/\",\"logo\":{\"@type\":\"ImageObject\",\"inLanguage\":\"en-US\",\"@id\":\"https:\/\/diamondtec.ee\/en\/#\/schema\/logo\/image\/\",\"url\":\"https:\/\/diamondtec.ee\/wp-content\/uploads\/2022\/12\/wc_custom_default_pr_img.jpg\",\"contentUrl\":\"https:\/\/diamondtec.ee\/wp-content\/uploads\/2022\/12\/wc_custom_default_pr_img.jpg\",\"width\":800,\"height\":800,\"caption\":\"Diamondtec O\u00dc\"},\"image\":{\"@id\":\"https:\/\/diamondtec.ee\/en\/#\/schema\/logo\/image\/\"}}]}<\/script>\n<!-- \/ Yoast SEO plugin. -->","yoast_head_json":{"title":"FIXTOP A+B Stone Adhesive \u2013 Two-Component Epoxy for Granite, Marble & Quartz | Diamondtec","description":"FIXTOP A+B is a professional two-component epoxy adhesive for natural and engineered stone. Strong bonding, weatherproof, gap-filling, durable for indoor & outdoor use.","robots":{"index":"index","follow":"follow","max-snippet":"max-snippet:-1","max-image-preview":"max-image-preview:large","max-video-preview":"max-video-preview:-1"},"canonical":"https:\/\/diamondtec.ee\/en\/toode\/fixtop-ab-epoxy-stone-adhesive\/","og_locale":"en_US","og_type":"article","og_title":"FIXTOP A+B Stone Adhesive \u2013 Two-Component Epoxy for Granite, Marble & Quartz | Diamondtec","og_description":"FIXTOP A+B is a professional two-component epoxy adhesive for natural and engineered stone. Strong bonding, weatherproof, gap-filling, durable for indoor & outdoor use.","og_url":"https:\/\/diamondtec.ee\/en\/toode\/fixtop-ab-epoxy-stone-adhesive\/","og_site_name":"Diamondtec O\u00dc","article_modified_time":"2025-09-08T20:01:43+00:00","og_image":[{"width":1500,"height":1500,"url":"https:\/\/diamondtec.ee\/wp-content\/uploads\/2019\/07\/mockup-fixtop-ab-1500.webp","type":"image\/webp"}],"twitter_card":"summary_large_image","schema":{"@context":"https:\/\/schema.org","@graph":[{"@type":"WebPage","@id":"https:\/\/diamondtec.ee\/en\/toode\/fixtop-ab-epoxy-stone-adhesive\/","url":"https:\/\/diamondtec.ee\/en\/toode\/fixtop-ab-epoxy-stone-adhesive\/","name":"FIXTOP A+B Stone Adhesive \u2013 Two-Component Epoxy for Granite, Marble & Quartz | Diamondtec","isPartOf":{"@id":"https:\/\/diamondtec.ee\/en\/#website"},"primaryImageOfPage":{"@id":"https:\/\/diamondtec.ee\/en\/toode\/fixtop-ab-epoxy-stone-adhesive\/#primaryimage"},"image":{"@id":"https:\/\/diamondtec.ee\/en\/toode\/fixtop-ab-epoxy-stone-adhesive\/#primaryimage"},"thumbnailUrl":"https:\/\/diamondtec.ee\/wp-content\/uploads\/2019\/07\/mockup-fixtop-ab-1500.webp","datePublished":"2019-07-03T08:31:51+00:00","dateModified":"2025-09-08T20:01:43+00:00","description":"FIXTOP A+B is a professional two-component epoxy adhesive for natural and engineered stone. Strong bonding, weatherproof, gap-filling, durable for indoor & outdoor use.","breadcrumb":{"@id":"https:\/\/diamondtec.ee\/en\/toode\/fixtop-ab-epoxy-stone-adhesive\/#breadcrumb"},"inLanguage":"en-US","potentialAction":[{"@type":"ReadAction","target":["https:\/\/diamondtec.ee\/en\/toode\/fixtop-ab-epoxy-stone-adhesive\/"]}]},{"@type":"ImageObject","inLanguage":"en-US","@id":"https:\/\/diamondtec.ee\/en\/toode\/fixtop-ab-epoxy-stone-adhesive\/#primaryimage","url":"https:\/\/diamondtec.ee\/wp-content\/uploads\/2019\/07\/mockup-fixtop-ab-1500.webp","contentUrl":"https:\/\/diamondtec.ee\/wp-content\/uploads\/2019\/07\/mockup-fixtop-ab-1500.webp","width":1500,"height":1500,"caption":"Tenax Fixtop A+B"},{"@type":"BreadcrumbList","@id":"https:\/\/diamondtec.ee\/en\/toode\/fixtop-ab-epoxy-stone-adhesive\/#breadcrumb","itemListElement":[{"@type":"ListItem","position":1,"name":"Avaleht","item":"https:\/\/diamondtec.ee\/en\/"},{"@type":"ListItem","position":2,"name":"Shop","item":"https:\/\/diamondtec.ee\/en\/shop\/"},{"@type":"ListItem","position":3,"name":"Fixtop A+B"}]},{"@type":"WebSite","@id":"https:\/\/diamondtec.ee\/en\/#website","url":"https:\/\/diamondtec.ee\/en\/","name":"Diamondtec O\u00dc","description":"Diamondtec - partner teemantt\u00f6\u00f6ristadele I diamondtec.ee","publisher":{"@id":"https:\/\/diamondtec.ee\/en\/#organization"},"potentialAction":[{"@type":"SearchAction","target":{"@type":"EntryPoint","urlTemplate":"https:\/\/diamondtec.ee\/en\/?s={search_term_string}"},"query-input":{"@type":"PropertyValueSpecification","valueRequired":true,"valueName":"search_term_string"}}],"inLanguage":"en-US"},{"@type":"Organization","@id":"https:\/\/diamondtec.ee\/en\/#organization","name":"Diamondtec O\u00dc","url":"https:\/\/diamondtec.ee\/en\/","logo":{"@type":"ImageObject","inLanguage":"en-US","@id":"https:\/\/diamondtec.ee\/en\/#\/schema\/logo\/image\/","url":"https:\/\/diamondtec.ee\/wp-content\/uploads\/2022\/12\/wc_custom_default_pr_img.jpg","contentUrl":"https:\/\/diamondtec.ee\/wp-content\/uploads\/2022\/12\/wc_custom_default_pr_img.jpg","width":800,"height":800,"caption":"Diamondtec O\u00dc"},"image":{"@id":"https:\/\/diamondtec.ee\/en\/#\/schema\/logo\/image\/"}}]}},"jetpack_sharing_enabled":true,"_links":{"self":[{"href":"https:\/\/diamondtec.ee\/en\/wp-json\/wp\/v2\/product\/2385","targetHints":{"allow":["GET"]}}],"collection":[{"href":"https:\/\/diamondtec.ee\/en\/wp-json\/wp\/v2\/product"}],"about":[{"href":"https:\/\/diamondtec.ee\/en\/wp-json\/wp\/v2\/types\/product"}],"wp:featuredmedia":[{"embeddable":true,"href":"https:\/\/diamondtec.ee\/en\/wp-json\/wp\/v2\/media\/9663"}],"wp:attachment":[{"href":"https:\/\/diamondtec.ee\/en\/wp-json\/wp\/v2\/media?parent=2385"}],"wp:term":[{"taxonomy":"product_brand","embeddable":true,"href":"https:\/\/diamondtec.ee\/en\/wp-json\/wp\/v2\/product_brand?post=2385"},{"taxonomy":"product_cat","embeddable":true,"href":"https:\/\/diamondtec.ee\/en\/wp-json\/wp\/v2\/product_cat?post=2385"},{"taxonomy":"product_tag","embeddable":true,"href":"https:\/\/diamondtec.ee\/en\/wp-json\/wp\/v2\/product_tag?post=2385"}],"curies":[{"name":"wp","href":"https:\/\/api.w.org\/{rel}","templated":true}]}}