{"id":2387,"date":"2023-11-13T11:30:40","date_gmt":"2023-11-13T09:30:40","guid":{"rendered":"https:\/\/diamondtec.ee\/toode\/rivo-50\/"},"modified":"2025-09-05T00:06:33","modified_gmt":"2025-09-04T21:06:33","slug":"titanium-solido","status":"publish","type":"product","link":"https:\/\/diamondtec.ee\/en\/toode\/titanium-solido\/","title":{"rendered":"Titanium Solido"},"content":{"rendered":"","protected":false},"excerpt":{"rendered":"<p>Titanium Solido A+B is a high-strength, knife-grade stone adhesive with fast curing and excellent polishability. Its thick, non-sagging formula is perfect for bonding granite, marble, quartz, quartzite, and ceramic surfaces. Ideal for edges, laminates, miters, and stone repairs or fills.<\/p>\n","protected":false},"featured_media":9679,"template":"","meta":{"_acf_changed":false},"product_brand":[],"product_cat":[152,163],"product_tag":[],"class_list":{"0":"post-2387","1":"product","2":"type-product","3":"status-publish","4":"has-post-thumbnail","6":"product_cat-bonding","7":"product_cat-stone-glues-and-treatment","9":"first","10":"instock","11":"shipping-taxable","12":"product-type-simple"},"acf":[],"yoast_head":"<!-- This site is optimized with the Yoast SEO plugin v25.8 - https:\/\/yoast.com\/wordpress\/plugins\/seo\/ -->\n<title>Titanium Solido A+B \u2013 \u201cKnife-Grade\u201d Stone Adhesive, Fast &amp; Strong | Diamondtec<\/title>\n<meta name=\"description\" content=\"Titanium Solido is a thick A+B stone adhesive with strong bonding and fast curing. Non-sagging and polishable, ideal for granite, marble, quartz, quartzite, and ceramic surfaces.\" \/>\n<meta name=\"robots\" content=\"index, follow, max-snippet:-1, max-image-preview:large, max-video-preview:-1\" \/>\n<link rel=\"canonical\" href=\"https:\/\/diamondtec.ee\/en\/toode\/titanium-solido\/\" \/>\n<meta property=\"og:locale\" content=\"en_US\" \/>\n<meta property=\"og:type\" content=\"article\" \/>\n<meta property=\"og:title\" content=\"Titanium Solido A+B \u2013 \u201cKnife-Grade\u201d Stone Adhesive, Fast &amp; Strong | Diamondtec\" \/>\n<meta property=\"og:description\" content=\"Titanium Solido is a thick A+B stone adhesive with strong bonding and fast curing. Non-sagging and polishable, ideal for granite, marble, quartz, quartzite, and ceramic surfaces.\" \/>\n<meta property=\"og:url\" content=\"https:\/\/diamondtec.ee\/en\/toode\/titanium-solido\/\" \/>\n<meta property=\"og:site_name\" content=\"Diamondtec O\u00dc\" \/>\n<meta property=\"article:modified_time\" content=\"2025-09-04T21:06:33+00:00\" \/>\n<meta property=\"og:image\" content=\"https:\/\/diamondtec.ee\/wp-content\/uploads\/2019\/07\/mockup-titanium-solid-1500-300x300-1.webp\" \/>\n\t<meta property=\"og:image:width\" content=\"300\" \/>\n\t<meta property=\"og:image:height\" content=\"300\" \/>\n\t<meta property=\"og:image:type\" content=\"image\/webp\" \/>\n<meta name=\"twitter:card\" content=\"summary_large_image\" \/>\n<script type=\"application\/ld+json\" class=\"yoast-schema-graph\">{\"@context\":\"https:\/\/schema.org\",\"@graph\":[{\"@type\":\"WebPage\",\"@id\":\"https:\/\/diamondtec.ee\/en\/toode\/titanium-solido\/\",\"url\":\"https:\/\/diamondtec.ee\/en\/toode\/titanium-solido\/\",\"name\":\"Titanium Solido A+B \u2013 \u201cKnife-Grade\u201d Stone Adhesive, Fast & Strong | Diamondtec\",\"isPartOf\":{\"@id\":\"https:\/\/diamondtec.ee\/en\/#website\"},\"primaryImageOfPage\":{\"@id\":\"https:\/\/diamondtec.ee\/en\/toode\/titanium-solido\/#primaryimage\"},\"image\":{\"@id\":\"https:\/\/diamondtec.ee\/en\/toode\/titanium-solido\/#primaryimage\"},\"thumbnailUrl\":\"https:\/\/diamondtec.ee\/wp-content\/uploads\/2019\/07\/mockup-titanium-solid-1500-300x300-1.webp\",\"datePublished\":\"2023-11-13T09:30:40+00:00\",\"dateModified\":\"2025-09-04T21:06:33+00:00\",\"description\":\"Titanium Solido is a thick A+B stone adhesive with strong bonding and fast curing. Non-sagging and polishable, ideal for granite, marble, quartz, quartzite, and ceramic surfaces.\",\"breadcrumb\":{\"@id\":\"https:\/\/diamondtec.ee\/en\/toode\/titanium-solido\/#breadcrumb\"},\"inLanguage\":\"en-US\",\"potentialAction\":[{\"@type\":\"ReadAction\",\"target\":[\"https:\/\/diamondtec.ee\/en\/toode\/titanium-solido\/\"]}]},{\"@type\":\"ImageObject\",\"inLanguage\":\"en-US\",\"@id\":\"https:\/\/diamondtec.ee\/en\/toode\/titanium-solido\/#primaryimage\",\"url\":\"https:\/\/diamondtec.ee\/wp-content\/uploads\/2019\/07\/mockup-titanium-solid-1500-300x300-1.webp\",\"contentUrl\":\"https:\/\/diamondtec.ee\/wp-content\/uploads\/2019\/07\/mockup-titanium-solid-1500-300x300-1.webp\",\"width\":300,\"height\":300,\"caption\":\"Tenax Titanium Solido\"},{\"@type\":\"BreadcrumbList\",\"@id\":\"https:\/\/diamondtec.ee\/en\/toode\/titanium-solido\/#breadcrumb\",\"itemListElement\":[{\"@type\":\"ListItem\",\"position\":1,\"name\":\"Avaleht\",\"item\":\"https:\/\/diamondtec.ee\/en\/\"},{\"@type\":\"ListItem\",\"position\":2,\"name\":\"Shop\",\"item\":\"https:\/\/diamondtec.ee\/en\/shop\/\"},{\"@type\":\"ListItem\",\"position\":3,\"name\":\"Titanium Solido\"}]},{\"@type\":\"WebSite\",\"@id\":\"https:\/\/diamondtec.ee\/en\/#website\",\"url\":\"https:\/\/diamondtec.ee\/en\/\",\"name\":\"Diamondtec O\u00dc\",\"description\":\"Diamondtec - partner teemantt\u00f6\u00f6ristadele I diamondtec.ee\",\"publisher\":{\"@id\":\"https:\/\/diamondtec.ee\/en\/#organization\"},\"potentialAction\":[{\"@type\":\"SearchAction\",\"target\":{\"@type\":\"EntryPoint\",\"urlTemplate\":\"https:\/\/diamondtec.ee\/en\/?s={search_term_string}\"},\"query-input\":{\"@type\":\"PropertyValueSpecification\",\"valueRequired\":true,\"valueName\":\"search_term_string\"}}],\"inLanguage\":\"en-US\"},{\"@type\":\"Organization\",\"@id\":\"https:\/\/diamondtec.ee\/en\/#organization\",\"name\":\"Diamondtec O\u00dc\",\"url\":\"https:\/\/diamondtec.ee\/en\/\",\"logo\":{\"@type\":\"ImageObject\",\"inLanguage\":\"en-US\",\"@id\":\"https:\/\/diamondtec.ee\/en\/#\/schema\/logo\/image\/\",\"url\":\"https:\/\/diamondtec.ee\/wp-content\/uploads\/2022\/12\/wc_custom_default_pr_img.jpg\",\"contentUrl\":\"https:\/\/diamondtec.ee\/wp-content\/uploads\/2022\/12\/wc_custom_default_pr_img.jpg\",\"width\":800,\"height\":800,\"caption\":\"Diamondtec O\u00dc\"},\"image\":{\"@id\":\"https:\/\/diamondtec.ee\/en\/#\/schema\/logo\/image\/\"}}]}<\/script>\n<!-- \/ Yoast SEO plugin. -->","yoast_head_json":{"title":"Titanium Solido A+B \u2013 \u201cKnife-Grade\u201d Stone Adhesive, Fast & Strong | Diamondtec","description":"Titanium Solido is a thick A+B stone adhesive with strong bonding and fast curing. Non-sagging and polishable, ideal for granite, marble, quartz, quartzite, and ceramic surfaces.","robots":{"index":"index","follow":"follow","max-snippet":"max-snippet:-1","max-image-preview":"max-image-preview:large","max-video-preview":"max-video-preview:-1"},"canonical":"https:\/\/diamondtec.ee\/en\/toode\/titanium-solido\/","og_locale":"en_US","og_type":"article","og_title":"Titanium Solido A+B \u2013 \u201cKnife-Grade\u201d Stone Adhesive, Fast & Strong | Diamondtec","og_description":"Titanium Solido is a thick A+B stone adhesive with strong bonding and fast curing. Non-sagging and polishable, ideal for granite, marble, quartz, quartzite, and ceramic surfaces.","og_url":"https:\/\/diamondtec.ee\/en\/toode\/titanium-solido\/","og_site_name":"Diamondtec O\u00dc","article_modified_time":"2025-09-04T21:06:33+00:00","og_image":[{"width":300,"height":300,"url":"https:\/\/diamondtec.ee\/wp-content\/uploads\/2019\/07\/mockup-titanium-solid-1500-300x300-1.webp","type":"image\/webp"}],"twitter_card":"summary_large_image","schema":{"@context":"https:\/\/schema.org","@graph":[{"@type":"WebPage","@id":"https:\/\/diamondtec.ee\/en\/toode\/titanium-solido\/","url":"https:\/\/diamondtec.ee\/en\/toode\/titanium-solido\/","name":"Titanium Solido A+B \u2013 \u201cKnife-Grade\u201d Stone Adhesive, Fast & Strong | Diamondtec","isPartOf":{"@id":"https:\/\/diamondtec.ee\/en\/#website"},"primaryImageOfPage":{"@id":"https:\/\/diamondtec.ee\/en\/toode\/titanium-solido\/#primaryimage"},"image":{"@id":"https:\/\/diamondtec.ee\/en\/toode\/titanium-solido\/#primaryimage"},"thumbnailUrl":"https:\/\/diamondtec.ee\/wp-content\/uploads\/2019\/07\/mockup-titanium-solid-1500-300x300-1.webp","datePublished":"2023-11-13T09:30:40+00:00","dateModified":"2025-09-04T21:06:33+00:00","description":"Titanium Solido is a thick A+B stone adhesive with strong bonding and fast curing. Non-sagging and polishable, ideal for granite, marble, quartz, quartzite, and ceramic surfaces.","breadcrumb":{"@id":"https:\/\/diamondtec.ee\/en\/toode\/titanium-solido\/#breadcrumb"},"inLanguage":"en-US","potentialAction":[{"@type":"ReadAction","target":["https:\/\/diamondtec.ee\/en\/toode\/titanium-solido\/"]}]},{"@type":"ImageObject","inLanguage":"en-US","@id":"https:\/\/diamondtec.ee\/en\/toode\/titanium-solido\/#primaryimage","url":"https:\/\/diamondtec.ee\/wp-content\/uploads\/2019\/07\/mockup-titanium-solid-1500-300x300-1.webp","contentUrl":"https:\/\/diamondtec.ee\/wp-content\/uploads\/2019\/07\/mockup-titanium-solid-1500-300x300-1.webp","width":300,"height":300,"caption":"Tenax Titanium Solido"},{"@type":"BreadcrumbList","@id":"https:\/\/diamondtec.ee\/en\/toode\/titanium-solido\/#breadcrumb","itemListElement":[{"@type":"ListItem","position":1,"name":"Avaleht","item":"https:\/\/diamondtec.ee\/en\/"},{"@type":"ListItem","position":2,"name":"Shop","item":"https:\/\/diamondtec.ee\/en\/shop\/"},{"@type":"ListItem","position":3,"name":"Titanium Solido"}]},{"@type":"WebSite","@id":"https:\/\/diamondtec.ee\/en\/#website","url":"https:\/\/diamondtec.ee\/en\/","name":"Diamondtec O\u00dc","description":"Diamondtec - partner teemantt\u00f6\u00f6ristadele I diamondtec.ee","publisher":{"@id":"https:\/\/diamondtec.ee\/en\/#organization"},"potentialAction":[{"@type":"SearchAction","target":{"@type":"EntryPoint","urlTemplate":"https:\/\/diamondtec.ee\/en\/?s={search_term_string}"},"query-input":{"@type":"PropertyValueSpecification","valueRequired":true,"valueName":"search_term_string"}}],"inLanguage":"en-US"},{"@type":"Organization","@id":"https:\/\/diamondtec.ee\/en\/#organization","name":"Diamondtec O\u00dc","url":"https:\/\/diamondtec.ee\/en\/","logo":{"@type":"ImageObject","inLanguage":"en-US","@id":"https:\/\/diamondtec.ee\/en\/#\/schema\/logo\/image\/","url":"https:\/\/diamondtec.ee\/wp-content\/uploads\/2022\/12\/wc_custom_default_pr_img.jpg","contentUrl":"https:\/\/diamondtec.ee\/wp-content\/uploads\/2022\/12\/wc_custom_default_pr_img.jpg","width":800,"height":800,"caption":"Diamondtec O\u00dc"},"image":{"@id":"https:\/\/diamondtec.ee\/en\/#\/schema\/logo\/image\/"}}]}},"jetpack_sharing_enabled":true,"_links":{"self":[{"href":"https:\/\/diamondtec.ee\/en\/wp-json\/wp\/v2\/product\/2387","targetHints":{"allow":["GET"]}}],"collection":[{"href":"https:\/\/diamondtec.ee\/en\/wp-json\/wp\/v2\/product"}],"about":[{"href":"https:\/\/diamondtec.ee\/en\/wp-json\/wp\/v2\/types\/product"}],"wp:featuredmedia":[{"embeddable":true,"href":"https:\/\/diamondtec.ee\/en\/wp-json\/wp\/v2\/media\/9679"}],"wp:attachment":[{"href":"https:\/\/diamondtec.ee\/en\/wp-json\/wp\/v2\/media?parent=2387"}],"wp:term":[{"taxonomy":"product_brand","embeddable":true,"href":"https:\/\/diamondtec.ee\/en\/wp-json\/wp\/v2\/product_brand?post=2387"},{"taxonomy":"product_cat","embeddable":true,"href":"https:\/\/diamondtec.ee\/en\/wp-json\/wp\/v2\/product_cat?post=2387"},{"taxonomy":"product_tag","embeddable":true,"href":"https:\/\/diamondtec.ee\/en\/wp-json\/wp\/v2\/product_tag?post=2387"}],"curies":[{"name":"wp","href":"https:\/\/api.w.org\/{rel}","templated":true}]}}