{"id":2390,"date":"2025-11-13T14:48:07","date_gmt":"2025-11-13T12:48:07","guid":{"rendered":"https:\/\/diamondtec.ee\/toode\/proseal-sealer\/"},"modified":"2025-09-02T23:11:46","modified_gmt":"2025-09-02T20:11:46","slug":"proseal-p-protective-seal-water-and-oil-protection-marble-protective-agent-granite-protective-agent-polished-stone-protection-tenax-proseal","status":"publish","type":"product","link":"https:\/\/diamondtec.ee\/en\/toode\/proseal-p-protective-seal-water-and-oil-protection-marble-protective-agent-granite-protective-agent-polished-stone-protection-tenax-proseal\/","title":{"rendered":"PROSEAL SEALER"},"content":{"rendered":"","protected":false},"excerpt":{"rendered":"<p>Proseal P is a high-quality protective agent specifically designed for polished and smooth stone surfaces, such as marble, granite, limestone, and quartzite. The product penetrates deep into the stone&#8217;s pores, forming a water and oil-repellent barrier that protects surfaces from stains, moisture, and dirt. Proseal P maintains the natural appearance of the stone, providing only a slight depth of color effect to the surface. The product is UV-resistant and suitable for both indoor and outdoor use.<\/p>\n","protected":false},"featured_media":9647,"template":"","meta":{"_acf_changed":false},"product_brand":[],"product_cat":[154,163],"product_tag":[],"class_list":{"0":"post-2390","1":"product","2":"type-product","3":"status-publish","4":"has-post-thumbnail","6":"product_cat-stone-care-and-protection","7":"product_cat-stone-glues-and-treatment","9":"first","10":"instock","11":"shipping-taxable","12":"product-type-simple"},"acf":[],"yoast_head":"<!-- This site is optimized with the Yoast SEO plugin v25.8 - https:\/\/yoast.com\/wordpress\/plugins\/seo\/ -->\n<title>Proseal P \u2013 water and oil-resistant stone protection for polished surfaces | Diamondtec<\/title>\n<meta name=\"description\" content=\"Proseal P protective agent provides effective water and oil protection for polished stone surfaces. Suitable for marble, granite, quartzite, and limestone. UV resistant, maintains the natural appearance of the stone.\" \/>\n<meta name=\"robots\" content=\"index, follow, max-snippet:-1, max-image-preview:large, max-video-preview:-1\" \/>\n<link rel=\"canonical\" href=\"https:\/\/diamondtec.ee\/en\/toode\/proseal-p-protective-seal-water-and-oil-protection-marble-protective-agent-granite-protective-agent-polished-stone-protection-tenax-proseal\/\" \/>\n<meta property=\"og:locale\" content=\"en_US\" \/>\n<meta property=\"og:type\" content=\"article\" \/>\n<meta property=\"og:title\" content=\"Proseal P \u2013 water and oil-resistant stone protection for polished surfaces | Diamondtec\" \/>\n<meta property=\"og:description\" content=\"Proseal P protective agent provides effective water and oil protection for polished stone surfaces. Suitable for marble, granite, quartzite, and limestone. UV resistant, maintains the natural appearance of the stone.\" \/>\n<meta property=\"og:url\" content=\"https:\/\/diamondtec.ee\/en\/toode\/proseal-p-protective-seal-water-and-oil-protection-marble-protective-agent-granite-protective-agent-polished-stone-protection-tenax-proseal\/\" \/>\n<meta property=\"og:site_name\" content=\"Diamondtec O\u00dc\" \/>\n<meta property=\"og:image\" content=\"https:\/\/diamondtec.ee\/wp-content\/uploads\/2019\/06\/mockup-proseal-p-1500-1.png\" \/>\n\t<meta property=\"og:image:width\" content=\"1500\" \/>\n\t<meta property=\"og:image:height\" content=\"1500\" \/>\n\t<meta property=\"og:image:type\" content=\"image\/png\" \/>\n<meta name=\"twitter:card\" content=\"summary_large_image\" \/>\n<script type=\"application\/ld+json\" class=\"yoast-schema-graph\">{\"@context\":\"https:\/\/schema.org\",\"@graph\":[{\"@type\":\"WebPage\",\"@id\":\"https:\/\/diamondtec.ee\/en\/toode\/proseal-p-protective-seal-water-and-oil-protection-marble-protective-agent-granite-protective-agent-polished-stone-protection-tenax-proseal\/\",\"url\":\"https:\/\/diamondtec.ee\/en\/toode\/proseal-p-protective-seal-water-and-oil-protection-marble-protective-agent-granite-protective-agent-polished-stone-protection-tenax-proseal\/\",\"name\":\"Proseal P \u2013 water and oil-resistant stone protection for polished surfaces | Diamondtec\",\"isPartOf\":{\"@id\":\"https:\/\/diamondtec.ee\/en\/#website\"},\"primaryImageOfPage\":{\"@id\":\"https:\/\/diamondtec.ee\/en\/toode\/proseal-p-protective-seal-water-and-oil-protection-marble-protective-agent-granite-protective-agent-polished-stone-protection-tenax-proseal\/#primaryimage\"},\"image\":{\"@id\":\"https:\/\/diamondtec.ee\/en\/toode\/proseal-p-protective-seal-water-and-oil-protection-marble-protective-agent-granite-protective-agent-polished-stone-protection-tenax-proseal\/#primaryimage\"},\"thumbnailUrl\":\"https:\/\/diamondtec.ee\/wp-content\/uploads\/2019\/06\/mockup-proseal-p-1500-1.png\",\"datePublished\":\"2025-11-13T12:48:07+00:00\",\"description\":\"Proseal P protective agent provides effective water and oil protection for polished stone surfaces. Suitable for marble, granite, quartzite, and limestone. UV resistant, maintains the natural appearance of the stone.\",\"breadcrumb\":{\"@id\":\"https:\/\/diamondtec.ee\/en\/toode\/proseal-p-protective-seal-water-and-oil-protection-marble-protective-agent-granite-protective-agent-polished-stone-protection-tenax-proseal\/#breadcrumb\"},\"inLanguage\":\"en-US\",\"potentialAction\":[{\"@type\":\"ReadAction\",\"target\":[\"https:\/\/diamondtec.ee\/en\/toode\/proseal-p-protective-seal-water-and-oil-protection-marble-protective-agent-granite-protective-agent-polished-stone-protection-tenax-proseal\/\"]}]},{\"@type\":\"ImageObject\",\"inLanguage\":\"en-US\",\"@id\":\"https:\/\/diamondtec.ee\/en\/toode\/proseal-p-protective-seal-water-and-oil-protection-marble-protective-agent-granite-protective-agent-polished-stone-protection-tenax-proseal\/#primaryimage\",\"url\":\"https:\/\/diamondtec.ee\/wp-content\/uploads\/2019\/06\/mockup-proseal-p-1500-1.png\",\"contentUrl\":\"https:\/\/diamondtec.ee\/wp-content\/uploads\/2019\/06\/mockup-proseal-p-1500-1.png\",\"width\":1500,\"height\":1500,\"caption\":\"TENAX PROSEAL\"},{\"@type\":\"BreadcrumbList\",\"@id\":\"https:\/\/diamondtec.ee\/en\/toode\/proseal-p-protective-seal-water-and-oil-protection-marble-protective-agent-granite-protective-agent-polished-stone-protection-tenax-proseal\/#breadcrumb\",\"itemListElement\":[{\"@type\":\"ListItem\",\"position\":1,\"name\":\"Avaleht\",\"item\":\"https:\/\/diamondtec.ee\/en\/\"},{\"@type\":\"ListItem\",\"position\":2,\"name\":\"Shop\",\"item\":\"https:\/\/diamondtec.ee\/en\/shop\/\"},{\"@type\":\"ListItem\",\"position\":3,\"name\":\"PROSEAL SEALER\"}]},{\"@type\":\"WebSite\",\"@id\":\"https:\/\/diamondtec.ee\/en\/#website\",\"url\":\"https:\/\/diamondtec.ee\/en\/\",\"name\":\"Diamondtec O\u00dc\",\"description\":\"Diamondtec - partner teemantt\u00f6\u00f6ristadele I diamondtec.ee\",\"publisher\":{\"@id\":\"https:\/\/diamondtec.ee\/en\/#organization\"},\"potentialAction\":[{\"@type\":\"SearchAction\",\"target\":{\"@type\":\"EntryPoint\",\"urlTemplate\":\"https:\/\/diamondtec.ee\/en\/?s={search_term_string}\"},\"query-input\":{\"@type\":\"PropertyValueSpecification\",\"valueRequired\":true,\"valueName\":\"search_term_string\"}}],\"inLanguage\":\"en-US\"},{\"@type\":\"Organization\",\"@id\":\"https:\/\/diamondtec.ee\/en\/#organization\",\"name\":\"Diamondtec O\u00dc\",\"url\":\"https:\/\/diamondtec.ee\/en\/\",\"logo\":{\"@type\":\"ImageObject\",\"inLanguage\":\"en-US\",\"@id\":\"https:\/\/diamondtec.ee\/en\/#\/schema\/logo\/image\/\",\"url\":\"https:\/\/diamondtec.ee\/wp-content\/uploads\/2022\/12\/wc_custom_default_pr_img.jpg\",\"contentUrl\":\"https:\/\/diamondtec.ee\/wp-content\/uploads\/2022\/12\/wc_custom_default_pr_img.jpg\",\"width\":800,\"height\":800,\"caption\":\"Diamondtec O\u00dc\"},\"image\":{\"@id\":\"https:\/\/diamondtec.ee\/en\/#\/schema\/logo\/image\/\"}}]}<\/script>\n<!-- \/ Yoast SEO plugin. -->","yoast_head_json":{"title":"Proseal P \u2013 water and oil-resistant stone protection for polished surfaces | Diamondtec","description":"Proseal P protective agent provides effective water and oil protection for polished stone surfaces. Suitable for marble, granite, quartzite, and limestone. UV resistant, maintains the natural appearance of the stone.","robots":{"index":"index","follow":"follow","max-snippet":"max-snippet:-1","max-image-preview":"max-image-preview:large","max-video-preview":"max-video-preview:-1"},"canonical":"https:\/\/diamondtec.ee\/en\/toode\/proseal-p-protective-seal-water-and-oil-protection-marble-protective-agent-granite-protective-agent-polished-stone-protection-tenax-proseal\/","og_locale":"en_US","og_type":"article","og_title":"Proseal P \u2013 water and oil-resistant stone protection for polished surfaces | Diamondtec","og_description":"Proseal P protective agent provides effective water and oil protection for polished stone surfaces. Suitable for marble, granite, quartzite, and limestone. UV resistant, maintains the natural appearance of the stone.","og_url":"https:\/\/diamondtec.ee\/en\/toode\/proseal-p-protective-seal-water-and-oil-protection-marble-protective-agent-granite-protective-agent-polished-stone-protection-tenax-proseal\/","og_site_name":"Diamondtec O\u00dc","og_image":[{"width":1500,"height":1500,"url":"https:\/\/diamondtec.ee\/wp-content\/uploads\/2019\/06\/mockup-proseal-p-1500-1.png","type":"image\/png"}],"twitter_card":"summary_large_image","schema":{"@context":"https:\/\/schema.org","@graph":[{"@type":"WebPage","@id":"https:\/\/diamondtec.ee\/en\/toode\/proseal-p-protective-seal-water-and-oil-protection-marble-protective-agent-granite-protective-agent-polished-stone-protection-tenax-proseal\/","url":"https:\/\/diamondtec.ee\/en\/toode\/proseal-p-protective-seal-water-and-oil-protection-marble-protective-agent-granite-protective-agent-polished-stone-protection-tenax-proseal\/","name":"Proseal P \u2013 water and oil-resistant stone protection for polished surfaces | Diamondtec","isPartOf":{"@id":"https:\/\/diamondtec.ee\/en\/#website"},"primaryImageOfPage":{"@id":"https:\/\/diamondtec.ee\/en\/toode\/proseal-p-protective-seal-water-and-oil-protection-marble-protective-agent-granite-protective-agent-polished-stone-protection-tenax-proseal\/#primaryimage"},"image":{"@id":"https:\/\/diamondtec.ee\/en\/toode\/proseal-p-protective-seal-water-and-oil-protection-marble-protective-agent-granite-protective-agent-polished-stone-protection-tenax-proseal\/#primaryimage"},"thumbnailUrl":"https:\/\/diamondtec.ee\/wp-content\/uploads\/2019\/06\/mockup-proseal-p-1500-1.png","datePublished":"2025-11-13T12:48:07+00:00","description":"Proseal P protective agent provides effective water and oil protection for polished stone surfaces. Suitable for marble, granite, quartzite, and limestone. UV resistant, maintains the natural appearance of the stone.","breadcrumb":{"@id":"https:\/\/diamondtec.ee\/en\/toode\/proseal-p-protective-seal-water-and-oil-protection-marble-protective-agent-granite-protective-agent-polished-stone-protection-tenax-proseal\/#breadcrumb"},"inLanguage":"en-US","potentialAction":[{"@type":"ReadAction","target":["https:\/\/diamondtec.ee\/en\/toode\/proseal-p-protective-seal-water-and-oil-protection-marble-protective-agent-granite-protective-agent-polished-stone-protection-tenax-proseal\/"]}]},{"@type":"ImageObject","inLanguage":"en-US","@id":"https:\/\/diamondtec.ee\/en\/toode\/proseal-p-protective-seal-water-and-oil-protection-marble-protective-agent-granite-protective-agent-polished-stone-protection-tenax-proseal\/#primaryimage","url":"https:\/\/diamondtec.ee\/wp-content\/uploads\/2019\/06\/mockup-proseal-p-1500-1.png","contentUrl":"https:\/\/diamondtec.ee\/wp-content\/uploads\/2019\/06\/mockup-proseal-p-1500-1.png","width":1500,"height":1500,"caption":"TENAX PROSEAL"},{"@type":"BreadcrumbList","@id":"https:\/\/diamondtec.ee\/en\/toode\/proseal-p-protective-seal-water-and-oil-protection-marble-protective-agent-granite-protective-agent-polished-stone-protection-tenax-proseal\/#breadcrumb","itemListElement":[{"@type":"ListItem","position":1,"name":"Avaleht","item":"https:\/\/diamondtec.ee\/en\/"},{"@type":"ListItem","position":2,"name":"Shop","item":"https:\/\/diamondtec.ee\/en\/shop\/"},{"@type":"ListItem","position":3,"name":"PROSEAL SEALER"}]},{"@type":"WebSite","@id":"https:\/\/diamondtec.ee\/en\/#website","url":"https:\/\/diamondtec.ee\/en\/","name":"Diamondtec O\u00dc","description":"Diamondtec - partner teemantt\u00f6\u00f6ristadele I diamondtec.ee","publisher":{"@id":"https:\/\/diamondtec.ee\/en\/#organization"},"potentialAction":[{"@type":"SearchAction","target":{"@type":"EntryPoint","urlTemplate":"https:\/\/diamondtec.ee\/en\/?s={search_term_string}"},"query-input":{"@type":"PropertyValueSpecification","valueRequired":true,"valueName":"search_term_string"}}],"inLanguage":"en-US"},{"@type":"Organization","@id":"https:\/\/diamondtec.ee\/en\/#organization","name":"Diamondtec O\u00dc","url":"https:\/\/diamondtec.ee\/en\/","logo":{"@type":"ImageObject","inLanguage":"en-US","@id":"https:\/\/diamondtec.ee\/en\/#\/schema\/logo\/image\/","url":"https:\/\/diamondtec.ee\/wp-content\/uploads\/2022\/12\/wc_custom_default_pr_img.jpg","contentUrl":"https:\/\/diamondtec.ee\/wp-content\/uploads\/2022\/12\/wc_custom_default_pr_img.jpg","width":800,"height":800,"caption":"Diamondtec O\u00dc"},"image":{"@id":"https:\/\/diamondtec.ee\/en\/#\/schema\/logo\/image\/"}}]}},"jetpack_sharing_enabled":true,"_links":{"self":[{"href":"https:\/\/diamondtec.ee\/en\/wp-json\/wp\/v2\/product\/2390","targetHints":{"allow":["GET"]}}],"collection":[{"href":"https:\/\/diamondtec.ee\/en\/wp-json\/wp\/v2\/product"}],"about":[{"href":"https:\/\/diamondtec.ee\/en\/wp-json\/wp\/v2\/types\/product"}],"wp:featuredmedia":[{"embeddable":true,"href":"https:\/\/diamondtec.ee\/en\/wp-json\/wp\/v2\/media\/9647"}],"wp:attachment":[{"href":"https:\/\/diamondtec.ee\/en\/wp-json\/wp\/v2\/media?parent=2390"}],"wp:term":[{"taxonomy":"product_brand","embeddable":true,"href":"https:\/\/diamondtec.ee\/en\/wp-json\/wp\/v2\/product_brand?post=2390"},{"taxonomy":"product_cat","embeddable":true,"href":"https:\/\/diamondtec.ee\/en\/wp-json\/wp\/v2\/product_cat?post=2390"},{"taxonomy":"product_tag","embeddable":true,"href":"https:\/\/diamondtec.ee\/en\/wp-json\/wp\/v2\/product_tag?post=2390"}],"curies":[{"name":"wp","href":"https:\/\/api.w.org\/{rel}","templated":true}]}}