{"id":2397,"date":"2025-11-13T13:43:36","date_gmt":"2025-11-13T11:43:36","guid":{"rendered":"https:\/\/diamondtec.ee\/toode\/scudo-universal\/"},"modified":"2025-09-02T23:24:24","modified_gmt":"2025-09-02T20:24:24","slug":"skudo-water-based-impregnation-water-and-oil-resistant-stone-protective-agent-marble-protection-granite-protection-limestone-maintenance-dirt-repellent","status":"publish","type":"product","link":"https:\/\/diamondtec.ee\/en\/toode\/skudo-water-based-impregnation-water-and-oil-resistant-stone-protective-agent-marble-protection-granite-protection-limestone-maintenance-dirt-repellent\/","title":{"rendered":"Scudo Universal"},"content":{"rendered":"","protected":false},"excerpt":{"rendered":"<p>Water-based universal stone impregnation that creates a water- and oil-resistant barrier and repels dirt. Penetrates pores, does not form a visible surface coating, and does not alter the natural appearance of the stone. Suitable for both indoor and outdoor use; easy to apply, quick to renew during maintenance.<\/p>\n<p>Suitable for materials:\u00a0<a class=\"cursor-pointer\" title=\"www.google.com\/search?q=marble\">marble<\/a>,\u00a0<a class=\"cursor-pointer\" title=\"www.google.com\/search?q=granite\">granite<\/a>,\u00a0<a class=\"cursor-pointer\" title=\"www.google.com\/search?q=quartzite\">quartzite<\/a>,\u00a0<a class=\"cursor-pointer\" title=\"www.google.com\/search?q=sandstone\">sandstone<\/a>\/<a class=\"cursor-pointer\" title=\"www.google.com\/search?q=limestone\">limestone<\/a>,\u00a0<a class=\"cursor-pointer\" title=\"www.google.com\/search?q=travertine\">travertine<\/a>,\u00a0<a class=\"cursor-pointer\" title=\"www.google.com\/search?q=concrete%20stone\">concrete stone<\/a>,\u00a0<a class=\"cursor-pointer\" title=\"www.google.com\/search?q=agglomerates\">agglomerates<\/a>\u00a0(polished, honed, or matte).<\/p>\n","protected":false},"featured_media":9653,"template":"","meta":{"_acf_changed":false},"product_brand":[],"product_cat":[154,163],"product_tag":[],"class_list":{"0":"post-2397","1":"product","2":"type-product","3":"status-publish","4":"has-post-thumbnail","6":"product_cat-stone-care-and-protection","7":"product_cat-stone-glues-and-treatment","9":"first","10":"instock","11":"shipping-taxable","12":"product-type-simple"},"acf":[],"yoast_head":"<!-- This site is optimized with the Yoast SEO plugin v25.8 - https:\/\/yoast.com\/wordpress\/plugins\/seo\/ -->\n<title>SKUDO \u2013 water and oil protection for natural stone based on resin | Diamondtec<\/title>\n<meta name=\"description\" content=\"SKUDO is a water-based stone impregnation that repels water, oil, and dirt. It does not alter the appearance of the stone. Suitable for marble, granite, limestone, and quartzite.\" \/>\n<meta name=\"robots\" content=\"index, follow, max-snippet:-1, max-image-preview:large, max-video-preview:-1\" \/>\n<link rel=\"canonical\" href=\"https:\/\/diamondtec.ee\/en\/toode\/skudo-water-based-impregnation-water-and-oil-resistant-stone-protective-agent-marble-protection-granite-protection-limestone-maintenance-dirt-repellent\/\" \/>\n<meta property=\"og:locale\" content=\"en_US\" \/>\n<meta property=\"og:type\" content=\"article\" \/>\n<meta property=\"og:title\" content=\"SKUDO \u2013 water and oil protection for natural stone based on resin | Diamondtec\" \/>\n<meta property=\"og:description\" content=\"SKUDO is a water-based stone impregnation that repels water, oil, and dirt. It does not alter the appearance of the stone. Suitable for marble, granite, limestone, and quartzite.\" \/>\n<meta property=\"og:url\" content=\"https:\/\/diamondtec.ee\/en\/toode\/skudo-water-based-impregnation-water-and-oil-resistant-stone-protective-agent-marble-protection-granite-protection-limestone-maintenance-dirt-repellent\/\" \/>\n<meta property=\"og:site_name\" content=\"Diamondtec O\u00dc\" \/>\n<meta property=\"og:image\" content=\"https:\/\/diamondtec.ee\/wp-content\/uploads\/2019\/06\/mockup-skudo-1500-1.webp\" \/>\n\t<meta property=\"og:image:width\" content=\"1500\" \/>\n\t<meta property=\"og:image:height\" content=\"1500\" \/>\n\t<meta property=\"og:image:type\" content=\"image\/webp\" \/>\n<meta name=\"twitter:card\" content=\"summary_large_image\" \/>\n<script type=\"application\/ld+json\" class=\"yoast-schema-graph\">{\"@context\":\"https:\/\/schema.org\",\"@graph\":[{\"@type\":\"WebPage\",\"@id\":\"https:\/\/diamondtec.ee\/en\/toode\/skudo-water-based-impregnation-water-and-oil-resistant-stone-protective-agent-marble-protection-granite-protection-limestone-maintenance-dirt-repellent\/\",\"url\":\"https:\/\/diamondtec.ee\/en\/toode\/skudo-water-based-impregnation-water-and-oil-resistant-stone-protective-agent-marble-protection-granite-protection-limestone-maintenance-dirt-repellent\/\",\"name\":\"SKUDO \u2013 water and oil protection for natural stone based on resin | Diamondtec\",\"isPartOf\":{\"@id\":\"https:\/\/diamondtec.ee\/en\/#website\"},\"primaryImageOfPage\":{\"@id\":\"https:\/\/diamondtec.ee\/en\/toode\/skudo-water-based-impregnation-water-and-oil-resistant-stone-protective-agent-marble-protection-granite-protection-limestone-maintenance-dirt-repellent\/#primaryimage\"},\"image\":{\"@id\":\"https:\/\/diamondtec.ee\/en\/toode\/skudo-water-based-impregnation-water-and-oil-resistant-stone-protective-agent-marble-protection-granite-protection-limestone-maintenance-dirt-repellent\/#primaryimage\"},\"thumbnailUrl\":\"https:\/\/diamondtec.ee\/wp-content\/uploads\/2019\/06\/mockup-skudo-1500-1.webp\",\"datePublished\":\"2025-11-13T11:43:36+00:00\",\"description\":\"SKUDO is a water-based stone impregnation that repels water, oil, and dirt. It does not alter the appearance of the stone. Suitable for marble, granite, limestone, and quartzite.\",\"breadcrumb\":{\"@id\":\"https:\/\/diamondtec.ee\/en\/toode\/skudo-water-based-impregnation-water-and-oil-resistant-stone-protective-agent-marble-protection-granite-protection-limestone-maintenance-dirt-repellent\/#breadcrumb\"},\"inLanguage\":\"en-US\",\"potentialAction\":[{\"@type\":\"ReadAction\",\"target\":[\"https:\/\/diamondtec.ee\/en\/toode\/skudo-water-based-impregnation-water-and-oil-resistant-stone-protective-agent-marble-protection-granite-protection-limestone-maintenance-dirt-repellent\/\"]}]},{\"@type\":\"ImageObject\",\"inLanguage\":\"en-US\",\"@id\":\"https:\/\/diamondtec.ee\/en\/toode\/skudo-water-based-impregnation-water-and-oil-resistant-stone-protective-agent-marble-protection-granite-protection-limestone-maintenance-dirt-repellent\/#primaryimage\",\"url\":\"https:\/\/diamondtec.ee\/wp-content\/uploads\/2019\/06\/mockup-skudo-1500-1.webp\",\"contentUrl\":\"https:\/\/diamondtec.ee\/wp-content\/uploads\/2019\/06\/mockup-skudo-1500-1.webp\",\"width\":1500,\"height\":1500,\"caption\":\"TENAX SKUDO kivikaitse\"},{\"@type\":\"BreadcrumbList\",\"@id\":\"https:\/\/diamondtec.ee\/en\/toode\/skudo-water-based-impregnation-water-and-oil-resistant-stone-protective-agent-marble-protection-granite-protection-limestone-maintenance-dirt-repellent\/#breadcrumb\",\"itemListElement\":[{\"@type\":\"ListItem\",\"position\":1,\"name\":\"Avaleht\",\"item\":\"https:\/\/diamondtec.ee\/en\/\"},{\"@type\":\"ListItem\",\"position\":2,\"name\":\"Shop\",\"item\":\"https:\/\/diamondtec.ee\/en\/shop\/\"},{\"@type\":\"ListItem\",\"position\":3,\"name\":\"Scudo Universal\"}]},{\"@type\":\"WebSite\",\"@id\":\"https:\/\/diamondtec.ee\/en\/#website\",\"url\":\"https:\/\/diamondtec.ee\/en\/\",\"name\":\"Diamondtec O\u00dc\",\"description\":\"Diamondtec - partner teemantt\u00f6\u00f6ristadele I diamondtec.ee\",\"publisher\":{\"@id\":\"https:\/\/diamondtec.ee\/en\/#organization\"},\"potentialAction\":[{\"@type\":\"SearchAction\",\"target\":{\"@type\":\"EntryPoint\",\"urlTemplate\":\"https:\/\/diamondtec.ee\/en\/?s={search_term_string}\"},\"query-input\":{\"@type\":\"PropertyValueSpecification\",\"valueRequired\":true,\"valueName\":\"search_term_string\"}}],\"inLanguage\":\"en-US\"},{\"@type\":\"Organization\",\"@id\":\"https:\/\/diamondtec.ee\/en\/#organization\",\"name\":\"Diamondtec O\u00dc\",\"url\":\"https:\/\/diamondtec.ee\/en\/\",\"logo\":{\"@type\":\"ImageObject\",\"inLanguage\":\"en-US\",\"@id\":\"https:\/\/diamondtec.ee\/en\/#\/schema\/logo\/image\/\",\"url\":\"https:\/\/diamondtec.ee\/wp-content\/uploads\/2022\/12\/wc_custom_default_pr_img.jpg\",\"contentUrl\":\"https:\/\/diamondtec.ee\/wp-content\/uploads\/2022\/12\/wc_custom_default_pr_img.jpg\",\"width\":800,\"height\":800,\"caption\":\"Diamondtec O\u00dc\"},\"image\":{\"@id\":\"https:\/\/diamondtec.ee\/en\/#\/schema\/logo\/image\/\"}}]}<\/script>\n<!-- \/ Yoast SEO plugin. -->","yoast_head_json":{"title":"SKUDO \u2013 water and oil protection for natural stone based on resin | Diamondtec","description":"SKUDO is a water-based stone impregnation that repels water, oil, and dirt. It does not alter the appearance of the stone. Suitable for marble, granite, limestone, and quartzite.","robots":{"index":"index","follow":"follow","max-snippet":"max-snippet:-1","max-image-preview":"max-image-preview:large","max-video-preview":"max-video-preview:-1"},"canonical":"https:\/\/diamondtec.ee\/en\/toode\/skudo-water-based-impregnation-water-and-oil-resistant-stone-protective-agent-marble-protection-granite-protection-limestone-maintenance-dirt-repellent\/","og_locale":"en_US","og_type":"article","og_title":"SKUDO \u2013 water and oil protection for natural stone based on resin | Diamondtec","og_description":"SKUDO is a water-based stone impregnation that repels water, oil, and dirt. It does not alter the appearance of the stone. Suitable for marble, granite, limestone, and quartzite.","og_url":"https:\/\/diamondtec.ee\/en\/toode\/skudo-water-based-impregnation-water-and-oil-resistant-stone-protective-agent-marble-protection-granite-protection-limestone-maintenance-dirt-repellent\/","og_site_name":"Diamondtec O\u00dc","og_image":[{"width":1500,"height":1500,"url":"https:\/\/diamondtec.ee\/wp-content\/uploads\/2019\/06\/mockup-skudo-1500-1.webp","type":"image\/webp"}],"twitter_card":"summary_large_image","schema":{"@context":"https:\/\/schema.org","@graph":[{"@type":"WebPage","@id":"https:\/\/diamondtec.ee\/en\/toode\/skudo-water-based-impregnation-water-and-oil-resistant-stone-protective-agent-marble-protection-granite-protection-limestone-maintenance-dirt-repellent\/","url":"https:\/\/diamondtec.ee\/en\/toode\/skudo-water-based-impregnation-water-and-oil-resistant-stone-protective-agent-marble-protection-granite-protection-limestone-maintenance-dirt-repellent\/","name":"SKUDO \u2013 water and oil protection for natural stone based on resin | Diamondtec","isPartOf":{"@id":"https:\/\/diamondtec.ee\/en\/#website"},"primaryImageOfPage":{"@id":"https:\/\/diamondtec.ee\/en\/toode\/skudo-water-based-impregnation-water-and-oil-resistant-stone-protective-agent-marble-protection-granite-protection-limestone-maintenance-dirt-repellent\/#primaryimage"},"image":{"@id":"https:\/\/diamondtec.ee\/en\/toode\/skudo-water-based-impregnation-water-and-oil-resistant-stone-protective-agent-marble-protection-granite-protection-limestone-maintenance-dirt-repellent\/#primaryimage"},"thumbnailUrl":"https:\/\/diamondtec.ee\/wp-content\/uploads\/2019\/06\/mockup-skudo-1500-1.webp","datePublished":"2025-11-13T11:43:36+00:00","description":"SKUDO is a water-based stone impregnation that repels water, oil, and dirt. It does not alter the appearance of the stone. Suitable for marble, granite, limestone, and quartzite.","breadcrumb":{"@id":"https:\/\/diamondtec.ee\/en\/toode\/skudo-water-based-impregnation-water-and-oil-resistant-stone-protective-agent-marble-protection-granite-protection-limestone-maintenance-dirt-repellent\/#breadcrumb"},"inLanguage":"en-US","potentialAction":[{"@type":"ReadAction","target":["https:\/\/diamondtec.ee\/en\/toode\/skudo-water-based-impregnation-water-and-oil-resistant-stone-protective-agent-marble-protection-granite-protection-limestone-maintenance-dirt-repellent\/"]}]},{"@type":"ImageObject","inLanguage":"en-US","@id":"https:\/\/diamondtec.ee\/en\/toode\/skudo-water-based-impregnation-water-and-oil-resistant-stone-protective-agent-marble-protection-granite-protection-limestone-maintenance-dirt-repellent\/#primaryimage","url":"https:\/\/diamondtec.ee\/wp-content\/uploads\/2019\/06\/mockup-skudo-1500-1.webp","contentUrl":"https:\/\/diamondtec.ee\/wp-content\/uploads\/2019\/06\/mockup-skudo-1500-1.webp","width":1500,"height":1500,"caption":"TENAX SKUDO kivikaitse"},{"@type":"BreadcrumbList","@id":"https:\/\/diamondtec.ee\/en\/toode\/skudo-water-based-impregnation-water-and-oil-resistant-stone-protective-agent-marble-protection-granite-protection-limestone-maintenance-dirt-repellent\/#breadcrumb","itemListElement":[{"@type":"ListItem","position":1,"name":"Avaleht","item":"https:\/\/diamondtec.ee\/en\/"},{"@type":"ListItem","position":2,"name":"Shop","item":"https:\/\/diamondtec.ee\/en\/shop\/"},{"@type":"ListItem","position":3,"name":"Scudo Universal"}]},{"@type":"WebSite","@id":"https:\/\/diamondtec.ee\/en\/#website","url":"https:\/\/diamondtec.ee\/en\/","name":"Diamondtec O\u00dc","description":"Diamondtec - partner teemantt\u00f6\u00f6ristadele I diamondtec.ee","publisher":{"@id":"https:\/\/diamondtec.ee\/en\/#organization"},"potentialAction":[{"@type":"SearchAction","target":{"@type":"EntryPoint","urlTemplate":"https:\/\/diamondtec.ee\/en\/?s={search_term_string}"},"query-input":{"@type":"PropertyValueSpecification","valueRequired":true,"valueName":"search_term_string"}}],"inLanguage":"en-US"},{"@type":"Organization","@id":"https:\/\/diamondtec.ee\/en\/#organization","name":"Diamondtec O\u00dc","url":"https:\/\/diamondtec.ee\/en\/","logo":{"@type":"ImageObject","inLanguage":"en-US","@id":"https:\/\/diamondtec.ee\/en\/#\/schema\/logo\/image\/","url":"https:\/\/diamondtec.ee\/wp-content\/uploads\/2022\/12\/wc_custom_default_pr_img.jpg","contentUrl":"https:\/\/diamondtec.ee\/wp-content\/uploads\/2022\/12\/wc_custom_default_pr_img.jpg","width":800,"height":800,"caption":"Diamondtec O\u00dc"},"image":{"@id":"https:\/\/diamondtec.ee\/en\/#\/schema\/logo\/image\/"}}]}},"jetpack_sharing_enabled":true,"_links":{"self":[{"href":"https:\/\/diamondtec.ee\/en\/wp-json\/wp\/v2\/product\/2397","targetHints":{"allow":["GET"]}}],"collection":[{"href":"https:\/\/diamondtec.ee\/en\/wp-json\/wp\/v2\/product"}],"about":[{"href":"https:\/\/diamondtec.ee\/en\/wp-json\/wp\/v2\/types\/product"}],"wp:featuredmedia":[{"embeddable":true,"href":"https:\/\/diamondtec.ee\/en\/wp-json\/wp\/v2\/media\/9653"}],"wp:attachment":[{"href":"https:\/\/diamondtec.ee\/en\/wp-json\/wp\/v2\/media?parent=2397"}],"wp:term":[{"taxonomy":"product_brand","embeddable":true,"href":"https:\/\/diamondtec.ee\/en\/wp-json\/wp\/v2\/product_brand?post=2397"},{"taxonomy":"product_cat","embeddable":true,"href":"https:\/\/diamondtec.ee\/en\/wp-json\/wp\/v2\/product_cat?post=2397"},{"taxonomy":"product_tag","embeddable":true,"href":"https:\/\/diamondtec.ee\/en\/wp-json\/wp\/v2\/product_tag?post=2397"}],"curies":[{"name":"wp","href":"https:\/\/api.w.org\/{rel}","templated":true}]}}