{"id":2401,"date":"2025-11-13T13:38:07","date_gmt":"2025-11-13T11:38:07","guid":{"rendered":"https:\/\/diamondtec.ee\/toode\/hydrex-water-oil-repellent-sealer\/"},"modified":"2025-09-02T22:49:55","modified_gmt":"2025-09-02T19:49:55","slug":"hydrex-stone-protector-water-and-oil-resistant-marble-protection-granite-protection-quartz-stone-care-stone-impregnation-stain-protection","status":"publish","type":"product","link":"https:\/\/diamondtec.ee\/en\/toode\/hydrex-stone-protector-water-and-oil-resistant-marble-protection-granite-protection-quartz-stone-care-stone-impregnation-stain-protection\/","title":{"rendered":"HYDREX WATER-OIL REPELLENT SEALER"},"content":{"rendered":"","protected":false},"excerpt":{"rendered":"<p>HYDREX is a water- and oil-repellent stone impregnator that reduces staining and makes cleaning easier. It does not alter the natural tone or shine of the stone. Suitable for polished and honed surfaces, both indoors and outdoors.<\/p>\n","protected":false},"featured_media":9641,"template":"","meta":{"_acf_changed":false},"product_brand":[],"product_cat":[154,163],"product_tag":[],"class_list":{"0":"post-2401","1":"product","2":"type-product","3":"status-publish","4":"has-post-thumbnail","6":"product_cat-stone-care-and-protection","7":"product_cat-stone-glues-and-treatment","9":"first","10":"instock","11":"shipping-taxable","12":"product-type-simple"},"acf":[],"yoast_head":"<!-- This site is optimized with the Yoast SEO plugin v25.8 - https:\/\/yoast.com\/wordpress\/plugins\/seo\/ -->\n<title>Hydrex \u2013 water- and oil-resistant protective agent for polished stone | Diamondtec<\/title>\n<meta name=\"description\" content=\"Hydrex protects polished surfaces against water and oil, reduces staining, and preserves the natural appearance of the stone. Suitable for marble, granite, and quartz stone.\" \/>\n<meta name=\"robots\" content=\"index, follow, max-snippet:-1, max-image-preview:large, max-video-preview:-1\" \/>\n<link rel=\"canonical\" href=\"https:\/\/diamondtec.ee\/en\/toode\/hydrex-stone-protector-water-and-oil-resistant-marble-protection-granite-protection-quartz-stone-care-stone-impregnation-stain-protection\/\" \/>\n<meta property=\"og:locale\" content=\"en_US\" \/>\n<meta property=\"og:type\" content=\"article\" \/>\n<meta property=\"og:title\" content=\"Hydrex \u2013 water- and oil-resistant protective agent for polished stone | Diamondtec\" \/>\n<meta property=\"og:description\" content=\"Hydrex protects polished surfaces against water and oil, reduces staining, and preserves the natural appearance of the stone. Suitable for marble, granite, and quartz stone.\" \/>\n<meta property=\"og:url\" content=\"https:\/\/diamondtec.ee\/en\/toode\/hydrex-stone-protector-water-and-oil-resistant-marble-protection-granite-protection-quartz-stone-care-stone-impregnation-stain-protection\/\" \/>\n<meta property=\"og:site_name\" content=\"Diamondtec O\u00dc\" \/>\n<meta property=\"og:image\" content=\"https:\/\/diamondtec.ee\/wp-content\/uploads\/2019\/06\/hydrex.png\" \/>\n\t<meta property=\"og:image:width\" content=\"1500\" \/>\n\t<meta property=\"og:image:height\" content=\"1500\" \/>\n\t<meta property=\"og:image:type\" content=\"image\/png\" \/>\n<meta name=\"twitter:card\" content=\"summary_large_image\" \/>\n<script type=\"application\/ld+json\" class=\"yoast-schema-graph\">{\"@context\":\"https:\/\/schema.org\",\"@graph\":[{\"@type\":\"WebPage\",\"@id\":\"https:\/\/diamondtec.ee\/en\/toode\/hydrex-stone-protector-water-and-oil-resistant-marble-protection-granite-protection-quartz-stone-care-stone-impregnation-stain-protection\/\",\"url\":\"https:\/\/diamondtec.ee\/en\/toode\/hydrex-stone-protector-water-and-oil-resistant-marble-protection-granite-protection-quartz-stone-care-stone-impregnation-stain-protection\/\",\"name\":\"Hydrex \u2013 water- and oil-resistant protective agent for polished stone | Diamondtec\",\"isPartOf\":{\"@id\":\"https:\/\/diamondtec.ee\/en\/#website\"},\"primaryImageOfPage\":{\"@id\":\"https:\/\/diamondtec.ee\/en\/toode\/hydrex-stone-protector-water-and-oil-resistant-marble-protection-granite-protection-quartz-stone-care-stone-impregnation-stain-protection\/#primaryimage\"},\"image\":{\"@id\":\"https:\/\/diamondtec.ee\/en\/toode\/hydrex-stone-protector-water-and-oil-resistant-marble-protection-granite-protection-quartz-stone-care-stone-impregnation-stain-protection\/#primaryimage\"},\"thumbnailUrl\":\"https:\/\/diamondtec.ee\/wp-content\/uploads\/2019\/06\/hydrex.png\",\"datePublished\":\"2025-11-13T11:38:07+00:00\",\"description\":\"Hydrex protects polished surfaces against water and oil, reduces staining, and preserves the natural appearance of the stone. Suitable for marble, granite, and quartz stone.\",\"breadcrumb\":{\"@id\":\"https:\/\/diamondtec.ee\/en\/toode\/hydrex-stone-protector-water-and-oil-resistant-marble-protection-granite-protection-quartz-stone-care-stone-impregnation-stain-protection\/#breadcrumb\"},\"inLanguage\":\"en-US\",\"potentialAction\":[{\"@type\":\"ReadAction\",\"target\":[\"https:\/\/diamondtec.ee\/en\/toode\/hydrex-stone-protector-water-and-oil-resistant-marble-protection-granite-protection-quartz-stone-care-stone-impregnation-stain-protection\/\"]}]},{\"@type\":\"ImageObject\",\"inLanguage\":\"en-US\",\"@id\":\"https:\/\/diamondtec.ee\/en\/toode\/hydrex-stone-protector-water-and-oil-resistant-marble-protection-granite-protection-quartz-stone-care-stone-impregnation-stain-protection\/#primaryimage\",\"url\":\"https:\/\/diamondtec.ee\/wp-content\/uploads\/2019\/06\/hydrex.png\",\"contentUrl\":\"https:\/\/diamondtec.ee\/wp-content\/uploads\/2019\/06\/hydrex.png\",\"width\":1500,\"height\":1500,\"caption\":\"Hydrex kivikaitse\"},{\"@type\":\"BreadcrumbList\",\"@id\":\"https:\/\/diamondtec.ee\/en\/toode\/hydrex-stone-protector-water-and-oil-resistant-marble-protection-granite-protection-quartz-stone-care-stone-impregnation-stain-protection\/#breadcrumb\",\"itemListElement\":[{\"@type\":\"ListItem\",\"position\":1,\"name\":\"Avaleht\",\"item\":\"https:\/\/diamondtec.ee\/en\/\"},{\"@type\":\"ListItem\",\"position\":2,\"name\":\"Shop\",\"item\":\"https:\/\/diamondtec.ee\/en\/shop\/\"},{\"@type\":\"ListItem\",\"position\":3,\"name\":\"HYDREX WATER-OIL REPELLENT SEALER\"}]},{\"@type\":\"WebSite\",\"@id\":\"https:\/\/diamondtec.ee\/en\/#website\",\"url\":\"https:\/\/diamondtec.ee\/en\/\",\"name\":\"Diamondtec O\u00dc\",\"description\":\"Diamondtec - partner teemantt\u00f6\u00f6ristadele I diamondtec.ee\",\"publisher\":{\"@id\":\"https:\/\/diamondtec.ee\/en\/#organization\"},\"potentialAction\":[{\"@type\":\"SearchAction\",\"target\":{\"@type\":\"EntryPoint\",\"urlTemplate\":\"https:\/\/diamondtec.ee\/en\/?s={search_term_string}\"},\"query-input\":{\"@type\":\"PropertyValueSpecification\",\"valueRequired\":true,\"valueName\":\"search_term_string\"}}],\"inLanguage\":\"en-US\"},{\"@type\":\"Organization\",\"@id\":\"https:\/\/diamondtec.ee\/en\/#organization\",\"name\":\"Diamondtec O\u00dc\",\"url\":\"https:\/\/diamondtec.ee\/en\/\",\"logo\":{\"@type\":\"ImageObject\",\"inLanguage\":\"en-US\",\"@id\":\"https:\/\/diamondtec.ee\/en\/#\/schema\/logo\/image\/\",\"url\":\"https:\/\/diamondtec.ee\/wp-content\/uploads\/2022\/12\/wc_custom_default_pr_img.jpg\",\"contentUrl\":\"https:\/\/diamondtec.ee\/wp-content\/uploads\/2022\/12\/wc_custom_default_pr_img.jpg\",\"width\":800,\"height\":800,\"caption\":\"Diamondtec O\u00dc\"},\"image\":{\"@id\":\"https:\/\/diamondtec.ee\/en\/#\/schema\/logo\/image\/\"}}]}<\/script>\n<!-- \/ Yoast SEO plugin. -->","yoast_head_json":{"title":"Hydrex \u2013 water- and oil-resistant protective agent for polished stone | Diamondtec","description":"Hydrex protects polished surfaces against water and oil, reduces staining, and preserves the natural appearance of the stone. Suitable for marble, granite, and quartz stone.","robots":{"index":"index","follow":"follow","max-snippet":"max-snippet:-1","max-image-preview":"max-image-preview:large","max-video-preview":"max-video-preview:-1"},"canonical":"https:\/\/diamondtec.ee\/en\/toode\/hydrex-stone-protector-water-and-oil-resistant-marble-protection-granite-protection-quartz-stone-care-stone-impregnation-stain-protection\/","og_locale":"en_US","og_type":"article","og_title":"Hydrex \u2013 water- and oil-resistant protective agent for polished stone | Diamondtec","og_description":"Hydrex protects polished surfaces against water and oil, reduces staining, and preserves the natural appearance of the stone. Suitable for marble, granite, and quartz stone.","og_url":"https:\/\/diamondtec.ee\/en\/toode\/hydrex-stone-protector-water-and-oil-resistant-marble-protection-granite-protection-quartz-stone-care-stone-impregnation-stain-protection\/","og_site_name":"Diamondtec O\u00dc","og_image":[{"width":1500,"height":1500,"url":"https:\/\/diamondtec.ee\/wp-content\/uploads\/2019\/06\/hydrex.png","type":"image\/png"}],"twitter_card":"summary_large_image","schema":{"@context":"https:\/\/schema.org","@graph":[{"@type":"WebPage","@id":"https:\/\/diamondtec.ee\/en\/toode\/hydrex-stone-protector-water-and-oil-resistant-marble-protection-granite-protection-quartz-stone-care-stone-impregnation-stain-protection\/","url":"https:\/\/diamondtec.ee\/en\/toode\/hydrex-stone-protector-water-and-oil-resistant-marble-protection-granite-protection-quartz-stone-care-stone-impregnation-stain-protection\/","name":"Hydrex \u2013 water- and oil-resistant protective agent for polished stone | Diamondtec","isPartOf":{"@id":"https:\/\/diamondtec.ee\/en\/#website"},"primaryImageOfPage":{"@id":"https:\/\/diamondtec.ee\/en\/toode\/hydrex-stone-protector-water-and-oil-resistant-marble-protection-granite-protection-quartz-stone-care-stone-impregnation-stain-protection\/#primaryimage"},"image":{"@id":"https:\/\/diamondtec.ee\/en\/toode\/hydrex-stone-protector-water-and-oil-resistant-marble-protection-granite-protection-quartz-stone-care-stone-impregnation-stain-protection\/#primaryimage"},"thumbnailUrl":"https:\/\/diamondtec.ee\/wp-content\/uploads\/2019\/06\/hydrex.png","datePublished":"2025-11-13T11:38:07+00:00","description":"Hydrex protects polished surfaces against water and oil, reduces staining, and preserves the natural appearance of the stone. Suitable for marble, granite, and quartz stone.","breadcrumb":{"@id":"https:\/\/diamondtec.ee\/en\/toode\/hydrex-stone-protector-water-and-oil-resistant-marble-protection-granite-protection-quartz-stone-care-stone-impregnation-stain-protection\/#breadcrumb"},"inLanguage":"en-US","potentialAction":[{"@type":"ReadAction","target":["https:\/\/diamondtec.ee\/en\/toode\/hydrex-stone-protector-water-and-oil-resistant-marble-protection-granite-protection-quartz-stone-care-stone-impregnation-stain-protection\/"]}]},{"@type":"ImageObject","inLanguage":"en-US","@id":"https:\/\/diamondtec.ee\/en\/toode\/hydrex-stone-protector-water-and-oil-resistant-marble-protection-granite-protection-quartz-stone-care-stone-impregnation-stain-protection\/#primaryimage","url":"https:\/\/diamondtec.ee\/wp-content\/uploads\/2019\/06\/hydrex.png","contentUrl":"https:\/\/diamondtec.ee\/wp-content\/uploads\/2019\/06\/hydrex.png","width":1500,"height":1500,"caption":"Hydrex kivikaitse"},{"@type":"BreadcrumbList","@id":"https:\/\/diamondtec.ee\/en\/toode\/hydrex-stone-protector-water-and-oil-resistant-marble-protection-granite-protection-quartz-stone-care-stone-impregnation-stain-protection\/#breadcrumb","itemListElement":[{"@type":"ListItem","position":1,"name":"Avaleht","item":"https:\/\/diamondtec.ee\/en\/"},{"@type":"ListItem","position":2,"name":"Shop","item":"https:\/\/diamondtec.ee\/en\/shop\/"},{"@type":"ListItem","position":3,"name":"HYDREX WATER-OIL REPELLENT SEALER"}]},{"@type":"WebSite","@id":"https:\/\/diamondtec.ee\/en\/#website","url":"https:\/\/diamondtec.ee\/en\/","name":"Diamondtec O\u00dc","description":"Diamondtec - partner teemantt\u00f6\u00f6ristadele I diamondtec.ee","publisher":{"@id":"https:\/\/diamondtec.ee\/en\/#organization"},"potentialAction":[{"@type":"SearchAction","target":{"@type":"EntryPoint","urlTemplate":"https:\/\/diamondtec.ee\/en\/?s={search_term_string}"},"query-input":{"@type":"PropertyValueSpecification","valueRequired":true,"valueName":"search_term_string"}}],"inLanguage":"en-US"},{"@type":"Organization","@id":"https:\/\/diamondtec.ee\/en\/#organization","name":"Diamondtec O\u00dc","url":"https:\/\/diamondtec.ee\/en\/","logo":{"@type":"ImageObject","inLanguage":"en-US","@id":"https:\/\/diamondtec.ee\/en\/#\/schema\/logo\/image\/","url":"https:\/\/diamondtec.ee\/wp-content\/uploads\/2022\/12\/wc_custom_default_pr_img.jpg","contentUrl":"https:\/\/diamondtec.ee\/wp-content\/uploads\/2022\/12\/wc_custom_default_pr_img.jpg","width":800,"height":800,"caption":"Diamondtec O\u00dc"},"image":{"@id":"https:\/\/diamondtec.ee\/en\/#\/schema\/logo\/image\/"}}]}},"jetpack_sharing_enabled":true,"_links":{"self":[{"href":"https:\/\/diamondtec.ee\/en\/wp-json\/wp\/v2\/product\/2401","targetHints":{"allow":["GET"]}}],"collection":[{"href":"https:\/\/diamondtec.ee\/en\/wp-json\/wp\/v2\/product"}],"about":[{"href":"https:\/\/diamondtec.ee\/en\/wp-json\/wp\/v2\/types\/product"}],"wp:featuredmedia":[{"embeddable":true,"href":"https:\/\/diamondtec.ee\/en\/wp-json\/wp\/v2\/media\/9641"}],"wp:attachment":[{"href":"https:\/\/diamondtec.ee\/en\/wp-json\/wp\/v2\/media?parent=2401"}],"wp:term":[{"taxonomy":"product_brand","embeddable":true,"href":"https:\/\/diamondtec.ee\/en\/wp-json\/wp\/v2\/product_brand?post=2401"},{"taxonomy":"product_cat","embeddable":true,"href":"https:\/\/diamondtec.ee\/en\/wp-json\/wp\/v2\/product_cat?post=2401"},{"taxonomy":"product_tag","embeddable":true,"href":"https:\/\/diamondtec.ee\/en\/wp-json\/wp\/v2\/product_tag?post=2401"}],"curies":[{"name":"wp","href":"https:\/\/api.w.org\/{rel}","templated":true}]}}