{"id":2405,"date":"2019-06-19T13:34:08","date_gmt":"2019-06-19T10:34:08","guid":{"rendered":"https:\/\/diamondtec.ee\/toode\/ager-color-enhancer-sealer-wet-effect\/"},"modified":"2022-11-30T11:16:06","modified_gmt":"2022-11-30T09:16:06","slug":"ager-color-enhancer-sealer-wet-effect","status":"publish","type":"product","link":"https:\/\/diamondtec.ee\/en\/toode\/ager-color-enhancer-sealer-wet-effect\/","title":{"rendered":"Ager COLOR ENHANCER SEALER WET EFFECT"},"content":{"rendered":"","protected":false},"excerpt":{"rendered":"<p class=\"p1\"><span class=\"s1\">Ager<\/span><\/p>\n<p class=\"p2\"><span class=\"s1\">COLOR ENHANCER SEALER WET EFFECT<\/span><\/p>\n<p class=\"p3\"><span class=\"s1\">Strong wet-effect enhancer. Water-oil repellent. Anti graffiti. For manual application<\/span><\/p>\n<p class=\"p4\"><span class=\"s2\">\u200bMaterial: marbles, granite, natural stones (limestone, travertine, rosso verona, sandstone), agglomerate<\/span><\/p>\n<p class=\"p5\"><span class=\"s1\">Indoor\/Outdoor<\/span><\/p>\n<p class=\"p5\"><span class=\"s1\">UV resistent <\/span><\/p>\n<p class=\"p5\"><span class=\"s1\">Antigraffiti<\/span><\/p>\n","protected":false},"featured_media":9567,"template":"","meta":{"_acf_changed":false},"product_brand":[],"product_cat":[154,163],"product_tag":[],"class_list":{"0":"post-2405","1":"product","2":"type-product","3":"status-publish","4":"has-post-thumbnail","6":"product_cat-stone-care-and-protection","7":"product_cat-stone-glues-and-treatment","9":"first","10":"instock","11":"shipping-taxable","12":"product-type-simple"},"acf":[],"yoast_head":"<!-- This site is optimized with the Yoast SEO plugin v25.8 - https:\/\/yoast.com\/wordpress\/plugins\/seo\/ -->\n<title>Ager COLOR ENHANCER SEALER WET EFFECT - Diamondtec O\u00dc<\/title>\n<meta name=\"robots\" content=\"index, follow, max-snippet:-1, max-image-preview:large, max-video-preview:-1\" \/>\n<link rel=\"canonical\" href=\"https:\/\/diamondtec.ee\/en\/toode\/ager-color-enhancer-sealer-wet-effect\/\" \/>\n<meta property=\"og:locale\" content=\"en_US\" \/>\n<meta property=\"og:type\" content=\"article\" \/>\n<meta property=\"og:title\" content=\"Ager COLOR ENHANCER SEALER WET EFFECT - Diamondtec O\u00dc\" \/>\n<meta property=\"og:description\" content=\"Ager COLOR ENHANCER SEALER WET EFFECT Strong wet-effect enhancer. Water-oil repellent. Anti graffiti. For manual application \u200bMaterial: marbles, granite, natural stones (limestone, travertine, rosso verona, sandstone), agglomerate Indoor\/Outdoor UV resistent  Antigraffiti\" \/>\n<meta property=\"og:url\" content=\"https:\/\/diamondtec.ee\/en\/toode\/ager-color-enhancer-sealer-wet-effect\/\" \/>\n<meta property=\"og:site_name\" content=\"Diamondtec O\u00dc\" \/>\n<meta property=\"article:modified_time\" content=\"2022-11-30T09:16:06+00:00\" \/>\n<meta name=\"twitter:card\" content=\"summary_large_image\" \/>\n<script type=\"application\/ld+json\" class=\"yoast-schema-graph\">{\"@context\":\"https:\/\/schema.org\",\"@graph\":[{\"@type\":\"WebPage\",\"@id\":\"https:\/\/diamondtec.ee\/en\/toode\/ager-color-enhancer-sealer-wet-effect\/\",\"url\":\"https:\/\/diamondtec.ee\/en\/toode\/ager-color-enhancer-sealer-wet-effect\/\",\"name\":\"Ager COLOR ENHANCER SEALER WET EFFECT - Diamondtec O\u00dc\",\"isPartOf\":{\"@id\":\"https:\/\/diamondtec.ee\/en\/#website\"},\"primaryImageOfPage\":{\"@id\":\"https:\/\/diamondtec.ee\/en\/toode\/ager-color-enhancer-sealer-wet-effect\/#primaryimage\"},\"image\":{\"@id\":\"https:\/\/diamondtec.ee\/en\/toode\/ager-color-enhancer-sealer-wet-effect\/#primaryimage\"},\"thumbnailUrl\":\"https:\/\/diamondtec.ee\/wp-content\/uploads\/2019\/06\/mockup-ager-1500.png\",\"datePublished\":\"2019-06-19T10:34:08+00:00\",\"dateModified\":\"2022-11-30T09:16:06+00:00\",\"breadcrumb\":{\"@id\":\"https:\/\/diamondtec.ee\/en\/toode\/ager-color-enhancer-sealer-wet-effect\/#breadcrumb\"},\"inLanguage\":\"en-US\",\"potentialAction\":[{\"@type\":\"ReadAction\",\"target\":[\"https:\/\/diamondtec.ee\/en\/toode\/ager-color-enhancer-sealer-wet-effect\/\"]}]},{\"@type\":\"ImageObject\",\"inLanguage\":\"en-US\",\"@id\":\"https:\/\/diamondtec.ee\/en\/toode\/ager-color-enhancer-sealer-wet-effect\/#primaryimage\",\"url\":\"https:\/\/diamondtec.ee\/wp-content\/uploads\/2019\/06\/mockup-ager-1500.png\",\"contentUrl\":\"https:\/\/diamondtec.ee\/wp-content\/uploads\/2019\/06\/mockup-ager-1500.png\",\"width\":1500,\"height\":1500},{\"@type\":\"BreadcrumbList\",\"@id\":\"https:\/\/diamondtec.ee\/en\/toode\/ager-color-enhancer-sealer-wet-effect\/#breadcrumb\",\"itemListElement\":[{\"@type\":\"ListItem\",\"position\":1,\"name\":\"Avaleht\",\"item\":\"https:\/\/diamondtec.ee\/en\/\"},{\"@type\":\"ListItem\",\"position\":2,\"name\":\"Shop\",\"item\":\"https:\/\/diamondtec.ee\/en\/shop\/\"},{\"@type\":\"ListItem\",\"position\":3,\"name\":\"Ager COLOR ENHANCER SEALER WET EFFECT\"}]},{\"@type\":\"WebSite\",\"@id\":\"https:\/\/diamondtec.ee\/en\/#website\",\"url\":\"https:\/\/diamondtec.ee\/en\/\",\"name\":\"Diamondtec O\u00dc\",\"description\":\"Diamondtec - partner teemantt\u00f6\u00f6ristadele I diamondtec.ee\",\"publisher\":{\"@id\":\"https:\/\/diamondtec.ee\/en\/#organization\"},\"potentialAction\":[{\"@type\":\"SearchAction\",\"target\":{\"@type\":\"EntryPoint\",\"urlTemplate\":\"https:\/\/diamondtec.ee\/en\/?s={search_term_string}\"},\"query-input\":{\"@type\":\"PropertyValueSpecification\",\"valueRequired\":true,\"valueName\":\"search_term_string\"}}],\"inLanguage\":\"en-US\"},{\"@type\":\"Organization\",\"@id\":\"https:\/\/diamondtec.ee\/en\/#organization\",\"name\":\"Diamondtec O\u00dc\",\"url\":\"https:\/\/diamondtec.ee\/en\/\",\"logo\":{\"@type\":\"ImageObject\",\"inLanguage\":\"en-US\",\"@id\":\"https:\/\/diamondtec.ee\/en\/#\/schema\/logo\/image\/\",\"url\":\"https:\/\/diamondtec.ee\/wp-content\/uploads\/2022\/12\/wc_custom_default_pr_img.jpg\",\"contentUrl\":\"https:\/\/diamondtec.ee\/wp-content\/uploads\/2022\/12\/wc_custom_default_pr_img.jpg\",\"width\":800,\"height\":800,\"caption\":\"Diamondtec O\u00dc\"},\"image\":{\"@id\":\"https:\/\/diamondtec.ee\/en\/#\/schema\/logo\/image\/\"}}]}<\/script>\n<!-- \/ Yoast SEO plugin. -->","yoast_head_json":{"title":"Ager COLOR ENHANCER SEALER WET EFFECT - Diamondtec O\u00dc","robots":{"index":"index","follow":"follow","max-snippet":"max-snippet:-1","max-image-preview":"max-image-preview:large","max-video-preview":"max-video-preview:-1"},"canonical":"https:\/\/diamondtec.ee\/en\/toode\/ager-color-enhancer-sealer-wet-effect\/","og_locale":"en_US","og_type":"article","og_title":"Ager COLOR ENHANCER SEALER WET EFFECT - Diamondtec O\u00dc","og_description":"Ager COLOR ENHANCER SEALER WET EFFECT Strong wet-effect enhancer. Water-oil repellent. Anti graffiti. For manual application \u200bMaterial: marbles, granite, natural stones (limestone, travertine, rosso verona, sandstone), agglomerate Indoor\/Outdoor UV resistent  Antigraffiti","og_url":"https:\/\/diamondtec.ee\/en\/toode\/ager-color-enhancer-sealer-wet-effect\/","og_site_name":"Diamondtec O\u00dc","article_modified_time":"2022-11-30T09:16:06+00:00","twitter_card":"summary_large_image","schema":{"@context":"https:\/\/schema.org","@graph":[{"@type":"WebPage","@id":"https:\/\/diamondtec.ee\/en\/toode\/ager-color-enhancer-sealer-wet-effect\/","url":"https:\/\/diamondtec.ee\/en\/toode\/ager-color-enhancer-sealer-wet-effect\/","name":"Ager COLOR ENHANCER SEALER WET EFFECT - Diamondtec O\u00dc","isPartOf":{"@id":"https:\/\/diamondtec.ee\/en\/#website"},"primaryImageOfPage":{"@id":"https:\/\/diamondtec.ee\/en\/toode\/ager-color-enhancer-sealer-wet-effect\/#primaryimage"},"image":{"@id":"https:\/\/diamondtec.ee\/en\/toode\/ager-color-enhancer-sealer-wet-effect\/#primaryimage"},"thumbnailUrl":"https:\/\/diamondtec.ee\/wp-content\/uploads\/2019\/06\/mockup-ager-1500.png","datePublished":"2019-06-19T10:34:08+00:00","dateModified":"2022-11-30T09:16:06+00:00","breadcrumb":{"@id":"https:\/\/diamondtec.ee\/en\/toode\/ager-color-enhancer-sealer-wet-effect\/#breadcrumb"},"inLanguage":"en-US","potentialAction":[{"@type":"ReadAction","target":["https:\/\/diamondtec.ee\/en\/toode\/ager-color-enhancer-sealer-wet-effect\/"]}]},{"@type":"ImageObject","inLanguage":"en-US","@id":"https:\/\/diamondtec.ee\/en\/toode\/ager-color-enhancer-sealer-wet-effect\/#primaryimage","url":"https:\/\/diamondtec.ee\/wp-content\/uploads\/2019\/06\/mockup-ager-1500.png","contentUrl":"https:\/\/diamondtec.ee\/wp-content\/uploads\/2019\/06\/mockup-ager-1500.png","width":1500,"height":1500},{"@type":"BreadcrumbList","@id":"https:\/\/diamondtec.ee\/en\/toode\/ager-color-enhancer-sealer-wet-effect\/#breadcrumb","itemListElement":[{"@type":"ListItem","position":1,"name":"Avaleht","item":"https:\/\/diamondtec.ee\/en\/"},{"@type":"ListItem","position":2,"name":"Shop","item":"https:\/\/diamondtec.ee\/en\/shop\/"},{"@type":"ListItem","position":3,"name":"Ager COLOR ENHANCER SEALER WET EFFECT"}]},{"@type":"WebSite","@id":"https:\/\/diamondtec.ee\/en\/#website","url":"https:\/\/diamondtec.ee\/en\/","name":"Diamondtec O\u00dc","description":"Diamondtec - partner teemantt\u00f6\u00f6ristadele I diamondtec.ee","publisher":{"@id":"https:\/\/diamondtec.ee\/en\/#organization"},"potentialAction":[{"@type":"SearchAction","target":{"@type":"EntryPoint","urlTemplate":"https:\/\/diamondtec.ee\/en\/?s={search_term_string}"},"query-input":{"@type":"PropertyValueSpecification","valueRequired":true,"valueName":"search_term_string"}}],"inLanguage":"en-US"},{"@type":"Organization","@id":"https:\/\/diamondtec.ee\/en\/#organization","name":"Diamondtec O\u00dc","url":"https:\/\/diamondtec.ee\/en\/","logo":{"@type":"ImageObject","inLanguage":"en-US","@id":"https:\/\/diamondtec.ee\/en\/#\/schema\/logo\/image\/","url":"https:\/\/diamondtec.ee\/wp-content\/uploads\/2022\/12\/wc_custom_default_pr_img.jpg","contentUrl":"https:\/\/diamondtec.ee\/wp-content\/uploads\/2022\/12\/wc_custom_default_pr_img.jpg","width":800,"height":800,"caption":"Diamondtec O\u00dc"},"image":{"@id":"https:\/\/diamondtec.ee\/en\/#\/schema\/logo\/image\/"}}]}},"jetpack_sharing_enabled":true,"_links":{"self":[{"href":"https:\/\/diamondtec.ee\/en\/wp-json\/wp\/v2\/product\/2405","targetHints":{"allow":["GET"]}}],"collection":[{"href":"https:\/\/diamondtec.ee\/en\/wp-json\/wp\/v2\/product"}],"about":[{"href":"https:\/\/diamondtec.ee\/en\/wp-json\/wp\/v2\/types\/product"}],"wp:featuredmedia":[{"embeddable":true,"href":"https:\/\/diamondtec.ee\/en\/wp-json\/wp\/v2\/media\/9567"}],"wp:attachment":[{"href":"https:\/\/diamondtec.ee\/en\/wp-json\/wp\/v2\/media?parent=2405"}],"wp:term":[{"taxonomy":"product_brand","embeddable":true,"href":"https:\/\/diamondtec.ee\/en\/wp-json\/wp\/v2\/product_brand?post=2405"},{"taxonomy":"product_cat","embeddable":true,"href":"https:\/\/diamondtec.ee\/en\/wp-json\/wp\/v2\/product_cat?post=2405"},{"taxonomy":"product_tag","embeddable":true,"href":"https:\/\/diamondtec.ee\/en\/wp-json\/wp\/v2\/product_tag?post=2405"}],"curies":[{"name":"wp","href":"https:\/\/api.w.org\/{rel}","templated":true}]}}