{"id":2559,"date":"2019-07-03T11:29:35","date_gmt":"2019-07-03T08:29:35","guid":{"rendered":"https:\/\/diamondtec.ee\/toode\/colorante-pasta\/"},"modified":"2025-08-20T22:35:11","modified_gmt":"2025-08-20T19:35:11","slug":"colorante-pasta","status":"publish","type":"product","link":"https:\/\/diamondtec.ee\/en\/toode\/colorante-pasta\/","title":{"rendered":"COLORANTE PASTA"},"content":{"rendered":"","protected":false},"excerpt":{"rendered":"<p>Colored paste for polyester adhesives and mastics. Soft paste that is very easy to mix with different adhesives. Available in white, black, red, green, yellow, brown, ivory and straw.<\/p>\n","protected":false},"featured_media":9607,"template":"","meta":{"_acf_changed":false},"product_brand":[],"product_cat":[154,163],"product_tag":[],"class_list":{"0":"post-2559","1":"product","2":"type-product","3":"status-publish","4":"has-post-thumbnail","6":"product_cat-stone-care-and-protection","7":"product_cat-stone-glues-and-treatment","9":"first","10":"instock","11":"shipping-taxable","12":"product-type-simple"},"acf":[],"yoast_head":"<!-- This site is optimized with the Yoast SEO plugin v25.8 - https:\/\/yoast.com\/wordpress\/plugins\/seo\/ -->\n<title>COLORANTE PASTA - Diamondtec O\u00dc<\/title>\n<meta name=\"description\" content=\"Colored paste for polyester adhesives and mastics. Soft paste that is very easy to mix with different adhesives. Available in white, black, red, green, yellow, brown, ivory and straw.\" \/>\n<meta name=\"robots\" content=\"index, follow, max-snippet:-1, max-image-preview:large, max-video-preview:-1\" \/>\n<link rel=\"canonical\" href=\"https:\/\/diamondtec.ee\/en\/toode\/colorante-pasta\/\" \/>\n<meta property=\"og:locale\" content=\"en_US\" \/>\n<meta property=\"og:type\" content=\"article\" \/>\n<meta property=\"og:title\" content=\"COLORANTE PASTA - Diamondtec O\u00dc\" \/>\n<meta property=\"og:description\" content=\"Colored paste for polyester adhesives and mastics. Soft paste that is very easy to mix with different adhesives. Available in white, black, red, green, yellow, brown, ivory and straw.\" \/>\n<meta property=\"og:url\" content=\"https:\/\/diamondtec.ee\/en\/toode\/colorante-pasta\/\" \/>\n<meta property=\"og:site_name\" content=\"Diamondtec O\u00dc\" \/>\n<meta property=\"article:modified_time\" content=\"2025-08-20T19:35:11+00:00\" \/>\n<meta name=\"twitter:card\" content=\"summary_large_image\" \/>\n<script type=\"application\/ld+json\" class=\"yoast-schema-graph\">{\"@context\":\"https:\/\/schema.org\",\"@graph\":[{\"@type\":\"WebPage\",\"@id\":\"https:\/\/diamondtec.ee\/en\/toode\/colorante-pasta\/\",\"url\":\"https:\/\/diamondtec.ee\/en\/toode\/colorante-pasta\/\",\"name\":\"COLORANTE PASTA - Diamondtec O\u00dc\",\"isPartOf\":{\"@id\":\"https:\/\/diamondtec.ee\/en\/#website\"},\"primaryImageOfPage\":{\"@id\":\"https:\/\/diamondtec.ee\/en\/toode\/colorante-pasta\/#primaryimage\"},\"image\":{\"@id\":\"https:\/\/diamondtec.ee\/en\/toode\/colorante-pasta\/#primaryimage\"},\"thumbnailUrl\":\"https:\/\/diamondtec.ee\/wp-content\/uploads\/2019\/07\/tenax-barvici-pasty.webp\",\"datePublished\":\"2019-07-03T08:29:35+00:00\",\"dateModified\":\"2025-08-20T19:35:11+00:00\",\"description\":\"Colored paste for polyester adhesives and mastics. Soft paste that is very easy to mix with different adhesives. Available in white, black, red, green, yellow, brown, ivory and straw.\",\"breadcrumb\":{\"@id\":\"https:\/\/diamondtec.ee\/en\/toode\/colorante-pasta\/#breadcrumb\"},\"inLanguage\":\"en-US\",\"potentialAction\":[{\"@type\":\"ReadAction\",\"target\":[\"https:\/\/diamondtec.ee\/en\/toode\/colorante-pasta\/\"]}]},{\"@type\":\"ImageObject\",\"inLanguage\":\"en-US\",\"@id\":\"https:\/\/diamondtec.ee\/en\/toode\/colorante-pasta\/#primaryimage\",\"url\":\"https:\/\/diamondtec.ee\/wp-content\/uploads\/2019\/07\/tenax-barvici-pasty.webp\",\"contentUrl\":\"https:\/\/diamondtec.ee\/wp-content\/uploads\/2019\/07\/tenax-barvici-pasty.webp\",\"width\":1000,\"height\":402,\"caption\":\"Tenax COLORANTE PASTA\"},{\"@type\":\"BreadcrumbList\",\"@id\":\"https:\/\/diamondtec.ee\/en\/toode\/colorante-pasta\/#breadcrumb\",\"itemListElement\":[{\"@type\":\"ListItem\",\"position\":1,\"name\":\"Avaleht\",\"item\":\"https:\/\/diamondtec.ee\/en\/\"},{\"@type\":\"ListItem\",\"position\":2,\"name\":\"Shop\",\"item\":\"https:\/\/diamondtec.ee\/en\/shop\/\"},{\"@type\":\"ListItem\",\"position\":3,\"name\":\"COLORANTE PASTA\"}]},{\"@type\":\"WebSite\",\"@id\":\"https:\/\/diamondtec.ee\/en\/#website\",\"url\":\"https:\/\/diamondtec.ee\/en\/\",\"name\":\"Diamondtec O\u00dc\",\"description\":\"Diamondtec - partner teemantt\u00f6\u00f6ristadele I diamondtec.ee\",\"publisher\":{\"@id\":\"https:\/\/diamondtec.ee\/en\/#organization\"},\"potentialAction\":[{\"@type\":\"SearchAction\",\"target\":{\"@type\":\"EntryPoint\",\"urlTemplate\":\"https:\/\/diamondtec.ee\/en\/?s={search_term_string}\"},\"query-input\":{\"@type\":\"PropertyValueSpecification\",\"valueRequired\":true,\"valueName\":\"search_term_string\"}}],\"inLanguage\":\"en-US\"},{\"@type\":\"Organization\",\"@id\":\"https:\/\/diamondtec.ee\/en\/#organization\",\"name\":\"Diamondtec O\u00dc\",\"url\":\"https:\/\/diamondtec.ee\/en\/\",\"logo\":{\"@type\":\"ImageObject\",\"inLanguage\":\"en-US\",\"@id\":\"https:\/\/diamondtec.ee\/en\/#\/schema\/logo\/image\/\",\"url\":\"https:\/\/diamondtec.ee\/wp-content\/uploads\/2022\/12\/wc_custom_default_pr_img.jpg\",\"contentUrl\":\"https:\/\/diamondtec.ee\/wp-content\/uploads\/2022\/12\/wc_custom_default_pr_img.jpg\",\"width\":800,\"height\":800,\"caption\":\"Diamondtec O\u00dc\"},\"image\":{\"@id\":\"https:\/\/diamondtec.ee\/en\/#\/schema\/logo\/image\/\"}}]}<\/script>\n<!-- \/ Yoast SEO plugin. -->","yoast_head_json":{"title":"COLORANTE PASTA - Diamondtec O\u00dc","description":"Colored paste for polyester adhesives and mastics. Soft paste that is very easy to mix with different adhesives. Available in white, black, red, green, yellow, brown, ivory and straw.","robots":{"index":"index","follow":"follow","max-snippet":"max-snippet:-1","max-image-preview":"max-image-preview:large","max-video-preview":"max-video-preview:-1"},"canonical":"https:\/\/diamondtec.ee\/en\/toode\/colorante-pasta\/","og_locale":"en_US","og_type":"article","og_title":"COLORANTE PASTA - Diamondtec O\u00dc","og_description":"Colored paste for polyester adhesives and mastics. Soft paste that is very easy to mix with different adhesives. Available in white, black, red, green, yellow, brown, ivory and straw.","og_url":"https:\/\/diamondtec.ee\/en\/toode\/colorante-pasta\/","og_site_name":"Diamondtec O\u00dc","article_modified_time":"2025-08-20T19:35:11+00:00","twitter_card":"summary_large_image","schema":{"@context":"https:\/\/schema.org","@graph":[{"@type":"WebPage","@id":"https:\/\/diamondtec.ee\/en\/toode\/colorante-pasta\/","url":"https:\/\/diamondtec.ee\/en\/toode\/colorante-pasta\/","name":"COLORANTE PASTA - Diamondtec O\u00dc","isPartOf":{"@id":"https:\/\/diamondtec.ee\/en\/#website"},"primaryImageOfPage":{"@id":"https:\/\/diamondtec.ee\/en\/toode\/colorante-pasta\/#primaryimage"},"image":{"@id":"https:\/\/diamondtec.ee\/en\/toode\/colorante-pasta\/#primaryimage"},"thumbnailUrl":"https:\/\/diamondtec.ee\/wp-content\/uploads\/2019\/07\/tenax-barvici-pasty.webp","datePublished":"2019-07-03T08:29:35+00:00","dateModified":"2025-08-20T19:35:11+00:00","description":"Colored paste for polyester adhesives and mastics. Soft paste that is very easy to mix with different adhesives. Available in white, black, red, green, yellow, brown, ivory and straw.","breadcrumb":{"@id":"https:\/\/diamondtec.ee\/en\/toode\/colorante-pasta\/#breadcrumb"},"inLanguage":"en-US","potentialAction":[{"@type":"ReadAction","target":["https:\/\/diamondtec.ee\/en\/toode\/colorante-pasta\/"]}]},{"@type":"ImageObject","inLanguage":"en-US","@id":"https:\/\/diamondtec.ee\/en\/toode\/colorante-pasta\/#primaryimage","url":"https:\/\/diamondtec.ee\/wp-content\/uploads\/2019\/07\/tenax-barvici-pasty.webp","contentUrl":"https:\/\/diamondtec.ee\/wp-content\/uploads\/2019\/07\/tenax-barvici-pasty.webp","width":1000,"height":402,"caption":"Tenax COLORANTE PASTA"},{"@type":"BreadcrumbList","@id":"https:\/\/diamondtec.ee\/en\/toode\/colorante-pasta\/#breadcrumb","itemListElement":[{"@type":"ListItem","position":1,"name":"Avaleht","item":"https:\/\/diamondtec.ee\/en\/"},{"@type":"ListItem","position":2,"name":"Shop","item":"https:\/\/diamondtec.ee\/en\/shop\/"},{"@type":"ListItem","position":3,"name":"COLORANTE PASTA"}]},{"@type":"WebSite","@id":"https:\/\/diamondtec.ee\/en\/#website","url":"https:\/\/diamondtec.ee\/en\/","name":"Diamondtec O\u00dc","description":"Diamondtec - partner teemantt\u00f6\u00f6ristadele I diamondtec.ee","publisher":{"@id":"https:\/\/diamondtec.ee\/en\/#organization"},"potentialAction":[{"@type":"SearchAction","target":{"@type":"EntryPoint","urlTemplate":"https:\/\/diamondtec.ee\/en\/?s={search_term_string}"},"query-input":{"@type":"PropertyValueSpecification","valueRequired":true,"valueName":"search_term_string"}}],"inLanguage":"en-US"},{"@type":"Organization","@id":"https:\/\/diamondtec.ee\/en\/#organization","name":"Diamondtec O\u00dc","url":"https:\/\/diamondtec.ee\/en\/","logo":{"@type":"ImageObject","inLanguage":"en-US","@id":"https:\/\/diamondtec.ee\/en\/#\/schema\/logo\/image\/","url":"https:\/\/diamondtec.ee\/wp-content\/uploads\/2022\/12\/wc_custom_default_pr_img.jpg","contentUrl":"https:\/\/diamondtec.ee\/wp-content\/uploads\/2022\/12\/wc_custom_default_pr_img.jpg","width":800,"height":800,"caption":"Diamondtec O\u00dc"},"image":{"@id":"https:\/\/diamondtec.ee\/en\/#\/schema\/logo\/image\/"}}]}},"jetpack_sharing_enabled":true,"_links":{"self":[{"href":"https:\/\/diamondtec.ee\/en\/wp-json\/wp\/v2\/product\/2559","targetHints":{"allow":["GET"]}}],"collection":[{"href":"https:\/\/diamondtec.ee\/en\/wp-json\/wp\/v2\/product"}],"about":[{"href":"https:\/\/diamondtec.ee\/en\/wp-json\/wp\/v2\/types\/product"}],"wp:featuredmedia":[{"embeddable":true,"href":"https:\/\/diamondtec.ee\/en\/wp-json\/wp\/v2\/media\/9607"}],"wp:attachment":[{"href":"https:\/\/diamondtec.ee\/en\/wp-json\/wp\/v2\/media?parent=2559"}],"wp:term":[{"taxonomy":"product_brand","embeddable":true,"href":"https:\/\/diamondtec.ee\/en\/wp-json\/wp\/v2\/product_brand?post=2559"},{"taxonomy":"product_cat","embeddable":true,"href":"https:\/\/diamondtec.ee\/en\/wp-json\/wp\/v2\/product_cat?post=2559"},{"taxonomy":"product_tag","embeddable":true,"href":"https:\/\/diamondtec.ee\/en\/wp-json\/wp\/v2\/product_tag?post=2559"}],"curies":[{"name":"wp","href":"https:\/\/api.w.org\/{rel}","templated":true}]}}