{"id":2635,"date":"2018-10-11T14:02:01","date_gmt":"2018-10-11T11:02:01","guid":{"rendered":"https:\/\/diamondtec.ee\/toode\/air-wet-sanderpolisher-for-stone-gpw-7\/"},"modified":"2019-10-02T17:02:43","modified_gmt":"2019-10-02T14:02:43","slug":"air-wet-sanderpolisher-for-stone-gpw-7","status":"publish","type":"product","link":"https:\/\/diamondtec.ee\/en\/toode\/air-wet-sanderpolisher-for-stone-gpw-7\/","title":{"rendered":"AIR WET SANDER,POLISHER FOR STONE GPW-7"},"content":{"rendered":"<p>This center water feed 4500rpm air polisher GPW-7 has a front side exhaust port, which allows the user to dry the edge with the tool and inspect their work as they go. Economical and reliable, this tool is a great value. Lightweight and compact design which is suited to single handed operation. Includes one 4&#8243; or 3&#8243; back holder.<\/p>\n<p>Pneumatic Water Stone Sanders,Polishers, Air Wet Sander<br \/>\nWet Air Stone,Marble,Granite Processing Tools<\/p>\n<p>Air Water Sander<br \/>\nAir Water Polisher<br \/>\nPneumatic Wet\/Waterfeed Stone Polisher<\/p>\n<p><strong>SPECIFICATION<\/strong><br \/>\nSide Exhaust, ON-OFF Switch<br \/>\nSpindle Size : 5\/8-11, M14, M16<br \/>\nPad Size : 3&#8243; or 4&#8243;<br \/>\nMax. Free Speed : 4,500 rpm<br \/>\nMax. Horse Power : 0.43 HP (321W)<br \/>\nWeight : 1.17 kgs<br \/>\nLength : 246 mm<br \/>\nAir Cons : 0.46 m3\/min (16.2 scfm)<br \/>\nSound Pressur : 84 dBA<br \/>\nVibration : &lt; 2.5 m\/sec2<br \/>\nAir Pressure : 90 psi<br \/>\nPacking (1 Carton) : 10 pcs\/1.4 cu.ft\/G:20 kgs<br \/>\n* without Air Hose \/ Water Hose *<\/p>\n<p><strong>FEATURES<\/strong><br \/>\nLow vibrate and noise with excellent performance.<br \/>\nGravity casting housing carries long duration of tool.<br \/>\n3-section-shifting knob enables user to adjust frequency of air for reducing free speed.<br \/>\nSection 1. 700 rpm, &lt;0.1HP<br \/>\nSection 2. 3800 rpm, 0.25 HP<br \/>\nSection 3. 4500 rpm, 0.43 HP<br \/>\nCentre water feed function reduces dust, and improves environment protection.<br \/>\nWater valve can be adjusted for variable water-flow.<br \/>\nIncludes a reversible side handle.<br \/>\nRubber sleeve keeps hands from getting cold.<br \/>\nBoth 3&#8243; and 4&#8243; pads are available.<br \/>\nLightweight (3 lbs) and compactable design are also suitable for single-hand operation.<br \/>\nDon&#8217;t use polishing pads bigger than 100 mm (4&#8243;). The 125 mm (5&#8243;) is easy to cause damage to the tool.<\/p>\n","protected":false},"excerpt":{"rendered":"<h3 class=\"name\">(4500RPM, SIDE EXHAUST, ON-OFF SWITCH)<\/h3>\n","protected":false},"featured_media":2636,"template":"","meta":{"_acf_changed":false},"product_brand":[],"product_cat":[153,168],"product_tag":[],"class_list":{"0":"post-2635","1":"product","2":"type-product","3":"status-publish","4":"has-post-thumbnail","6":"product_cat-gison-wet-air-sander-polishers","7":"product_cat-machines","9":"first","10":"instock","11":"shipping-taxable","12":"product-type-simple"},"acf":[],"yoast_head":"<!-- This site is optimized with the Yoast SEO plugin v25.8 - https:\/\/yoast.com\/wordpress\/plugins\/seo\/ -->\n<title>AIR WET SANDER,POLISHER FOR STONE GPW-7 - Diamondtec O\u00dc<\/title>\n<meta name=\"robots\" content=\"index, follow, max-snippet:-1, max-image-preview:large, max-video-preview:-1\" \/>\n<link rel=\"canonical\" href=\"https:\/\/diamondtec.ee\/en\/toode\/air-wet-sanderpolisher-for-stone-gpw-7\/\" \/>\n<meta property=\"og:locale\" content=\"en_US\" \/>\n<meta property=\"og:type\" content=\"article\" \/>\n<meta property=\"og:title\" content=\"AIR WET SANDER,POLISHER FOR STONE GPW-7 - Diamondtec O\u00dc\" \/>\n<meta property=\"og:description\" content=\"(4500RPM, SIDE EXHAUST, ON-OFF SWITCH)\" \/>\n<meta property=\"og:url\" content=\"https:\/\/diamondtec.ee\/en\/toode\/air-wet-sanderpolisher-for-stone-gpw-7\/\" \/>\n<meta property=\"og:site_name\" content=\"Diamondtec O\u00dc\" \/>\n<meta property=\"article:modified_time\" content=\"2019-10-02T14:02:43+00:00\" \/>\n<meta property=\"og:image\" content=\"https:\/\/diamondtec.ee\/wp-content\/uploads\/2018\/10\/GPW-7.jpg\" \/>\n\t<meta property=\"og:image:width\" content=\"600\" \/>\n\t<meta property=\"og:image:height\" content=\"600\" \/>\n\t<meta property=\"og:image:type\" content=\"image\/jpeg\" \/>\n<meta name=\"twitter:card\" content=\"summary_large_image\" \/>\n<meta name=\"twitter:label1\" content=\"Est. reading time\" \/>\n\t<meta name=\"twitter:data1\" content=\"1 minute\" \/>\n<script type=\"application\/ld+json\" class=\"yoast-schema-graph\">{\"@context\":\"https:\/\/schema.org\",\"@graph\":[{\"@type\":\"WebPage\",\"@id\":\"https:\/\/diamondtec.ee\/en\/toode\/air-wet-sanderpolisher-for-stone-gpw-7\/\",\"url\":\"https:\/\/diamondtec.ee\/en\/toode\/air-wet-sanderpolisher-for-stone-gpw-7\/\",\"name\":\"AIR WET SANDER,POLISHER FOR STONE GPW-7 - Diamondtec O\u00dc\",\"isPartOf\":{\"@id\":\"https:\/\/diamondtec.ee\/en\/#website\"},\"primaryImageOfPage\":{\"@id\":\"https:\/\/diamondtec.ee\/en\/toode\/air-wet-sanderpolisher-for-stone-gpw-7\/#primaryimage\"},\"image\":{\"@id\":\"https:\/\/diamondtec.ee\/en\/toode\/air-wet-sanderpolisher-for-stone-gpw-7\/#primaryimage\"},\"thumbnailUrl\":\"https:\/\/diamondtec.ee\/wp-content\/uploads\/2018\/10\/GPW-7.jpg\",\"datePublished\":\"2018-10-11T11:02:01+00:00\",\"dateModified\":\"2019-10-02T14:02:43+00:00\",\"breadcrumb\":{\"@id\":\"https:\/\/diamondtec.ee\/en\/toode\/air-wet-sanderpolisher-for-stone-gpw-7\/#breadcrumb\"},\"inLanguage\":\"en-US\",\"potentialAction\":[{\"@type\":\"ReadAction\",\"target\":[\"https:\/\/diamondtec.ee\/en\/toode\/air-wet-sanderpolisher-for-stone-gpw-7\/\"]}]},{\"@type\":\"ImageObject\",\"inLanguage\":\"en-US\",\"@id\":\"https:\/\/diamondtec.ee\/en\/toode\/air-wet-sanderpolisher-for-stone-gpw-7\/#primaryimage\",\"url\":\"https:\/\/diamondtec.ee\/wp-content\/uploads\/2018\/10\/GPW-7.jpg\",\"contentUrl\":\"https:\/\/diamondtec.ee\/wp-content\/uploads\/2018\/10\/GPW-7.jpg\",\"width\":600,\"height\":600},{\"@type\":\"BreadcrumbList\",\"@id\":\"https:\/\/diamondtec.ee\/en\/toode\/air-wet-sanderpolisher-for-stone-gpw-7\/#breadcrumb\",\"itemListElement\":[{\"@type\":\"ListItem\",\"position\":1,\"name\":\"Avaleht\",\"item\":\"https:\/\/diamondtec.ee\/en\/\"},{\"@type\":\"ListItem\",\"position\":2,\"name\":\"Shop\",\"item\":\"https:\/\/diamondtec.ee\/en\/shop\/\"},{\"@type\":\"ListItem\",\"position\":3,\"name\":\"AIR WET SANDER,POLISHER FOR STONE GPW-7\"}]},{\"@type\":\"WebSite\",\"@id\":\"https:\/\/diamondtec.ee\/en\/#website\",\"url\":\"https:\/\/diamondtec.ee\/en\/\",\"name\":\"Diamondtec O\u00dc\",\"description\":\"Diamondtec - partner teemantt\u00f6\u00f6ristadele I diamondtec.ee\",\"publisher\":{\"@id\":\"https:\/\/diamondtec.ee\/en\/#organization\"},\"potentialAction\":[{\"@type\":\"SearchAction\",\"target\":{\"@type\":\"EntryPoint\",\"urlTemplate\":\"https:\/\/diamondtec.ee\/en\/?s={search_term_string}\"},\"query-input\":{\"@type\":\"PropertyValueSpecification\",\"valueRequired\":true,\"valueName\":\"search_term_string\"}}],\"inLanguage\":\"en-US\"},{\"@type\":\"Organization\",\"@id\":\"https:\/\/diamondtec.ee\/en\/#organization\",\"name\":\"Diamondtec O\u00dc\",\"url\":\"https:\/\/diamondtec.ee\/en\/\",\"logo\":{\"@type\":\"ImageObject\",\"inLanguage\":\"en-US\",\"@id\":\"https:\/\/diamondtec.ee\/en\/#\/schema\/logo\/image\/\",\"url\":\"https:\/\/diamondtec.ee\/wp-content\/uploads\/2022\/12\/wc_custom_default_pr_img.jpg\",\"contentUrl\":\"https:\/\/diamondtec.ee\/wp-content\/uploads\/2022\/12\/wc_custom_default_pr_img.jpg\",\"width\":800,\"height\":800,\"caption\":\"Diamondtec O\u00dc\"},\"image\":{\"@id\":\"https:\/\/diamondtec.ee\/en\/#\/schema\/logo\/image\/\"}}]}<\/script>\n<!-- \/ Yoast SEO plugin. -->","yoast_head_json":{"title":"AIR WET SANDER,POLISHER FOR STONE GPW-7 - Diamondtec O\u00dc","robots":{"index":"index","follow":"follow","max-snippet":"max-snippet:-1","max-image-preview":"max-image-preview:large","max-video-preview":"max-video-preview:-1"},"canonical":"https:\/\/diamondtec.ee\/en\/toode\/air-wet-sanderpolisher-for-stone-gpw-7\/","og_locale":"en_US","og_type":"article","og_title":"AIR WET SANDER,POLISHER FOR STONE GPW-7 - Diamondtec O\u00dc","og_description":"(4500RPM, SIDE EXHAUST, ON-OFF SWITCH)","og_url":"https:\/\/diamondtec.ee\/en\/toode\/air-wet-sanderpolisher-for-stone-gpw-7\/","og_site_name":"Diamondtec O\u00dc","article_modified_time":"2019-10-02T14:02:43+00:00","og_image":[{"width":600,"height":600,"url":"https:\/\/diamondtec.ee\/wp-content\/uploads\/2018\/10\/GPW-7.jpg","type":"image\/jpeg"}],"twitter_card":"summary_large_image","twitter_misc":{"Est. reading time":"1 minute"},"schema":{"@context":"https:\/\/schema.org","@graph":[{"@type":"WebPage","@id":"https:\/\/diamondtec.ee\/en\/toode\/air-wet-sanderpolisher-for-stone-gpw-7\/","url":"https:\/\/diamondtec.ee\/en\/toode\/air-wet-sanderpolisher-for-stone-gpw-7\/","name":"AIR WET SANDER,POLISHER FOR STONE GPW-7 - Diamondtec O\u00dc","isPartOf":{"@id":"https:\/\/diamondtec.ee\/en\/#website"},"primaryImageOfPage":{"@id":"https:\/\/diamondtec.ee\/en\/toode\/air-wet-sanderpolisher-for-stone-gpw-7\/#primaryimage"},"image":{"@id":"https:\/\/diamondtec.ee\/en\/toode\/air-wet-sanderpolisher-for-stone-gpw-7\/#primaryimage"},"thumbnailUrl":"https:\/\/diamondtec.ee\/wp-content\/uploads\/2018\/10\/GPW-7.jpg","datePublished":"2018-10-11T11:02:01+00:00","dateModified":"2019-10-02T14:02:43+00:00","breadcrumb":{"@id":"https:\/\/diamondtec.ee\/en\/toode\/air-wet-sanderpolisher-for-stone-gpw-7\/#breadcrumb"},"inLanguage":"en-US","potentialAction":[{"@type":"ReadAction","target":["https:\/\/diamondtec.ee\/en\/toode\/air-wet-sanderpolisher-for-stone-gpw-7\/"]}]},{"@type":"ImageObject","inLanguage":"en-US","@id":"https:\/\/diamondtec.ee\/en\/toode\/air-wet-sanderpolisher-for-stone-gpw-7\/#primaryimage","url":"https:\/\/diamondtec.ee\/wp-content\/uploads\/2018\/10\/GPW-7.jpg","contentUrl":"https:\/\/diamondtec.ee\/wp-content\/uploads\/2018\/10\/GPW-7.jpg","width":600,"height":600},{"@type":"BreadcrumbList","@id":"https:\/\/diamondtec.ee\/en\/toode\/air-wet-sanderpolisher-for-stone-gpw-7\/#breadcrumb","itemListElement":[{"@type":"ListItem","position":1,"name":"Avaleht","item":"https:\/\/diamondtec.ee\/en\/"},{"@type":"ListItem","position":2,"name":"Shop","item":"https:\/\/diamondtec.ee\/en\/shop\/"},{"@type":"ListItem","position":3,"name":"AIR WET SANDER,POLISHER FOR STONE GPW-7"}]},{"@type":"WebSite","@id":"https:\/\/diamondtec.ee\/en\/#website","url":"https:\/\/diamondtec.ee\/en\/","name":"Diamondtec O\u00dc","description":"Diamondtec - partner teemantt\u00f6\u00f6ristadele I diamondtec.ee","publisher":{"@id":"https:\/\/diamondtec.ee\/en\/#organization"},"potentialAction":[{"@type":"SearchAction","target":{"@type":"EntryPoint","urlTemplate":"https:\/\/diamondtec.ee\/en\/?s={search_term_string}"},"query-input":{"@type":"PropertyValueSpecification","valueRequired":true,"valueName":"search_term_string"}}],"inLanguage":"en-US"},{"@type":"Organization","@id":"https:\/\/diamondtec.ee\/en\/#organization","name":"Diamondtec O\u00dc","url":"https:\/\/diamondtec.ee\/en\/","logo":{"@type":"ImageObject","inLanguage":"en-US","@id":"https:\/\/diamondtec.ee\/en\/#\/schema\/logo\/image\/","url":"https:\/\/diamondtec.ee\/wp-content\/uploads\/2022\/12\/wc_custom_default_pr_img.jpg","contentUrl":"https:\/\/diamondtec.ee\/wp-content\/uploads\/2022\/12\/wc_custom_default_pr_img.jpg","width":800,"height":800,"caption":"Diamondtec O\u00dc"},"image":{"@id":"https:\/\/diamondtec.ee\/en\/#\/schema\/logo\/image\/"}}]}},"jetpack_sharing_enabled":true,"_links":{"self":[{"href":"https:\/\/diamondtec.ee\/en\/wp-json\/wp\/v2\/product\/2635","targetHints":{"allow":["GET"]}}],"collection":[{"href":"https:\/\/diamondtec.ee\/en\/wp-json\/wp\/v2\/product"}],"about":[{"href":"https:\/\/diamondtec.ee\/en\/wp-json\/wp\/v2\/types\/product"}],"wp:featuredmedia":[{"embeddable":true,"href":"https:\/\/diamondtec.ee\/en\/wp-json\/wp\/v2\/media\/2636"}],"wp:attachment":[{"href":"https:\/\/diamondtec.ee\/en\/wp-json\/wp\/v2\/media?parent=2635"}],"wp:term":[{"taxonomy":"product_brand","embeddable":true,"href":"https:\/\/diamondtec.ee\/en\/wp-json\/wp\/v2\/product_brand?post=2635"},{"taxonomy":"product_cat","embeddable":true,"href":"https:\/\/diamondtec.ee\/en\/wp-json\/wp\/v2\/product_cat?post=2635"},{"taxonomy":"product_tag","embeddable":true,"href":"https:\/\/diamondtec.ee\/en\/wp-json\/wp\/v2\/product_tag?post=2635"}],"curies":[{"name":"wp","href":"https:\/\/api.w.org\/{rel}","templated":true}]}}