{"id":2673,"date":"2018-10-11T13:35:46","date_gmt":"2018-10-11T10:35:46","guid":{"rendered":"https:\/\/diamondtec.ee\/toode\/pld-182-nt\/"},"modified":"2019-10-02T19:49:32","modified_gmt":"2019-10-02T16:49:32","slug":"pld-182-nt","status":"publish","type":"product","link":"https:\/\/diamondtec.ee\/en\/toode\/pld-182-nt\/","title":{"rendered":"PLD 182 NT"},"content":{"rendered":"<h3>Use:<\/h3>\n<ul>\n<li>Dry drilling in sand-lime brick, brickwork, clinker, brick and other abrasive materials as well as wet drilling in reinforced concrete, natural stone and asphalt<\/li>\n<li>Drilling operators, civil engineering, sanitary, heating and ventilation construction, other installation companies, garden- and landscaping trade<\/li>\n<\/ul>\n<h3>Features:<\/h3>\n<ul>\n<li>Powerful 2300 W motor with high power reserves and a long lifetime, able for continuous work under pressure<\/li>\n<li>Electronic &#8211; soft start, temperature control and overcurrent cut-off, overload indication<\/li>\n<li>3-speed oil bath gearbox &#8211; for optimal lubrication in all working positions due to the specially developed oil pump and optimal adjusted torque-speed-ratio for all diameters<\/li>\n<li>Mechanical safety clutch<\/li>\n<li>Combination spindle with integrated connection for centering rod &#8211; fast, precise spot drilling<\/li>\n<li>Ergonomic handle with large-dimensioned switch button &#8211; good control and effortless working<\/li>\n<li>PUR-construction site cable &#8211; strong for heavy duty use<\/li>\n<li>Integrated levels on machine<\/li>\n<\/ul>\n","protected":false},"excerpt":{"rendered":"<p>The compact wet-dry machine for hardest applications in series drilling up to \u00d8 182 mm<\/p>\n","protected":false},"featured_media":2674,"template":"","meta":{"_acf_changed":false},"product_brand":[],"product_cat":[177,168],"product_tag":[],"class_list":{"0":"post-2673","1":"product","2":"type-product","3":"status-publish","4":"has-post-thumbnail","6":"product_cat-diamond-wet-core-drills-eibenstock","7":"product_cat-machines","9":"first","10":"instock","11":"shipping-taxable","12":"product-type-simple"},"acf":[],"yoast_head":"<!-- This site is optimized with the Yoast SEO plugin v25.8 - https:\/\/yoast.com\/wordpress\/plugins\/seo\/ -->\n<title>PLD 182 NT - Diamondtec O\u00dc<\/title>\n<meta name=\"robots\" content=\"index, follow, max-snippet:-1, max-image-preview:large, max-video-preview:-1\" \/>\n<link rel=\"canonical\" href=\"https:\/\/diamondtec.ee\/en\/toode\/pld-182-nt\/\" \/>\n<meta property=\"og:locale\" content=\"en_US\" \/>\n<meta property=\"og:type\" content=\"article\" \/>\n<meta property=\"og:title\" content=\"PLD 182 NT - Diamondtec O\u00dc\" \/>\n<meta property=\"og:description\" content=\"The compact wet-dry machine for hardest applications in series drilling up to \u00d8 182 mm\" \/>\n<meta property=\"og:url\" content=\"https:\/\/diamondtec.ee\/en\/toode\/pld-182-nt\/\" \/>\n<meta property=\"og:site_name\" content=\"Diamondtec O\u00dc\" \/>\n<meta property=\"article:modified_time\" content=\"2019-10-02T16:49:32+00:00\" \/>\n<meta property=\"og:image\" content=\"https:\/\/diamondtec.ee\/wp-content\/uploads\/2018\/10\/PLD-182-NT.jpg\" \/>\n\t<meta property=\"og:image:width\" content=\"600\" \/>\n\t<meta property=\"og:image:height\" content=\"600\" \/>\n\t<meta property=\"og:image:type\" content=\"image\/jpeg\" \/>\n<meta name=\"twitter:card\" content=\"summary_large_image\" \/>\n<meta name=\"twitter:label1\" content=\"Est. reading time\" \/>\n\t<meta name=\"twitter:data1\" content=\"1 minute\" \/>\n<script type=\"application\/ld+json\" class=\"yoast-schema-graph\">{\"@context\":\"https:\/\/schema.org\",\"@graph\":[{\"@type\":\"WebPage\",\"@id\":\"https:\/\/diamondtec.ee\/en\/toode\/pld-182-nt\/\",\"url\":\"https:\/\/diamondtec.ee\/en\/toode\/pld-182-nt\/\",\"name\":\"PLD 182 NT - Diamondtec O\u00dc\",\"isPartOf\":{\"@id\":\"https:\/\/diamondtec.ee\/en\/#website\"},\"primaryImageOfPage\":{\"@id\":\"https:\/\/diamondtec.ee\/en\/toode\/pld-182-nt\/#primaryimage\"},\"image\":{\"@id\":\"https:\/\/diamondtec.ee\/en\/toode\/pld-182-nt\/#primaryimage\"},\"thumbnailUrl\":\"https:\/\/diamondtec.ee\/wp-content\/uploads\/2018\/10\/PLD-182-NT.jpg\",\"datePublished\":\"2018-10-11T10:35:46+00:00\",\"dateModified\":\"2019-10-02T16:49:32+00:00\",\"breadcrumb\":{\"@id\":\"https:\/\/diamondtec.ee\/en\/toode\/pld-182-nt\/#breadcrumb\"},\"inLanguage\":\"en-US\",\"potentialAction\":[{\"@type\":\"ReadAction\",\"target\":[\"https:\/\/diamondtec.ee\/en\/toode\/pld-182-nt\/\"]}]},{\"@type\":\"ImageObject\",\"inLanguage\":\"en-US\",\"@id\":\"https:\/\/diamondtec.ee\/en\/toode\/pld-182-nt\/#primaryimage\",\"url\":\"https:\/\/diamondtec.ee\/wp-content\/uploads\/2018\/10\/PLD-182-NT.jpg\",\"contentUrl\":\"https:\/\/diamondtec.ee\/wp-content\/uploads\/2018\/10\/PLD-182-NT.jpg\",\"width\":600,\"height\":600},{\"@type\":\"BreadcrumbList\",\"@id\":\"https:\/\/diamondtec.ee\/en\/toode\/pld-182-nt\/#breadcrumb\",\"itemListElement\":[{\"@type\":\"ListItem\",\"position\":1,\"name\":\"Avaleht\",\"item\":\"https:\/\/diamondtec.ee\/en\/\"},{\"@type\":\"ListItem\",\"position\":2,\"name\":\"Shop\",\"item\":\"https:\/\/diamondtec.ee\/en\/shop\/\"},{\"@type\":\"ListItem\",\"position\":3,\"name\":\"PLD 182 NT\"}]},{\"@type\":\"WebSite\",\"@id\":\"https:\/\/diamondtec.ee\/en\/#website\",\"url\":\"https:\/\/diamondtec.ee\/en\/\",\"name\":\"Diamondtec O\u00dc\",\"description\":\"Diamondtec - partner teemantt\u00f6\u00f6ristadele I diamondtec.ee\",\"publisher\":{\"@id\":\"https:\/\/diamondtec.ee\/en\/#organization\"},\"potentialAction\":[{\"@type\":\"SearchAction\",\"target\":{\"@type\":\"EntryPoint\",\"urlTemplate\":\"https:\/\/diamondtec.ee\/en\/?s={search_term_string}\"},\"query-input\":{\"@type\":\"PropertyValueSpecification\",\"valueRequired\":true,\"valueName\":\"search_term_string\"}}],\"inLanguage\":\"en-US\"},{\"@type\":\"Organization\",\"@id\":\"https:\/\/diamondtec.ee\/en\/#organization\",\"name\":\"Diamondtec O\u00dc\",\"url\":\"https:\/\/diamondtec.ee\/en\/\",\"logo\":{\"@type\":\"ImageObject\",\"inLanguage\":\"en-US\",\"@id\":\"https:\/\/diamondtec.ee\/en\/#\/schema\/logo\/image\/\",\"url\":\"https:\/\/diamondtec.ee\/wp-content\/uploads\/2022\/12\/wc_custom_default_pr_img.jpg\",\"contentUrl\":\"https:\/\/diamondtec.ee\/wp-content\/uploads\/2022\/12\/wc_custom_default_pr_img.jpg\",\"width\":800,\"height\":800,\"caption\":\"Diamondtec O\u00dc\"},\"image\":{\"@id\":\"https:\/\/diamondtec.ee\/en\/#\/schema\/logo\/image\/\"}}]}<\/script>\n<!-- \/ Yoast SEO plugin. -->","yoast_head_json":{"title":"PLD 182 NT - Diamondtec O\u00dc","robots":{"index":"index","follow":"follow","max-snippet":"max-snippet:-1","max-image-preview":"max-image-preview:large","max-video-preview":"max-video-preview:-1"},"canonical":"https:\/\/diamondtec.ee\/en\/toode\/pld-182-nt\/","og_locale":"en_US","og_type":"article","og_title":"PLD 182 NT - Diamondtec O\u00dc","og_description":"The compact wet-dry machine for hardest applications in series drilling up to \u00d8 182 mm","og_url":"https:\/\/diamondtec.ee\/en\/toode\/pld-182-nt\/","og_site_name":"Diamondtec O\u00dc","article_modified_time":"2019-10-02T16:49:32+00:00","og_image":[{"width":600,"height":600,"url":"https:\/\/diamondtec.ee\/wp-content\/uploads\/2018\/10\/PLD-182-NT.jpg","type":"image\/jpeg"}],"twitter_card":"summary_large_image","twitter_misc":{"Est. reading time":"1 minute"},"schema":{"@context":"https:\/\/schema.org","@graph":[{"@type":"WebPage","@id":"https:\/\/diamondtec.ee\/en\/toode\/pld-182-nt\/","url":"https:\/\/diamondtec.ee\/en\/toode\/pld-182-nt\/","name":"PLD 182 NT - Diamondtec O\u00dc","isPartOf":{"@id":"https:\/\/diamondtec.ee\/en\/#website"},"primaryImageOfPage":{"@id":"https:\/\/diamondtec.ee\/en\/toode\/pld-182-nt\/#primaryimage"},"image":{"@id":"https:\/\/diamondtec.ee\/en\/toode\/pld-182-nt\/#primaryimage"},"thumbnailUrl":"https:\/\/diamondtec.ee\/wp-content\/uploads\/2018\/10\/PLD-182-NT.jpg","datePublished":"2018-10-11T10:35:46+00:00","dateModified":"2019-10-02T16:49:32+00:00","breadcrumb":{"@id":"https:\/\/diamondtec.ee\/en\/toode\/pld-182-nt\/#breadcrumb"},"inLanguage":"en-US","potentialAction":[{"@type":"ReadAction","target":["https:\/\/diamondtec.ee\/en\/toode\/pld-182-nt\/"]}]},{"@type":"ImageObject","inLanguage":"en-US","@id":"https:\/\/diamondtec.ee\/en\/toode\/pld-182-nt\/#primaryimage","url":"https:\/\/diamondtec.ee\/wp-content\/uploads\/2018\/10\/PLD-182-NT.jpg","contentUrl":"https:\/\/diamondtec.ee\/wp-content\/uploads\/2018\/10\/PLD-182-NT.jpg","width":600,"height":600},{"@type":"BreadcrumbList","@id":"https:\/\/diamondtec.ee\/en\/toode\/pld-182-nt\/#breadcrumb","itemListElement":[{"@type":"ListItem","position":1,"name":"Avaleht","item":"https:\/\/diamondtec.ee\/en\/"},{"@type":"ListItem","position":2,"name":"Shop","item":"https:\/\/diamondtec.ee\/en\/shop\/"},{"@type":"ListItem","position":3,"name":"PLD 182 NT"}]},{"@type":"WebSite","@id":"https:\/\/diamondtec.ee\/en\/#website","url":"https:\/\/diamondtec.ee\/en\/","name":"Diamondtec O\u00dc","description":"Diamondtec - partner teemantt\u00f6\u00f6ristadele I diamondtec.ee","publisher":{"@id":"https:\/\/diamondtec.ee\/en\/#organization"},"potentialAction":[{"@type":"SearchAction","target":{"@type":"EntryPoint","urlTemplate":"https:\/\/diamondtec.ee\/en\/?s={search_term_string}"},"query-input":{"@type":"PropertyValueSpecification","valueRequired":true,"valueName":"search_term_string"}}],"inLanguage":"en-US"},{"@type":"Organization","@id":"https:\/\/diamondtec.ee\/en\/#organization","name":"Diamondtec O\u00dc","url":"https:\/\/diamondtec.ee\/en\/","logo":{"@type":"ImageObject","inLanguage":"en-US","@id":"https:\/\/diamondtec.ee\/en\/#\/schema\/logo\/image\/","url":"https:\/\/diamondtec.ee\/wp-content\/uploads\/2022\/12\/wc_custom_default_pr_img.jpg","contentUrl":"https:\/\/diamondtec.ee\/wp-content\/uploads\/2022\/12\/wc_custom_default_pr_img.jpg","width":800,"height":800,"caption":"Diamondtec O\u00dc"},"image":{"@id":"https:\/\/diamondtec.ee\/en\/#\/schema\/logo\/image\/"}}]}},"jetpack_sharing_enabled":true,"_links":{"self":[{"href":"https:\/\/diamondtec.ee\/en\/wp-json\/wp\/v2\/product\/2673","targetHints":{"allow":["GET"]}}],"collection":[{"href":"https:\/\/diamondtec.ee\/en\/wp-json\/wp\/v2\/product"}],"about":[{"href":"https:\/\/diamondtec.ee\/en\/wp-json\/wp\/v2\/types\/product"}],"wp:featuredmedia":[{"embeddable":true,"href":"https:\/\/diamondtec.ee\/en\/wp-json\/wp\/v2\/media\/2674"}],"wp:attachment":[{"href":"https:\/\/diamondtec.ee\/en\/wp-json\/wp\/v2\/media?parent=2673"}],"wp:term":[{"taxonomy":"product_brand","embeddable":true,"href":"https:\/\/diamondtec.ee\/en\/wp-json\/wp\/v2\/product_brand?post=2673"},{"taxonomy":"product_cat","embeddable":true,"href":"https:\/\/diamondtec.ee\/en\/wp-json\/wp\/v2\/product_cat?post=2673"},{"taxonomy":"product_tag","embeddable":true,"href":"https:\/\/diamondtec.ee\/en\/wp-json\/wp\/v2\/product_tag?post=2673"}],"curies":[{"name":"wp","href":"https:\/\/api.w.org\/{rel}","templated":true}]}}