{"id":2690,"date":"2018-10-11T13:23:17","date_gmt":"2018-10-11T10:23:17","guid":{"rendered":"https:\/\/diamondtec.ee\/toode\/weka-ts40-anna-diamant-trennsage\/"},"modified":"2018-10-11T13:23:17","modified_gmt":"2018-10-11T10:23:17","slug":"weka-ts40-anna-diamant-trennsage","status":"publish","type":"product","link":"https:\/\/diamondtec.ee\/en\/toode\/weka-ts40-anna-diamant-trennsage\/","title":{"rendered":"WEKA TS40 ANNA Diamant Trenns\u00e4ge"},"content":{"rendered":"<table class=\"tech-data\">\n<thead>\n<tr>\n<td><\/td>\n<td><\/td>\n<td>TS40<\/td>\n<td>TS40<\/td>\n<\/tr>\n<\/thead>\n<tbody>\n<tr>\n<td>Rated voltage<\/td>\n<td>V<\/td>\n<td>230<\/td>\n<td>400<\/td>\n<\/tr>\n<tr>\n<td>Nominal power<\/td>\n<td>W<\/td>\n<td>3700<\/td>\n<td>6500<\/td>\n<\/tr>\n<tr>\n<td>Output power<\/td>\n<td>W<\/td>\n<td>2700<\/td>\n<td>4800<\/td>\n<\/tr>\n<tr>\n<td>Cutting depth<\/td>\n<td>mm<\/td>\n<td>165<\/td>\n<td>165<\/td>\n<\/tr>\n<tr>\n<td>Saw blade \u00d8<\/td>\n<td>mm<\/td>\n<td>400<\/td>\n<td>400<\/td>\n<\/tr>\n<tr>\n<td>Mounting hole<\/td>\n<td>mm<\/td>\n<td>25,4 (1\u201c)<\/td>\n<td>25,4 (1\u201c)<\/td>\n<\/tr>\n<tr>\n<td>Speed<\/td>\n<td>1\/mm<\/td>\n<td>2500<\/td>\n<td>2500<\/td>\n<\/tr>\n<tr>\n<td>Weight<\/td>\n<td>kg<\/td>\n<td>9,4<\/td>\n<td>9,4<\/td>\n<\/tr>\n<\/tbody>\n<\/table>\n","protected":false},"excerpt":{"rendered":"<p>Diamond circular saw for cuts in concrete and masonry up to 165 mm deep, extremely powerful, water-cooled high-frequency motor, operation with 230 V and 400 V.<\/p>\n","protected":false},"featured_media":0,"template":"","meta":{"_acf_changed":false},"product_brand":[],"product_cat":[181,168],"product_tag":[],"class_list":{"0":"post-2690","1":"product","2":"type-product","3":"status-publish","5":"product_cat-diamond-saws","6":"product_cat-machines","8":"first","9":"instock","10":"shipping-taxable","11":"product-type-simple"},"acf":[],"yoast_head":"<!-- This site is optimized with the Yoast SEO plugin v25.8 - https:\/\/yoast.com\/wordpress\/plugins\/seo\/ -->\n<title>WEKA TS40 ANNA Diamant Trenns\u00e4ge - Diamondtec O\u00dc<\/title>\n<meta name=\"robots\" content=\"index, follow, max-snippet:-1, max-image-preview:large, max-video-preview:-1\" \/>\n<link rel=\"canonical\" href=\"https:\/\/diamondtec.ee\/en\/toode\/weka-ts40-anna-diamant-trennsage\/\" \/>\n<meta property=\"og:locale\" content=\"en_US\" \/>\n<meta property=\"og:type\" content=\"article\" \/>\n<meta property=\"og:title\" content=\"WEKA TS40 ANNA Diamant Trenns\u00e4ge - Diamondtec O\u00dc\" \/>\n<meta property=\"og:description\" content=\"Diamond circular saw for cuts in concrete and masonry up to 165 mm deep, extremely powerful, water-cooled high-frequency motor, operation with 230 V and 400 V.\" \/>\n<meta property=\"og:url\" content=\"https:\/\/diamondtec.ee\/en\/toode\/weka-ts40-anna-diamant-trennsage\/\" \/>\n<meta property=\"og:site_name\" content=\"Diamondtec O\u00dc\" \/>\n<meta name=\"twitter:card\" content=\"summary_large_image\" \/>\n<script type=\"application\/ld+json\" class=\"yoast-schema-graph\">{\"@context\":\"https:\/\/schema.org\",\"@graph\":[{\"@type\":\"WebPage\",\"@id\":\"https:\/\/diamondtec.ee\/en\/toode\/weka-ts40-anna-diamant-trennsage\/\",\"url\":\"https:\/\/diamondtec.ee\/en\/toode\/weka-ts40-anna-diamant-trennsage\/\",\"name\":\"WEKA TS40 ANNA Diamant Trenns\u00e4ge - Diamondtec O\u00dc\",\"isPartOf\":{\"@id\":\"https:\/\/diamondtec.ee\/en\/#website\"},\"datePublished\":\"2018-10-11T10:23:17+00:00\",\"breadcrumb\":{\"@id\":\"https:\/\/diamondtec.ee\/en\/toode\/weka-ts40-anna-diamant-trennsage\/#breadcrumb\"},\"inLanguage\":\"en-US\",\"potentialAction\":[{\"@type\":\"ReadAction\",\"target\":[\"https:\/\/diamondtec.ee\/en\/toode\/weka-ts40-anna-diamant-trennsage\/\"]}]},{\"@type\":\"BreadcrumbList\",\"@id\":\"https:\/\/diamondtec.ee\/en\/toode\/weka-ts40-anna-diamant-trennsage\/#breadcrumb\",\"itemListElement\":[{\"@type\":\"ListItem\",\"position\":1,\"name\":\"Avaleht\",\"item\":\"https:\/\/diamondtec.ee\/en\/\"},{\"@type\":\"ListItem\",\"position\":2,\"name\":\"Shop\",\"item\":\"https:\/\/diamondtec.ee\/en\/shop\/\"},{\"@type\":\"ListItem\",\"position\":3,\"name\":\"WEKA TS40 ANNA Diamant Trenns\u00e4ge\"}]},{\"@type\":\"WebSite\",\"@id\":\"https:\/\/diamondtec.ee\/en\/#website\",\"url\":\"https:\/\/diamondtec.ee\/en\/\",\"name\":\"Diamondtec O\u00dc\",\"description\":\"Diamondtec - partner teemantt\u00f6\u00f6ristadele I diamondtec.ee\",\"publisher\":{\"@id\":\"https:\/\/diamondtec.ee\/en\/#organization\"},\"potentialAction\":[{\"@type\":\"SearchAction\",\"target\":{\"@type\":\"EntryPoint\",\"urlTemplate\":\"https:\/\/diamondtec.ee\/en\/?s={search_term_string}\"},\"query-input\":{\"@type\":\"PropertyValueSpecification\",\"valueRequired\":true,\"valueName\":\"search_term_string\"}}],\"inLanguage\":\"en-US\"},{\"@type\":\"Organization\",\"@id\":\"https:\/\/diamondtec.ee\/en\/#organization\",\"name\":\"Diamondtec O\u00dc\",\"url\":\"https:\/\/diamondtec.ee\/en\/\",\"logo\":{\"@type\":\"ImageObject\",\"inLanguage\":\"en-US\",\"@id\":\"https:\/\/diamondtec.ee\/en\/#\/schema\/logo\/image\/\",\"url\":\"https:\/\/diamondtec.ee\/wp-content\/uploads\/2022\/12\/wc_custom_default_pr_img.jpg\",\"contentUrl\":\"https:\/\/diamondtec.ee\/wp-content\/uploads\/2022\/12\/wc_custom_default_pr_img.jpg\",\"width\":800,\"height\":800,\"caption\":\"Diamondtec O\u00dc\"},\"image\":{\"@id\":\"https:\/\/diamondtec.ee\/en\/#\/schema\/logo\/image\/\"}}]}<\/script>\n<!-- \/ Yoast SEO plugin. -->","yoast_head_json":{"title":"WEKA TS40 ANNA Diamant Trenns\u00e4ge - Diamondtec O\u00dc","robots":{"index":"index","follow":"follow","max-snippet":"max-snippet:-1","max-image-preview":"max-image-preview:large","max-video-preview":"max-video-preview:-1"},"canonical":"https:\/\/diamondtec.ee\/en\/toode\/weka-ts40-anna-diamant-trennsage\/","og_locale":"en_US","og_type":"article","og_title":"WEKA TS40 ANNA Diamant Trenns\u00e4ge - Diamondtec O\u00dc","og_description":"Diamond circular saw for cuts in concrete and masonry up to 165 mm deep, extremely powerful, water-cooled high-frequency motor, operation with 230 V and 400 V.","og_url":"https:\/\/diamondtec.ee\/en\/toode\/weka-ts40-anna-diamant-trennsage\/","og_site_name":"Diamondtec O\u00dc","twitter_card":"summary_large_image","schema":{"@context":"https:\/\/schema.org","@graph":[{"@type":"WebPage","@id":"https:\/\/diamondtec.ee\/en\/toode\/weka-ts40-anna-diamant-trennsage\/","url":"https:\/\/diamondtec.ee\/en\/toode\/weka-ts40-anna-diamant-trennsage\/","name":"WEKA TS40 ANNA Diamant Trenns\u00e4ge - Diamondtec O\u00dc","isPartOf":{"@id":"https:\/\/diamondtec.ee\/en\/#website"},"datePublished":"2018-10-11T10:23:17+00:00","breadcrumb":{"@id":"https:\/\/diamondtec.ee\/en\/toode\/weka-ts40-anna-diamant-trennsage\/#breadcrumb"},"inLanguage":"en-US","potentialAction":[{"@type":"ReadAction","target":["https:\/\/diamondtec.ee\/en\/toode\/weka-ts40-anna-diamant-trennsage\/"]}]},{"@type":"BreadcrumbList","@id":"https:\/\/diamondtec.ee\/en\/toode\/weka-ts40-anna-diamant-trennsage\/#breadcrumb","itemListElement":[{"@type":"ListItem","position":1,"name":"Avaleht","item":"https:\/\/diamondtec.ee\/en\/"},{"@type":"ListItem","position":2,"name":"Shop","item":"https:\/\/diamondtec.ee\/en\/shop\/"},{"@type":"ListItem","position":3,"name":"WEKA TS40 ANNA Diamant Trenns\u00e4ge"}]},{"@type":"WebSite","@id":"https:\/\/diamondtec.ee\/en\/#website","url":"https:\/\/diamondtec.ee\/en\/","name":"Diamondtec O\u00dc","description":"Diamondtec - partner teemantt\u00f6\u00f6ristadele I diamondtec.ee","publisher":{"@id":"https:\/\/diamondtec.ee\/en\/#organization"},"potentialAction":[{"@type":"SearchAction","target":{"@type":"EntryPoint","urlTemplate":"https:\/\/diamondtec.ee\/en\/?s={search_term_string}"},"query-input":{"@type":"PropertyValueSpecification","valueRequired":true,"valueName":"search_term_string"}}],"inLanguage":"en-US"},{"@type":"Organization","@id":"https:\/\/diamondtec.ee\/en\/#organization","name":"Diamondtec O\u00dc","url":"https:\/\/diamondtec.ee\/en\/","logo":{"@type":"ImageObject","inLanguage":"en-US","@id":"https:\/\/diamondtec.ee\/en\/#\/schema\/logo\/image\/","url":"https:\/\/diamondtec.ee\/wp-content\/uploads\/2022\/12\/wc_custom_default_pr_img.jpg","contentUrl":"https:\/\/diamondtec.ee\/wp-content\/uploads\/2022\/12\/wc_custom_default_pr_img.jpg","width":800,"height":800,"caption":"Diamondtec O\u00dc"},"image":{"@id":"https:\/\/diamondtec.ee\/en\/#\/schema\/logo\/image\/"}}]}},"jetpack_sharing_enabled":true,"_links":{"self":[{"href":"https:\/\/diamondtec.ee\/en\/wp-json\/wp\/v2\/product\/2690","targetHints":{"allow":["GET"]}}],"collection":[{"href":"https:\/\/diamondtec.ee\/en\/wp-json\/wp\/v2\/product"}],"about":[{"href":"https:\/\/diamondtec.ee\/en\/wp-json\/wp\/v2\/types\/product"}],"wp:attachment":[{"href":"https:\/\/diamondtec.ee\/en\/wp-json\/wp\/v2\/media?parent=2690"}],"wp:term":[{"taxonomy":"product_brand","embeddable":true,"href":"https:\/\/diamondtec.ee\/en\/wp-json\/wp\/v2\/product_brand?post=2690"},{"taxonomy":"product_cat","embeddable":true,"href":"https:\/\/diamondtec.ee\/en\/wp-json\/wp\/v2\/product_cat?post=2690"},{"taxonomy":"product_tag","embeddable":true,"href":"https:\/\/diamondtec.ee\/en\/wp-json\/wp\/v2\/product_tag?post=2690"}],"curies":[{"name":"wp","href":"https:\/\/api.w.org\/{rel}","templated":true}]}}