{"id":2693,"date":"2018-10-11T13:21:46","date_gmt":"2018-10-11T10:21:46","guid":{"rendered":"https:\/\/diamondtec.ee\/toode\/weka-tr40-anna-diamond-ring-saw\/"},"modified":"2019-10-02T19:45:46","modified_gmt":"2019-10-02T16:45:46","slug":"weka-tr40-anna-diamond-ring-saw","status":"publish","type":"product","link":"https:\/\/diamondtec.ee\/en\/toode\/weka-tr40-anna-diamond-ring-saw\/","title":{"rendered":"WEKA TR40 ANNA Diamond Ring Saw"},"content":{"rendered":"<table class=\"tech-data\">\n<thead>\n<tr>\n<td><\/td>\n<td><\/td>\n<td>TR40<\/td>\n<td>TR40<\/td>\n<\/tr>\n<\/thead>\n<tbody>\n<tr>\n<td>Rated voltage<\/td>\n<td>V<\/td>\n<td>230<\/td>\n<td>400<\/td>\n<\/tr>\n<tr>\n<td>Nominal power<\/td>\n<td>W<\/td>\n<td>3700<\/td>\n<td>6500<\/td>\n<\/tr>\n<tr>\n<td>Output power<\/td>\n<td>W<\/td>\n<td>2700<\/td>\n<td>4800<\/td>\n<\/tr>\n<tr>\n<td>Cutting depth<\/td>\n<td>mm<\/td>\n<td>300<\/td>\n<td>300<\/td>\n<\/tr>\n<tr>\n<td>Saw blade \u00d8<\/td>\n<td>mm<\/td>\n<td>400<\/td>\n<td>400<\/td>\n<\/tr>\n<tr>\n<td>Speed<\/td>\n<td>1\/mm<\/td>\n<td>2400<\/td>\n<td>2400<\/td>\n<\/tr>\n<tr>\n<td>Weight<\/td>\n<td>kg<\/td>\n<td>13<\/td>\n<td>13<\/td>\n<\/tr>\n<\/tbody>\n<\/table>\n","protected":false},"excerpt":{"rendered":"<p>Diamond ring saw for cuts in concrete and masonry up to 300 mm deep, extremely powerful, water-cooled high-frequency motor, operation with 230 V and 400 V.<\/p>\n","protected":false},"featured_media":2694,"template":"","meta":{"_acf_changed":false},"product_brand":[],"product_cat":[181,168],"product_tag":[],"class_list":{"0":"post-2693","1":"product","2":"type-product","3":"status-publish","4":"has-post-thumbnail","6":"product_cat-diamond-saws","7":"product_cat-machines","9":"first","10":"instock","11":"shipping-taxable","12":"product-type-simple"},"acf":[],"yoast_head":"<!-- This site is optimized with the Yoast SEO plugin v25.8 - https:\/\/yoast.com\/wordpress\/plugins\/seo\/ -->\n<title>WEKA TR40 ANNA Diamond Ring Saw - Diamondtec O\u00dc<\/title>\n<meta name=\"robots\" content=\"index, follow, max-snippet:-1, max-image-preview:large, max-video-preview:-1\" \/>\n<link rel=\"canonical\" href=\"https:\/\/diamondtec.ee\/en\/toode\/weka-tr40-anna-diamond-ring-saw\/\" \/>\n<meta property=\"og:locale\" content=\"en_US\" \/>\n<meta property=\"og:type\" content=\"article\" \/>\n<meta property=\"og:title\" content=\"WEKA TR40 ANNA Diamond Ring Saw - Diamondtec O\u00dc\" \/>\n<meta property=\"og:description\" content=\"Diamond ring saw for cuts in concrete and masonry up to 300 mm deep, extremely powerful, water-cooled high-frequency motor, operation with 230 V and 400 V.\" \/>\n<meta property=\"og:url\" content=\"https:\/\/diamondtec.ee\/en\/toode\/weka-tr40-anna-diamond-ring-saw\/\" \/>\n<meta property=\"og:site_name\" content=\"Diamondtec O\u00dc\" \/>\n<meta property=\"article:modified_time\" content=\"2019-10-02T16:45:46+00:00\" \/>\n<meta property=\"og:image\" content=\"https:\/\/diamondtec.ee\/wp-content\/uploads\/2018\/10\/WEKA-TR40-ANNA-Diamond-Ring-Saw.jpg\" \/>\n\t<meta property=\"og:image:width\" content=\"300\" \/>\n\t<meta property=\"og:image:height\" content=\"300\" \/>\n\t<meta property=\"og:image:type\" content=\"image\/jpeg\" \/>\n<meta name=\"twitter:card\" content=\"summary_large_image\" \/>\n<script type=\"application\/ld+json\" class=\"yoast-schema-graph\">{\"@context\":\"https:\/\/schema.org\",\"@graph\":[{\"@type\":\"WebPage\",\"@id\":\"https:\/\/diamondtec.ee\/en\/toode\/weka-tr40-anna-diamond-ring-saw\/\",\"url\":\"https:\/\/diamondtec.ee\/en\/toode\/weka-tr40-anna-diamond-ring-saw\/\",\"name\":\"WEKA TR40 ANNA Diamond Ring Saw - Diamondtec O\u00dc\",\"isPartOf\":{\"@id\":\"https:\/\/diamondtec.ee\/en\/#website\"},\"primaryImageOfPage\":{\"@id\":\"https:\/\/diamondtec.ee\/en\/toode\/weka-tr40-anna-diamond-ring-saw\/#primaryimage\"},\"image\":{\"@id\":\"https:\/\/diamondtec.ee\/en\/toode\/weka-tr40-anna-diamond-ring-saw\/#primaryimage\"},\"thumbnailUrl\":\"https:\/\/diamondtec.ee\/wp-content\/uploads\/2018\/10\/WEKA-TR40-ANNA-Diamond-Ring-Saw.jpg\",\"datePublished\":\"2018-10-11T10:21:46+00:00\",\"dateModified\":\"2019-10-02T16:45:46+00:00\",\"breadcrumb\":{\"@id\":\"https:\/\/diamondtec.ee\/en\/toode\/weka-tr40-anna-diamond-ring-saw\/#breadcrumb\"},\"inLanguage\":\"en-US\",\"potentialAction\":[{\"@type\":\"ReadAction\",\"target\":[\"https:\/\/diamondtec.ee\/en\/toode\/weka-tr40-anna-diamond-ring-saw\/\"]}]},{\"@type\":\"ImageObject\",\"inLanguage\":\"en-US\",\"@id\":\"https:\/\/diamondtec.ee\/en\/toode\/weka-tr40-anna-diamond-ring-saw\/#primaryimage\",\"url\":\"https:\/\/diamondtec.ee\/wp-content\/uploads\/2018\/10\/WEKA-TR40-ANNA-Diamond-Ring-Saw.jpg\",\"contentUrl\":\"https:\/\/diamondtec.ee\/wp-content\/uploads\/2018\/10\/WEKA-TR40-ANNA-Diamond-Ring-Saw.jpg\",\"width\":300,\"height\":300},{\"@type\":\"BreadcrumbList\",\"@id\":\"https:\/\/diamondtec.ee\/en\/toode\/weka-tr40-anna-diamond-ring-saw\/#breadcrumb\",\"itemListElement\":[{\"@type\":\"ListItem\",\"position\":1,\"name\":\"Avaleht\",\"item\":\"https:\/\/diamondtec.ee\/en\/\"},{\"@type\":\"ListItem\",\"position\":2,\"name\":\"Shop\",\"item\":\"https:\/\/diamondtec.ee\/en\/shop\/\"},{\"@type\":\"ListItem\",\"position\":3,\"name\":\"WEKA TR40 ANNA Diamond Ring Saw\"}]},{\"@type\":\"WebSite\",\"@id\":\"https:\/\/diamondtec.ee\/en\/#website\",\"url\":\"https:\/\/diamondtec.ee\/en\/\",\"name\":\"Diamondtec O\u00dc\",\"description\":\"Diamondtec - partner teemantt\u00f6\u00f6ristadele I diamondtec.ee\",\"publisher\":{\"@id\":\"https:\/\/diamondtec.ee\/en\/#organization\"},\"potentialAction\":[{\"@type\":\"SearchAction\",\"target\":{\"@type\":\"EntryPoint\",\"urlTemplate\":\"https:\/\/diamondtec.ee\/en\/?s={search_term_string}\"},\"query-input\":{\"@type\":\"PropertyValueSpecification\",\"valueRequired\":true,\"valueName\":\"search_term_string\"}}],\"inLanguage\":\"en-US\"},{\"@type\":\"Organization\",\"@id\":\"https:\/\/diamondtec.ee\/en\/#organization\",\"name\":\"Diamondtec O\u00dc\",\"url\":\"https:\/\/diamondtec.ee\/en\/\",\"logo\":{\"@type\":\"ImageObject\",\"inLanguage\":\"en-US\",\"@id\":\"https:\/\/diamondtec.ee\/en\/#\/schema\/logo\/image\/\",\"url\":\"https:\/\/diamondtec.ee\/wp-content\/uploads\/2022\/12\/wc_custom_default_pr_img.jpg\",\"contentUrl\":\"https:\/\/diamondtec.ee\/wp-content\/uploads\/2022\/12\/wc_custom_default_pr_img.jpg\",\"width\":800,\"height\":800,\"caption\":\"Diamondtec O\u00dc\"},\"image\":{\"@id\":\"https:\/\/diamondtec.ee\/en\/#\/schema\/logo\/image\/\"}}]}<\/script>\n<!-- \/ Yoast SEO plugin. -->","yoast_head_json":{"title":"WEKA TR40 ANNA Diamond Ring Saw - Diamondtec O\u00dc","robots":{"index":"index","follow":"follow","max-snippet":"max-snippet:-1","max-image-preview":"max-image-preview:large","max-video-preview":"max-video-preview:-1"},"canonical":"https:\/\/diamondtec.ee\/en\/toode\/weka-tr40-anna-diamond-ring-saw\/","og_locale":"en_US","og_type":"article","og_title":"WEKA TR40 ANNA Diamond Ring Saw - Diamondtec O\u00dc","og_description":"Diamond ring saw for cuts in concrete and masonry up to 300 mm deep, extremely powerful, water-cooled high-frequency motor, operation with 230 V and 400 V.","og_url":"https:\/\/diamondtec.ee\/en\/toode\/weka-tr40-anna-diamond-ring-saw\/","og_site_name":"Diamondtec O\u00dc","article_modified_time":"2019-10-02T16:45:46+00:00","og_image":[{"width":300,"height":300,"url":"https:\/\/diamondtec.ee\/wp-content\/uploads\/2018\/10\/WEKA-TR40-ANNA-Diamond-Ring-Saw.jpg","type":"image\/jpeg"}],"twitter_card":"summary_large_image","schema":{"@context":"https:\/\/schema.org","@graph":[{"@type":"WebPage","@id":"https:\/\/diamondtec.ee\/en\/toode\/weka-tr40-anna-diamond-ring-saw\/","url":"https:\/\/diamondtec.ee\/en\/toode\/weka-tr40-anna-diamond-ring-saw\/","name":"WEKA TR40 ANNA Diamond Ring Saw - Diamondtec O\u00dc","isPartOf":{"@id":"https:\/\/diamondtec.ee\/en\/#website"},"primaryImageOfPage":{"@id":"https:\/\/diamondtec.ee\/en\/toode\/weka-tr40-anna-diamond-ring-saw\/#primaryimage"},"image":{"@id":"https:\/\/diamondtec.ee\/en\/toode\/weka-tr40-anna-diamond-ring-saw\/#primaryimage"},"thumbnailUrl":"https:\/\/diamondtec.ee\/wp-content\/uploads\/2018\/10\/WEKA-TR40-ANNA-Diamond-Ring-Saw.jpg","datePublished":"2018-10-11T10:21:46+00:00","dateModified":"2019-10-02T16:45:46+00:00","breadcrumb":{"@id":"https:\/\/diamondtec.ee\/en\/toode\/weka-tr40-anna-diamond-ring-saw\/#breadcrumb"},"inLanguage":"en-US","potentialAction":[{"@type":"ReadAction","target":["https:\/\/diamondtec.ee\/en\/toode\/weka-tr40-anna-diamond-ring-saw\/"]}]},{"@type":"ImageObject","inLanguage":"en-US","@id":"https:\/\/diamondtec.ee\/en\/toode\/weka-tr40-anna-diamond-ring-saw\/#primaryimage","url":"https:\/\/diamondtec.ee\/wp-content\/uploads\/2018\/10\/WEKA-TR40-ANNA-Diamond-Ring-Saw.jpg","contentUrl":"https:\/\/diamondtec.ee\/wp-content\/uploads\/2018\/10\/WEKA-TR40-ANNA-Diamond-Ring-Saw.jpg","width":300,"height":300},{"@type":"BreadcrumbList","@id":"https:\/\/diamondtec.ee\/en\/toode\/weka-tr40-anna-diamond-ring-saw\/#breadcrumb","itemListElement":[{"@type":"ListItem","position":1,"name":"Avaleht","item":"https:\/\/diamondtec.ee\/en\/"},{"@type":"ListItem","position":2,"name":"Shop","item":"https:\/\/diamondtec.ee\/en\/shop\/"},{"@type":"ListItem","position":3,"name":"WEKA TR40 ANNA Diamond Ring Saw"}]},{"@type":"WebSite","@id":"https:\/\/diamondtec.ee\/en\/#website","url":"https:\/\/diamondtec.ee\/en\/","name":"Diamondtec O\u00dc","description":"Diamondtec - partner teemantt\u00f6\u00f6ristadele I diamondtec.ee","publisher":{"@id":"https:\/\/diamondtec.ee\/en\/#organization"},"potentialAction":[{"@type":"SearchAction","target":{"@type":"EntryPoint","urlTemplate":"https:\/\/diamondtec.ee\/en\/?s={search_term_string}"},"query-input":{"@type":"PropertyValueSpecification","valueRequired":true,"valueName":"search_term_string"}}],"inLanguage":"en-US"},{"@type":"Organization","@id":"https:\/\/diamondtec.ee\/en\/#organization","name":"Diamondtec O\u00dc","url":"https:\/\/diamondtec.ee\/en\/","logo":{"@type":"ImageObject","inLanguage":"en-US","@id":"https:\/\/diamondtec.ee\/en\/#\/schema\/logo\/image\/","url":"https:\/\/diamondtec.ee\/wp-content\/uploads\/2022\/12\/wc_custom_default_pr_img.jpg","contentUrl":"https:\/\/diamondtec.ee\/wp-content\/uploads\/2022\/12\/wc_custom_default_pr_img.jpg","width":800,"height":800,"caption":"Diamondtec O\u00dc"},"image":{"@id":"https:\/\/diamondtec.ee\/en\/#\/schema\/logo\/image\/"}}]}},"jetpack_sharing_enabled":true,"_links":{"self":[{"href":"https:\/\/diamondtec.ee\/en\/wp-json\/wp\/v2\/product\/2693","targetHints":{"allow":["GET"]}}],"collection":[{"href":"https:\/\/diamondtec.ee\/en\/wp-json\/wp\/v2\/product"}],"about":[{"href":"https:\/\/diamondtec.ee\/en\/wp-json\/wp\/v2\/types\/product"}],"wp:featuredmedia":[{"embeddable":true,"href":"https:\/\/diamondtec.ee\/en\/wp-json\/wp\/v2\/media\/2694"}],"wp:attachment":[{"href":"https:\/\/diamondtec.ee\/en\/wp-json\/wp\/v2\/media?parent=2693"}],"wp:term":[{"taxonomy":"product_brand","embeddable":true,"href":"https:\/\/diamondtec.ee\/en\/wp-json\/wp\/v2\/product_brand?post=2693"},{"taxonomy":"product_cat","embeddable":true,"href":"https:\/\/diamondtec.ee\/en\/wp-json\/wp\/v2\/product_cat?post=2693"},{"taxonomy":"product_tag","embeddable":true,"href":"https:\/\/diamondtec.ee\/en\/wp-json\/wp\/v2\/product_tag?post=2693"}],"curies":[{"name":"wp","href":"https:\/\/api.w.org\/{rel}","templated":true}]}}