{"id":2707,"date":"2018-10-11T12:55:38","date_gmt":"2018-10-11T09:55:38","guid":{"rendered":"https:\/\/diamondtec.ee\/toode\/wet-drills-l350-r%c2%bd\/"},"modified":"2022-11-30T13:44:10","modified_gmt":"2022-11-30T11:44:10","slug":"wet-drills-l350-r%c2%bd","status":"publish","type":"product","link":"https:\/\/diamondtec.ee\/en\/toode\/wet-drills-l350-r%c2%bd\/","title":{"rendered":"Wet drills  L350 R\u00bd&#8221;"},"content":{"rendered":"","protected":false},"excerpt":{"rendered":"<p>Wet drills D10 &#8211; L350 R\u00bd&#8221;<br \/>\nWet drills D12 &#8211; L350 R\u00bd&#8221;<br \/>\nWet drills D14 &#8211; L350 R\u00bd&#8221;<br \/>\nWet drills D16 &#8211; L350 R\u00bd&#8221;<br \/>\nWet drills D20 &#8211; L350 R\u00bd&#8221;<br \/>\nWet drills D22 &#8211; L350 R\u00bd&#8221;<br \/>\nWet drills D25 &#8211; L350 R\u00bd&#8221;<br \/>\nWet drills D28 &#8211; L350 R\u00bd&#8221;<br \/>\nWet drills D32 &#8211; L350 R\u00bd&#8221;<br \/>\nWet drills D42 &#8211; L350 R\u00bd&#8221;<br \/>\nWet drills D52 &#8211; L350 R\u00bd&#8221;<br \/>\nWet drills D62 &#8211; L350 R\u00bd&#8221;<br \/>\nWet drills D72 &#8211; L350 R\u00bd&#8221;<br \/>\nWet drills D82 &#8211; L350 R\u00bd&#8221;<br \/>\nWet drills D102 &#8211; L350 R\u00bd&#8221;<\/p>\n","protected":false},"featured_media":2723,"template":"","meta":{"_acf_changed":false},"product_brand":[],"product_cat":[166,167],"product_tag":[],"class_list":{"0":"post-2707","1":"product","2":"type-product","3":"status-publish","4":"has-post-thumbnail","6":"product_cat-core-drills","7":"product_cat-wet-drills","9":"first","10":"instock","11":"shipping-taxable","12":"purchasable","13":"product-type-variable"},"acf":[],"yoast_head":"<!-- This site is optimized with the Yoast SEO plugin v25.8 - https:\/\/yoast.com\/wordpress\/plugins\/seo\/ -->\n<title>Wet drills L350 R\u00bd&#039;&#039; - Diamondtec O\u00dc<\/title>\n<meta name=\"robots\" content=\"index, follow, max-snippet:-1, max-image-preview:large, max-video-preview:-1\" \/>\n<link rel=\"canonical\" href=\"https:\/\/diamondtec.ee\/en\/toode\/wet-drills-l350-r%c2%bd\/\" \/>\n<meta property=\"og:locale\" content=\"en_US\" \/>\n<meta property=\"og:type\" content=\"article\" \/>\n<meta property=\"og:title\" content=\"Wet drills L350 R\u00bd&#039;&#039; - Diamondtec O\u00dc\" \/>\n<meta property=\"og:description\" content=\"Wet drills D10 - L350 R\u00bd&#039;&#039; Wet drills D12 - L350 R\u00bd&#039;&#039; Wet drills D14 - L350 R\u00bd&#039;&#039; Wet drills D16 - L350 R\u00bd&#039;&#039; Wet drills D20 - L350 R\u00bd&#039;&#039; Wet drills D22 - L350 R\u00bd&#039;&#039; Wet drills D25 - L350 R\u00bd&#039;&#039; Wet drills D28 - L350 R\u00bd&#039;&#039; Wet drills D32 - L350 R\u00bd&#039;&#039; Wet drills D42 - L350 R\u00bd&#039;&#039; Wet drills D52 - L350 R\u00bd&#039;&#039; Wet drills D62 - L350 R\u00bd&#039;&#039; Wet drills D72 - L350 R\u00bd&#039;&#039; Wet drills D82 - L350 R\u00bd&#039;&#039; Wet drills D102 - L350 R\u00bd&#039;&#039;\" \/>\n<meta property=\"og:url\" content=\"https:\/\/diamondtec.ee\/en\/toode\/wet-drills-l350-r%c2%bd\/\" \/>\n<meta property=\"og:site_name\" content=\"Diamondtec O\u00dc\" \/>\n<meta property=\"article:modified_time\" content=\"2022-11-30T11:44:10+00:00\" \/>\n<meta property=\"og:image\" content=\"https:\/\/diamondtec.ee\/wp-content\/uploads\/2018\/06\/Pixie-R12.jpg\" \/>\n\t<meta property=\"og:image:width\" content=\"300\" \/>\n\t<meta property=\"og:image:height\" content=\"300\" \/>\n\t<meta property=\"og:image:type\" content=\"image\/jpeg\" \/>\n<meta name=\"twitter:card\" content=\"summary_large_image\" \/>\n<script type=\"application\/ld+json\" class=\"yoast-schema-graph\">{\"@context\":\"https:\/\/schema.org\",\"@graph\":[{\"@type\":\"WebPage\",\"@id\":\"https:\/\/diamondtec.ee\/en\/toode\/wet-drills-l350-r%c2%bd\/\",\"url\":\"https:\/\/diamondtec.ee\/en\/toode\/wet-drills-l350-r%c2%bd\/\",\"name\":\"Wet drills L350 R\u00bd'' - Diamondtec O\u00dc\",\"isPartOf\":{\"@id\":\"https:\/\/diamondtec.ee\/en\/#website\"},\"primaryImageOfPage\":{\"@id\":\"https:\/\/diamondtec.ee\/en\/toode\/wet-drills-l350-r%c2%bd\/#primaryimage\"},\"image\":{\"@id\":\"https:\/\/diamondtec.ee\/en\/toode\/wet-drills-l350-r%c2%bd\/#primaryimage\"},\"thumbnailUrl\":\"https:\/\/diamondtec.ee\/wp-content\/uploads\/2018\/06\/Pixie-R12.jpg\",\"datePublished\":\"2018-10-11T09:55:38+00:00\",\"dateModified\":\"2022-11-30T11:44:10+00:00\",\"breadcrumb\":{\"@id\":\"https:\/\/diamondtec.ee\/en\/toode\/wet-drills-l350-r%c2%bd\/#breadcrumb\"},\"inLanguage\":\"en-US\",\"potentialAction\":[{\"@type\":\"ReadAction\",\"target\":[\"https:\/\/diamondtec.ee\/en\/toode\/wet-drills-l350-r%c2%bd\/\"]}]},{\"@type\":\"ImageObject\",\"inLanguage\":\"en-US\",\"@id\":\"https:\/\/diamondtec.ee\/en\/toode\/wet-drills-l350-r%c2%bd\/#primaryimage\",\"url\":\"https:\/\/diamondtec.ee\/wp-content\/uploads\/2018\/06\/Pixie-R12.jpg\",\"contentUrl\":\"https:\/\/diamondtec.ee\/wp-content\/uploads\/2018\/06\/Pixie-R12.jpg\",\"width\":300,\"height\":300},{\"@type\":\"BreadcrumbList\",\"@id\":\"https:\/\/diamondtec.ee\/en\/toode\/wet-drills-l350-r%c2%bd\/#breadcrumb\",\"itemListElement\":[{\"@type\":\"ListItem\",\"position\":1,\"name\":\"Avaleht\",\"item\":\"https:\/\/diamondtec.ee\/en\/\"},{\"@type\":\"ListItem\",\"position\":2,\"name\":\"Shop\",\"item\":\"https:\/\/diamondtec.ee\/en\/shop\/\"},{\"@type\":\"ListItem\",\"position\":3,\"name\":\"Wet drills L350 R\u00bd&#8221;\"}]},{\"@type\":\"WebSite\",\"@id\":\"https:\/\/diamondtec.ee\/en\/#website\",\"url\":\"https:\/\/diamondtec.ee\/en\/\",\"name\":\"Diamondtec O\u00dc\",\"description\":\"Diamondtec - partner teemantt\u00f6\u00f6ristadele I diamondtec.ee\",\"publisher\":{\"@id\":\"https:\/\/diamondtec.ee\/en\/#organization\"},\"potentialAction\":[{\"@type\":\"SearchAction\",\"target\":{\"@type\":\"EntryPoint\",\"urlTemplate\":\"https:\/\/diamondtec.ee\/en\/?s={search_term_string}\"},\"query-input\":{\"@type\":\"PropertyValueSpecification\",\"valueRequired\":true,\"valueName\":\"search_term_string\"}}],\"inLanguage\":\"en-US\"},{\"@type\":\"Organization\",\"@id\":\"https:\/\/diamondtec.ee\/en\/#organization\",\"name\":\"Diamondtec O\u00dc\",\"url\":\"https:\/\/diamondtec.ee\/en\/\",\"logo\":{\"@type\":\"ImageObject\",\"inLanguage\":\"en-US\",\"@id\":\"https:\/\/diamondtec.ee\/en\/#\/schema\/logo\/image\/\",\"url\":\"https:\/\/diamondtec.ee\/wp-content\/uploads\/2022\/12\/wc_custom_default_pr_img.jpg\",\"contentUrl\":\"https:\/\/diamondtec.ee\/wp-content\/uploads\/2022\/12\/wc_custom_default_pr_img.jpg\",\"width\":800,\"height\":800,\"caption\":\"Diamondtec O\u00dc\"},\"image\":{\"@id\":\"https:\/\/diamondtec.ee\/en\/#\/schema\/logo\/image\/\"}}]}<\/script>\n<!-- \/ Yoast SEO plugin. -->","yoast_head_json":{"title":"Wet drills L350 R\u00bd'' - Diamondtec O\u00dc","robots":{"index":"index","follow":"follow","max-snippet":"max-snippet:-1","max-image-preview":"max-image-preview:large","max-video-preview":"max-video-preview:-1"},"canonical":"https:\/\/diamondtec.ee\/en\/toode\/wet-drills-l350-r%c2%bd\/","og_locale":"en_US","og_type":"article","og_title":"Wet drills L350 R\u00bd'' - Diamondtec O\u00dc","og_description":"Wet drills D10 - L350 R\u00bd'' Wet drills D12 - L350 R\u00bd'' Wet drills D14 - L350 R\u00bd'' Wet drills D16 - L350 R\u00bd'' Wet drills D20 - L350 R\u00bd'' Wet drills D22 - L350 R\u00bd'' Wet drills D25 - L350 R\u00bd'' Wet drills D28 - L350 R\u00bd'' Wet drills D32 - L350 R\u00bd'' Wet drills D42 - L350 R\u00bd'' Wet drills D52 - L350 R\u00bd'' Wet drills D62 - L350 R\u00bd'' Wet drills D72 - L350 R\u00bd'' Wet drills D82 - L350 R\u00bd'' Wet drills D102 - L350 R\u00bd''","og_url":"https:\/\/diamondtec.ee\/en\/toode\/wet-drills-l350-r%c2%bd\/","og_site_name":"Diamondtec O\u00dc","article_modified_time":"2022-11-30T11:44:10+00:00","og_image":[{"width":300,"height":300,"url":"https:\/\/diamondtec.ee\/wp-content\/uploads\/2018\/06\/Pixie-R12.jpg","type":"image\/jpeg"}],"twitter_card":"summary_large_image","schema":{"@context":"https:\/\/schema.org","@graph":[{"@type":"WebPage","@id":"https:\/\/diamondtec.ee\/en\/toode\/wet-drills-l350-r%c2%bd\/","url":"https:\/\/diamondtec.ee\/en\/toode\/wet-drills-l350-r%c2%bd\/","name":"Wet drills L350 R\u00bd'' - Diamondtec O\u00dc","isPartOf":{"@id":"https:\/\/diamondtec.ee\/en\/#website"},"primaryImageOfPage":{"@id":"https:\/\/diamondtec.ee\/en\/toode\/wet-drills-l350-r%c2%bd\/#primaryimage"},"image":{"@id":"https:\/\/diamondtec.ee\/en\/toode\/wet-drills-l350-r%c2%bd\/#primaryimage"},"thumbnailUrl":"https:\/\/diamondtec.ee\/wp-content\/uploads\/2018\/06\/Pixie-R12.jpg","datePublished":"2018-10-11T09:55:38+00:00","dateModified":"2022-11-30T11:44:10+00:00","breadcrumb":{"@id":"https:\/\/diamondtec.ee\/en\/toode\/wet-drills-l350-r%c2%bd\/#breadcrumb"},"inLanguage":"en-US","potentialAction":[{"@type":"ReadAction","target":["https:\/\/diamondtec.ee\/en\/toode\/wet-drills-l350-r%c2%bd\/"]}]},{"@type":"ImageObject","inLanguage":"en-US","@id":"https:\/\/diamondtec.ee\/en\/toode\/wet-drills-l350-r%c2%bd\/#primaryimage","url":"https:\/\/diamondtec.ee\/wp-content\/uploads\/2018\/06\/Pixie-R12.jpg","contentUrl":"https:\/\/diamondtec.ee\/wp-content\/uploads\/2018\/06\/Pixie-R12.jpg","width":300,"height":300},{"@type":"BreadcrumbList","@id":"https:\/\/diamondtec.ee\/en\/toode\/wet-drills-l350-r%c2%bd\/#breadcrumb","itemListElement":[{"@type":"ListItem","position":1,"name":"Avaleht","item":"https:\/\/diamondtec.ee\/en\/"},{"@type":"ListItem","position":2,"name":"Shop","item":"https:\/\/diamondtec.ee\/en\/shop\/"},{"@type":"ListItem","position":3,"name":"Wet drills L350 R\u00bd&#8221;"}]},{"@type":"WebSite","@id":"https:\/\/diamondtec.ee\/en\/#website","url":"https:\/\/diamondtec.ee\/en\/","name":"Diamondtec O\u00dc","description":"Diamondtec - partner teemantt\u00f6\u00f6ristadele I diamondtec.ee","publisher":{"@id":"https:\/\/diamondtec.ee\/en\/#organization"},"potentialAction":[{"@type":"SearchAction","target":{"@type":"EntryPoint","urlTemplate":"https:\/\/diamondtec.ee\/en\/?s={search_term_string}"},"query-input":{"@type":"PropertyValueSpecification","valueRequired":true,"valueName":"search_term_string"}}],"inLanguage":"en-US"},{"@type":"Organization","@id":"https:\/\/diamondtec.ee\/en\/#organization","name":"Diamondtec O\u00dc","url":"https:\/\/diamondtec.ee\/en\/","logo":{"@type":"ImageObject","inLanguage":"en-US","@id":"https:\/\/diamondtec.ee\/en\/#\/schema\/logo\/image\/","url":"https:\/\/diamondtec.ee\/wp-content\/uploads\/2022\/12\/wc_custom_default_pr_img.jpg","contentUrl":"https:\/\/diamondtec.ee\/wp-content\/uploads\/2022\/12\/wc_custom_default_pr_img.jpg","width":800,"height":800,"caption":"Diamondtec O\u00dc"},"image":{"@id":"https:\/\/diamondtec.ee\/en\/#\/schema\/logo\/image\/"}}]}},"jetpack_sharing_enabled":true,"_links":{"self":[{"href":"https:\/\/diamondtec.ee\/en\/wp-json\/wp\/v2\/product\/2707","targetHints":{"allow":["GET"]}}],"collection":[{"href":"https:\/\/diamondtec.ee\/en\/wp-json\/wp\/v2\/product"}],"about":[{"href":"https:\/\/diamondtec.ee\/en\/wp-json\/wp\/v2\/types\/product"}],"wp:featuredmedia":[{"embeddable":true,"href":"https:\/\/diamondtec.ee\/en\/wp-json\/wp\/v2\/media\/2723"}],"wp:attachment":[{"href":"https:\/\/diamondtec.ee\/en\/wp-json\/wp\/v2\/media?parent=2707"}],"wp:term":[{"taxonomy":"product_brand","embeddable":true,"href":"https:\/\/diamondtec.ee\/en\/wp-json\/wp\/v2\/product_brand?post=2707"},{"taxonomy":"product_cat","embeddable":true,"href":"https:\/\/diamondtec.ee\/en\/wp-json\/wp\/v2\/product_cat?post=2707"},{"taxonomy":"product_tag","embeddable":true,"href":"https:\/\/diamondtec.ee\/en\/wp-json\/wp\/v2\/product_tag?post=2707"}],"curies":[{"name":"wp","href":"https:\/\/api.w.org\/{rel}","templated":true}]}}