{"id":2728,"date":"2018-10-11T12:46:55","date_gmt":"2018-10-11T09:46:55","guid":{"rendered":"https:\/\/diamondtec.ee\/toode\/wet-drills-pixie-cr-128\/"},"modified":"2019-10-02T19:38:03","modified_gmt":"2019-10-02T16:38:03","slug":"wet-drills-pixie-cr-128","status":"publish","type":"product","link":"https:\/\/diamondtec.ee\/en\/toode\/wet-drills-pixie-cr-128\/","title":{"rendered":"Wet drills PIXIE (CR 128)"},"content":{"rendered":"","protected":false},"excerpt":{"rendered":"<p>Wet drills D25 &#8211; L500, PIXIE (CR 128)<br \/>\nWet drills D28 &#8211; L500, PIXIE (CR 128)<br \/>\nWet drills D32 &#8211; L500, PIXIE (CR 128)<br \/>\nWet drills D36 &#8211; L500, PIXIE (CR 128)<br \/>\nWet drills D42 &#8211; L500, PIXIE (CR 128)<br \/>\nWet drills D52 &#8211; L500, PIXIE (CR 128)<br \/>\nWet drills D62 &#8211; L500, PIXIE (CR 128)<br \/>\nWet drills D72 &#8211; L500, PIXIE (CR 128)<br \/>\nWet drills D82 &#8211; L500, PIXIE (CR 128)<br \/>\nWet drills D92 &#8211; L500, PIXIE (CR 128)<br \/>\nWet drills D102 &#8211; L500, PIXIE (CR 128)<br \/>\nWet drills D112 &#8211; L500, PIXIE (CR 128)<br \/>\nWet drills D122 &#8211; L500, PIXIE (CR 128)<br \/>\nWet drills D127 &#8211; L500, PIXIE (CR 128)<br \/>\nWet drills D132 &#8211; L500, PIXIE (CR 128)<br \/>\nWet drills D142 &#8211; L500, PIXIE (CR 128)<br \/>\nWet drills D152 &#8211; L500, PIXIE (CR 128)<br \/>\nWet drills D162 &#8211; L500, PIXIE (CR 128)<br \/>\nWet drills D172 &#8211; L500, PIXIE (CR 128)<br \/>\nWet drills D182 &#8211; L500, PIXIE (CR 128)<br \/>\nWet drills D200 &#8211; L500, PIXIE (CR 128)<br \/>\nWet drills D210 &#8211; L500, PIXIE (CR 128)<br \/>\nWet drills D225 &#8211; L500, PIXIE (CR 128)<br \/>\nWet drills D250 &#8211; L500, PIXIE (CR 128)<br \/>\nWet drills D275 &#8211; L500, PIXIE (CR 128)<br \/>\nWet drills D300 &#8211; L500, PIXIE (CR 128)<br \/>\nWet drills D325 &#8211; L500, PIXIE (CR 128)<br \/>\nWet drills D350 &#8211; L500, PIXIE (CR 128)<br \/>\nWet drills D375 &#8211; L500, PIXIE (CR 128)<br \/>\nWet drills D425 &#8211; L500, PIXIE (CR 128)<br \/>\nWet drills D525 &#8211; L500, PIXIE (CR 128)<\/p>\n","protected":false},"featured_media":2729,"template":"","meta":{"_acf_changed":false},"product_brand":[],"product_cat":[166,167],"product_tag":[],"class_list":{"0":"post-2728","1":"product","2":"type-product","3":"status-publish","4":"has-post-thumbnail","6":"product_cat-core-drills","7":"product_cat-wet-drills","9":"first","10":"outofstock","11":"shipping-taxable","12":"purchasable","13":"product-type-variable"},"acf":[],"yoast_head":"<!-- This site is optimized with the Yoast SEO plugin v25.8 - https:\/\/yoast.com\/wordpress\/plugins\/seo\/ -->\n<title>Wet drills PIXIE (CR 128) - Diamondtec O\u00dc<\/title>\n<meta name=\"robots\" content=\"index, follow, max-snippet:-1, max-image-preview:large, max-video-preview:-1\" \/>\n<link rel=\"canonical\" href=\"https:\/\/diamondtec.ee\/en\/toode\/wet-drills-pixie-cr-128\/\" \/>\n<meta property=\"og:locale\" content=\"en_US\" \/>\n<meta property=\"og:type\" content=\"article\" \/>\n<meta property=\"og:title\" content=\"Wet drills PIXIE (CR 128) - Diamondtec O\u00dc\" \/>\n<meta property=\"og:description\" content=\"Wet drills D25 - L500, PIXIE (CR 128) Wet drills D28 - L500, PIXIE (CR 128) Wet drills D32 - L500, PIXIE (CR 128) Wet drills D36 - L500, PIXIE (CR 128) Wet drills D42 - L500, PIXIE (CR 128) Wet drills D52 - L500, PIXIE (CR 128) Wet drills D62 - L500, PIXIE (CR 128) Wet drills D72 - L500, PIXIE (CR 128) Wet drills D82 - L500, PIXIE (CR 128) Wet drills D92 - L500, PIXIE (CR 128) Wet drills D102 - L500, PIXIE (CR 128) Wet drills D112 - L500, PIXIE (CR 128) Wet drills D122 - L500, PIXIE (CR 128) Wet drills D127 - L500, PIXIE (CR 128) Wet drills D132 - L500, PIXIE (CR 128) Wet drills D142 - L500, PIXIE (CR 128) Wet drills D152 - L500, PIXIE (CR 128) Wet drills D162 - L500, PIXIE (CR 128) Wet drills D172 - L500, PIXIE (CR 128) Wet drills D182 - L500, PIXIE (CR 128) Wet drills D200 - L500, PIXIE (CR 128) Wet drills D210 - L500, PIXIE (CR 128) Wet drills D225 - L500, PIXIE (CR 128) Wet drills D250 - L500, PIXIE (CR 128) Wet drills D275 - L500, PIXIE (CR 128) Wet drills D300 - L500, PIXIE (CR 128) Wet drills D325 - L500, PIXIE (CR 128) Wet drills D350 - L500, PIXIE (CR 128) Wet drills D375 - L500, PIXIE (CR 128) Wet drills D425 - L500, PIXIE (CR 128) Wet drills D525 - L500, PIXIE (CR 128)\" \/>\n<meta property=\"og:url\" content=\"https:\/\/diamondtec.ee\/en\/toode\/wet-drills-pixie-cr-128\/\" \/>\n<meta property=\"og:site_name\" content=\"Diamondtec O\u00dc\" \/>\n<meta property=\"article:modified_time\" content=\"2019-10-02T16:38:03+00:00\" \/>\n<meta property=\"og:image\" content=\"https:\/\/diamondtec.ee\/wp-content\/uploads\/2018\/10\/dia_246.jpg\" \/>\n\t<meta property=\"og:image:width\" content=\"1067\" \/>\n\t<meta property=\"og:image:height\" content=\"1600\" \/>\n\t<meta property=\"og:image:type\" content=\"image\/jpeg\" \/>\n<meta name=\"twitter:card\" content=\"summary_large_image\" \/>\n<script type=\"application\/ld+json\" class=\"yoast-schema-graph\">{\"@context\":\"https:\/\/schema.org\",\"@graph\":[{\"@type\":\"WebPage\",\"@id\":\"https:\/\/diamondtec.ee\/en\/toode\/wet-drills-pixie-cr-128\/\",\"url\":\"https:\/\/diamondtec.ee\/en\/toode\/wet-drills-pixie-cr-128\/\",\"name\":\"Wet drills PIXIE (CR 128) - Diamondtec O\u00dc\",\"isPartOf\":{\"@id\":\"https:\/\/diamondtec.ee\/en\/#website\"},\"primaryImageOfPage\":{\"@id\":\"https:\/\/diamondtec.ee\/en\/toode\/wet-drills-pixie-cr-128\/#primaryimage\"},\"image\":{\"@id\":\"https:\/\/diamondtec.ee\/en\/toode\/wet-drills-pixie-cr-128\/#primaryimage\"},\"thumbnailUrl\":\"https:\/\/diamondtec.ee\/wp-content\/uploads\/2018\/10\/dia_246.jpg\",\"datePublished\":\"2018-10-11T09:46:55+00:00\",\"dateModified\":\"2019-10-02T16:38:03+00:00\",\"breadcrumb\":{\"@id\":\"https:\/\/diamondtec.ee\/en\/toode\/wet-drills-pixie-cr-128\/#breadcrumb\"},\"inLanguage\":\"en-US\",\"potentialAction\":[{\"@type\":\"ReadAction\",\"target\":[\"https:\/\/diamondtec.ee\/en\/toode\/wet-drills-pixie-cr-128\/\"]}]},{\"@type\":\"ImageObject\",\"inLanguage\":\"en-US\",\"@id\":\"https:\/\/diamondtec.ee\/en\/toode\/wet-drills-pixie-cr-128\/#primaryimage\",\"url\":\"https:\/\/diamondtec.ee\/wp-content\/uploads\/2018\/10\/dia_246.jpg\",\"contentUrl\":\"https:\/\/diamondtec.ee\/wp-content\/uploads\/2018\/10\/dia_246.jpg\",\"width\":1067,\"height\":1600},{\"@type\":\"BreadcrumbList\",\"@id\":\"https:\/\/diamondtec.ee\/en\/toode\/wet-drills-pixie-cr-128\/#breadcrumb\",\"itemListElement\":[{\"@type\":\"ListItem\",\"position\":1,\"name\":\"Avaleht\",\"item\":\"https:\/\/diamondtec.ee\/en\/\"},{\"@type\":\"ListItem\",\"position\":2,\"name\":\"Shop\",\"item\":\"https:\/\/diamondtec.ee\/en\/shop\/\"},{\"@type\":\"ListItem\",\"position\":3,\"name\":\"Wet drills PIXIE (CR 128)\"}]},{\"@type\":\"WebSite\",\"@id\":\"https:\/\/diamondtec.ee\/en\/#website\",\"url\":\"https:\/\/diamondtec.ee\/en\/\",\"name\":\"Diamondtec O\u00dc\",\"description\":\"Diamondtec - partner teemantt\u00f6\u00f6ristadele I diamondtec.ee\",\"publisher\":{\"@id\":\"https:\/\/diamondtec.ee\/en\/#organization\"},\"potentialAction\":[{\"@type\":\"SearchAction\",\"target\":{\"@type\":\"EntryPoint\",\"urlTemplate\":\"https:\/\/diamondtec.ee\/en\/?s={search_term_string}\"},\"query-input\":{\"@type\":\"PropertyValueSpecification\",\"valueRequired\":true,\"valueName\":\"search_term_string\"}}],\"inLanguage\":\"en-US\"},{\"@type\":\"Organization\",\"@id\":\"https:\/\/diamondtec.ee\/en\/#organization\",\"name\":\"Diamondtec O\u00dc\",\"url\":\"https:\/\/diamondtec.ee\/en\/\",\"logo\":{\"@type\":\"ImageObject\",\"inLanguage\":\"en-US\",\"@id\":\"https:\/\/diamondtec.ee\/en\/#\/schema\/logo\/image\/\",\"url\":\"https:\/\/diamondtec.ee\/wp-content\/uploads\/2022\/12\/wc_custom_default_pr_img.jpg\",\"contentUrl\":\"https:\/\/diamondtec.ee\/wp-content\/uploads\/2022\/12\/wc_custom_default_pr_img.jpg\",\"width\":800,\"height\":800,\"caption\":\"Diamondtec O\u00dc\"},\"image\":{\"@id\":\"https:\/\/diamondtec.ee\/en\/#\/schema\/logo\/image\/\"}}]}<\/script>\n<!-- \/ Yoast SEO plugin. -->","yoast_head_json":{"title":"Wet drills PIXIE (CR 128) - Diamondtec O\u00dc","robots":{"index":"index","follow":"follow","max-snippet":"max-snippet:-1","max-image-preview":"max-image-preview:large","max-video-preview":"max-video-preview:-1"},"canonical":"https:\/\/diamondtec.ee\/en\/toode\/wet-drills-pixie-cr-128\/","og_locale":"en_US","og_type":"article","og_title":"Wet drills PIXIE (CR 128) - Diamondtec O\u00dc","og_description":"Wet drills D25 - L500, PIXIE (CR 128) Wet drills D28 - L500, PIXIE (CR 128) Wet drills D32 - L500, PIXIE (CR 128) Wet drills D36 - L500, PIXIE (CR 128) Wet drills D42 - L500, PIXIE (CR 128) Wet drills D52 - L500, PIXIE (CR 128) Wet drills D62 - L500, PIXIE (CR 128) Wet drills D72 - L500, PIXIE (CR 128) Wet drills D82 - L500, PIXIE (CR 128) Wet drills D92 - L500, PIXIE (CR 128) Wet drills D102 - L500, PIXIE (CR 128) Wet drills D112 - L500, PIXIE (CR 128) Wet drills D122 - L500, PIXIE (CR 128) Wet drills D127 - L500, PIXIE (CR 128) Wet drills D132 - L500, PIXIE (CR 128) Wet drills D142 - L500, PIXIE (CR 128) Wet drills D152 - L500, PIXIE (CR 128) Wet drills D162 - L500, PIXIE (CR 128) Wet drills D172 - L500, PIXIE (CR 128) Wet drills D182 - L500, PIXIE (CR 128) Wet drills D200 - L500, PIXIE (CR 128) Wet drills D210 - L500, PIXIE (CR 128) Wet drills D225 - L500, PIXIE (CR 128) Wet drills D250 - L500, PIXIE (CR 128) Wet drills D275 - L500, PIXIE (CR 128) Wet drills D300 - L500, PIXIE (CR 128) Wet drills D325 - L500, PIXIE (CR 128) Wet drills D350 - L500, PIXIE (CR 128) Wet drills D375 - L500, PIXIE (CR 128) Wet drills D425 - L500, PIXIE (CR 128) Wet drills D525 - L500, PIXIE (CR 128)","og_url":"https:\/\/diamondtec.ee\/en\/toode\/wet-drills-pixie-cr-128\/","og_site_name":"Diamondtec O\u00dc","article_modified_time":"2019-10-02T16:38:03+00:00","og_image":[{"width":1067,"height":1600,"url":"https:\/\/diamondtec.ee\/wp-content\/uploads\/2018\/10\/dia_246.jpg","type":"image\/jpeg"}],"twitter_card":"summary_large_image","schema":{"@context":"https:\/\/schema.org","@graph":[{"@type":"WebPage","@id":"https:\/\/diamondtec.ee\/en\/toode\/wet-drills-pixie-cr-128\/","url":"https:\/\/diamondtec.ee\/en\/toode\/wet-drills-pixie-cr-128\/","name":"Wet drills PIXIE (CR 128) - Diamondtec O\u00dc","isPartOf":{"@id":"https:\/\/diamondtec.ee\/en\/#website"},"primaryImageOfPage":{"@id":"https:\/\/diamondtec.ee\/en\/toode\/wet-drills-pixie-cr-128\/#primaryimage"},"image":{"@id":"https:\/\/diamondtec.ee\/en\/toode\/wet-drills-pixie-cr-128\/#primaryimage"},"thumbnailUrl":"https:\/\/diamondtec.ee\/wp-content\/uploads\/2018\/10\/dia_246.jpg","datePublished":"2018-10-11T09:46:55+00:00","dateModified":"2019-10-02T16:38:03+00:00","breadcrumb":{"@id":"https:\/\/diamondtec.ee\/en\/toode\/wet-drills-pixie-cr-128\/#breadcrumb"},"inLanguage":"en-US","potentialAction":[{"@type":"ReadAction","target":["https:\/\/diamondtec.ee\/en\/toode\/wet-drills-pixie-cr-128\/"]}]},{"@type":"ImageObject","inLanguage":"en-US","@id":"https:\/\/diamondtec.ee\/en\/toode\/wet-drills-pixie-cr-128\/#primaryimage","url":"https:\/\/diamondtec.ee\/wp-content\/uploads\/2018\/10\/dia_246.jpg","contentUrl":"https:\/\/diamondtec.ee\/wp-content\/uploads\/2018\/10\/dia_246.jpg","width":1067,"height":1600},{"@type":"BreadcrumbList","@id":"https:\/\/diamondtec.ee\/en\/toode\/wet-drills-pixie-cr-128\/#breadcrumb","itemListElement":[{"@type":"ListItem","position":1,"name":"Avaleht","item":"https:\/\/diamondtec.ee\/en\/"},{"@type":"ListItem","position":2,"name":"Shop","item":"https:\/\/diamondtec.ee\/en\/shop\/"},{"@type":"ListItem","position":3,"name":"Wet drills PIXIE (CR 128)"}]},{"@type":"WebSite","@id":"https:\/\/diamondtec.ee\/en\/#website","url":"https:\/\/diamondtec.ee\/en\/","name":"Diamondtec O\u00dc","description":"Diamondtec - partner teemantt\u00f6\u00f6ristadele I diamondtec.ee","publisher":{"@id":"https:\/\/diamondtec.ee\/en\/#organization"},"potentialAction":[{"@type":"SearchAction","target":{"@type":"EntryPoint","urlTemplate":"https:\/\/diamondtec.ee\/en\/?s={search_term_string}"},"query-input":{"@type":"PropertyValueSpecification","valueRequired":true,"valueName":"search_term_string"}}],"inLanguage":"en-US"},{"@type":"Organization","@id":"https:\/\/diamondtec.ee\/en\/#organization","name":"Diamondtec O\u00dc","url":"https:\/\/diamondtec.ee\/en\/","logo":{"@type":"ImageObject","inLanguage":"en-US","@id":"https:\/\/diamondtec.ee\/en\/#\/schema\/logo\/image\/","url":"https:\/\/diamondtec.ee\/wp-content\/uploads\/2022\/12\/wc_custom_default_pr_img.jpg","contentUrl":"https:\/\/diamondtec.ee\/wp-content\/uploads\/2022\/12\/wc_custom_default_pr_img.jpg","width":800,"height":800,"caption":"Diamondtec O\u00dc"},"image":{"@id":"https:\/\/diamondtec.ee\/en\/#\/schema\/logo\/image\/"}}]}},"jetpack_sharing_enabled":true,"_links":{"self":[{"href":"https:\/\/diamondtec.ee\/en\/wp-json\/wp\/v2\/product\/2728","targetHints":{"allow":["GET"]}}],"collection":[{"href":"https:\/\/diamondtec.ee\/en\/wp-json\/wp\/v2\/product"}],"about":[{"href":"https:\/\/diamondtec.ee\/en\/wp-json\/wp\/v2\/types\/product"}],"wp:featuredmedia":[{"embeddable":true,"href":"https:\/\/diamondtec.ee\/en\/wp-json\/wp\/v2\/media\/2729"}],"wp:attachment":[{"href":"https:\/\/diamondtec.ee\/en\/wp-json\/wp\/v2\/media?parent=2728"}],"wp:term":[{"taxonomy":"product_brand","embeddable":true,"href":"https:\/\/diamondtec.ee\/en\/wp-json\/wp\/v2\/product_brand?post=2728"},{"taxonomy":"product_cat","embeddable":true,"href":"https:\/\/diamondtec.ee\/en\/wp-json\/wp\/v2\/product_cat?post=2728"},{"taxonomy":"product_tag","embeddable":true,"href":"https:\/\/diamondtec.ee\/en\/wp-json\/wp\/v2\/product_tag?post=2728"}],"curies":[{"name":"wp","href":"https:\/\/api.w.org\/{rel}","templated":true}]}}