{"id":2859,"date":"2018-10-11T11:12:13","date_gmt":"2018-10-11T08:12:13","guid":{"rendered":"https:\/\/diamondtec.ee\/toode\/diamond-blade-zenesis-r-high-speed-handsaw-for-r-concrete\/"},"modified":"2019-10-02T19:30:17","modified_gmt":"2019-10-02T16:30:17","slug":"diamond-blade-zenesis-r-high-speed-handsaw-for-r-concrete","status":"publish","type":"product","link":"https:\/\/diamondtec.ee\/en\/toode\/diamond-blade-zenesis-r-high-speed-handsaw-for-r-concrete\/","title":{"rendered":"Diamond blade ZENESIS-R HIGH SPEED HANDSAW FOR R.CONCRETE"},"content":{"rendered":"","protected":false},"excerpt":{"rendered":"<ul>\n<li>Diamond blade  ZENESIS-R HIGH SPEED HANDSAW FOR R.CONCRETE 354D-40L-3.0T-12.5+1.5W-25.4H<\/li>\n<li>Diamond blade  ZENESIS-R HIGH SPEED HANDSAW FOR R.CONCRETE 404D-40L-3.0T-14W-28S-25.4H<\/li>\n<li>Diamond blade  ZENESIS-R HIGH SPEED HANDSAW FOR R.CONCRETE 415D-40L-4,2T-14W-28S-25.4H<\/li>\n<\/ul>\n","protected":false},"featured_media":2860,"template":"","meta":{"_acf_changed":false},"product_brand":[],"product_cat":[185],"product_tag":[],"class_list":{"0":"post-2859","1":"product","2":"type-product","3":"status-publish","4":"has-post-thumbnail","6":"product_cat-diamond-blades","8":"first","9":"outofstock","10":"shipping-taxable","11":"purchasable","12":"product-type-variable"},"acf":[],"yoast_head":"<!-- This site is optimized with the Yoast SEO plugin v25.8 - https:\/\/yoast.com\/wordpress\/plugins\/seo\/ -->\n<title>Diamond blade ZENESIS-R HIGH SPEED HANDSAW FOR R.CONCRETE - Diamondtec O\u00dc<\/title>\n<meta name=\"robots\" content=\"index, follow, max-snippet:-1, max-image-preview:large, max-video-preview:-1\" \/>\n<link rel=\"canonical\" href=\"https:\/\/diamondtec.ee\/en\/toode\/diamond-blade-zenesis-r-high-speed-handsaw-for-r-concrete\/\" \/>\n<meta property=\"og:locale\" content=\"en_US\" \/>\n<meta property=\"og:type\" content=\"article\" \/>\n<meta property=\"og:title\" content=\"Diamond blade ZENESIS-R HIGH SPEED HANDSAW FOR R.CONCRETE - Diamondtec O\u00dc\" \/>\n<meta property=\"og:description\" content=\"Diamond blade ZENESIS-R HIGH SPEED HANDSAW FOR R.CONCRETE 354D-40L-3.0T-12.5+1.5W-25.4H Diamond blade ZENESIS-R HIGH SPEED HANDSAW FOR R.CONCRETE 404D-40L-3.0T-14W-28S-25.4H Diamond blade ZENESIS-R HIGH SPEED HANDSAW FOR R.CONCRETE 415D-40L-4,2T-14W-28S-25.4H\" \/>\n<meta property=\"og:url\" content=\"https:\/\/diamondtec.ee\/en\/toode\/diamond-blade-zenesis-r-high-speed-handsaw-for-r-concrete\/\" \/>\n<meta property=\"og:site_name\" content=\"Diamondtec O\u00dc\" \/>\n<meta property=\"article:modified_time\" content=\"2019-10-02T16:30:17+00:00\" \/>\n<meta property=\"og:image\" content=\"https:\/\/diamondtec.ee\/wp-content\/uploads\/2018\/10\/dia_292_web.jpg\" \/>\n\t<meta property=\"og:image:width\" content=\"600\" \/>\n\t<meta property=\"og:image:height\" content=\"600\" \/>\n\t<meta property=\"og:image:type\" content=\"image\/jpeg\" \/>\n<meta name=\"twitter:card\" content=\"summary_large_image\" \/>\n<script type=\"application\/ld+json\" class=\"yoast-schema-graph\">{\"@context\":\"https:\/\/schema.org\",\"@graph\":[{\"@type\":\"WebPage\",\"@id\":\"https:\/\/diamondtec.ee\/en\/toode\/diamond-blade-zenesis-r-high-speed-handsaw-for-r-concrete\/\",\"url\":\"https:\/\/diamondtec.ee\/en\/toode\/diamond-blade-zenesis-r-high-speed-handsaw-for-r-concrete\/\",\"name\":\"Diamond blade ZENESIS-R HIGH SPEED HANDSAW FOR R.CONCRETE - Diamondtec O\u00dc\",\"isPartOf\":{\"@id\":\"https:\/\/diamondtec.ee\/en\/#website\"},\"primaryImageOfPage\":{\"@id\":\"https:\/\/diamondtec.ee\/en\/toode\/diamond-blade-zenesis-r-high-speed-handsaw-for-r-concrete\/#primaryimage\"},\"image\":{\"@id\":\"https:\/\/diamondtec.ee\/en\/toode\/diamond-blade-zenesis-r-high-speed-handsaw-for-r-concrete\/#primaryimage\"},\"thumbnailUrl\":\"https:\/\/diamondtec.ee\/wp-content\/uploads\/2018\/10\/dia_292_web.jpg\",\"datePublished\":\"2018-10-11T08:12:13+00:00\",\"dateModified\":\"2019-10-02T16:30:17+00:00\",\"breadcrumb\":{\"@id\":\"https:\/\/diamondtec.ee\/en\/toode\/diamond-blade-zenesis-r-high-speed-handsaw-for-r-concrete\/#breadcrumb\"},\"inLanguage\":\"en-US\",\"potentialAction\":[{\"@type\":\"ReadAction\",\"target\":[\"https:\/\/diamondtec.ee\/en\/toode\/diamond-blade-zenesis-r-high-speed-handsaw-for-r-concrete\/\"]}]},{\"@type\":\"ImageObject\",\"inLanguage\":\"en-US\",\"@id\":\"https:\/\/diamondtec.ee\/en\/toode\/diamond-blade-zenesis-r-high-speed-handsaw-for-r-concrete\/#primaryimage\",\"url\":\"https:\/\/diamondtec.ee\/wp-content\/uploads\/2018\/10\/dia_292_web.jpg\",\"contentUrl\":\"https:\/\/diamondtec.ee\/wp-content\/uploads\/2018\/10\/dia_292_web.jpg\",\"width\":600,\"height\":600},{\"@type\":\"BreadcrumbList\",\"@id\":\"https:\/\/diamondtec.ee\/en\/toode\/diamond-blade-zenesis-r-high-speed-handsaw-for-r-concrete\/#breadcrumb\",\"itemListElement\":[{\"@type\":\"ListItem\",\"position\":1,\"name\":\"Avaleht\",\"item\":\"https:\/\/diamondtec.ee\/en\/\"},{\"@type\":\"ListItem\",\"position\":2,\"name\":\"Shop\",\"item\":\"https:\/\/diamondtec.ee\/en\/shop\/\"},{\"@type\":\"ListItem\",\"position\":3,\"name\":\"Diamond blade ZENESIS-R HIGH SPEED HANDSAW FOR R.CONCRETE\"}]},{\"@type\":\"WebSite\",\"@id\":\"https:\/\/diamondtec.ee\/en\/#website\",\"url\":\"https:\/\/diamondtec.ee\/en\/\",\"name\":\"Diamondtec O\u00dc\",\"description\":\"Diamondtec - partner teemantt\u00f6\u00f6ristadele I diamondtec.ee\",\"publisher\":{\"@id\":\"https:\/\/diamondtec.ee\/en\/#organization\"},\"potentialAction\":[{\"@type\":\"SearchAction\",\"target\":{\"@type\":\"EntryPoint\",\"urlTemplate\":\"https:\/\/diamondtec.ee\/en\/?s={search_term_string}\"},\"query-input\":{\"@type\":\"PropertyValueSpecification\",\"valueRequired\":true,\"valueName\":\"search_term_string\"}}],\"inLanguage\":\"en-US\"},{\"@type\":\"Organization\",\"@id\":\"https:\/\/diamondtec.ee\/en\/#organization\",\"name\":\"Diamondtec O\u00dc\",\"url\":\"https:\/\/diamondtec.ee\/en\/\",\"logo\":{\"@type\":\"ImageObject\",\"inLanguage\":\"en-US\",\"@id\":\"https:\/\/diamondtec.ee\/en\/#\/schema\/logo\/image\/\",\"url\":\"https:\/\/diamondtec.ee\/wp-content\/uploads\/2022\/12\/wc_custom_default_pr_img.jpg\",\"contentUrl\":\"https:\/\/diamondtec.ee\/wp-content\/uploads\/2022\/12\/wc_custom_default_pr_img.jpg\",\"width\":800,\"height\":800,\"caption\":\"Diamondtec O\u00dc\"},\"image\":{\"@id\":\"https:\/\/diamondtec.ee\/en\/#\/schema\/logo\/image\/\"}}]}<\/script>\n<!-- \/ Yoast SEO plugin. -->","yoast_head_json":{"title":"Diamond blade ZENESIS-R HIGH SPEED HANDSAW FOR R.CONCRETE - Diamondtec O\u00dc","robots":{"index":"index","follow":"follow","max-snippet":"max-snippet:-1","max-image-preview":"max-image-preview:large","max-video-preview":"max-video-preview:-1"},"canonical":"https:\/\/diamondtec.ee\/en\/toode\/diamond-blade-zenesis-r-high-speed-handsaw-for-r-concrete\/","og_locale":"en_US","og_type":"article","og_title":"Diamond blade ZENESIS-R HIGH SPEED HANDSAW FOR R.CONCRETE - Diamondtec O\u00dc","og_description":"Diamond blade ZENESIS-R HIGH SPEED HANDSAW FOR R.CONCRETE 354D-40L-3.0T-12.5+1.5W-25.4H Diamond blade ZENESIS-R HIGH SPEED HANDSAW FOR R.CONCRETE 404D-40L-3.0T-14W-28S-25.4H Diamond blade ZENESIS-R HIGH SPEED HANDSAW FOR R.CONCRETE 415D-40L-4,2T-14W-28S-25.4H","og_url":"https:\/\/diamondtec.ee\/en\/toode\/diamond-blade-zenesis-r-high-speed-handsaw-for-r-concrete\/","og_site_name":"Diamondtec O\u00dc","article_modified_time":"2019-10-02T16:30:17+00:00","og_image":[{"width":600,"height":600,"url":"https:\/\/diamondtec.ee\/wp-content\/uploads\/2018\/10\/dia_292_web.jpg","type":"image\/jpeg"}],"twitter_card":"summary_large_image","schema":{"@context":"https:\/\/schema.org","@graph":[{"@type":"WebPage","@id":"https:\/\/diamondtec.ee\/en\/toode\/diamond-blade-zenesis-r-high-speed-handsaw-for-r-concrete\/","url":"https:\/\/diamondtec.ee\/en\/toode\/diamond-blade-zenesis-r-high-speed-handsaw-for-r-concrete\/","name":"Diamond blade ZENESIS-R HIGH SPEED HANDSAW FOR R.CONCRETE - Diamondtec O\u00dc","isPartOf":{"@id":"https:\/\/diamondtec.ee\/en\/#website"},"primaryImageOfPage":{"@id":"https:\/\/diamondtec.ee\/en\/toode\/diamond-blade-zenesis-r-high-speed-handsaw-for-r-concrete\/#primaryimage"},"image":{"@id":"https:\/\/diamondtec.ee\/en\/toode\/diamond-blade-zenesis-r-high-speed-handsaw-for-r-concrete\/#primaryimage"},"thumbnailUrl":"https:\/\/diamondtec.ee\/wp-content\/uploads\/2018\/10\/dia_292_web.jpg","datePublished":"2018-10-11T08:12:13+00:00","dateModified":"2019-10-02T16:30:17+00:00","breadcrumb":{"@id":"https:\/\/diamondtec.ee\/en\/toode\/diamond-blade-zenesis-r-high-speed-handsaw-for-r-concrete\/#breadcrumb"},"inLanguage":"en-US","potentialAction":[{"@type":"ReadAction","target":["https:\/\/diamondtec.ee\/en\/toode\/diamond-blade-zenesis-r-high-speed-handsaw-for-r-concrete\/"]}]},{"@type":"ImageObject","inLanguage":"en-US","@id":"https:\/\/diamondtec.ee\/en\/toode\/diamond-blade-zenesis-r-high-speed-handsaw-for-r-concrete\/#primaryimage","url":"https:\/\/diamondtec.ee\/wp-content\/uploads\/2018\/10\/dia_292_web.jpg","contentUrl":"https:\/\/diamondtec.ee\/wp-content\/uploads\/2018\/10\/dia_292_web.jpg","width":600,"height":600},{"@type":"BreadcrumbList","@id":"https:\/\/diamondtec.ee\/en\/toode\/diamond-blade-zenesis-r-high-speed-handsaw-for-r-concrete\/#breadcrumb","itemListElement":[{"@type":"ListItem","position":1,"name":"Avaleht","item":"https:\/\/diamondtec.ee\/en\/"},{"@type":"ListItem","position":2,"name":"Shop","item":"https:\/\/diamondtec.ee\/en\/shop\/"},{"@type":"ListItem","position":3,"name":"Diamond blade ZENESIS-R HIGH SPEED HANDSAW FOR R.CONCRETE"}]},{"@type":"WebSite","@id":"https:\/\/diamondtec.ee\/en\/#website","url":"https:\/\/diamondtec.ee\/en\/","name":"Diamondtec O\u00dc","description":"Diamondtec - partner teemantt\u00f6\u00f6ristadele I diamondtec.ee","publisher":{"@id":"https:\/\/diamondtec.ee\/en\/#organization"},"potentialAction":[{"@type":"SearchAction","target":{"@type":"EntryPoint","urlTemplate":"https:\/\/diamondtec.ee\/en\/?s={search_term_string}"},"query-input":{"@type":"PropertyValueSpecification","valueRequired":true,"valueName":"search_term_string"}}],"inLanguage":"en-US"},{"@type":"Organization","@id":"https:\/\/diamondtec.ee\/en\/#organization","name":"Diamondtec O\u00dc","url":"https:\/\/diamondtec.ee\/en\/","logo":{"@type":"ImageObject","inLanguage":"en-US","@id":"https:\/\/diamondtec.ee\/en\/#\/schema\/logo\/image\/","url":"https:\/\/diamondtec.ee\/wp-content\/uploads\/2022\/12\/wc_custom_default_pr_img.jpg","contentUrl":"https:\/\/diamondtec.ee\/wp-content\/uploads\/2022\/12\/wc_custom_default_pr_img.jpg","width":800,"height":800,"caption":"Diamondtec O\u00dc"},"image":{"@id":"https:\/\/diamondtec.ee\/en\/#\/schema\/logo\/image\/"}}]}},"jetpack_sharing_enabled":true,"_links":{"self":[{"href":"https:\/\/diamondtec.ee\/en\/wp-json\/wp\/v2\/product\/2859","targetHints":{"allow":["GET"]}}],"collection":[{"href":"https:\/\/diamondtec.ee\/en\/wp-json\/wp\/v2\/product"}],"about":[{"href":"https:\/\/diamondtec.ee\/en\/wp-json\/wp\/v2\/types\/product"}],"wp:featuredmedia":[{"embeddable":true,"href":"https:\/\/diamondtec.ee\/en\/wp-json\/wp\/v2\/media\/2860"}],"wp:attachment":[{"href":"https:\/\/diamondtec.ee\/en\/wp-json\/wp\/v2\/media?parent=2859"}],"wp:term":[{"taxonomy":"product_brand","embeddable":true,"href":"https:\/\/diamondtec.ee\/en\/wp-json\/wp\/v2\/product_brand?post=2859"},{"taxonomy":"product_cat","embeddable":true,"href":"https:\/\/diamondtec.ee\/en\/wp-json\/wp\/v2\/product_cat?post=2859"},{"taxonomy":"product_tag","embeddable":true,"href":"https:\/\/diamondtec.ee\/en\/wp-json\/wp\/v2\/product_tag?post=2859"}],"curies":[{"name":"wp","href":"https:\/\/api.w.org\/{rel}","templated":true}]}}