{"id":2876,"date":"2018-09-17T20:30:42","date_gmt":"2018-09-17T17:30:42","guid":{"rendered":"https:\/\/diamondtec.ee\/toode\/kgs-hybrid-innovative-wet-dry-polishing-discs\/"},"modified":"2022-11-28T18:09:40","modified_gmt":"2022-11-28T16:09:40","slug":"kgs-hybrid-innovative-wet-dry-polishing-discs","status":"publish","type":"product","link":"https:\/\/diamondtec.ee\/en\/toode\/kgs-hybrid-innovative-wet-dry-polishing-discs\/","title":{"rendered":"KGS HYBRID innovative wet \/ dry polishing discs"},"content":{"rendered":"","protected":false},"excerpt":{"rendered":"<p>Aggressive pole result combined with long product life.<br \/>\nSuitable for granite, marble, artificial stone, Terrazzo, etc. for wet polishing<\/p>\n<p><strong>Hardnesses: # 50,100,200,400,800,1500,3000,10000<\/strong><br \/>\nRecommended speeds ~ 3800 rpm<\/p>\n<p>&#8211; \u00d8 100mm<br \/>\n&#8211; QRS velcro fastening<\/p>\n","protected":false},"featured_media":2877,"template":"","meta":{"_acf_changed":false},"product_brand":[],"product_cat":[182,183],"product_tag":[],"class_list":{"0":"post-2876","1":"product","2":"type-product","3":"status-publish","4":"has-post-thumbnail","6":"product_cat-polishing-pads","7":"product_cat-wet-polishing-pads","9":"first","10":"instock","11":"shipping-taxable","12":"product-type-simple"},"acf":[],"yoast_head":"<!-- This site is optimized with the Yoast SEO plugin v25.8 - https:\/\/yoast.com\/wordpress\/plugins\/seo\/ -->\n<title>KGS HYBRID innovative wet \/ dry polishing discs - Diamondtec O\u00dc<\/title>\n<meta name=\"robots\" content=\"index, follow, max-snippet:-1, max-image-preview:large, max-video-preview:-1\" \/>\n<link rel=\"canonical\" href=\"https:\/\/diamondtec.ee\/en\/toode\/kgs-hybrid-innovative-wet-dry-polishing-discs\/\" \/>\n<meta property=\"og:locale\" content=\"en_US\" \/>\n<meta property=\"og:type\" content=\"article\" \/>\n<meta property=\"og:title\" content=\"KGS HYBRID innovative wet \/ dry polishing discs - Diamondtec O\u00dc\" \/>\n<meta property=\"og:description\" content=\"Aggressive pole result combined with long product life. Suitable for granite, marble, artificial stone, Terrazzo, etc. for wet polishing  Hardnesses: # 50,100,200,400,800,1500,3000,10000 Recommended speeds ~ 3800 rpm  - \u00d8 100mm - QRS velcro fastening\" \/>\n<meta property=\"og:url\" content=\"https:\/\/diamondtec.ee\/en\/toode\/kgs-hybrid-innovative-wet-dry-polishing-discs\/\" \/>\n<meta property=\"og:site_name\" content=\"Diamondtec O\u00dc\" \/>\n<meta property=\"article:modified_time\" content=\"2022-11-28T16:09:40+00:00\" \/>\n<meta property=\"og:image\" content=\"https:\/\/diamondtec.ee\/wp-content\/uploads\/2018\/09\/kgs-hybrid.jpg\" \/>\n\t<meta property=\"og:image:width\" content=\"300\" \/>\n\t<meta property=\"og:image:height\" content=\"300\" \/>\n\t<meta property=\"og:image:type\" content=\"image\/jpeg\" \/>\n<meta name=\"twitter:card\" content=\"summary_large_image\" \/>\n<script type=\"application\/ld+json\" class=\"yoast-schema-graph\">{\"@context\":\"https:\/\/schema.org\",\"@graph\":[{\"@type\":\"WebPage\",\"@id\":\"https:\/\/diamondtec.ee\/en\/toode\/kgs-hybrid-innovative-wet-dry-polishing-discs\/\",\"url\":\"https:\/\/diamondtec.ee\/en\/toode\/kgs-hybrid-innovative-wet-dry-polishing-discs\/\",\"name\":\"KGS HYBRID innovative wet \/ dry polishing discs - Diamondtec O\u00dc\",\"isPartOf\":{\"@id\":\"https:\/\/diamondtec.ee\/en\/#website\"},\"primaryImageOfPage\":{\"@id\":\"https:\/\/diamondtec.ee\/en\/toode\/kgs-hybrid-innovative-wet-dry-polishing-discs\/#primaryimage\"},\"image\":{\"@id\":\"https:\/\/diamondtec.ee\/en\/toode\/kgs-hybrid-innovative-wet-dry-polishing-discs\/#primaryimage\"},\"thumbnailUrl\":\"https:\/\/diamondtec.ee\/wp-content\/uploads\/2018\/09\/kgs-hybrid.jpg\",\"datePublished\":\"2018-09-17T17:30:42+00:00\",\"dateModified\":\"2022-11-28T16:09:40+00:00\",\"breadcrumb\":{\"@id\":\"https:\/\/diamondtec.ee\/en\/toode\/kgs-hybrid-innovative-wet-dry-polishing-discs\/#breadcrumb\"},\"inLanguage\":\"en-US\",\"potentialAction\":[{\"@type\":\"ReadAction\",\"target\":[\"https:\/\/diamondtec.ee\/en\/toode\/kgs-hybrid-innovative-wet-dry-polishing-discs\/\"]}]},{\"@type\":\"ImageObject\",\"inLanguage\":\"en-US\",\"@id\":\"https:\/\/diamondtec.ee\/en\/toode\/kgs-hybrid-innovative-wet-dry-polishing-discs\/#primaryimage\",\"url\":\"https:\/\/diamondtec.ee\/wp-content\/uploads\/2018\/09\/kgs-hybrid.jpg\",\"contentUrl\":\"https:\/\/diamondtec.ee\/wp-content\/uploads\/2018\/09\/kgs-hybrid.jpg\",\"width\":300,\"height\":300},{\"@type\":\"BreadcrumbList\",\"@id\":\"https:\/\/diamondtec.ee\/en\/toode\/kgs-hybrid-innovative-wet-dry-polishing-discs\/#breadcrumb\",\"itemListElement\":[{\"@type\":\"ListItem\",\"position\":1,\"name\":\"Avaleht\",\"item\":\"https:\/\/diamondtec.ee\/en\/\"},{\"@type\":\"ListItem\",\"position\":2,\"name\":\"Shop\",\"item\":\"https:\/\/diamondtec.ee\/en\/shop\/\"},{\"@type\":\"ListItem\",\"position\":3,\"name\":\"KGS HYBRID innovative wet \/ dry polishing discs\"}]},{\"@type\":\"WebSite\",\"@id\":\"https:\/\/diamondtec.ee\/en\/#website\",\"url\":\"https:\/\/diamondtec.ee\/en\/\",\"name\":\"Diamondtec O\u00dc\",\"description\":\"Diamondtec - partner teemantt\u00f6\u00f6ristadele I diamondtec.ee\",\"publisher\":{\"@id\":\"https:\/\/diamondtec.ee\/en\/#organization\"},\"potentialAction\":[{\"@type\":\"SearchAction\",\"target\":{\"@type\":\"EntryPoint\",\"urlTemplate\":\"https:\/\/diamondtec.ee\/en\/?s={search_term_string}\"},\"query-input\":{\"@type\":\"PropertyValueSpecification\",\"valueRequired\":true,\"valueName\":\"search_term_string\"}}],\"inLanguage\":\"en-US\"},{\"@type\":\"Organization\",\"@id\":\"https:\/\/diamondtec.ee\/en\/#organization\",\"name\":\"Diamondtec O\u00dc\",\"url\":\"https:\/\/diamondtec.ee\/en\/\",\"logo\":{\"@type\":\"ImageObject\",\"inLanguage\":\"en-US\",\"@id\":\"https:\/\/diamondtec.ee\/en\/#\/schema\/logo\/image\/\",\"url\":\"https:\/\/diamondtec.ee\/wp-content\/uploads\/2022\/12\/wc_custom_default_pr_img.jpg\",\"contentUrl\":\"https:\/\/diamondtec.ee\/wp-content\/uploads\/2022\/12\/wc_custom_default_pr_img.jpg\",\"width\":800,\"height\":800,\"caption\":\"Diamondtec O\u00dc\"},\"image\":{\"@id\":\"https:\/\/diamondtec.ee\/en\/#\/schema\/logo\/image\/\"}}]}<\/script>\n<!-- \/ Yoast SEO plugin. -->","yoast_head_json":{"title":"KGS HYBRID innovative wet \/ dry polishing discs - Diamondtec O\u00dc","robots":{"index":"index","follow":"follow","max-snippet":"max-snippet:-1","max-image-preview":"max-image-preview:large","max-video-preview":"max-video-preview:-1"},"canonical":"https:\/\/diamondtec.ee\/en\/toode\/kgs-hybrid-innovative-wet-dry-polishing-discs\/","og_locale":"en_US","og_type":"article","og_title":"KGS HYBRID innovative wet \/ dry polishing discs - Diamondtec O\u00dc","og_description":"Aggressive pole result combined with long product life. Suitable for granite, marble, artificial stone, Terrazzo, etc. for wet polishing  Hardnesses: # 50,100,200,400,800,1500,3000,10000 Recommended speeds ~ 3800 rpm  - \u00d8 100mm - QRS velcro fastening","og_url":"https:\/\/diamondtec.ee\/en\/toode\/kgs-hybrid-innovative-wet-dry-polishing-discs\/","og_site_name":"Diamondtec O\u00dc","article_modified_time":"2022-11-28T16:09:40+00:00","og_image":[{"width":300,"height":300,"url":"https:\/\/diamondtec.ee\/wp-content\/uploads\/2018\/09\/kgs-hybrid.jpg","type":"image\/jpeg"}],"twitter_card":"summary_large_image","schema":{"@context":"https:\/\/schema.org","@graph":[{"@type":"WebPage","@id":"https:\/\/diamondtec.ee\/en\/toode\/kgs-hybrid-innovative-wet-dry-polishing-discs\/","url":"https:\/\/diamondtec.ee\/en\/toode\/kgs-hybrid-innovative-wet-dry-polishing-discs\/","name":"KGS HYBRID innovative wet \/ dry polishing discs - Diamondtec O\u00dc","isPartOf":{"@id":"https:\/\/diamondtec.ee\/en\/#website"},"primaryImageOfPage":{"@id":"https:\/\/diamondtec.ee\/en\/toode\/kgs-hybrid-innovative-wet-dry-polishing-discs\/#primaryimage"},"image":{"@id":"https:\/\/diamondtec.ee\/en\/toode\/kgs-hybrid-innovative-wet-dry-polishing-discs\/#primaryimage"},"thumbnailUrl":"https:\/\/diamondtec.ee\/wp-content\/uploads\/2018\/09\/kgs-hybrid.jpg","datePublished":"2018-09-17T17:30:42+00:00","dateModified":"2022-11-28T16:09:40+00:00","breadcrumb":{"@id":"https:\/\/diamondtec.ee\/en\/toode\/kgs-hybrid-innovative-wet-dry-polishing-discs\/#breadcrumb"},"inLanguage":"en-US","potentialAction":[{"@type":"ReadAction","target":["https:\/\/diamondtec.ee\/en\/toode\/kgs-hybrid-innovative-wet-dry-polishing-discs\/"]}]},{"@type":"ImageObject","inLanguage":"en-US","@id":"https:\/\/diamondtec.ee\/en\/toode\/kgs-hybrid-innovative-wet-dry-polishing-discs\/#primaryimage","url":"https:\/\/diamondtec.ee\/wp-content\/uploads\/2018\/09\/kgs-hybrid.jpg","contentUrl":"https:\/\/diamondtec.ee\/wp-content\/uploads\/2018\/09\/kgs-hybrid.jpg","width":300,"height":300},{"@type":"BreadcrumbList","@id":"https:\/\/diamondtec.ee\/en\/toode\/kgs-hybrid-innovative-wet-dry-polishing-discs\/#breadcrumb","itemListElement":[{"@type":"ListItem","position":1,"name":"Avaleht","item":"https:\/\/diamondtec.ee\/en\/"},{"@type":"ListItem","position":2,"name":"Shop","item":"https:\/\/diamondtec.ee\/en\/shop\/"},{"@type":"ListItem","position":3,"name":"KGS HYBRID innovative wet \/ dry polishing discs"}]},{"@type":"WebSite","@id":"https:\/\/diamondtec.ee\/en\/#website","url":"https:\/\/diamondtec.ee\/en\/","name":"Diamondtec O\u00dc","description":"Diamondtec - partner teemantt\u00f6\u00f6ristadele I diamondtec.ee","publisher":{"@id":"https:\/\/diamondtec.ee\/en\/#organization"},"potentialAction":[{"@type":"SearchAction","target":{"@type":"EntryPoint","urlTemplate":"https:\/\/diamondtec.ee\/en\/?s={search_term_string}"},"query-input":{"@type":"PropertyValueSpecification","valueRequired":true,"valueName":"search_term_string"}}],"inLanguage":"en-US"},{"@type":"Organization","@id":"https:\/\/diamondtec.ee\/en\/#organization","name":"Diamondtec O\u00dc","url":"https:\/\/diamondtec.ee\/en\/","logo":{"@type":"ImageObject","inLanguage":"en-US","@id":"https:\/\/diamondtec.ee\/en\/#\/schema\/logo\/image\/","url":"https:\/\/diamondtec.ee\/wp-content\/uploads\/2022\/12\/wc_custom_default_pr_img.jpg","contentUrl":"https:\/\/diamondtec.ee\/wp-content\/uploads\/2022\/12\/wc_custom_default_pr_img.jpg","width":800,"height":800,"caption":"Diamondtec O\u00dc"},"image":{"@id":"https:\/\/diamondtec.ee\/en\/#\/schema\/logo\/image\/"}}]}},"jetpack_sharing_enabled":true,"_links":{"self":[{"href":"https:\/\/diamondtec.ee\/en\/wp-json\/wp\/v2\/product\/2876","targetHints":{"allow":["GET"]}}],"collection":[{"href":"https:\/\/diamondtec.ee\/en\/wp-json\/wp\/v2\/product"}],"about":[{"href":"https:\/\/diamondtec.ee\/en\/wp-json\/wp\/v2\/types\/product"}],"wp:featuredmedia":[{"embeddable":true,"href":"https:\/\/diamondtec.ee\/en\/wp-json\/wp\/v2\/media\/2877"}],"wp:attachment":[{"href":"https:\/\/diamondtec.ee\/en\/wp-json\/wp\/v2\/media?parent=2876"}],"wp:term":[{"taxonomy":"product_brand","embeddable":true,"href":"https:\/\/diamondtec.ee\/en\/wp-json\/wp\/v2\/product_brand?post=2876"},{"taxonomy":"product_cat","embeddable":true,"href":"https:\/\/diamondtec.ee\/en\/wp-json\/wp\/v2\/product_cat?post=2876"},{"taxonomy":"product_tag","embeddable":true,"href":"https:\/\/diamondtec.ee\/en\/wp-json\/wp\/v2\/product_tag?post=2876"}],"curies":[{"name":"wp","href":"https:\/\/api.w.org\/{rel}","templated":true}]}}