{"id":2885,"date":"2018-08-01T11:47:03","date_gmt":"2018-08-01T08:47:03","guid":{"rendered":"https:\/\/diamondtec.ee\/toode\/diamond-dry-core-drills-d68-72-82mm\/"},"modified":"2019-10-07T14:03:54","modified_gmt":"2019-10-07T11:03:54","slug":"diamond-dry-core-drills-d68-72-82mm","status":"publish","type":"product","link":"https:\/\/diamondtec.ee\/en\/toode\/diamond-dry-core-drills-d68-72-82mm\/","title":{"rendered":"Diamond dry core drills D68, 72, 82mm"},"content":{"rendered":"","protected":false},"excerpt":{"rendered":"<p><strong>Laser welded diamond segment drill bit<\/strong><br \/>\nSuitable for concrete and others. for dry drilling of aggregates in construction<\/p>\n<p>&#8211; Working length L = 60mm<br \/>\n&#8211; Tool mounting thread M16<br \/>\n&#8211; effective working height of the diamond segment 7mm<\/p>\n<p><strong>Box drills are not intended for drilling very hard rock materials and reinforced concrete.<br \/>\nIf necessary, do not mix diamond drilling with specially designed drills and drilling machines!<\/strong><\/p>\n","protected":false},"featured_media":486,"template":"","meta":{"_acf_changed":false},"product_brand":[],"product_cat":[166,184],"product_tag":[],"class_list":{"0":"post-2885","1":"product","2":"type-product","3":"status-publish","4":"has-post-thumbnail","6":"product_cat-core-drills","7":"product_cat-dry-drills","9":"first","10":"instock","11":"shipping-taxable","12":"purchasable","13":"product-type-variable"},"acf":[],"yoast_head":"<!-- This site is optimized with the Yoast SEO plugin v25.8 - https:\/\/yoast.com\/wordpress\/plugins\/seo\/ -->\n<title>Diamond dry core drills D68, 72, 82mm - Diamondtec O\u00dc<\/title>\n<meta name=\"robots\" content=\"index, follow, max-snippet:-1, max-image-preview:large, max-video-preview:-1\" \/>\n<link rel=\"canonical\" href=\"https:\/\/diamondtec.ee\/en\/toode\/diamond-dry-core-drills-d68-72-82mm\/\" \/>\n<meta property=\"og:locale\" content=\"en_US\" \/>\n<meta property=\"og:type\" content=\"article\" \/>\n<meta property=\"og:title\" content=\"Diamond dry core drills D68, 72, 82mm - Diamondtec O\u00dc\" \/>\n<meta property=\"og:description\" content=\"Laser welded diamond segment drill bit Suitable for concrete and others. for dry drilling of aggregates in construction  - Working length L = 60mm - Tool mounting thread M16 - effective working height of the diamond segment 7mm  Box drills are not intended for drilling very hard rock materials and reinforced concrete. If necessary, do not mix diamond drilling with specially designed drills and drilling machines!\" \/>\n<meta property=\"og:url\" content=\"https:\/\/diamondtec.ee\/en\/toode\/diamond-dry-core-drills-d68-72-82mm\/\" \/>\n<meta property=\"og:site_name\" content=\"Diamondtec O\u00dc\" \/>\n<meta property=\"article:modified_time\" content=\"2019-10-07T11:03:54+00:00\" \/>\n<meta property=\"og:image\" content=\"https:\/\/diamondtec.ee\/wp-content\/uploads\/2018\/07\/dia164.jpg\" \/>\n\t<meta property=\"og:image:width\" content=\"300\" \/>\n\t<meta property=\"og:image:height\" content=\"300\" \/>\n\t<meta property=\"og:image:type\" content=\"image\/jpeg\" \/>\n<meta name=\"twitter:card\" content=\"summary_large_image\" \/>\n<script type=\"application\/ld+json\" class=\"yoast-schema-graph\">{\"@context\":\"https:\/\/schema.org\",\"@graph\":[{\"@type\":\"WebPage\",\"@id\":\"https:\/\/diamondtec.ee\/en\/toode\/diamond-dry-core-drills-d68-72-82mm\/\",\"url\":\"https:\/\/diamondtec.ee\/en\/toode\/diamond-dry-core-drills-d68-72-82mm\/\",\"name\":\"Diamond dry core drills D68, 72, 82mm - Diamondtec O\u00dc\",\"isPartOf\":{\"@id\":\"https:\/\/diamondtec.ee\/en\/#website\"},\"primaryImageOfPage\":{\"@id\":\"https:\/\/diamondtec.ee\/en\/toode\/diamond-dry-core-drills-d68-72-82mm\/#primaryimage\"},\"image\":{\"@id\":\"https:\/\/diamondtec.ee\/en\/toode\/diamond-dry-core-drills-d68-72-82mm\/#primaryimage\"},\"thumbnailUrl\":\"https:\/\/diamondtec.ee\/wp-content\/uploads\/2018\/07\/dia164.jpg\",\"datePublished\":\"2018-08-01T08:47:03+00:00\",\"dateModified\":\"2019-10-07T11:03:54+00:00\",\"breadcrumb\":{\"@id\":\"https:\/\/diamondtec.ee\/en\/toode\/diamond-dry-core-drills-d68-72-82mm\/#breadcrumb\"},\"inLanguage\":\"en-US\",\"potentialAction\":[{\"@type\":\"ReadAction\",\"target\":[\"https:\/\/diamondtec.ee\/en\/toode\/diamond-dry-core-drills-d68-72-82mm\/\"]}]},{\"@type\":\"ImageObject\",\"inLanguage\":\"en-US\",\"@id\":\"https:\/\/diamondtec.ee\/en\/toode\/diamond-dry-core-drills-d68-72-82mm\/#primaryimage\",\"url\":\"https:\/\/diamondtec.ee\/wp-content\/uploads\/2018\/07\/dia164.jpg\",\"contentUrl\":\"https:\/\/diamondtec.ee\/wp-content\/uploads\/2018\/07\/dia164.jpg\",\"width\":300,\"height\":300},{\"@type\":\"BreadcrumbList\",\"@id\":\"https:\/\/diamondtec.ee\/en\/toode\/diamond-dry-core-drills-d68-72-82mm\/#breadcrumb\",\"itemListElement\":[{\"@type\":\"ListItem\",\"position\":1,\"name\":\"Avaleht\",\"item\":\"https:\/\/diamondtec.ee\/en\/\"},{\"@type\":\"ListItem\",\"position\":2,\"name\":\"Shop\",\"item\":\"https:\/\/diamondtec.ee\/en\/shop\/\"},{\"@type\":\"ListItem\",\"position\":3,\"name\":\"Diamond dry core drills D68, 72, 82mm\"}]},{\"@type\":\"WebSite\",\"@id\":\"https:\/\/diamondtec.ee\/en\/#website\",\"url\":\"https:\/\/diamondtec.ee\/en\/\",\"name\":\"Diamondtec O\u00dc\",\"description\":\"Diamondtec - partner teemantt\u00f6\u00f6ristadele I diamondtec.ee\",\"publisher\":{\"@id\":\"https:\/\/diamondtec.ee\/en\/#organization\"},\"potentialAction\":[{\"@type\":\"SearchAction\",\"target\":{\"@type\":\"EntryPoint\",\"urlTemplate\":\"https:\/\/diamondtec.ee\/en\/?s={search_term_string}\"},\"query-input\":{\"@type\":\"PropertyValueSpecification\",\"valueRequired\":true,\"valueName\":\"search_term_string\"}}],\"inLanguage\":\"en-US\"},{\"@type\":\"Organization\",\"@id\":\"https:\/\/diamondtec.ee\/en\/#organization\",\"name\":\"Diamondtec O\u00dc\",\"url\":\"https:\/\/diamondtec.ee\/en\/\",\"logo\":{\"@type\":\"ImageObject\",\"inLanguage\":\"en-US\",\"@id\":\"https:\/\/diamondtec.ee\/en\/#\/schema\/logo\/image\/\",\"url\":\"https:\/\/diamondtec.ee\/wp-content\/uploads\/2022\/12\/wc_custom_default_pr_img.jpg\",\"contentUrl\":\"https:\/\/diamondtec.ee\/wp-content\/uploads\/2022\/12\/wc_custom_default_pr_img.jpg\",\"width\":800,\"height\":800,\"caption\":\"Diamondtec O\u00dc\"},\"image\":{\"@id\":\"https:\/\/diamondtec.ee\/en\/#\/schema\/logo\/image\/\"}}]}<\/script>\n<!-- \/ Yoast SEO plugin. -->","yoast_head_json":{"title":"Diamond dry core drills D68, 72, 82mm - Diamondtec O\u00dc","robots":{"index":"index","follow":"follow","max-snippet":"max-snippet:-1","max-image-preview":"max-image-preview:large","max-video-preview":"max-video-preview:-1"},"canonical":"https:\/\/diamondtec.ee\/en\/toode\/diamond-dry-core-drills-d68-72-82mm\/","og_locale":"en_US","og_type":"article","og_title":"Diamond dry core drills D68, 72, 82mm - Diamondtec O\u00dc","og_description":"Laser welded diamond segment drill bit Suitable for concrete and others. for dry drilling of aggregates in construction  - Working length L = 60mm - Tool mounting thread M16 - effective working height of the diamond segment 7mm  Box drills are not intended for drilling very hard rock materials and reinforced concrete. If necessary, do not mix diamond drilling with specially designed drills and drilling machines!","og_url":"https:\/\/diamondtec.ee\/en\/toode\/diamond-dry-core-drills-d68-72-82mm\/","og_site_name":"Diamondtec O\u00dc","article_modified_time":"2019-10-07T11:03:54+00:00","og_image":[{"width":300,"height":300,"url":"https:\/\/diamondtec.ee\/wp-content\/uploads\/2018\/07\/dia164.jpg","type":"image\/jpeg"}],"twitter_card":"summary_large_image","schema":{"@context":"https:\/\/schema.org","@graph":[{"@type":"WebPage","@id":"https:\/\/diamondtec.ee\/en\/toode\/diamond-dry-core-drills-d68-72-82mm\/","url":"https:\/\/diamondtec.ee\/en\/toode\/diamond-dry-core-drills-d68-72-82mm\/","name":"Diamond dry core drills D68, 72, 82mm - Diamondtec O\u00dc","isPartOf":{"@id":"https:\/\/diamondtec.ee\/en\/#website"},"primaryImageOfPage":{"@id":"https:\/\/diamondtec.ee\/en\/toode\/diamond-dry-core-drills-d68-72-82mm\/#primaryimage"},"image":{"@id":"https:\/\/diamondtec.ee\/en\/toode\/diamond-dry-core-drills-d68-72-82mm\/#primaryimage"},"thumbnailUrl":"https:\/\/diamondtec.ee\/wp-content\/uploads\/2018\/07\/dia164.jpg","datePublished":"2018-08-01T08:47:03+00:00","dateModified":"2019-10-07T11:03:54+00:00","breadcrumb":{"@id":"https:\/\/diamondtec.ee\/en\/toode\/diamond-dry-core-drills-d68-72-82mm\/#breadcrumb"},"inLanguage":"en-US","potentialAction":[{"@type":"ReadAction","target":["https:\/\/diamondtec.ee\/en\/toode\/diamond-dry-core-drills-d68-72-82mm\/"]}]},{"@type":"ImageObject","inLanguage":"en-US","@id":"https:\/\/diamondtec.ee\/en\/toode\/diamond-dry-core-drills-d68-72-82mm\/#primaryimage","url":"https:\/\/diamondtec.ee\/wp-content\/uploads\/2018\/07\/dia164.jpg","contentUrl":"https:\/\/diamondtec.ee\/wp-content\/uploads\/2018\/07\/dia164.jpg","width":300,"height":300},{"@type":"BreadcrumbList","@id":"https:\/\/diamondtec.ee\/en\/toode\/diamond-dry-core-drills-d68-72-82mm\/#breadcrumb","itemListElement":[{"@type":"ListItem","position":1,"name":"Avaleht","item":"https:\/\/diamondtec.ee\/en\/"},{"@type":"ListItem","position":2,"name":"Shop","item":"https:\/\/diamondtec.ee\/en\/shop\/"},{"@type":"ListItem","position":3,"name":"Diamond dry core drills D68, 72, 82mm"}]},{"@type":"WebSite","@id":"https:\/\/diamondtec.ee\/en\/#website","url":"https:\/\/diamondtec.ee\/en\/","name":"Diamondtec O\u00dc","description":"Diamondtec - partner teemantt\u00f6\u00f6ristadele I diamondtec.ee","publisher":{"@id":"https:\/\/diamondtec.ee\/en\/#organization"},"potentialAction":[{"@type":"SearchAction","target":{"@type":"EntryPoint","urlTemplate":"https:\/\/diamondtec.ee\/en\/?s={search_term_string}"},"query-input":{"@type":"PropertyValueSpecification","valueRequired":true,"valueName":"search_term_string"}}],"inLanguage":"en-US"},{"@type":"Organization","@id":"https:\/\/diamondtec.ee\/en\/#organization","name":"Diamondtec O\u00dc","url":"https:\/\/diamondtec.ee\/en\/","logo":{"@type":"ImageObject","inLanguage":"en-US","@id":"https:\/\/diamondtec.ee\/en\/#\/schema\/logo\/image\/","url":"https:\/\/diamondtec.ee\/wp-content\/uploads\/2022\/12\/wc_custom_default_pr_img.jpg","contentUrl":"https:\/\/diamondtec.ee\/wp-content\/uploads\/2022\/12\/wc_custom_default_pr_img.jpg","width":800,"height":800,"caption":"Diamondtec O\u00dc"},"image":{"@id":"https:\/\/diamondtec.ee\/en\/#\/schema\/logo\/image\/"}}]}},"jetpack_sharing_enabled":true,"_links":{"self":[{"href":"https:\/\/diamondtec.ee\/en\/wp-json\/wp\/v2\/product\/2885","targetHints":{"allow":["GET"]}}],"collection":[{"href":"https:\/\/diamondtec.ee\/en\/wp-json\/wp\/v2\/product"}],"about":[{"href":"https:\/\/diamondtec.ee\/en\/wp-json\/wp\/v2\/types\/product"}],"wp:featuredmedia":[{"embeddable":true,"href":"https:\/\/diamondtec.ee\/en\/wp-json\/wp\/v2\/media\/486"}],"wp:attachment":[{"href":"https:\/\/diamondtec.ee\/en\/wp-json\/wp\/v2\/media?parent=2885"}],"wp:term":[{"taxonomy":"product_brand","embeddable":true,"href":"https:\/\/diamondtec.ee\/en\/wp-json\/wp\/v2\/product_brand?post=2885"},{"taxonomy":"product_cat","embeddable":true,"href":"https:\/\/diamondtec.ee\/en\/wp-json\/wp\/v2\/product_cat?post=2885"},{"taxonomy":"product_tag","embeddable":true,"href":"https:\/\/diamondtec.ee\/en\/wp-json\/wp\/v2\/product_tag?post=2885"}],"curies":[{"name":"wp","href":"https:\/\/api.w.org\/{rel}","templated":true}]}}