{"id":2891,"date":"2018-07-13T11:07:36","date_gmt":"2018-07-13T08:07:36","guid":{"rendered":"https:\/\/diamondtec.ee\/toode\/polishing-pads-hybrid-3-steps\/"},"modified":"2022-11-28T14:35:10","modified_gmt":"2022-11-28T12:35:10","slug":"polishing-pads-hybrid-3-steps","status":"publish","type":"product","link":"https:\/\/diamondtec.ee\/en\/toode\/polishing-pads-hybrid-3-steps\/","title":{"rendered":"Polishing pads HYBRID 3 steps"},"content":{"rendered":"","protected":false},"excerpt":{"rendered":"","protected":false},"featured_media":2892,"template":"","meta":{"_acf_changed":false},"product_brand":[],"product_cat":[182],"product_tag":[],"class_list":{"0":"post-2891","1":"product","2":"type-product","3":"status-publish","4":"has-post-thumbnail","6":"product_cat-polishing-pads","8":"first","9":"instock","10":"shipping-taxable","11":"product-type-simple"},"acf":[],"yoast_head":"<!-- This site is optimized with the Yoast SEO plugin v25.8 - https:\/\/yoast.com\/wordpress\/plugins\/seo\/ -->\n<title>Polishing pads HYBRID 3 steps - Diamondtec O\u00dc<\/title>\n<meta name=\"robots\" content=\"index, follow, max-snippet:-1, max-image-preview:large, max-video-preview:-1\" \/>\n<link rel=\"canonical\" href=\"https:\/\/diamondtec.ee\/en\/toode\/polishing-pads-hybrid-3-steps\/\" \/>\n<meta property=\"og:locale\" content=\"en_US\" \/>\n<meta property=\"og:type\" content=\"article\" \/>\n<meta property=\"og:title\" content=\"Polishing pads HYBRID 3 steps - Diamondtec O\u00dc\" \/>\n<meta property=\"og:url\" content=\"https:\/\/diamondtec.ee\/en\/toode\/polishing-pads-hybrid-3-steps\/\" \/>\n<meta property=\"og:site_name\" content=\"Diamondtec O\u00dc\" \/>\n<meta property=\"article:modified_time\" content=\"2022-11-28T12:35:10+00:00\" \/>\n<meta property=\"og:image\" content=\"https:\/\/diamondtec.ee\/wp-content\/uploads\/2018\/07\/dia058.jpg\" \/>\n\t<meta property=\"og:image:width\" content=\"300\" \/>\n\t<meta property=\"og:image:height\" content=\"300\" \/>\n\t<meta property=\"og:image:type\" content=\"image\/jpeg\" \/>\n<meta name=\"twitter:card\" content=\"summary_large_image\" \/>\n<script type=\"application\/ld+json\" class=\"yoast-schema-graph\">{\"@context\":\"https:\/\/schema.org\",\"@graph\":[{\"@type\":\"WebPage\",\"@id\":\"https:\/\/diamondtec.ee\/en\/toode\/polishing-pads-hybrid-3-steps\/\",\"url\":\"https:\/\/diamondtec.ee\/en\/toode\/polishing-pads-hybrid-3-steps\/\",\"name\":\"Polishing pads HYBRID 3 steps - Diamondtec O\u00dc\",\"isPartOf\":{\"@id\":\"https:\/\/diamondtec.ee\/en\/#website\"},\"primaryImageOfPage\":{\"@id\":\"https:\/\/diamondtec.ee\/en\/toode\/polishing-pads-hybrid-3-steps\/#primaryimage\"},\"image\":{\"@id\":\"https:\/\/diamondtec.ee\/en\/toode\/polishing-pads-hybrid-3-steps\/#primaryimage\"},\"thumbnailUrl\":\"https:\/\/diamondtec.ee\/wp-content\/uploads\/2018\/07\/dia058.jpg\",\"datePublished\":\"2018-07-13T08:07:36+00:00\",\"dateModified\":\"2022-11-28T12:35:10+00:00\",\"breadcrumb\":{\"@id\":\"https:\/\/diamondtec.ee\/en\/toode\/polishing-pads-hybrid-3-steps\/#breadcrumb\"},\"inLanguage\":\"en-US\",\"potentialAction\":[{\"@type\":\"ReadAction\",\"target\":[\"https:\/\/diamondtec.ee\/en\/toode\/polishing-pads-hybrid-3-steps\/\"]}]},{\"@type\":\"ImageObject\",\"inLanguage\":\"en-US\",\"@id\":\"https:\/\/diamondtec.ee\/en\/toode\/polishing-pads-hybrid-3-steps\/#primaryimage\",\"url\":\"https:\/\/diamondtec.ee\/wp-content\/uploads\/2018\/07\/dia058.jpg\",\"contentUrl\":\"https:\/\/diamondtec.ee\/wp-content\/uploads\/2018\/07\/dia058.jpg\",\"width\":300,\"height\":300},{\"@type\":\"BreadcrumbList\",\"@id\":\"https:\/\/diamondtec.ee\/en\/toode\/polishing-pads-hybrid-3-steps\/#breadcrumb\",\"itemListElement\":[{\"@type\":\"ListItem\",\"position\":1,\"name\":\"Avaleht\",\"item\":\"https:\/\/diamondtec.ee\/en\/\"},{\"@type\":\"ListItem\",\"position\":2,\"name\":\"Shop\",\"item\":\"https:\/\/diamondtec.ee\/en\/shop\/\"},{\"@type\":\"ListItem\",\"position\":3,\"name\":\"Polishing pads HYBRID 3 steps\"}]},{\"@type\":\"WebSite\",\"@id\":\"https:\/\/diamondtec.ee\/en\/#website\",\"url\":\"https:\/\/diamondtec.ee\/en\/\",\"name\":\"Diamondtec O\u00dc\",\"description\":\"Diamondtec - partner teemantt\u00f6\u00f6ristadele I diamondtec.ee\",\"publisher\":{\"@id\":\"https:\/\/diamondtec.ee\/en\/#organization\"},\"potentialAction\":[{\"@type\":\"SearchAction\",\"target\":{\"@type\":\"EntryPoint\",\"urlTemplate\":\"https:\/\/diamondtec.ee\/en\/?s={search_term_string}\"},\"query-input\":{\"@type\":\"PropertyValueSpecification\",\"valueRequired\":true,\"valueName\":\"search_term_string\"}}],\"inLanguage\":\"en-US\"},{\"@type\":\"Organization\",\"@id\":\"https:\/\/diamondtec.ee\/en\/#organization\",\"name\":\"Diamondtec O\u00dc\",\"url\":\"https:\/\/diamondtec.ee\/en\/\",\"logo\":{\"@type\":\"ImageObject\",\"inLanguage\":\"en-US\",\"@id\":\"https:\/\/diamondtec.ee\/en\/#\/schema\/logo\/image\/\",\"url\":\"https:\/\/diamondtec.ee\/wp-content\/uploads\/2022\/12\/wc_custom_default_pr_img.jpg\",\"contentUrl\":\"https:\/\/diamondtec.ee\/wp-content\/uploads\/2022\/12\/wc_custom_default_pr_img.jpg\",\"width\":800,\"height\":800,\"caption\":\"Diamondtec O\u00dc\"},\"image\":{\"@id\":\"https:\/\/diamondtec.ee\/en\/#\/schema\/logo\/image\/\"}}]}<\/script>\n<!-- \/ Yoast SEO plugin. -->","yoast_head_json":{"title":"Polishing pads HYBRID 3 steps - Diamondtec O\u00dc","robots":{"index":"index","follow":"follow","max-snippet":"max-snippet:-1","max-image-preview":"max-image-preview:large","max-video-preview":"max-video-preview:-1"},"canonical":"https:\/\/diamondtec.ee\/en\/toode\/polishing-pads-hybrid-3-steps\/","og_locale":"en_US","og_type":"article","og_title":"Polishing pads HYBRID 3 steps - Diamondtec O\u00dc","og_url":"https:\/\/diamondtec.ee\/en\/toode\/polishing-pads-hybrid-3-steps\/","og_site_name":"Diamondtec O\u00dc","article_modified_time":"2022-11-28T12:35:10+00:00","og_image":[{"width":300,"height":300,"url":"https:\/\/diamondtec.ee\/wp-content\/uploads\/2018\/07\/dia058.jpg","type":"image\/jpeg"}],"twitter_card":"summary_large_image","schema":{"@context":"https:\/\/schema.org","@graph":[{"@type":"WebPage","@id":"https:\/\/diamondtec.ee\/en\/toode\/polishing-pads-hybrid-3-steps\/","url":"https:\/\/diamondtec.ee\/en\/toode\/polishing-pads-hybrid-3-steps\/","name":"Polishing pads HYBRID 3 steps - Diamondtec O\u00dc","isPartOf":{"@id":"https:\/\/diamondtec.ee\/en\/#website"},"primaryImageOfPage":{"@id":"https:\/\/diamondtec.ee\/en\/toode\/polishing-pads-hybrid-3-steps\/#primaryimage"},"image":{"@id":"https:\/\/diamondtec.ee\/en\/toode\/polishing-pads-hybrid-3-steps\/#primaryimage"},"thumbnailUrl":"https:\/\/diamondtec.ee\/wp-content\/uploads\/2018\/07\/dia058.jpg","datePublished":"2018-07-13T08:07:36+00:00","dateModified":"2022-11-28T12:35:10+00:00","breadcrumb":{"@id":"https:\/\/diamondtec.ee\/en\/toode\/polishing-pads-hybrid-3-steps\/#breadcrumb"},"inLanguage":"en-US","potentialAction":[{"@type":"ReadAction","target":["https:\/\/diamondtec.ee\/en\/toode\/polishing-pads-hybrid-3-steps\/"]}]},{"@type":"ImageObject","inLanguage":"en-US","@id":"https:\/\/diamondtec.ee\/en\/toode\/polishing-pads-hybrid-3-steps\/#primaryimage","url":"https:\/\/diamondtec.ee\/wp-content\/uploads\/2018\/07\/dia058.jpg","contentUrl":"https:\/\/diamondtec.ee\/wp-content\/uploads\/2018\/07\/dia058.jpg","width":300,"height":300},{"@type":"BreadcrumbList","@id":"https:\/\/diamondtec.ee\/en\/toode\/polishing-pads-hybrid-3-steps\/#breadcrumb","itemListElement":[{"@type":"ListItem","position":1,"name":"Avaleht","item":"https:\/\/diamondtec.ee\/en\/"},{"@type":"ListItem","position":2,"name":"Shop","item":"https:\/\/diamondtec.ee\/en\/shop\/"},{"@type":"ListItem","position":3,"name":"Polishing pads HYBRID 3 steps"}]},{"@type":"WebSite","@id":"https:\/\/diamondtec.ee\/en\/#website","url":"https:\/\/diamondtec.ee\/en\/","name":"Diamondtec O\u00dc","description":"Diamondtec - partner teemantt\u00f6\u00f6ristadele I diamondtec.ee","publisher":{"@id":"https:\/\/diamondtec.ee\/en\/#organization"},"potentialAction":[{"@type":"SearchAction","target":{"@type":"EntryPoint","urlTemplate":"https:\/\/diamondtec.ee\/en\/?s={search_term_string}"},"query-input":{"@type":"PropertyValueSpecification","valueRequired":true,"valueName":"search_term_string"}}],"inLanguage":"en-US"},{"@type":"Organization","@id":"https:\/\/diamondtec.ee\/en\/#organization","name":"Diamondtec O\u00dc","url":"https:\/\/diamondtec.ee\/en\/","logo":{"@type":"ImageObject","inLanguage":"en-US","@id":"https:\/\/diamondtec.ee\/en\/#\/schema\/logo\/image\/","url":"https:\/\/diamondtec.ee\/wp-content\/uploads\/2022\/12\/wc_custom_default_pr_img.jpg","contentUrl":"https:\/\/diamondtec.ee\/wp-content\/uploads\/2022\/12\/wc_custom_default_pr_img.jpg","width":800,"height":800,"caption":"Diamondtec O\u00dc"},"image":{"@id":"https:\/\/diamondtec.ee\/en\/#\/schema\/logo\/image\/"}}]}},"jetpack_sharing_enabled":true,"_links":{"self":[{"href":"https:\/\/diamondtec.ee\/en\/wp-json\/wp\/v2\/product\/2891","targetHints":{"allow":["GET"]}}],"collection":[{"href":"https:\/\/diamondtec.ee\/en\/wp-json\/wp\/v2\/product"}],"about":[{"href":"https:\/\/diamondtec.ee\/en\/wp-json\/wp\/v2\/types\/product"}],"wp:featuredmedia":[{"embeddable":true,"href":"https:\/\/diamondtec.ee\/en\/wp-json\/wp\/v2\/media\/2892"}],"wp:attachment":[{"href":"https:\/\/diamondtec.ee\/en\/wp-json\/wp\/v2\/media?parent=2891"}],"wp:term":[{"taxonomy":"product_brand","embeddable":true,"href":"https:\/\/diamondtec.ee\/en\/wp-json\/wp\/v2\/product_brand?post=2891"},{"taxonomy":"product_cat","embeddable":true,"href":"https:\/\/diamondtec.ee\/en\/wp-json\/wp\/v2\/product_cat?post=2891"},{"taxonomy":"product_tag","embeddable":true,"href":"https:\/\/diamondtec.ee\/en\/wp-json\/wp\/v2\/product_tag?post=2891"}],"curies":[{"name":"wp","href":"https:\/\/api.w.org\/{rel}","templated":true}]}}