{"id":9693,"date":"2025-11-08T22:17:52","date_gmt":"2025-11-08T20:17:52","guid":{"rendered":"https:\/\/diamondtec.ee\/?post_type=product&#038;p=9693"},"modified":"2025-09-08T22:42:02","modified_gmt":"2025-09-08T19:42:02","slug":"ager-fs","status":"publish","type":"product","link":"https:\/\/diamondtec.ee\/en\/toode\/ager-fs\/","title":{"rendered":"Ager FS"},"content":{"rendered":"","protected":false},"excerpt":{"rendered":"<p>Ager FS is a premium wet-look stone sealer that penetrates deep into stone pores, enhancing natural color while providing long-lasting protection. Perfect for quartz and natural stones, it is weather-resistant, breathable, and food-safe \u2013 ensuring durable beauty and safety for indoor and outdoor stone surfaces.<\/p>\n","protected":false},"featured_media":9698,"template":"","meta":{"_acf_changed":false},"product_brand":[],"product_cat":[154,163],"product_tag":[],"class_list":{"0":"post-9693","1":"product","2":"type-product","3":"status-publish","4":"has-post-thumbnail","6":"product_cat-stone-care-and-protection","7":"product_cat-stone-glues-and-treatment","9":"first","10":"instock","11":"shipping-taxable","12":"product-type-simple"},"acf":[],"yoast_head":"<!-- This site is optimized with the Yoast SEO plugin v25.8 - https:\/\/yoast.com\/wordpress\/plugins\/seo\/ -->\n<title>Ager FS \u2013 Wet Look Stone Sealer for Quartz | Diamondtec<\/title>\n<meta name=\"description\" content=\"Ager FS enhances quartz with deep color and lasting wet look. Water- and weather-resistant, food-safe, breathable sealer for countertops and facades.\" \/>\n<meta name=\"robots\" content=\"index, follow, max-snippet:-1, max-image-preview:large, max-video-preview:-1\" \/>\n<link rel=\"canonical\" href=\"https:\/\/diamondtec.ee\/en\/toode\/ager-fs\/\" \/>\n<meta property=\"og:locale\" content=\"en_US\" \/>\n<meta property=\"og:type\" content=\"article\" \/>\n<meta property=\"og:title\" content=\"Ager FS \u2013 Wet Look Stone Sealer for Quartz | Diamondtec\" \/>\n<meta property=\"og:description\" content=\"Ager FS enhances quartz with deep color and lasting wet look. Water- and weather-resistant, food-safe, breathable sealer for countertops and facades.\" \/>\n<meta property=\"og:url\" content=\"https:\/\/diamondtec.ee\/en\/toode\/ager-fs\/\" \/>\n<meta property=\"og:site_name\" content=\"Diamondtec O\u00dc\" \/>\n<meta property=\"og:image\" content=\"https:\/\/diamondtec.ee\/wp-content\/uploads\/2025\/09\/agerfs-1-1.png\" \/>\n\t<meta property=\"og:image:width\" content=\"1\" \/>\n\t<meta property=\"og:image:height\" content=\"1\" \/>\n\t<meta property=\"og:image:type\" content=\"image\/png\" \/>\n<meta name=\"twitter:card\" content=\"summary_large_image\" \/>\n<script type=\"application\/ld+json\" class=\"yoast-schema-graph\">{\"@context\":\"https:\/\/schema.org\",\"@graph\":[{\"@type\":\"WebPage\",\"@id\":\"https:\/\/diamondtec.ee\/en\/toode\/ager-fs\/\",\"url\":\"https:\/\/diamondtec.ee\/en\/toode\/ager-fs\/\",\"name\":\"Ager FS \u2013 Wet Look Stone Sealer for Quartz | Diamondtec\",\"isPartOf\":{\"@id\":\"https:\/\/diamondtec.ee\/en\/#website\"},\"primaryImageOfPage\":{\"@id\":\"https:\/\/diamondtec.ee\/en\/toode\/ager-fs\/#primaryimage\"},\"image\":{\"@id\":\"https:\/\/diamondtec.ee\/en\/toode\/ager-fs\/#primaryimage\"},\"thumbnailUrl\":\"https:\/\/diamondtec.ee\/wp-content\/uploads\/2025\/09\/agerfs-1-1.png\",\"datePublished\":\"2025-11-08T20:17:52+00:00\",\"description\":\"Ager FS enhances quartz with deep color and lasting wet look. Water- and weather-resistant, food-safe, breathable sealer for countertops and facades.\",\"breadcrumb\":{\"@id\":\"https:\/\/diamondtec.ee\/en\/toode\/ager-fs\/#breadcrumb\"},\"inLanguage\":\"en-US\",\"potentialAction\":[{\"@type\":\"ReadAction\",\"target\":[\"https:\/\/diamondtec.ee\/en\/toode\/ager-fs\/\"]}]},{\"@type\":\"ImageObject\",\"inLanguage\":\"en-US\",\"@id\":\"https:\/\/diamondtec.ee\/en\/toode\/ager-fs\/#primaryimage\",\"url\":\"https:\/\/diamondtec.ee\/wp-content\/uploads\/2025\/09\/agerfs-1-1.png\",\"contentUrl\":\"https:\/\/diamondtec.ee\/wp-content\/uploads\/2025\/09\/agerfs-1-1.png\",\"width\":1024,\"height\":1536,\"caption\":\"Tenax\"},{\"@type\":\"BreadcrumbList\",\"@id\":\"https:\/\/diamondtec.ee\/en\/toode\/ager-fs\/#breadcrumb\",\"itemListElement\":[{\"@type\":\"ListItem\",\"position\":1,\"name\":\"Avaleht\",\"item\":\"https:\/\/diamondtec.ee\/en\/\"},{\"@type\":\"ListItem\",\"position\":2,\"name\":\"Shop\",\"item\":\"https:\/\/diamondtec.ee\/en\/shop\/\"},{\"@type\":\"ListItem\",\"position\":3,\"name\":\"Ager FS\"}]},{\"@type\":\"WebSite\",\"@id\":\"https:\/\/diamondtec.ee\/en\/#website\",\"url\":\"https:\/\/diamondtec.ee\/en\/\",\"name\":\"Diamondtec O\u00dc\",\"description\":\"Diamondtec - partner teemantt\u00f6\u00f6ristadele I diamondtec.ee\",\"publisher\":{\"@id\":\"https:\/\/diamondtec.ee\/en\/#organization\"},\"potentialAction\":[{\"@type\":\"SearchAction\",\"target\":{\"@type\":\"EntryPoint\",\"urlTemplate\":\"https:\/\/diamondtec.ee\/en\/?s={search_term_string}\"},\"query-input\":{\"@type\":\"PropertyValueSpecification\",\"valueRequired\":true,\"valueName\":\"search_term_string\"}}],\"inLanguage\":\"en-US\"},{\"@type\":\"Organization\",\"@id\":\"https:\/\/diamondtec.ee\/en\/#organization\",\"name\":\"Diamondtec O\u00dc\",\"url\":\"https:\/\/diamondtec.ee\/en\/\",\"logo\":{\"@type\":\"ImageObject\",\"inLanguage\":\"en-US\",\"@id\":\"https:\/\/diamondtec.ee\/en\/#\/schema\/logo\/image\/\",\"url\":\"https:\/\/diamondtec.ee\/wp-content\/uploads\/2022\/12\/wc_custom_default_pr_img.jpg\",\"contentUrl\":\"https:\/\/diamondtec.ee\/wp-content\/uploads\/2022\/12\/wc_custom_default_pr_img.jpg\",\"width\":800,\"height\":800,\"caption\":\"Diamondtec O\u00dc\"},\"image\":{\"@id\":\"https:\/\/diamondtec.ee\/en\/#\/schema\/logo\/image\/\"}}]}<\/script>\n<!-- \/ Yoast SEO plugin. -->","yoast_head_json":{"title":"Ager FS \u2013 Wet Look Stone Sealer for Quartz | Diamondtec","description":"Ager FS enhances quartz with deep color and lasting wet look. Water- and weather-resistant, food-safe, breathable sealer for countertops and facades.","robots":{"index":"index","follow":"follow","max-snippet":"max-snippet:-1","max-image-preview":"max-image-preview:large","max-video-preview":"max-video-preview:-1"},"canonical":"https:\/\/diamondtec.ee\/en\/toode\/ager-fs\/","og_locale":"en_US","og_type":"article","og_title":"Ager FS \u2013 Wet Look Stone Sealer for Quartz | Diamondtec","og_description":"Ager FS enhances quartz with deep color and lasting wet look. Water- and weather-resistant, food-safe, breathable sealer for countertops and facades.","og_url":"https:\/\/diamondtec.ee\/en\/toode\/ager-fs\/","og_site_name":"Diamondtec O\u00dc","og_image":[{"url":"https:\/\/diamondtec.ee\/wp-content\/uploads\/2025\/09\/agerfs-1-1.png","width":1,"height":1,"type":"image\/png"}],"twitter_card":"summary_large_image","schema":{"@context":"https:\/\/schema.org","@graph":[{"@type":"WebPage","@id":"https:\/\/diamondtec.ee\/en\/toode\/ager-fs\/","url":"https:\/\/diamondtec.ee\/en\/toode\/ager-fs\/","name":"Ager FS \u2013 Wet Look Stone Sealer for Quartz | Diamondtec","isPartOf":{"@id":"https:\/\/diamondtec.ee\/en\/#website"},"primaryImageOfPage":{"@id":"https:\/\/diamondtec.ee\/en\/toode\/ager-fs\/#primaryimage"},"image":{"@id":"https:\/\/diamondtec.ee\/en\/toode\/ager-fs\/#primaryimage"},"thumbnailUrl":"https:\/\/diamondtec.ee\/wp-content\/uploads\/2025\/09\/agerfs-1-1.png","datePublished":"2025-11-08T20:17:52+00:00","description":"Ager FS enhances quartz with deep color and lasting wet look. Water- and weather-resistant, food-safe, breathable sealer for countertops and facades.","breadcrumb":{"@id":"https:\/\/diamondtec.ee\/en\/toode\/ager-fs\/#breadcrumb"},"inLanguage":"en-US","potentialAction":[{"@type":"ReadAction","target":["https:\/\/diamondtec.ee\/en\/toode\/ager-fs\/"]}]},{"@type":"ImageObject","inLanguage":"en-US","@id":"https:\/\/diamondtec.ee\/en\/toode\/ager-fs\/#primaryimage","url":"https:\/\/diamondtec.ee\/wp-content\/uploads\/2025\/09\/agerfs-1-1.png","contentUrl":"https:\/\/diamondtec.ee\/wp-content\/uploads\/2025\/09\/agerfs-1-1.png","width":1024,"height":1536,"caption":"Tenax"},{"@type":"BreadcrumbList","@id":"https:\/\/diamondtec.ee\/en\/toode\/ager-fs\/#breadcrumb","itemListElement":[{"@type":"ListItem","position":1,"name":"Avaleht","item":"https:\/\/diamondtec.ee\/en\/"},{"@type":"ListItem","position":2,"name":"Shop","item":"https:\/\/diamondtec.ee\/en\/shop\/"},{"@type":"ListItem","position":3,"name":"Ager FS"}]},{"@type":"WebSite","@id":"https:\/\/diamondtec.ee\/en\/#website","url":"https:\/\/diamondtec.ee\/en\/","name":"Diamondtec O\u00dc","description":"Diamondtec - partner teemantt\u00f6\u00f6ristadele I diamondtec.ee","publisher":{"@id":"https:\/\/diamondtec.ee\/en\/#organization"},"potentialAction":[{"@type":"SearchAction","target":{"@type":"EntryPoint","urlTemplate":"https:\/\/diamondtec.ee\/en\/?s={search_term_string}"},"query-input":{"@type":"PropertyValueSpecification","valueRequired":true,"valueName":"search_term_string"}}],"inLanguage":"en-US"},{"@type":"Organization","@id":"https:\/\/diamondtec.ee\/en\/#organization","name":"Diamondtec O\u00dc","url":"https:\/\/diamondtec.ee\/en\/","logo":{"@type":"ImageObject","inLanguage":"en-US","@id":"https:\/\/diamondtec.ee\/en\/#\/schema\/logo\/image\/","url":"https:\/\/diamondtec.ee\/wp-content\/uploads\/2022\/12\/wc_custom_default_pr_img.jpg","contentUrl":"https:\/\/diamondtec.ee\/wp-content\/uploads\/2022\/12\/wc_custom_default_pr_img.jpg","width":800,"height":800,"caption":"Diamondtec O\u00dc"},"image":{"@id":"https:\/\/diamondtec.ee\/en\/#\/schema\/logo\/image\/"}}]}},"jetpack_sharing_enabled":true,"_links":{"self":[{"href":"https:\/\/diamondtec.ee\/en\/wp-json\/wp\/v2\/product\/9693","targetHints":{"allow":["GET"]}}],"collection":[{"href":"https:\/\/diamondtec.ee\/en\/wp-json\/wp\/v2\/product"}],"about":[{"href":"https:\/\/diamondtec.ee\/en\/wp-json\/wp\/v2\/types\/product"}],"wp:featuredmedia":[{"embeddable":true,"href":"https:\/\/diamondtec.ee\/en\/wp-json\/wp\/v2\/media\/9698"}],"wp:attachment":[{"href":"https:\/\/diamondtec.ee\/en\/wp-json\/wp\/v2\/media?parent=9693"}],"wp:term":[{"taxonomy":"product_brand","embeddable":true,"href":"https:\/\/diamondtec.ee\/en\/wp-json\/wp\/v2\/product_brand?post=9693"},{"taxonomy":"product_cat","embeddable":true,"href":"https:\/\/diamondtec.ee\/en\/wp-json\/wp\/v2\/product_cat?post=9693"},{"taxonomy":"product_tag","embeddable":true,"href":"https:\/\/diamondtec.ee\/en\/wp-json\/wp\/v2\/product_tag?post=9693"}],"curies":[{"name":"wp","href":"https:\/\/api.w.org\/{rel}","templated":true}]}}